{"id":23019,"date":"2025-10-30T17:28:53","date_gmt":"2025-10-30T09:28:53","guid":{"rendered":"https:\/\/yebodaglass.com\/?post_type=product&#038;p=23019"},"modified":"2026-03-11T14:15:02","modified_gmt":"2026-03-11T06:15:02","slug":"clear-glass-yogurt-jars-with-lids-wholesale","status":"publish","type":"product","link":"https:\/\/yebodaglass.com\/pl\/clear-glass-yogurt-jars-with-lids-wholesale\/","title":{"rendered":"S\u0142oiki na jogurt ze szk\u0142a przezroczystego z pokrywkami o pojemno\u015bci 40\u2013500 ml \u2013 hurt"},"content":{"rendered":"<p>S\u0105 to szklane s\u0142oiki na jogurt z pokrywkami, kt\u00f3re maj\u0105 faliste dno, g\u0142adk\u0105, przezroczyst\u0105, szklan\u0105 obudow\u0119 i jaskrawoczerwon\u0105 metalow\u0105 zakr\u0119tk\u0119. Wyst\u0119puj\u0105 w r\u00f3\u017cnych rozmiarach.<\/p>\n<h2>Cechy produktu<\/h2>\n<ul>\n<li><strong>Funkcjonalne faliste dno:<\/strong> Dno s\u0142oika ma falisty kszta\u0142t, kt\u00f3ry u\u0142atwia chwyt i zapobiega przesuwaniu si\u0119 s\u0142oika po g\u0142adkich powierzchniach.<\/li>\n<li><strong>Jaskrawoczerwona metalowa pokrywka:<\/strong> Jaskrawoczerwona zakr\u0119tka zapewnia doskona\u0142e, szczelne zamkni\u0119cie. Mo\u017cna j\u0105 \u0142atwo rozpozna\u0107 po kolorze.<\/li>\n<li><strong>Szk\u0142o spo\u017cywcze:<\/strong> S\u0142oiki te wykonane s\u0105 z wysokiej jako\u015bci, przezroczystego szk\u0142a i s\u0105 bezpieczne dla \u017cywno\u015bci, poniewa\u017c maj\u0105 kontakt z ni\u0105.<\/li>\n<\/ul>\n<h2>Kluczowe specyfikacje<\/h2>\n<table style=\"border-collapse: collapse; width: 80%; margin-left: auto; margin-right: auto;\" border=\"0\" width=\"216\" cellspacing=\"0\" cellpadding=\"0\">\n<tbody>\n<tr style=\"height: 13.50pt;\">\n<td style=\"height: 13.5pt; width: 54pt; text-align: center;\" width=\"72\" height=\"18\">Pojemno\u015b\u0107 (ml)<\/td>\n<td style=\"width: 54pt; text-align: center;\" width=\"72\">Rozmiar (cm)<\/td>\n<td style=\"width: 54pt; text-align: center;\" width=\"72\">Opcje niestandardowe<\/td>\n<\/tr>\n<tr style=\"height: 13.50pt;\">\n<td style=\"height: 13.5pt; text-align: center;\" align=\"right\" height=\"18\">40<\/td>\n<td style=\"text-align: center;\">4.9&#215;4.9<\/td>\n<td class=\"et2\" style=\"text-align: center;\" rowspan=\"7\">Logo, etykieta, wieczko<\/td>\n<\/tr>\n<tr style=\"height: 13.50pt;\">\n<td style=\"height: 13.5pt; text-align: center;\" align=\"right\" height=\"18\">75<\/td>\n<td style=\"text-align: center;\">5.5&#215;5.9<\/td>\n<\/tr>\n<tr style=\"height: 13.50pt;\">\n<td style=\"height: 13.5pt; text-align: center;\" align=\"right\" height=\"18\">100<\/td>\n<td style=\"text-align: center;\">6.3&#215;6.9<\/td>\n<\/tr>\n<tr style=\"height: 13.50pt;\">\n<td style=\"height: 13.5pt; text-align: center;\" align=\"right\" height=\"18\">200<\/td>\n<td style=\"text-align: center;\">7.5&#215;7.6<\/td>\n<\/tr>\n<tr style=\"height: 13.50pt;\">\n<td style=\"height: 13.5pt; text-align: center;\" align=\"right\" height=\"18\">280<\/td>\n<td style=\"text-align: center;\">8.7&#215;8.4<\/td>\n<\/tr>\n<tr style=\"height: 13.50pt;\">\n<td style=\"height: 13.5pt; text-align: center;\" align=\"right\" height=\"18\">380<\/td>\n<td style=\"text-align: center;\">9.3&#215;9.3<\/td>\n<\/tr>\n<tr style=\"height: 13.50pt;\">\n<td style=\"height: 13.5pt; text-align: center;\" align=\"right\" height=\"18\">500<\/td>\n<td style=\"text-align: center;\">9.8&#215;10.5<\/td>\n<\/tr>\n<\/tbody>\n<\/table>\n<h2>Historia sukcesu: Historia sukcesu rzemie\u015blniczej mleczarni z regionu \u015arodkowego Zachodu<\/h2>\n<p>Nasze szklane s\u0142oiki na jogurt z pokrywkami zosta\u0142y wybrane przez rodzinn\u0105, rzemie\u015blnicz\u0105 mleczarni\u0119 w Wisconsin. Czerwone pokrywki zosta\u0142y wykonane przez nich i nadrukowano na nich sitodrukiem nazw\u0119 marki. Czerwone, metalowe pokrywki mia\u0142y doskona\u0142e uszczelnienie, dzi\u0119ki czemu produkt mia\u0142 o 15% d\u0142u\u017cszy okres przydatno\u015bci do spo\u017cycia. Szklane s\u0142oiki sprawia\u0142y, \u017ce jogurt wygl\u0105da\u0142 na g\u0119sty, co klienci mogli \u0142atwo zauwa\u017cy\u0107, a w rezultacie ich impulsywne zakupy wzros\u0142y o 25%. Na tej podstawie firma z\u0142o\u017cy\u0142a p\u00f3\u017aniej kolejne zam\u00f3wienie na 200 000 s\u0142oik\u00f3w.<\/p>\n<h2>Zalecenia dotycz\u0105ce personalizacji s\u0142oik\u00f3w na jogurt z pokrywkami<\/h2>\n<ul>\n<li>Spersonalizowane kolory pokrywek: Opr\u00f3cz podstawowych kolor\u00f3w metalowych zakr\u0119tek (np. czarny, bia\u0142y, z\u0142oty, niebieski) na \u017cyczenie mo\u017cemy zastosowa\u0107 kolory Twojej marki lub wprowadzi\u0107 r\u00f3\u017cnice kolorystyczne mi\u0119dzy r\u00f3\u017cnymi wariantami.<\/li>\n<li>Niestandardowa tekstura spodu: Zast\u0105p falist\u0105 tekstur\u0119 tekstur\u0105 antypo\u015blizgow\u0105 innego rodzaju, w tym geometryczn\u0105 siatk\u0105 lub ma\u0142ymi kropkami.<\/li>\n<li>Oznaczenia: Aby u\u0142atwi\u0107 korzystanie ze s\u0142oika, na jego \u015bciankach nale\u017cy umie\u015bci\u0107 trwa\u0142e, wyt\u0142oczone lub wydrukowane oznaczenia miarki (w ml lub uncjach).<\/li>\n<\/ul>","protected":false},"excerpt":{"rendered":"<p>Wysokiej jako\u015bci szklane s\u0142oiki na jogurt z pokrywkami, z czerwonymi metalowymi zakr\u0119tkami i teksturowanym dnem. Uniwersalne s\u0142oiki na jogurt z pokrywkami do u\u017cytku spo\u017cywczego i kosmetycznego. Szybka wysy\u0142ka.<\/p>","protected":false},"featured_media":23020,"template":"","meta":[],"product_brand":[],"product_cat":[124,122,130],"product_tag":[],"class_list":{"0":"post-23019","1":"product","2":"type-product","3":"status-publish","4":"has-post-thumbnail","6":"product_cat-custom-glass-jars","7":"product_cat-custom-glass-packaging","8":"product_cat-glass-yogurt-jars","10":"first","11":"instock","12":"shipping-taxable","13":"product-type-simple"},"jetpack_sharing_enabled":true,"_links":{"self":[{"href":"https:\/\/yebodaglass.com\/pl\/wp-json\/wp\/v2\/product\/23019","targetHints":{"allow":["GET"]}}],"collection":[{"href":"https:\/\/yebodaglass.com\/pl\/wp-json\/wp\/v2\/product"}],"about":[{"href":"https:\/\/yebodaglass.com\/pl\/wp-json\/wp\/v2\/types\/product"}],"version-history":[{"count":5,"href":"https:\/\/yebodaglass.com\/pl\/wp-json\/wp\/v2\/product\/23019\/revisions"}],"predecessor-version":[{"id":25360,"href":"https:\/\/yebodaglass.com\/pl\/wp-json\/wp\/v2\/product\/23019\/revisions\/25360"}],"wp:featuredmedia":[{"embeddable":true,"href":"https:\/\/yebodaglass.com\/pl\/wp-json\/wp\/v2\/media\/23020"}],"wp:attachment":[{"href":"https:\/\/yebodaglass.com\/pl\/wp-json\/wp\/v2\/media?parent=23019"}],"wp:term":[{"taxonomy":"product_brand","embeddable":true,"href":"https:\/\/yebodaglass.com\/pl\/wp-json\/wp\/v2\/product_brand?post=23019"},{"taxonomy":"product_cat","embeddable":true,"href":"https:\/\/yebodaglass.com\/pl\/wp-json\/wp\/v2\/product_cat?post=23019"},{"taxonomy":"product_tag","embeddable":true,"href":"https:\/\/yebodaglass.com\/pl\/wp-json\/wp\/v2\/product_tag?post=23019"}],"curies":[{"name":"wp","href":"https:\/\/api.w.org\/{rel}","templated":true}]}}