{"id":23010,"date":"2025-10-30T16:02:10","date_gmt":"2025-10-30T08:02:10","guid":{"rendered":"https:\/\/yebodaglass.com\/?post_type=product&#038;p=23010"},"modified":"2025-11-04T11:53:22","modified_gmt":"2025-11-04T03:53:22","slug":"custom-eggshell-shaped-cute-yogurt-glass-jars-with-lids-bulk","status":"publish","type":"product","link":"https:\/\/yebodaglass.com\/pl\/custom-eggshell-shaped-cute-yogurt-glass-jars-with-lids-bulk\/","title":{"rendered":"225 g \u015aliczne szklane s\u0142oiki na jogurt w kszta\u0142cie skorupki jajka z pokrywkami"},"content":{"rendered":"<p>Masz do\u015b\u0107 szklanych s\u0142oik\u00f3w na jogurt z nudnymi lub przeciekaj\u0105cymi pokrywkami? Tworzymy urocze s\u0142oiki na jogurt z nut\u0105 skorupki jajka \u2013 koniec z p\u0142askimi opakowaniami. Te szklane s\u0142oiki zamieniaj\u0105 Tw\u00f3j jogurt w niezast\u0105piony produkt. Zam\u00f3wienia hurtowe otrzymuj\u0105 spersonalizowane wzory, dopasowane do Twojej marki.<\/p>\n<h2>Cechy produktu<\/h2>\n<p><strong>Unikalny wz\u00f3r skorupki jajka<\/strong><\/p>\n<p>Okr\u0105g\u0142y i \u0142adny kszta\u0142t produktu pochodzi od naturalnych \u017ceberek skorupki jajka, a wygl\u0105d produktu przypomina produkt r\u0119kodzielniczy, co jest mi\u0142e dla oka konsumenta.<\/p>\n<p><strong>Aplikacje wielofunkcyjne<\/strong><\/p>\n<p>Pojemnik \u015bwietnie nadaje si\u0119 r\u00f3wnie\u017c do pakowania luksusowych artyku\u0142\u00f3w spo\u017cywczych, takich jak jogurty, puddingi, musy, galaretki, desery i wypieki.<\/p>\n<p><strong>Dost\u0119pna personalizacja<\/strong><\/p>\n<p>To\u017csamo\u015b\u0107 marki mo\u017cna uczyni\u0107 wyj\u0105tkow\u0105, dodaj\u0105c logo wykonane metod\u0105 sitodruku, etykietowania, malowania natryskowego, matowania lub galwanizacji, zgodnie z wymaganiami marki.<\/p>\n<h2>Kluczowe specyfikacje<\/h2>\n<table style=\"border-collapse: collapse; width: 80%; margin-left: auto; margin-right: auto;\" border=\"0\" width=\"288\" cellspacing=\"0\" cellpadding=\"0\">\n<tbody>\n<tr style=\"height: 13.50pt;\">\n<td style=\"height: 13.5pt; width: 54pt; text-align: center;\" width=\"72\" height=\"18\">Pojemno\u015b\u0107<\/td>\n<td style=\"width: 54pt; text-align: center;\" width=\"72\">Rozmiar (cm)<\/td>\n<td style=\"width: 54pt; text-align: center;\" width=\"72\">Kszta\u0142t<\/td>\n<td style=\"width: 54pt; text-align: center;\" width=\"72\">Tworzywo<\/td>\n<\/tr>\n<tr style=\"height: 13.50pt;\">\n<td style=\"height: 13.5pt; text-align: center;\" height=\"18\">225 g<\/td>\n<td style=\"text-align: center;\">6.2&#215;8.2<\/td>\n<td style=\"text-align: center;\">Skorupka jajka<\/td>\n<td style=\"text-align: center;\">Szk\u0142o<\/td>\n<\/tr>\n<\/tbody>\n<\/table>\n<h2>Przypadek sukcesu<\/h2>\n<p>Nawi\u0105zali\u015bmy wsp\u00f3\u0142prac\u0119 z australijsk\u0105 mark\u0105 mleczarsk\u0105, aby stworzy\u0107 urocze s\u0142oiki na jogurt w kszta\u0142cie jajek. S\u0142oiki maj\u0105 minimalistyczne, wyt\u0142oczone logo ze z\u0142otej folii, kt\u00f3re dodaje im subtelnego detalu.<\/p>\n<p>Gdy produkt trafi\u0142 do sprzeda\u017cy, ludzie zacz\u0119li krzycze\u0107, \u017ce s\u0142oiki z jogurtem s\u0105 \u201ezbyt urocze, \u017ceby je wyrzuci\u0107\u201d. Sprzeda\u017c online wzros\u0142a o 40% w ci\u0105gu zaledwie sze\u015bciu tygodni.<\/p>\n<h2>Tw\u00f3j podr\u0119cznik personalizacji<\/h2>\n<ol>\n<li><strong>Opcje pojemno\u015bci:<\/strong> Potrzeby zwi\u0105zane z deserami, jogurtami i prezentami mog\u0105 by\u0107 zr\u00f3\u017cnicowane dzi\u0119ki wykorzystaniu opcji pojemno\u015bci, kt\u00f3re mo\u017cna dostosowa\u0107 do w\u0142asnych potrzeb.<\/li>\n<li><strong>Opakowanie zestawu:<\/strong> Opakowanie w po\u0142\u0105czeniu z pude\u0142kami kartonowymi, pokrywkami bambusowymi lub zestawami \u0142y\u017cek mo\u017cna wykorzysta\u0107 do stworzenia zestaw\u00f3w o jako\u015bci prezentowej, odpowiednich na sprzeda\u017c \u015bwi\u0105teczn\u0105 lub do sprzeda\u017cy w kana\u0142ach sprzeda\u017cy ekskluzywnej.<\/li>\n<\/ol>","protected":false},"excerpt":{"rendered":"<p>Nasze szklane s\u0142oiczki na jogurt w kszta\u0142cie skorupki jajka z pokrywkami to wyj\u0105tkowo zaprojektowane, urocze s\u0142oiczki na jogurt, idealne do pakowania ekskluzywnych deser\u00f3w, pudding\u00f3w lub r\u0119cznie robionego jogurtu.<\/p>","protected":false},"featured_media":23011,"template":"","meta":[],"product_brand":[],"product_cat":[124,122,130],"product_tag":[],"class_list":{"0":"post-23010","1":"product","2":"type-product","3":"status-publish","4":"has-post-thumbnail","6":"product_cat-custom-glass-jars","7":"product_cat-custom-glass-packaging","8":"product_cat-glass-yogurt-jars","10":"first","11":"instock","12":"shipping-taxable","13":"product-type-simple"},"jetpack_sharing_enabled":true,"_links":{"self":[{"href":"https:\/\/yebodaglass.com\/pl\/wp-json\/wp\/v2\/product\/23010","targetHints":{"allow":["GET"]}}],"collection":[{"href":"https:\/\/yebodaglass.com\/pl\/wp-json\/wp\/v2\/product"}],"about":[{"href":"https:\/\/yebodaglass.com\/pl\/wp-json\/wp\/v2\/types\/product"}],"version-history":[{"count":5,"href":"https:\/\/yebodaglass.com\/pl\/wp-json\/wp\/v2\/product\/23010\/revisions"}],"predecessor-version":[{"id":23029,"href":"https:\/\/yebodaglass.com\/pl\/wp-json\/wp\/v2\/product\/23010\/revisions\/23029"}],"wp:featuredmedia":[{"embeddable":true,"href":"https:\/\/yebodaglass.com\/pl\/wp-json\/wp\/v2\/media\/23011"}],"wp:attachment":[{"href":"https:\/\/yebodaglass.com\/pl\/wp-json\/wp\/v2\/media?parent=23010"}],"wp:term":[{"taxonomy":"product_brand","embeddable":true,"href":"https:\/\/yebodaglass.com\/pl\/wp-json\/wp\/v2\/product_brand?post=23010"},{"taxonomy":"product_cat","embeddable":true,"href":"https:\/\/yebodaglass.com\/pl\/wp-json\/wp\/v2\/product_cat?post=23010"},{"taxonomy":"product_tag","embeddable":true,"href":"https:\/\/yebodaglass.com\/pl\/wp-json\/wp\/v2\/product_tag?post=23010"}],"curies":[{"name":"wp","href":"https:\/\/api.w.org\/{rel}","templated":true}]}}