{"id":23001,"date":"2025-10-30T14:56:21","date_gmt":"2025-10-30T06:56:21","guid":{"rendered":"https:\/\/yebodaglass.com\/?post_type=product&#038;p=23001"},"modified":"2026-04-10T09:32:58","modified_gmt":"2026-04-10T01:32:58","slug":"round-ribbed-glass-jars-for-yogurt-with-metal-lids-wholesale","status":"publish","type":"product","link":"https:\/\/yebodaglass.com\/pl\/round-ribbed-glass-jars-for-yogurt-with-metal-lids-wholesale\/","title":{"rendered":"S\u0142oiki szklane okr\u0105g\u0142e \u017cebrowane na jogurt o pojemno\u015bci 150 ml \u2013 380 ml z metalowymi pokrywkami \u2013 sprzeda\u017c hurtowa"},"content":{"rendered":"<p>Te szklane s\u0142oiki na jogurt s\u0105 okr\u0105g\u0142e i pe\u0142ne, maj\u0105 g\u0142adk\u0105 powierzchni\u0119 z delikatnymi pionowymi \u017cebrami i maj\u0105 efektowne czerwone lub pi\u0119kne z\u0142ote metalowe pokrywki. Dlatego s\u0105 to idealne s\u0142oiki na jogurt, kt\u00f3rych powinni u\u017cywa\u0107 hurtownicy wysokiej jako\u015bci jogurt\u00f3w.<\/p>\n<h2>Cechy produktu<\/h2>\n<ul>\n<li><strong>Okr\u0105g\u0142y, pe\u0142ny kszta\u0142t:<\/strong> To tradycyjny kszta\u0142t, kt\u00f3ry jest okr\u0105g\u0142y, wygodniejszy w u\u017cyciu i zapewnia najwi\u0119cej miejsca.<\/li>\n<li><strong>Pionowa \u017cebrowana faktura:<\/strong> Ozdobne wyci\u0119cia na kraw\u0119dzi zapewniaj\u0105 walory estetyczne, u\u0142atwiaj\u0105 chwyt i delikatnie odbijaj\u0105 \u015bwiat\u0142o.<\/li>\n<li><strong>Wyb\u00f3r metalowej pokrywy:<\/strong> Jaskrawoczerwone i z\u0142ote pokrywki sprawiaj\u0105, \u017ce wygl\u0105da nowocze\u015bnie, stylowo i luksusowo w stylu vintage.<\/li>\n<\/ul>\n<h2>Kluczowe specyfikacje<\/h2>\n<table style=\"border-collapse: collapse; width: 80%; margin-left: auto; margin-right: auto;\" border=\"0\" width=\"288\" cellspacing=\"0\" cellpadding=\"0\">\n<tbody>\n<tr style=\"height: 13.50pt;\">\n<td style=\"height: 13.5pt; width: 54pt; text-align: center;\" width=\"72\" height=\"18\">Pojemno\u015b\u0107 (ml)<\/td>\n<td style=\"width: 54pt; text-align: center;\" width=\"72\">Wymiary (cm)<\/td>\n<td style=\"width: 54pt; text-align: center;\" width=\"72\">Kszta\u0142t<\/td>\n<td style=\"width: 54pt; text-align: center;\" width=\"72\">Tworzywo<\/td>\n<\/tr>\n<tr style=\"height: 13.50pt;\">\n<td style=\"height: 13.5pt; text-align: center;\" align=\"right\" height=\"18\">150<\/td>\n<td style=\"text-align: center;\">7.3*6.9<\/td>\n<td class=\"et2\" style=\"text-align: center;\" rowspan=\"4\">Okr\u0105g\u0142y<\/td>\n<td class=\"et2\" style=\"text-align: center;\" rowspan=\"4\">Szk\u0142o<\/td>\n<\/tr>\n<tr style=\"height: 13.50pt;\">\n<td style=\"height: 13.5pt; text-align: center;\" align=\"right\" height=\"18\">200<\/td>\n<td style=\"text-align: center;\">8.1*7.5<\/td>\n<\/tr>\n<tr style=\"height: 13.50pt;\">\n<td style=\"height: 13.5pt; text-align: center;\" align=\"right\" height=\"18\">280<\/td>\n<td style=\"text-align: center;\">8.9*8.0<\/td>\n<\/tr>\n<tr style=\"height: 13.50pt;\">\n<td style=\"height: 13.5pt; text-align: center;\" align=\"right\" height=\"18\">380<\/td>\n<td style=\"text-align: center;\">9.7*9.0<\/td>\n<\/tr>\n<\/tbody>\n<\/table>\n<h2>Przypadek sukcesu<\/h2>\n<p>Nasze szklane s\u0142oiki do jogurtu zosta\u0142y wybrane przez mark\u0119 ekologicznej \u017cywno\u015bci z Oregonu do pakowania jogurtu, a jasnozielone szklane s\u0142oiki zosta\u0142y spersonalizowane. Efekty tego ekskluzywnego opakowania by\u0142y natychmiastowe i znacz\u0105ce: specjalne zielone szk\u0142o zapewnia\u0142o lekk\u0105 ochron\u0119 UV, wyd\u0142u\u017caj\u0105c tym samym optymalny okres przydatno\u015bci jogurtu o 10 procent, konstrukcja wielokrotnego u\u017cytku o atrakcyjnym wygl\u0105dzie przyczyni\u0142a si\u0119 do ponownego zakupu produktu o 25 procent, a zdj\u0119cia pi\u0119knych szklanych s\u0142oik\u00f3w przyci\u0105gn\u0119\u0142y do \u200b\u200bmarki ponad 5000 nowych obserwuj\u0105cych. Dzi\u0119ki tym doskona\u0142ym wynikom, firma z\u0142o\u017cy\u0142a kolejne zam\u00f3wienie na 100 000 s\u0142oik\u00f3w.<\/p>\n<h2>Rekomendacje dotycz\u0105ce personalizacji szklanych s\u0142oik\u00f3w na jogurt hurtowo<\/h2>\n<ul>\n<li>Wyt\u0142oczone logo: Na g\u00f3rnej cz\u0119\u015bci metalowej pokrywy mo\u017cna umie\u015bci\u0107 niewielkie wyt\u0142oczone logo lub wz\u00f3r, aby nada\u0107 marce delikatny, ale ekskluzywny wizerunek.<\/li>\n<li>R\u00f3\u017cne tekstury kubk\u00f3w: Wybierz inn\u0105 tekstur\u0119 pionowego kubka: spiral\u0119, diament lub fal\u0119.<\/li>\n<li>Rozmiary: Mo\u017cesz wybiera\u0107 r\u00f3\u017cne rozmiary o tym samym atrakcyjnym wzornictwie, np. ma\u0142e s\u0142oiki o pojemno\u015bci 4 uncji i du\u017ce opakowania rodzinne o pojemno\u015bci 16 uncji.<\/li>\n<\/ul>","protected":false},"excerpt":{"rendered":"<p>Szklane s\u0142oiki na jogurt z wyt\u0142oczon\u0105 faktur\u0105 i metalowymi pokrywkami. Trwa\u0142e szklane s\u0142oiki na jogurt dost\u0119pne hurtowo w cenach fabrycznych dla odbiorc\u00f3w hurtowych. Szybka wysy\u0142ka.<\/p>","protected":false},"featured_media":23005,"template":"","meta":[],"product_brand":[],"product_cat":[130,124,122],"product_tag":[],"class_list":{"0":"post-23001","1":"product","2":"type-product","3":"status-publish","4":"has-post-thumbnail","6":"product_cat-glass-yogurt-jars","7":"product_cat-custom-glass-jars","8":"product_cat-custom-glass-packaging","10":"first","11":"instock","12":"shipping-taxable","13":"product-type-simple"},"jetpack_sharing_enabled":true,"_links":{"self":[{"href":"https:\/\/yebodaglass.com\/pl\/wp-json\/wp\/v2\/product\/23001","targetHints":{"allow":["GET"]}}],"collection":[{"href":"https:\/\/yebodaglass.com\/pl\/wp-json\/wp\/v2\/product"}],"about":[{"href":"https:\/\/yebodaglass.com\/pl\/wp-json\/wp\/v2\/types\/product"}],"version-history":[{"count":5,"href":"https:\/\/yebodaglass.com\/pl\/wp-json\/wp\/v2\/product\/23001\/revisions"}],"predecessor-version":[{"id":25371,"href":"https:\/\/yebodaglass.com\/pl\/wp-json\/wp\/v2\/product\/23001\/revisions\/25371"}],"wp:featuredmedia":[{"embeddable":true,"href":"https:\/\/yebodaglass.com\/pl\/wp-json\/wp\/v2\/media\/23005"}],"wp:attachment":[{"href":"https:\/\/yebodaglass.com\/pl\/wp-json\/wp\/v2\/media?parent=23001"}],"wp:term":[{"taxonomy":"product_brand","embeddable":true,"href":"https:\/\/yebodaglass.com\/pl\/wp-json\/wp\/v2\/product_brand?post=23001"},{"taxonomy":"product_cat","embeddable":true,"href":"https:\/\/yebodaglass.com\/pl\/wp-json\/wp\/v2\/product_cat?post=23001"},{"taxonomy":"product_tag","embeddable":true,"href":"https:\/\/yebodaglass.com\/pl\/wp-json\/wp\/v2\/product_tag?post=23001"}],"curies":[{"name":"wp","href":"https:\/\/api.w.org\/{rel}","templated":true}]}}