{"id":22838,"date":"2025-10-28T16:48:47","date_gmt":"2025-10-28T08:48:47","guid":{"rendered":"https:\/\/yebodaglass.com\/?post_type=product&#038;p=22838"},"modified":"2026-03-13T11:43:52","modified_gmt":"2026-03-13T03:43:52","slug":"wholesale-unique-hexagon-glass-honey-jars-with-lids","status":"publish","type":"product","link":"https:\/\/yebodaglass.com\/pl\/wholesale-unique-hexagon-glass-honey-jars-with-lids\/","title":{"rendered":"Hurtowa sprzeda\u017c wyj\u0105tkowych sze\u015bciok\u0105tnych szklanych s\u0142oik\u00f3w na mi\u00f3d z pokrywkami 375 ml 750 ml"},"content":{"rendered":"<p>To sze\u015bciok\u0105tny szklany s\u0142oik na mi\u00f3d o tradycyjnym, sze\u015bciok\u0105tnym kszta\u0142cie. Wyraziste kolory miodu, d\u017cemu i konfitur doskonale odzwierciedlaj\u0105 si\u0119 w krystalicznie czystym szkle. Praktyczno\u015b\u0107 i pi\u0119kno gwarantuj\u0105 solidna zakr\u0119tka i solidna podstawa.<\/p>\n<h2>Cechy produktu<\/h2>\n<ul>\n<li><strong>Identyczny sze\u015bciok\u0105t:<\/strong> Sze\u015bciok\u0105tna konstrukcja plastra miodu sprawia, \u017ce \u200b\u200bprodukt nie zwija si\u0119 i dobrze trzyma.<\/li>\n<li><strong>Szk\u0142o krystalicznie czyste:<\/strong> Krystalicznie czyste szk\u0142o pozwala klientom dok\u0142adnie oceni\u0107 jako\u015b\u0107 produktu, poniewa\u017c widz\u0105 ca\u0142\u0105 jego zawarto\u015b\u0107.<\/li>\n<li><strong>Solidne p\u0142askie dno:<\/strong> Grube i p\u0142askie dno sprawia, \u017ce \u200b\u200bs\u0142oik mo\u017cna postawi\u0107 na ka\u017cdej powierzchni i pozostanie stabilny, nawet gdy b\u0119dzie pe\u0142ny.<\/li>\n<\/ul>\n<h2 style=\"text-align: left;\">Kluczowe specyfikacje<\/h2>\n<table class=\"aligncenter\" style=\"border-collapse: collapse; width: 459.77pt;\" border=\"0\" width=\"613\" cellspacing=\"0\" cellpadding=\"0\">\n<tbody>\n<tr style=\"height: 13.50pt;\">\n<td style=\"height: 13.50pt; width: 99.75pt;\" width=\"133\" height=\"18\">Funkcja<\/td>\n<td style=\"width: 360.00pt;\" width=\"480\">Specyfikacja<\/td>\n<\/tr>\n<tr style=\"height: 13.50pt;\">\n<td style=\"height: 13.50pt;\" height=\"18\">Pojemno\u015b\u0107<\/td>\n<td>375 ml, 750 ml<\/td>\n<\/tr>\n<tr style=\"height: 13.50pt;\">\n<td style=\"height: 13.50pt;\" height=\"18\">Kszta\u0142t<\/td>\n<td>Pryzmat sze\u015bciok\u0105tny, panele p\u0142askie<\/td>\n<\/tr>\n<tr style=\"height: 13.50pt;\">\n<td style=\"height: 13.50pt;\" height=\"18\">Wymiary<\/td>\n<td>7,2\u00d712,5 cm, 8,2\u00d717 cm<\/td>\n<\/tr>\n<tr style=\"height: 13.50pt;\">\n<td style=\"height: 13.50pt;\" height=\"18\">Tworzywo<\/td>\n<td>Przezroczyste szk\u0142o, metalowa zakr\u0119tka<\/td>\n<\/tr>\n<tr style=\"height: 13.50pt;\">\n<td style=\"height: 13.50pt;\" height=\"18\">Opcje pokrywy<\/td>\n<td>Z\u0142oty, \u017c\u00f3\u0142ty, srebrny, czarny (mo\u017cliwo\u015b\u0107 personalizacji)<\/td>\n<\/tr>\n<tr style=\"height: 13.50pt;\">\n<td style=\"height: 13.50pt;\" height=\"18\">Najlepsze dla<\/td>\n<td>Mi\u00f3d, d\u017cem, zestawy prezentowe<\/td>\n<\/tr>\n<tr style=\"height: 13.50pt;\">\n<td style=\"height: 13.50pt;\" height=\"18\">Idealne zastosowanie<\/td>\n<td>Niepowtarzalne s\u0142oiki na d\u017cem, sze\u015bciok\u0105tne szklane s\u0142oiki na mi\u00f3d, s\u0142oiki na mi\u00f3d na prezent<\/td>\n<\/tr>\n<\/tbody>\n<\/table>\n<h2>Historia sukcesu: zam\u00f3wienie niestandardowe w sp\u00f3\u0142dzielni pszczelarskiej Midwestern Beekeeping Cooperative<\/h2>\n<p>Jedna ze sp\u00f3\u0142dzielni pszczelarskich w stanie Iowa wybra\u0142a nasz sze\u015bciok\u0105tny szklany s\u0142oik na mi\u00f3d i zmodyfikowa\u0142a go, dodaj\u0105c metalow\u0105 pokrywk\u0119 z wyt\u0142oczonym logo pszczo\u0142y oraz jasnobursztynowe szk\u0142o. Te decyzje o personalizacji przynios\u0142y znacz\u0105ce korzy\u015bci: bursztynowe szk\u0142o zapewnia\u0142o ochron\u0119 przed promieniowaniem UV, ankiety przeprowadzone w\u015br\u00f3d klient\u00f3w wykaza\u0142y, \u017ce sprzeda\u017c miodu wzros\u0142a o 25% dzi\u0119ki jego \u015bwie\u017co\u015bci, a osobisty kszta\u0142t i wysoka jako\u015b\u0107 wykonania zwi\u0119kszy\u0142y sprzeda\u017c o 30%. Klient by\u0142 bardzo zadowolony ze wsp\u00f3\u0142pracy i zam\u00f3wi\u0142 kolejne 500 000 butelek swojego produktu wiosn\u0105 nast\u0119pnego roku, podczas zbior\u00f3w miodu i wprowadzenia nowej linii d\u017cem\u00f3w.<\/p>\n<h2>Rekomendacje personalizacji Unikalne s\u0142oiki na d\u017cem<\/h2>\n<ul>\n<li>T\u0142oczenie lub trawienie: niestandardowe wzory t\u0142oczone, nazwy gospodarstw lub logo mog\u0105 by\u0107 t\u0142oczone lub trawione na szkle, tworz\u0105c wyj\u0105tkow\u0105 i trwa\u0142\u0105 identyfikacj\u0119 marki.<\/li>\n<li>Wielofunkcyjne materia\u0142y nasadek: Oferujemy nasadki wykonane z r\u00f3\u017cnych materia\u0142\u00f3w, w tym z zr\u00f3wnowa\u017conego bambusa, metalu lub ceramiki, kt\u00f3re s\u0105 luksusowe w dotyku.<\/li>\n<li>Znaczniki klasyfikacji: Wyt\u0142ocz niewielki znak (uncje, gramy) na kraw\u0119dzi szklanego s\u0142oika, aby mo\u017cna by\u0142o \u0142atwo do niego si\u0119gn\u0105\u0107, nawet gdy produkt jest pusty.<\/li>\n<\/ul>","protected":false},"excerpt":{"rendered":"<p>Wysokiej jako\u015bci, sze\u015bciok\u0105tny s\u0142oik na mi\u00f3d wykonany z przezroczystego szk\u0142a, aby wyeksponowa\u0107 kolor miodu. Praktyczne s\u0142oiki na d\u017cem z hermetycznymi pokrywkami do przechowywania \u017cywno\u015bci. Szybka wysy\u0142ka.<\/p>","protected":false},"featured_media":22842,"template":"","meta":[],"product_brand":[],"product_cat":[122,124,127],"product_tag":[],"class_list":{"0":"post-22838","1":"product","2":"type-product","3":"status-publish","4":"has-post-thumbnail","6":"product_cat-custom-glass-packaging","7":"product_cat-custom-glass-jars","8":"product_cat-glass-honey-jars","10":"first","11":"instock","12":"shipping-taxable","13":"product-type-simple"},"jetpack_sharing_enabled":true,"_links":{"self":[{"href":"https:\/\/yebodaglass.com\/pl\/wp-json\/wp\/v2\/product\/22838","targetHints":{"allow":["GET"]}}],"collection":[{"href":"https:\/\/yebodaglass.com\/pl\/wp-json\/wp\/v2\/product"}],"about":[{"href":"https:\/\/yebodaglass.com\/pl\/wp-json\/wp\/v2\/types\/product"}],"version-history":[{"count":5,"href":"https:\/\/yebodaglass.com\/pl\/wp-json\/wp\/v2\/product\/22838\/revisions"}],"predecessor-version":[{"id":25433,"href":"https:\/\/yebodaglass.com\/pl\/wp-json\/wp\/v2\/product\/22838\/revisions\/25433"}],"wp:featuredmedia":[{"embeddable":true,"href":"https:\/\/yebodaglass.com\/pl\/wp-json\/wp\/v2\/media\/22842"}],"wp:attachment":[{"href":"https:\/\/yebodaglass.com\/pl\/wp-json\/wp\/v2\/media?parent=22838"}],"wp:term":[{"taxonomy":"product_brand","embeddable":true,"href":"https:\/\/yebodaglass.com\/pl\/wp-json\/wp\/v2\/product_brand?post=22838"},{"taxonomy":"product_cat","embeddable":true,"href":"https:\/\/yebodaglass.com\/pl\/wp-json\/wp\/v2\/product_cat?post=22838"},{"taxonomy":"product_tag","embeddable":true,"href":"https:\/\/yebodaglass.com\/pl\/wp-json\/wp\/v2\/product_tag?post=22838"}],"curies":[{"name":"wp","href":"https:\/\/api.w.org\/{rel}","templated":true}]}}