{"id":22829,"date":"2025-10-28T15:40:26","date_gmt":"2025-10-28T07:40:26","guid":{"rendered":"https:\/\/yebodaglass.com\/?post_type=product&#038;p=22829"},"modified":"2026-03-13T14:26:48","modified_gmt":"2026-03-13T06:26:48","slug":"clear-cylindrical-little-glass-honey-vials-bulk","status":"publish","type":"product","link":"https:\/\/yebodaglass.com\/pl\/clear-cylindrical-little-glass-honey-vials-bulk\/","title":{"rendered":"40 ml, 75 ml, 100 ml, przezroczyste, cylindryczne, ma\u0142e szklane fiolki na mi\u00f3d"},"content":{"rendered":"<p>Te fiolki na mi\u00f3d zosta\u0142y zaprojektowane w taki spos\u00f3b, \u017ce maj\u0105 cylindryczny kszta\u0142t, wykonane z krystalicznie czystego szk\u0142a, z pogrubionym i zaokr\u0105glonym dnem, co zapewnia stabilno\u015b\u0107 i trwa\u0142o\u015b\u0107. Nakr\u0119tki s\u0105 z\u0142ote lub srebrne, ma\u0142e i pi\u0119kne, idealnie nadaj\u0105 si\u0119 do przechowywania niewielkich ilo\u015bci miodu, d\u017cemu lub pr\u00f3bek.<\/p>\n<h2>Cechy produktu<\/h2>\n<ul>\n<li><strong>Smuk\u0142e, cylindryczne butelki:<\/strong> Ma obci\u0105\u017cone dno, smuk\u0142\u0105 i nowoczesn\u0105 konstrukcj\u0119, a przy tym nie zajmuje du\u017co miejsca.<\/li>\n<li><strong>Wysoka przejrzysto\u015b\u0107:<\/strong> Jest przezroczysty, a szk\u0142o doskonale oddaje kolor i lepko\u015b\u0107 miodu. Przyci\u0105gnie wzrokowc\u00f3w.<\/li>\n<li><strong>Przeno\u015bny i kompaktowy:<\/strong> Butelka ma kompaktowe wymiary i doskonale nadaje si\u0119 do zabrania w podr\u00f3\u017c, wypr\u00f3bowania, na imprez\u0119, a nawet na prezent.<\/li>\n<\/ul>\n<h2 style=\"text-align: left;\">Kluczowe specyfikacje<\/h2>\n<table class=\"aligncenter\" style=\"border-collapse: collapse; width: 454.52pt;\" border=\"0\" width=\"606\" cellspacing=\"0\" cellpadding=\"0\">\n<tbody>\n<tr style=\"height: 13.50pt;\">\n<td style=\"height: 13.50pt; width: 96.75pt;\" width=\"129\" height=\"18\">Funkcja<\/td>\n<td style=\"width: 357.75pt;\" width=\"477\">Specyfikacja<\/td>\n<\/tr>\n<tr style=\"height: 13.50pt;\">\n<td style=\"height: 13.50pt;\" height=\"18\">Pojemno\u015b\u0107<\/td>\n<td>40ml, 75ml, 100ml<\/td>\n<\/tr>\n<tr style=\"height: 13.50pt;\">\n<td style=\"height: 13.50pt;\" height=\"18\">Kszta\u0142t<\/td>\n<td>Prosty cylinder, jednolita \u015brednica<\/td>\n<\/tr>\n<tr style=\"height: 13.50pt;\">\n<td style=\"height: 13.50pt;\" height=\"18\">Wymiary<\/td>\n<td>4\u00d78.5cm to 4\u00d715cm<\/td>\n<\/tr>\n<tr style=\"height: 13.50pt;\">\n<td style=\"height: 13.50pt;\" height=\"18\">Tworzywo<\/td>\n<td>Przezroczyste szk\u0142o, metalowa zakr\u0119tka<\/td>\n<\/tr>\n<tr style=\"height: 13.50pt;\">\n<td style=\"height: 13.50pt;\" height=\"18\">Opcje pokrywy<\/td>\n<td>Z\u0142oty, srebrny, r\u00f3\u017cowy (dost\u0119pne kolory niestandardowe)<\/td>\n<\/tr>\n<tr style=\"height: 13.50pt;\">\n<td style=\"height: 13.50pt;\" height=\"18\">Najlepsze dla<\/td>\n<td>Mi\u00f3d, zestawy pr\u00f3bek, zestawy prezentowe<\/td>\n<\/tr>\n<tr style=\"height: 13.50pt;\">\n<td style=\"height: 13.50pt;\" height=\"18\">Idealne zastosowanie<\/td>\n<td>Buteleczki z miodem, ma\u0142e s\u0142oiczki z miodem, hurtowe s\u0142oiczki z miodem<\/td>\n<\/tr>\n<\/tbody>\n<\/table>\n<h2>Przypadek sukcesu: Jedno ze niestandardowych zam\u00f3wie\u0144 w specjalistycznej farmie miodu w Kalifornii<\/h2>\n<p>Jedna ze specjalistycznych farm miodowych w Sonoma wybra\u0142a nasze fiolki na mi\u00f3d i zmodyfikowa\u0142a je, dodaj\u0105c laserowo grawerowane wzory pszcz\u00f3\u0142 na szklanych korpusach i matowoczarnych wieczkach. Dopasowane opakowanie przynios\u0142o znakomite rezultaty: spersonalizowane, markowe fiolki sta\u0142y si\u0119 popularnym upominkiem \u015blubnym lub prezentem firmowym, co w rezultacie zaowocowa\u0142o wzrostem sprzeda\u017cy w tej bran\u017cy o 40%. Jest to idealne rozwi\u0105zanie ze wzgl\u0119du na doskona\u0142e w\u0142a\u015bciwo\u015bci uszczelniaj\u0105ce i niewielkie rozmiary, dzi\u0119ki czemu nadaje si\u0119 do wykorzystania jako pr\u00f3bka na targowiskach rolniczych, gdzie \u2013 wed\u0142ug ich relacji \u2013 sprzeda\u017c pe\u0142nowymiarowych butelek wzros\u0142a o 25%. W oparciu o tak doskona\u0142e wyniki, zam\u00f3wili kolejne 100 000 ma\u0142ych butelek, aby stworzy\u0107 nowy zestaw degustacyjny Honey Journey.<\/p>\n<h2>Sugestie personalizacji butelek miodu<\/h2>\n<ul>\n<li><strong>Etykieta na szyj\u0119:<\/strong> Dodaj pier\u015bcie\u0144 firmowy do szyjki butelki, aby nada\u0107 jej ponadczasowy, elegancki wygl\u0105d.<\/li>\n<li><strong>Sitodruk\u200b\u200d\u200b\u200c\u200d\u200b\u200d\u200c\u200d\u200b\u200c\u200d\u200b\u200d\u200c Drukowanie:<\/strong> Umie\u015b\u0107 swoj\u0105 mark\u0119 bezpo\u015brednio na szkle za pomoc\u0105 metody drukowania, aby uzyska\u0107 wyra\u017any, trwa\u0142y znak firmowy o transparentnej powierzchni.<\/li>\n<li><strong>Szk\u0142o kolorowe:<\/strong> Podawaj mi\u00f3d w szklance o barwie bursztynowej lub kobaltowej, aby wyr\u00f3\u017cni\u0107 si\u0119 na tle innych, a tak\u017ce aby mi\u00f3d by\u0142 bezpieczny dla \u015bwiat\u0142a.<\/li>\n<\/ul>","protected":false},"excerpt":{"rendered":"<p>Buteleczki na mi\u00f3d wykonane z krystalicznie czystego szk\u0142a z metalowymi zakr\u0119tkami. Eleganckie, ma\u0142e s\u0142oiczki na mi\u00f3d, idealne na pr\u00f3bki miodu, syrop i do pakowania prezent\u00f3w. Darmowe pr\u00f3bki.<\/p>","protected":false},"featured_media":22833,"template":"","meta":[],"product_brand":[],"product_cat":[122,124,127],"product_tag":[],"class_list":{"0":"post-22829","1":"product","2":"type-product","3":"status-publish","4":"has-post-thumbnail","6":"product_cat-custom-glass-packaging","7":"product_cat-custom-glass-jars","8":"product_cat-glass-honey-jars","10":"first","11":"instock","12":"shipping-taxable","13":"product-type-simple"},"jetpack_sharing_enabled":true,"_links":{"self":[{"href":"https:\/\/yebodaglass.com\/pl\/wp-json\/wp\/v2\/product\/22829","targetHints":{"allow":["GET"]}}],"collection":[{"href":"https:\/\/yebodaglass.com\/pl\/wp-json\/wp\/v2\/product"}],"about":[{"href":"https:\/\/yebodaglass.com\/pl\/wp-json\/wp\/v2\/types\/product"}],"version-history":[{"count":5,"href":"https:\/\/yebodaglass.com\/pl\/wp-json\/wp\/v2\/product\/22829\/revisions"}],"predecessor-version":[{"id":25440,"href":"https:\/\/yebodaglass.com\/pl\/wp-json\/wp\/v2\/product\/22829\/revisions\/25440"}],"wp:featuredmedia":[{"embeddable":true,"href":"https:\/\/yebodaglass.com\/pl\/wp-json\/wp\/v2\/media\/22833"}],"wp:attachment":[{"href":"https:\/\/yebodaglass.com\/pl\/wp-json\/wp\/v2\/media?parent=22829"}],"wp:term":[{"taxonomy":"product_brand","embeddable":true,"href":"https:\/\/yebodaglass.com\/pl\/wp-json\/wp\/v2\/product_brand?post=22829"},{"taxonomy":"product_cat","embeddable":true,"href":"https:\/\/yebodaglass.com\/pl\/wp-json\/wp\/v2\/product_cat?post=22829"},{"taxonomy":"product_tag","embeddable":true,"href":"https:\/\/yebodaglass.com\/pl\/wp-json\/wp\/v2\/product_tag?post=22829"}],"curies":[{"name":"wp","href":"https:\/\/api.w.org\/{rel}","templated":true}]}}