{"id":22818,"date":"2025-10-28T14:27:36","date_gmt":"2025-10-28T06:27:36","guid":{"rendered":"https:\/\/yebodaglass.com\/?post_type=product&#038;p=22818"},"modified":"2026-03-16T14:36:06","modified_gmt":"2026-03-16T06:36:06","slug":"bulk-glass-honey-storage-containers-with-embossed-patterns","status":"publish","type":"product","link":"https:\/\/yebodaglass.com\/pl\/bulk-glass-honey-storage-containers-with-embossed-patterns\/","title":{"rendered":"Szklane pojemniki do przechowywania miodu w du\u017cych ilo\u015bciach z wyt\u0142oczonymi wzorami 250 ml 500 ml 750 ml"},"content":{"rendered":"<p>To unikalnie zaprojektowane, kwadratowe pojemniki do przechowywania miodu o zaokr\u0105glonych rogach, z wyt\u0142oczonymi owocowymi wzorami, wykonane z krystalicznie czystego szk\u0142a. Z\u0142ote lub srebrne metalowe pokrywki zapewniaj\u0105 doskona\u0142e uszczelnienie i stabilne uk\u0142adanie w stosy.<\/p>\n<h2>Cechy produktu<\/h2>\n<ul>\n<li><strong>Butelka dekoracyjna z t\u0142oczeniem:<\/strong> Na korpusie butelki wyt\u0142oczony zostanie tekst i wzory owoc\u00f3w, co poprawi atrakcyjno\u015b\u0107 wizualn\u0105 i nada produktowi naturalny wygl\u0105d, bez zb\u0119dnych nadruk\u00f3w.<\/li>\n<li><strong>Butelka kwadratowa z t\u0142oczeniem:<\/strong> Kwadratowa butelka z wyt\u0142oczonym wzorem nadaje produktowi schludny i elegancki wygl\u0105d, dzi\u0119ki czemu produkt jest \u0142atwo rozpoznawalny, a opakowanie pi\u0119knie si\u0119 prezentuje.<\/li>\n<li><strong>Bezpieczne i trwa\u0142e:<\/strong> Mocna szklana konstrukcja i dobrze dopasowana nakr\u0119tka tworz\u0105 trwa\u0142y i niezawodny pojemnik do przechowywania miodu, umo\u017cliwiaj\u0105cy jego bezpieczne transportowanie i d\u0142ugotrwa\u0142e zachowanie \u015bwie\u017co\u015bci.<\/li>\n<\/ul>\n<h2 style=\"text-align: left;\">Kluczowe specyfikacje<\/h2>\n<table class=\"aligncenter\" style=\"border-collapse: collapse; width: 414.77pt;\" border=\"0\" width=\"553\" cellspacing=\"0\" cellpadding=\"0\">\n<tbody>\n<tr style=\"height: 13.50pt;\">\n<td style=\"height: 13.50pt; width: 96.75pt;\" width=\"129\" height=\"18\">Funkcja<\/td>\n<td style=\"width: 318.00pt;\" width=\"424\">Specyfikacja<\/td>\n<\/tr>\n<tr style=\"height: 13.50pt;\">\n<td style=\"height: 13.50pt;\" height=\"18\">Pojemno\u015b\u0107<\/td>\n<td>250 ml, 500 ml, 750 ml<\/td>\n<\/tr>\n<tr style=\"height: 13.50pt;\">\n<td style=\"height: 13.50pt;\" height=\"18\">Kszta\u0142t<\/td>\n<td>Kwadrat z t\u0142oczonymi panelami<\/td>\n<\/tr>\n<tr style=\"height: 13.50pt;\">\n<td style=\"height: 13.50pt;\" height=\"18\">Wymiary<\/td>\n<td>8\u00d78,3 cm do 10\u00d713,3 cm<\/td>\n<\/tr>\n<tr style=\"height: 13.50pt;\">\n<td style=\"height: 13.50pt;\" height=\"18\">Tworzywo<\/td>\n<td>Przezroczyste szk\u0142o, metalowa zakr\u0119tka<\/td>\n<\/tr>\n<tr style=\"height: 13.50pt;\">\n<td style=\"height: 13.50pt;\" height=\"18\">Opcje pokrywy<\/td>\n<td>Z\u0142oty, srebrny, \u017c\u00f3\u0142ty (dost\u0119pne kolory niestandardowe)<\/td>\n<\/tr>\n<tr style=\"height: 13.50pt;\">\n<td style=\"height: 13.50pt;\" height=\"18\">Najlepsze dla<\/td>\n<td>Mi\u00f3d, zestawy prezentowe, opakowania detaliczne<\/td>\n<\/tr>\n<tr style=\"height: 13.50pt;\">\n<td style=\"height: 13.50pt;\" height=\"18\">Idealne zastosowanie<\/td>\n<td>Pojemnik do przechowywania miodu, ozdoby na prezent w postaci miodu<\/td>\n<\/tr>\n<\/tbody>\n<\/table>\n<h2>Historia sukcesu: Zmiana marki firmy pszczelarskiej<\/h2>\n<p>Marka produkt\u00f3w pszczelarskich, kt\u00f3ra dobrze radzi\u0142a sobie lokalnie, ale mia\u0142a potencja\u0142 na wi\u0119ksz\u0105 sprzeda\u017c, a w szczeg\u00f3lno\u015bci surowy, niefiltrowany mi\u00f3d, utkn\u0119\u0142a w martwym punkcie. Ich 250-mililitrowe butelki z miodem sprzedawa\u0142y si\u0119 dobrze, ale brakowa\u0142o im ekskluzywnego opakowania, kt\u00f3re nadawa\u0142oby si\u0119 do sprzeda\u017cy w du\u017cych ilo\u015bciach. Zdecydowali si\u0119 na ponowne wprowadzenie na rynek naszych 500-mililitrowych kwadratowych, t\u0142oczonych szklanych pojemnik\u00f3w do przechowywania miodu. Nowe s\u0142oiki radykalnie zmieni\u0142y rynek. Sprzeda\u017c ich internetowych zestaw\u00f3w upominkowych wzros\u0142a o 45% w pierwszym kwartale po ponownym wprowadzeniu na rynek. Klienci w swoich recenzjach szczeg\u00f3lnie wspominaj\u0105 o \u201epi\u0119knych, wysokiej jako\u015bci s\u0142oikach z miodem\u201d jako o swoim ulubionym produkcie. Wed\u0142ug w\u0142a\u015bciciela, unikalny t\u0142oczony wz\u00f3r sta\u0142 si\u0119 ich znakiem rozpoznawczym i jest najbardziej rozpoznawaln\u0105 cech\u0105 ich produkt\u00f3w. Efektem tych dzia\u0142a\u0144 by\u0142 \u0142a\u0144cuch czterech kolejnych powtarzaj\u0105cych si\u0119 zam\u00f3wie\u0144, a tak\u017ce rozszerzenie asortymentu o szklane s\u0142oiki na mi\u00f3d o pojemno\u015bci 750 ml z pokrywkami. Firma nawi\u0105za\u0142a r\u00f3wnie\u017c wsp\u00f3\u0142prac\u0119 hurtow\u0105, osi\u0105gaj\u0105c od tego czasu sta\u0142y poziom sprzeda\u017cy przekraczaj\u0105cy 500 000 sztuk rocznie.<\/p>\n<h2>Zalecenia dotycz\u0105ce personalizacji s\u0142oik\u00f3w szklanych<\/h2>\n<ul>\n<li><strong>Wyt\u0142oczone logo:<\/strong> Umie\u015b\u0107 swoje logo na szkle metod\u0105 grawerowania, aby wzmocni\u0107 efekt t\u0142oczenia i wizualnie zaprezentowa\u0107 mark\u0119 najwy\u017cszej jako\u015bci, wyczuwaln\u0105 w dotyku.<\/li>\n<li><strong>Panel dekoracyjny mro\u017cony:<\/strong> Matowe wyko\u0144czenie p\u0142askiej powierzchni kwadratowego s\u0142oika nie tylko pomaga w jego bezpiecznym trzymaniu, ale tak\u017ce sprawia, \u017ce \u200b\u200bdwukolorowy efekt jest bardziej stylowy i wyrafinowany.<\/li>\n<li><strong>Opcje szk\u0142a kolorowego:<\/strong> Mo\u017cesz na przyk\u0142ad wybra\u0107 szk\u0142o bursztynowe lub kobaltowe, je\u015bli chcesz uzyska\u0107 zupe\u0142nie inny wygl\u0105d, a jednocze\u015bnie chcesz, aby szk\u0142o blokowa\u0142o \u015bwiat\u0142o.<\/li>\n<li><strong>Tekstura powierzchni:<\/strong> Mo\u017cna stosowa\u0107 r\u00f3\u017cne t\u0142oczone tekstury na s\u0142oikach o r\u00f3\u017cnych rozmiarach, co pozwala na uzyskanie sp\u00f3jnej i odr\u0119bnej linii produkt\u00f3w.<\/li>\n<\/ul>","protected":false},"excerpt":{"rendered":"<p>Przezroczyste szklane s\u0142oiki na mi\u00f3d z pokrywkami z wyt\u0142oczonymi wzorami i bezpiecznymi metalowymi nakr\u0119tkami. Praktyczny pojemnik do przechowywania miodu, idealny do pakowania detalicznego. Szybka wysy\u0142ka.<\/p>","protected":false},"featured_media":22823,"template":"","meta":[],"product_brand":[],"product_cat":[122,124,127],"product_tag":[],"class_list":{"0":"post-22818","1":"product","2":"type-product","3":"status-publish","4":"has-post-thumbnail","6":"product_cat-custom-glass-packaging","7":"product_cat-custom-glass-jars","8":"product_cat-glass-honey-jars","10":"first","11":"instock","12":"shipping-taxable","13":"product-type-simple"},"jetpack_sharing_enabled":true,"_links":{"self":[{"href":"https:\/\/yebodaglass.com\/pl\/wp-json\/wp\/v2\/product\/22818","targetHints":{"allow":["GET"]}}],"collection":[{"href":"https:\/\/yebodaglass.com\/pl\/wp-json\/wp\/v2\/product"}],"about":[{"href":"https:\/\/yebodaglass.com\/pl\/wp-json\/wp\/v2\/types\/product"}],"version-history":[{"count":5,"href":"https:\/\/yebodaglass.com\/pl\/wp-json\/wp\/v2\/product\/22818\/revisions"}],"predecessor-version":[{"id":25454,"href":"https:\/\/yebodaglass.com\/pl\/wp-json\/wp\/v2\/product\/22818\/revisions\/25454"}],"wp:featuredmedia":[{"embeddable":true,"href":"https:\/\/yebodaglass.com\/pl\/wp-json\/wp\/v2\/media\/22823"}],"wp:attachment":[{"href":"https:\/\/yebodaglass.com\/pl\/wp-json\/wp\/v2\/media?parent=22818"}],"wp:term":[{"taxonomy":"product_brand","embeddable":true,"href":"https:\/\/yebodaglass.com\/pl\/wp-json\/wp\/v2\/product_brand?post=22818"},{"taxonomy":"product_cat","embeddable":true,"href":"https:\/\/yebodaglass.com\/pl\/wp-json\/wp\/v2\/product_cat?post=22818"},{"taxonomy":"product_tag","embeddable":true,"href":"https:\/\/yebodaglass.com\/pl\/wp-json\/wp\/v2\/product_tag?post=22818"}],"curies":[{"name":"wp","href":"https:\/\/api.w.org\/{rel}","templated":true}]}}