{"id":22807,"date":"2025-10-28T13:24:01","date_gmt":"2025-10-28T05:24:01","guid":{"rendered":"https:\/\/yebodaglass.com\/?post_type=product&#038;p=22807"},"modified":"2025-10-28T17:47:21","modified_gmt":"2025-10-28T09:47:21","slug":"wholesale-transparent-little-jam-jars-for-canning","status":"publish","type":"product","link":"https:\/\/yebodaglass.com\/pl\/wholesale-transparent-little-jam-jars-for-canning\/","title":{"rendered":"Hurtowa sprzeda\u017c przezroczystych s\u0142oik\u00f3w na d\u017cem do przetwor\u00f3w 20 ml, 35 ml, 60 ml, 75 ml"},"content":{"rendered":"<p>Te niewielkie s\u0142oiczki do przetwor\u00f3w sk\u0142adaj\u0105 si\u0119 z przezroczystego, cylindrycznego szk\u0142a oraz modnej z\u0142otej zakr\u0119tki, dost\u0119pnej w wielu rozmiarach, co nie tylko podkre\u015bla bogaty, z\u0142oty po\u0142ysk miodu, ale tak\u017ce reprezentuje minimalistyczny, a zarazem luksusowy design.<\/p>\n<h2>Cechy produktu<\/h2>\n<ul>\n<li><strong>Krystalicznie czyste:<\/strong> Jako\u015b\u0107 i kolor produktu s\u0105 bardzo dobrze podkre\u015blone przez krystalicznie czyste szk\u0142o, co sprawia doskona\u0142e pierwsze wra\u017cenie.<\/li>\n<li><strong>Bezpieczna, uszczelniona ochrona:<\/strong> Najbli\u017csza zakr\u0119tka od\u015bwie\u017ca zawarto\u015b\u0107 i zapobiega jej wyciekaniu podczas transportu i przechowywania, co jest bardzo wa\u017cne dla produkt\u00f3w pszczelich.<\/li>\n<li><strong>Mo\u017cliwo\u015b\u0107 uk\u0142adania w stosy:<\/strong> Standardowy cylindryczny kszta\u0142t tych szklanych s\u0142oik\u00f3w pozwala na uk\u0142adanie ich w stosy bez \u017cadnych problem\u00f3w, oszcz\u0119dzaj\u0105c w ten spos\u00f3b miejsce zar\u00f3wno w magazynach, jak i podczas transportu.<\/li>\n<\/ul>\n<h2 style=\"text-align: left;\">Kluczowe specyfikacje<\/h2>\n<table class=\"aligncenter\" style=\"border-collapse: collapse; width: 414.77pt;\" border=\"0\" width=\"553\" cellspacing=\"0\" cellpadding=\"0\">\n<tbody>\n<tr style=\"height: 13.50pt;\">\n<td style=\"height: 13.50pt; width: 96.75pt;\" width=\"129\" height=\"18\">Funkcja<\/td>\n<td style=\"width: 318.00pt;\" width=\"424\">Specyfikacja<\/td>\n<\/tr>\n<tr style=\"height: 13.50pt;\">\n<td style=\"height: 13.50pt;\" height=\"18\">Pojemno\u015b\u0107<\/td>\n<td>20 ml, 35 ml, 60 ml, 75 ml<\/td>\n<\/tr>\n<tr style=\"height: 13.50pt;\">\n<td style=\"height: 13.50pt;\" height=\"18\">Kszta\u0142t<\/td>\n<td>Cylindryczny z zaokr\u0105glonymi ramionami<\/td>\n<\/tr>\n<tr style=\"height: 13.50pt;\">\n<td style=\"height: 13.50pt;\" height=\"18\">Wymiary<\/td>\n<td>4,3\u00d74,2 cm do 5\u00d76,4 cm<\/td>\n<\/tr>\n<tr style=\"height: 13.50pt;\">\n<td style=\"height: 13.50pt;\" height=\"18\">Tworzywo<\/td>\n<td>Przezroczyste szk\u0142o, metalowa zakr\u0119tka<\/td>\n<\/tr>\n<tr style=\"height: 13.50pt;\">\n<td style=\"height: 13.50pt;\" height=\"18\">Opcje pokrywy<\/td>\n<td>Z\u0142oty, srebrny, czerwony, r\u00f3\u017cowy (dost\u0119pne kolory niestandardowe)<\/td>\n<\/tr>\n<tr style=\"height: 13.50pt;\">\n<td style=\"height: 13.50pt;\" height=\"18\">Najlepsze dla<\/td>\n<td>Mi\u00f3d, mini przetwory, zestawy pr\u00f3bek<\/td>\n<\/tr>\n<tr style=\"height: 13.50pt;\">\n<td style=\"height: 13.50pt;\" height=\"18\">Idealne zastosowanie<\/td>\n<td>Ma\u0142e s\u0142oiki na d\u017cem, s\u0142oiki na d\u017cem, hurtowe s\u0142oiki na mi\u00f3d<\/td>\n<\/tr>\n<\/tbody>\n<\/table>\n<h2>Historia sukcesu: Jak s\u0142oiki z miodem premium pomog\u0142y rozwin\u0105\u0107 mark\u0119<\/h2>\n<p>Marka miodu, kt\u00f3ra rozwin\u0119\u0142a swoj\u0105 dzia\u0142alno\u015b\u0107 w regionie, boryka\u0142a si\u0119 z problemem stosowania zr\u00f3\u017cnicowanych s\u0142oik\u00f3w od r\u00f3\u017cnych dostawc\u00f3w na linii rozlewniczej. Opr\u00f3cz problem\u00f3w, jakie to stwarza\u0142o, doprowadzi\u0142o to do pogorszenia wizerunku marki. Firma zdecydowa\u0142a si\u0119 na zakup od nas 60-mililitrowych, okr\u0105g\u0142ych, szklanych s\u0142oik\u00f3w na mi\u00f3d do swojego flagowego produktu. Sp\u00f3jne s\u0142oiki na mi\u00f3d niemal natychmiast zwi\u0119kszy\u0142y pr\u0119dko\u015b\u0107 linii rozlewniczej o 15%, co znacznie poprawi\u0142o jej wydajno\u015b\u0107.<\/p>\n<p>Jednak to opinie klient\u00f3w okaza\u0142y si\u0119 prawdziw\u0105 nagrod\u0105. Sprzeda\u017c ich pude\u0142ek subskrypcyjnych wzros\u0142a o 25% w ci\u0105gu sze\u015bciu miesi\u0119cy, a subskrybenci wskazali szczeg\u00f3lnie na \u201eprofesjonalny, wysokiej jako\u015bci wygl\u0105d\u201d nowego opakowania jako pow\u00f3d subskrypcji. Te pozytywne opinie zaowocowa\u0142y trzema kolejnymi zam\u00f3wieniami. Obecnie daj\u0105 dobry przyk\u0142ad, u\u017cywaj\u0105c naszych pojemnik\u00f3w do wszystkich swoich s\u0142oik\u00f3w i butelek na mi\u00f3d. Zam\u00f3wienia hurtowe przekraczaj\u0105ce 200 000 sztuk kwartalnie sta\u0142y si\u0119 dla nich now\u0105 norm\u0105.<\/p>\n<h2>Rekomendacje dotycz\u0105ce niestandardowych s\u0142oik\u00f3w szklanych<\/h2>\n<ul>\n<li><strong>Kolor czapki firmowej:<\/strong> Co powiesz na wyb\u00f3r koloru nasadki pasuj\u0105cego do Twojej marki? - Z\u0142oty b\u0119dzie doskona\u0142ym wyborem, je\u015bli zale\u017cy Ci na ekskluzywnym wygl\u0105dzie.<\/li>\n<li><strong>Szk\u0142o\u200b\u200d\u200b\u200c\u200d\u200b\u200d\u200c\u200b\u200d\u200b\u200c\u200d\u200b\u200d\u200c Sitodruk:<\/strong> Uczy\u0144 sw\u00f3j podpis szklanym elementem, drukuj\u0105c go w spos\u00f3b trwa\u0142y i rozpoznawalny dla marki.<\/li>\n<li><strong>Dekoracja ze szk\u0142a matowego:<\/strong> Aby uzyska\u0107 elegancki wygl\u0105d, wygodne trzymanie i modny, fasetowany produkt, mo\u017cesz ozdobi\u0107 s\u0142oik matowym paskiem lub wzorem.<\/li>\n<li><strong>Opcje szk\u0142a kolorowego:<\/strong> Dlaczego nie u\u017cy\u0107 jasnobursztynowego lub niebieskiego szk\u0142a w przypadku produkt\u00f3w, kt\u00f3re musz\u0105 by\u0107 chronione przed \u015bwiat\u0142em?<\/li>\n<\/ul>","protected":false},"excerpt":{"rendered":"<p>Eleganckie, ma\u0142e s\u0142oiki do przetwor\u00f3w z zakr\u0119tkami w kolorze z\u0142otym. Trwa\u0142e, dopuszczone do kontaktu z \u017cywno\u015bci\u0105, idealne do miodu i d\u017cemu. Szybka wysy\u0142ka, dost\u0119pne darmowe pr\u00f3bki.<\/p>","protected":false},"featured_media":22812,"template":"","meta":[],"product_brand":[],"product_cat":[122,124,127],"product_tag":[],"class_list":{"0":"post-22807","1":"product","2":"type-product","3":"status-publish","4":"has-post-thumbnail","6":"product_cat-custom-glass-packaging","7":"product_cat-custom-glass-jars","8":"product_cat-glass-honey-jars","10":"first","11":"instock","12":"shipping-taxable","13":"product-type-simple"},"jetpack_sharing_enabled":true,"_links":{"self":[{"href":"https:\/\/yebodaglass.com\/pl\/wp-json\/wp\/v2\/product\/22807","targetHints":{"allow":["GET"]}}],"collection":[{"href":"https:\/\/yebodaglass.com\/pl\/wp-json\/wp\/v2\/product"}],"about":[{"href":"https:\/\/yebodaglass.com\/pl\/wp-json\/wp\/v2\/types\/product"}],"version-history":[{"count":5,"href":"https:\/\/yebodaglass.com\/pl\/wp-json\/wp\/v2\/product\/22807\/revisions"}],"predecessor-version":[{"id":22853,"href":"https:\/\/yebodaglass.com\/pl\/wp-json\/wp\/v2\/product\/22807\/revisions\/22853"}],"wp:featuredmedia":[{"embeddable":true,"href":"https:\/\/yebodaglass.com\/pl\/wp-json\/wp\/v2\/media\/22812"}],"wp:attachment":[{"href":"https:\/\/yebodaglass.com\/pl\/wp-json\/wp\/v2\/media?parent=22807"}],"wp:term":[{"taxonomy":"product_brand","embeddable":true,"href":"https:\/\/yebodaglass.com\/pl\/wp-json\/wp\/v2\/product_brand?post=22807"},{"taxonomy":"product_cat","embeddable":true,"href":"https:\/\/yebodaglass.com\/pl\/wp-json\/wp\/v2\/product_cat?post=22807"},{"taxonomy":"product_tag","embeddable":true,"href":"https:\/\/yebodaglass.com\/pl\/wp-json\/wp\/v2\/product_tag?post=22807"}],"curies":[{"name":"wp","href":"https:\/\/api.w.org\/{rel}","templated":true}]}}