{"id":22798,"date":"2025-10-28T10:15:09","date_gmt":"2025-10-28T02:15:09","guid":{"rendered":"https:\/\/yebodaglass.com\/?post_type=product&#038;p=22798"},"modified":"2025-10-28T13:38:10","modified_gmt":"2025-10-28T05:38:10","slug":"wholesale-small-glass-jam-jars-with-flame-texture-design-50ml-75ml-100ml","status":"publish","type":"product","link":"https:\/\/yebodaglass.com\/pl\/wholesale-small-glass-jam-jars-with-flame-texture-design-50ml-75ml-100ml\/","title":{"rendered":"Hurtowa sprzeda\u017c ma\u0142ych szklanych s\u0142oik\u00f3w na d\u017cem z wzorem p\u0142omienia 50 ml 75 ml 100 ml"},"content":{"rendered":"<p>Przezroczyste, zdobione p\u0142omieniem szk\u0142o z podwini\u0119t\u0105 tafl\u0105 sprawia, \u017ce \u200b\u200bte ma\u0142e szklane s\u0142oiki na d\u017cem zachwycaj\u0105 swoim wygl\u0105dem. Dost\u0119pne w czerwonych i z\u0142otych nakr\u0119tkach oraz w r\u00f3\u017cnych rozmiarach, nie tylko oddaj\u0105 czysto\u015b\u0107, ale tak\u017ce podkre\u015blaj\u0105 walory wizualne z\u0142ocistego, spienionego miodu dzi\u0119ki swojemu artystycznemu i wyrafinowanemu wzornictwu.<\/p>\n<h2>Cechy produktu<\/h2>\n<ul>\n<li><strong>Szk\u0142o przezroczyste:<\/strong> Niech kolor i jako\u015b\u0107 Twojego miodu b\u0119d\u0105 widoczne, dzi\u0119ki wykorzystaniu wysokiej jako\u015bci szklanych s\u0142oik\u00f3w, kt\u00f3re s\u0105 odporne na matowienie przez d\u0142ugi czas.<\/li>\n<li><strong>Stylizowana, sto\u017ckowata butelka z wzorem ognia:<\/strong> Butelka zaprojektowana zosta\u0142a z ognistym motywem i \u0142\u0105cz\u0105c\u0105 si\u0119 tali\u0105, co podkre\u015bla wyj\u0105tkowo\u015b\u0107 i kreatywno\u015b\u0107 \u2013 nie tylko produkt pozostaje w pami\u0119ci na d\u0142ugo, ale ma r\u00f3wnie\u017c walory estetyczne.<\/li>\n<li><strong>Mo\u017cliwych jest kilka specyfikacji:<\/strong> Butelki te s\u0105 produkowane w r\u00f3\u017cnych rozmiarach w zale\u017cno\u015bci od ich zastosowania: od napoj\u00f3w codziennego u\u017cytku w gospodarstwach domowych po opakowania na prezenty.<\/li>\n<\/ul>\n<h2 style=\"text-align: left;\">Kluczowe specyfikacje<\/h2>\n<table class=\"aligncenter\" style=\"border-collapse: collapse; width: 383.27pt;\" border=\"0\" width=\"511\" cellspacing=\"0\" cellpadding=\"0\">\n<tbody>\n<tr style=\"height: 13.50pt;\">\n<td style=\"height: 13.50pt; width: 85.50pt;\" width=\"114\" height=\"18\">Funkcja<\/td>\n<td style=\"width: 297.75pt;\" width=\"397\">Specyfikacja<\/td>\n<\/tr>\n<tr style=\"height: 13.50pt;\">\n<td style=\"height: 13.50pt;\" height=\"18\">Pojemno\u015b\u0107<\/td>\n<td>50 ml, 75 ml, 100 ml<\/td>\n<\/tr>\n<tr style=\"height: 13.50pt;\">\n<td style=\"height: 13.50pt;\" height=\"18\">Wymiary<\/td>\n<td>4,9\u00d76,8 cm do 6,2\u00d78,6 cm<\/td>\n<\/tr>\n<tr style=\"height: 13.50pt;\">\n<td style=\"height: 13.50pt;\" height=\"18\">Tworzywo<\/td>\n<td>Przezroczyste szk\u0142o, metalowa zakr\u0119tka<\/td>\n<\/tr>\n<tr style=\"height: 13.50pt;\">\n<td style=\"height: 13.50pt;\" height=\"18\">Opcje pokrywy<\/td>\n<td>Czerwony, z\u0142oty, czarny, srebrny (dost\u0119pne na zam\u00f3wienie)<\/td>\n<\/tr>\n<tr style=\"height: 13.50pt;\">\n<td style=\"height: 13.50pt;\" height=\"18\">Najlepsze dla<\/td>\n<td>Mi\u00f3d, mini przetwory, zestawy prezentowe<\/td>\n<\/tr>\n<tr style=\"height: 13.50pt;\">\n<td style=\"height: 13.50pt;\" height=\"18\">Idealne zastosowanie<\/td>\n<td>Ma\u0142e szklane s\u0142oiki na d\u017cem, s\u0142oiki do przetwor\u00f3w d\u017cemowych<\/td>\n<\/tr>\n<\/tbody>\n<\/table>\n<h2>Historia sukcesu: Bran\u017ca pszczelarska staje si\u0119 silniejsza<\/h2>\n<p>Rodzinna firma pszczelarska produkuj\u0105ca mi\u00f3d surowy jednorodny u\u017cywa\u0142a zwyk\u0142ych s\u0142oik\u00f3w na d\u017cem. Ich opakowania by\u0142y w porz\u0105dku, ale nie odzwierciedla\u0142y jako\u015bci produktu, kt\u00f3ry sprzedawali. To by\u0142a wielka zmiana, kiedy zdecydowali si\u0119 zaprzesta\u0107 u\u017cywania swoich standardowych s\u0142oik\u00f3w i zacz\u0119li u\u017cywa\u0107 naszych ma\u0142ych s\u0142oiczk\u00f3w na d\u017cem 100 ml z nadrukiem i pokrywkami. Zwi\u0119kszyli sprzeda\u017c w e-commerce o 30% w ci\u0105gu 6 miesi\u0119cy, a jednym z czynnik\u00f3w, kt\u00f3re przyczyni\u0142y si\u0119 do tego sukcesu, s\u0105 opinie klient\u00f3w, w kt\u00f3rych stwierdzaj\u0105, \u017ce s\u0142oiki maj\u0105 \u201epi\u0119kny i wysokiej jako\u015bci wygl\u0105d\u201d. Powt\u00f3rne zakupy wzros\u0142y r\u00f3wnie\u017c o 60%. W zwi\u0105zku z tym niewielki wzrost ceny mo\u017ce nie tylko zwi\u0119kszy\u0107 zysk jednostkowy, ale tak\u017ce upi\u0119kszy\u0107 do\u015bwiadczenie rozpakowywania. Co wi\u0119cej, klient z\u0142o\u017cy\u0142 ju\u017c trzy zam\u00f3wienia uzupe\u0142niaj\u0105ce po 100 000 sztuk, co sk\u0142oni\u0142o go do stopniowego przekszta\u0142cenia pocz\u0105tkowego zam\u00f3wienia hurtowego w stabiln\u0105, kwartaln\u0105 wsp\u00f3\u0142prac\u0119 hurtow\u0105 w zakresie najpopularniejszych rozmiar\u00f3w s\u0142oik\u00f3w miodu.<\/p>\n<h2>Porady dotycz\u0105ce personalizacji ma\u0142ych szklanych s\u0142oik\u00f3w na d\u017cem<\/h2>\n<ul>\n<li><strong>Sitodruk:<\/strong> Jednym z najlepszych, je\u015bli nie najlepszym, sposobem nadrukowania logo lub grafiki jest sitodruk. Warto rozwa\u017cy\u0107 jego wykonanie na wewn\u0119trznej stronie szk\u0142a w kolorze miodowym, aby uzyska\u0107 luksusowy i trwa\u0142y wygl\u0105d.<\/li>\n<li><strong>Szk\u0142o kolorowe:<\/strong> Aby zupe\u0142nie odmieni\u0107 to do\u015bwiadczenie, dlaczego nie wykorzysta\u0107 szklanych s\u0142oik\u00f3w w kolorze bursztynowym lub zielonym do przechowywania miodu? \u200b\u200bDzi\u0119ki temu b\u0119d\u0105 one chronione przed \u015bwiat\u0142em.<\/li>\n<li><strong>Niestandardowe kolory pokrywy:<\/strong> Je\u015bli Twoja marka ma okre\u015blon\u0105 to\u017csamo\u015b\u0107 kolorystyczn\u0105 (np. z\u0142oty, czerwony lub czarny), dlaczego nie zdecydowa\u0107 si\u0119 na jeden z tych kolor\u00f3w z oferowanej palety?<\/li>\n<\/ul>","protected":false},"excerpt":{"rendered":"<p>Eleganckie, ma\u0142e szklane s\u0142oiki na d\u017cem z p\u0142omienistym wzorem i metalowymi zakr\u0119tkami. Idealne do pakowania d\u017cemu lub miodu. Dostawa bezpo\u015brednio z fabryki, szybka dostawa, darmowe pr\u00f3bki.<\/p>","protected":false},"featured_media":22801,"template":"","meta":[],"product_brand":[],"product_cat":[122,124,127],"product_tag":[],"class_list":{"0":"post-22798","1":"product","2":"type-product","3":"status-publish","4":"has-post-thumbnail","6":"product_cat-custom-glass-packaging","7":"product_cat-custom-glass-jars","8":"product_cat-glass-honey-jars","10":"first","11":"instock","12":"shipping-taxable","13":"product-type-simple"},"jetpack_sharing_enabled":true,"_links":{"self":[{"href":"https:\/\/yebodaglass.com\/pl\/wp-json\/wp\/v2\/product\/22798","targetHints":{"allow":["GET"]}}],"collection":[{"href":"https:\/\/yebodaglass.com\/pl\/wp-json\/wp\/v2\/product"}],"about":[{"href":"https:\/\/yebodaglass.com\/pl\/wp-json\/wp\/v2\/types\/product"}],"version-history":[{"count":5,"href":"https:\/\/yebodaglass.com\/pl\/wp-json\/wp\/v2\/product\/22798\/revisions"}],"predecessor-version":[{"id":22809,"href":"https:\/\/yebodaglass.com\/pl\/wp-json\/wp\/v2\/product\/22798\/revisions\/22809"}],"wp:featuredmedia":[{"embeddable":true,"href":"https:\/\/yebodaglass.com\/pl\/wp-json\/wp\/v2\/media\/22801"}],"wp:attachment":[{"href":"https:\/\/yebodaglass.com\/pl\/wp-json\/wp\/v2\/media?parent=22798"}],"wp:term":[{"taxonomy":"product_brand","embeddable":true,"href":"https:\/\/yebodaglass.com\/pl\/wp-json\/wp\/v2\/product_brand?post=22798"},{"taxonomy":"product_cat","embeddable":true,"href":"https:\/\/yebodaglass.com\/pl\/wp-json\/wp\/v2\/product_cat?post=22798"},{"taxonomy":"product_tag","embeddable":true,"href":"https:\/\/yebodaglass.com\/pl\/wp-json\/wp\/v2\/product_tag?post=22798"}],"curies":[{"name":"wp","href":"https:\/\/api.w.org\/{rel}","templated":true}]}}