{"id":22757,"date":"2025-10-27T15:59:54","date_gmt":"2025-10-27T07:59:54","guid":{"rendered":"https:\/\/yebodaglass.com\/?post_type=product&#038;p=22757"},"modified":"2026-04-14T09:35:09","modified_gmt":"2026-04-14T01:35:09","slug":"bulk-empty-jam-pots-for-honey-or-fruit-spread","status":"publish","type":"product","link":"https:\/\/yebodaglass.com\/pl\/bulk-empty-jam-pots-for-honey-or-fruit-spread\/","title":{"rendered":"Puste s\u0142oiczki na d\u017cem miodowy lub owocowy 50 ml \u2013 380 ml"},"content":{"rendered":"<p>Te puste s\u0142oiki na d\u017cem maj\u0105 klasyczne \u017cebrowanie, s\u0105 wykonane z przezroczystego szk\u0142a i maj\u0105 \u0142adn\u0105, czerwono-bia\u0142\u0105 kratk\u0119. Dost\u0119pne s\u0105 w sze\u015bciu rozmiarach.<\/p>\n<h2>Cechy produktu<\/h2>\n<ul>\n<li><strong>Ta sama kratkowana pokrywka:<\/strong> Standardowa, czerwono-bia\u0142a, materia\u0142owa pokrywka w kratk\u0119 to bardzo \u0142adna, rustykalna i \u0142atwo rozpoznawalna ozdoba.<\/li>\n<li><strong>Pionowe \u015bci\u0105gacze:<\/strong> Dzi\u0119ki dodaniu pionowych \u017ceberek prosty s\u0142oik zyskuje kreatywny, teksturowany wz\u00f3r, co upi\u0119ksza wizualny wygl\u0105d produktu i czyni go bardziej rozpoznawalnym.<\/li>\n<li><strong>Dost\u0119pne r\u00f3\u017cne rozmiary:<\/strong> Oferujemy szeroki wyb\u00f3r rozmiar\u00f3w, dzi\u0119ki czemu mo\u017cesz wybra\u0107 s\u0142oik na mi\u00f3d najlepiej odpowiadaj\u0105cy Twoim potrzebom.<\/li>\n<\/ul>\n<h2 style=\"text-align: left;\">Kluczowe specyfikacje<\/h2>\n<table class=\"aligncenter\" style=\"border-collapse: collapse; width: 406.52pt;\" border=\"0\" width=\"542\" cellspacing=\"0\" cellpadding=\"0\">\n<tbody>\n<tr style=\"height: 13.50pt;\">\n<td style=\"height: 13.50pt; width: 90.00pt;\" width=\"120\" height=\"18\">Funkcja<\/td>\n<td style=\"width: 316.50pt;\" width=\"422\">Specyfikacja<\/td>\n<\/tr>\n<tr style=\"height: 13.50pt;\">\n<td style=\"height: 13.50pt;\" height=\"18\">Pojemno\u015b\u0107<\/td>\n<td>50 ml, 100 ml, 150 ml, 200 ml, 250 ml, 380 ml<\/td>\n<\/tr>\n<tr style=\"height: 13.50pt;\">\n<td style=\"height: 13.50pt;\" height=\"18\">Kszta\u0142t<\/td>\n<td>Cylindryczny<\/td>\n<\/tr>\n<tr style=\"height: 13.50pt;\">\n<td style=\"height: 13.50pt;\" height=\"18\">Wymiary<\/td>\n<td>od 3,95 \u00d7 5,3 cm do 8,7 \u00d7 11,3 cm<\/td>\n<\/tr>\n<tr style=\"height: 13.50pt;\">\n<td style=\"height: 13.50pt;\" height=\"18\">Typ szyi<\/td>\n<td>Szeroki otw\u00f3r (\u015brednica wewn\u0119trzna od 3,5 cm do 7 cm)<\/td>\n<\/tr>\n<tr style=\"height: 13.50pt;\">\n<td style=\"height: 13.50pt;\" height=\"18\">Tworzywo<\/td>\n<td>Przezroczyste szk\u0142o, uszczelniona materia\u0142em pokrywa<\/td>\n<\/tr>\n<tr style=\"height: 13.50pt;\">\n<td style=\"height: 13.50pt;\" height=\"18\">Opcje pokrywy<\/td>\n<td>W czerwono-bia\u0142\u0105 kratk\u0119, kolory jednolite (dost\u0119pne na zam\u00f3wienie)<\/td>\n<\/tr>\n<tr style=\"height: 13.50pt;\">\n<td style=\"height: 13.50pt;\" height=\"18\">Najlepsze dla<\/td>\n<td>Mi\u00f3d, d\u017cem, konfitury, zestawy prezentowe<\/td>\n<\/tr>\n<tr style=\"height: 13.50pt;\">\n<td style=\"height: 13.50pt;\" height=\"18\">Idealne zastosowanie<\/td>\n<td>S\u0142oiki na d\u017cem, hurtowa sprzeda\u017c pustych s\u0142oik\u00f3w na d\u017cem<\/td>\n<\/tr>\n<\/tbody>\n<\/table>\n<h2>Historia sukcesu<\/h2>\n<p>Jeden z brytyjskich producent\u00f3w d\u017cemu kupi\u0142 nasze puste s\u0142oiki po d\u017cemie i zam\u00f3wi\u0142 wyj\u0105tkowy s\u0142oik z bursztynowego szk\u0142a dopuszczonego do kontaktu z \u017cywno\u015bci\u0105. Dopasowany wygl\u0105d okaza\u0142 si\u0119 ogromnym sukcesem: te wyj\u0105tkowe s\u0142oiki sta\u0142y si\u0119 znakiem rozpoznawczym firmy, a badanie opinii klient\u00f3w wykaza\u0142o, \u017ce 85% konsument\u00f3w rozpozna\u0142o mark\u0119 wy\u0142\u0105cznie po samym s\u0142oiku. Bursztynowe szk\u0142o zapewnia\u0142o lekk\u0105 blokad\u0119 \u015bwiat\u0142a, co zdaniem producenta wyd\u0142u\u017cy\u0142o okres przydatno\u015bci do spo\u017cycia ich delikatnego d\u017cemu o 10%. Na podstawie tych osi\u0105gni\u0119\u0107, firma zam\u00f3wi\u0142a kolejne 45 000 s\u0142oik\u00f3w, przygotowuj\u0105c si\u0119 do uruchomienia nowego programu eksportowego na rynek ameryka\u0144ski i azjatycki.<\/p>\n<h2>Zalecenia dotycz\u0105ce personalizacji pustych s\u0142oik\u00f3w po d\u017cemie<\/h2>\n<ul>\n<li><strong>Wyt\u0142oczone logo na pokrywie:<\/strong> Elegancki, luksusowy detal mo\u017cna uzyska\u0107 poprzez umieszczenie pi\u0119knie wyt\u0142oczonego logo na szczycie pokrywy.<\/li>\n<li><strong>Kolor szk\u0142a:<\/strong> Wybierz szk\u0142o bursztynowe lub zielone, aby chroni\u0107 produkty wra\u017cliwe na \u015bwiat\u0142o i jednocze\u015bnie nada\u0107 p\u00f3\u0142ce ekskluzywny wygl\u0105d.<\/li>\n<li><strong>Pojemno\u015b\u0107 niestandardowa:<\/strong> Skontaktuj si\u0119 z nami, aby dostosowa\u0107 pojemno\u015b\u0107 do potrzeb Twojej firmy, bior\u0105c pod uwag\u0119 wag\u0119 lub cen\u0119 Twoich produkt\u00f3w.<\/li>\n<\/ul>","protected":false},"excerpt":{"rendered":"<p>Stare, puste szklane s\u0142oiczki po d\u017cemie w pionowe paski. Idealne do miodu, d\u017cemu lub pakowania prezent\u00f3w. Skorzystaj z rabat\u00f3w hurtowych, szybkiej dostawy i darmowych pr\u00f3bek.<\/p>","protected":false},"featured_media":25456,"template":"","meta":[],"product_brand":[],"product_cat":[127,124,122],"product_tag":[],"class_list":{"0":"post-22757","1":"product","2":"type-product","3":"status-publish","4":"has-post-thumbnail","6":"product_cat-glass-honey-jars","7":"product_cat-custom-glass-jars","8":"product_cat-custom-glass-packaging","10":"first","11":"instock","12":"shipping-taxable","13":"product-type-simple"},"jetpack_sharing_enabled":true,"_links":{"self":[{"href":"https:\/\/yebodaglass.com\/pl\/wp-json\/wp\/v2\/product\/22757","targetHints":{"allow":["GET"]}}],"collection":[{"href":"https:\/\/yebodaglass.com\/pl\/wp-json\/wp\/v2\/product"}],"about":[{"href":"https:\/\/yebodaglass.com\/pl\/wp-json\/wp\/v2\/types\/product"}],"version-history":[{"count":5,"href":"https:\/\/yebodaglass.com\/pl\/wp-json\/wp\/v2\/product\/22757\/revisions"}],"predecessor-version":[{"id":25771,"href":"https:\/\/yebodaglass.com\/pl\/wp-json\/wp\/v2\/product\/22757\/revisions\/25771"}],"wp:featuredmedia":[{"embeddable":true,"href":"https:\/\/yebodaglass.com\/pl\/wp-json\/wp\/v2\/media\/25456"}],"wp:attachment":[{"href":"https:\/\/yebodaglass.com\/pl\/wp-json\/wp\/v2\/media?parent=22757"}],"wp:term":[{"taxonomy":"product_brand","embeddable":true,"href":"https:\/\/yebodaglass.com\/pl\/wp-json\/wp\/v2\/product_brand?post=22757"},{"taxonomy":"product_cat","embeddable":true,"href":"https:\/\/yebodaglass.com\/pl\/wp-json\/wp\/v2\/product_cat?post=22757"},{"taxonomy":"product_tag","embeddable":true,"href":"https:\/\/yebodaglass.com\/pl\/wp-json\/wp\/v2\/product_tag?post=22757"}],"curies":[{"name":"wp","href":"https:\/\/api.w.org\/{rel}","templated":true}]}}