{"id":22744,"date":"2025-10-27T13:12:16","date_gmt":"2025-10-27T05:12:16","guid":{"rendered":"https:\/\/yebodaglass.com\/?post_type=product&#038;p=22744"},"modified":"2026-04-10T13:30:20","modified_gmt":"2026-04-10T05:30:20","slug":"wholesale-unique-honeycomb-glass-jars-for-honey-storage","status":"publish","type":"product","link":"https:\/\/yebodaglass.com\/pl\/wholesale-unique-honeycomb-glass-jars-for-honey-storage\/","title":{"rendered":"Hurtowa sprzeda\u017c wyj\u0105tkowych szklanych s\u0142oik\u00f3w o strukturze plastra miodu do przechowywania miodu 175 ml, 380 ml i 750 ml"},"content":{"rendered":"<p>To owalny szklany s\u0142oik o strukturze plastra miodu z poziomymi, falistymi wzorami przypominaj\u0105cymi plaster miodu. Wykonany z krystalicznie czystego szk\u0142a, idealnie eksponuje mi\u00f3d lub d\u017cem.<\/p>\n<h2>Cechy produktu<\/h2>\n<ul>\n<li><strong>Tekstura poziomego plastra miodu:\u200b<\/strong> S\u0142oik ma g\u0142\u0119bokie, poziome rowki, kt\u00f3re tworz\u0105 wz\u00f3r plastra miodu. Jest to rozwi\u0105zanie zar\u00f3wno estetyczne, jak i praktyczne.<\/li>\n<li><strong>Opcje \u017cywych metalowych nasadek:\u200b<\/strong> Wybierz klasyczn\u0105 czarn\u0105 lub wyr\u00f3\u017cniaj\u0105c\u0105 si\u0119 czerwon\u0105 metalow\u0105 zakr\u0119tk\u0119, aby podkre\u015bli\u0107 wizerunek swojej marki na p\u00f3\u0142ce.<\/li>\n<li><strong>Trzy rozmiary dekoracyjne:\u200b<\/strong> Dzi\u0119ki ma\u0142ym, \u015brednim i du\u017cym s\u0142oikom firma mo\u017ce dostarcza\u0107 produkty w r\u00f3\u017cnych rozmiarach, od prezent\u00f3w pr\u00f3bnych po porcje rodzinne.<\/li>\n<\/ul>\n<h2 style=\"text-align: left;\">Kluczowe specyfikacje<\/h2>\n<table class=\"aligncenter\" style=\"border-collapse: collapse; width: 453.02pt;\" border=\"0\" width=\"604\" cellspacing=\"0\" cellpadding=\"0\">\n<tbody>\n<tr style=\"height: 13.50pt;\">\n<td style=\"height: 13.50pt; width: 92.25pt;\" width=\"123\" height=\"18\">Funkcja<\/td>\n<td style=\"width: 360.75pt;\" width=\"481\">Specyfikacja<\/td>\n<\/tr>\n<tr style=\"height: 13.50pt;\">\n<td style=\"height: 13.50pt;\" height=\"18\">Pojemno\u015b\u0107<\/td>\n<td>175 ml, 380 ml, 750 ml<\/td>\n<\/tr>\n<tr style=\"height: 13.50pt;\">\n<td style=\"height: 13.50pt;\" height=\"18\">Wymiary<\/td>\n<td>6,4\u00d79,5 cm do 10,2\u00d714,6 cm<\/td>\n<\/tr>\n<tr style=\"height: 13.50pt;\">\n<td style=\"height: 13.50pt;\" height=\"18\">Typ szyi<\/td>\n<td>Szeroki otw\u00f3r (42 mm do 58 mm)<\/td>\n<\/tr>\n<tr style=\"height: 13.50pt;\">\n<td style=\"height: 13.50pt;\" height=\"18\">Tworzywo<\/td>\n<td>Szk\u0142o przezroczyste, zakr\u0119tka z PP<\/td>\n<\/tr>\n<tr style=\"height: 13.50pt;\">\n<td style=\"height: 13.50pt;\" height=\"18\">Opcje pokrywy<\/td>\n<td>Czarny, czerwony (dost\u0119pne kolory niestandardowe)<\/td>\n<\/tr>\n<tr style=\"height: 13.50pt;\">\n<td style=\"height: 13.50pt;\" height=\"18\">Najlepsze dla<\/td>\n<td>Mi\u00f3d, d\u017cem, zestawy prezentowe, linie delikatesowe<\/td>\n<\/tr>\n<tr style=\"height: 13.50pt;\">\n<td style=\"height: 13.50pt;\" height=\"18\">Idealne zastosowanie<\/td>\n<td>S\u0142oik na mi\u00f3d w kszta\u0142cie plastra miodu, wyj\u0105tkowe s\u0142oiki na mi\u00f3d, zbiorcze pojemniki na mi\u00f3d<\/td>\n<\/tr>\n<\/tbody>\n<\/table>\n<h2>Historia sukcesu: Wprowadzenie na rynek rzemie\u015blniczej marki miodu na \u015arodkowym Zachodzie<\/h2>\n<p>Rzemie\u015blnicza marka miodu z regionu \u015arodkowego Zachodu wybra\u0142a nasze wyj\u0105tkowe s\u0142oiki na mi\u00f3d, poniewa\u017c chcia\u0142a stworzy\u0107 spersonalizowane opakowania dzi\u0119ki matowym, czarnym, metalowym wieczkom, na kt\u00f3rych nadrukowa\u0142a logo pszczo\u0142y metod\u0105 sitodruku. Natychmiastowy sukces marki z tymi s\u0142oikami prze\u0142o\u017cy\u0142 si\u0119 na 250% wzrost zaanga\u017cowania w mediach spo\u0142eczno\u015bciowych i 40% wzrost przychod\u00f3w ze sprzeda\u017cy w sklepach stacjonarnych w pierwszym kwartale. Ogromny sukces marki doprowadzi\u0142 do kolejnego zam\u00f3wienia na 380 000 s\u0142oik\u00f3w, kt\u00f3re mia\u0142y by\u0107 cz\u0119\u015bci\u0105 nowej kolekcji smakowych zestaw\u00f3w prezentowych z kremowym miodem i miodem.<\/p>\n<h2>Zalecenia dotycz\u0105ce personalizacji opakowa\u0144 szklanych<\/h2>\n<ul>\n<li><strong>Materia\u0142 pokrywy:<\/strong> Mo\u017cna uzyska\u0107 r\u00f3\u017cnorodne faktury, wybieraj\u0105c b\u0142yszcz\u0105ce, matowe lub nawet imituj\u0105ce drewno pokrywki z tworzywa sztucznego.<\/li>\n<li><strong>Przejrzysto\u015b\u0107 szk\u0142a:<\/strong> Zazwyczaj u\u017cywa si\u0119 szk\u0142a przezroczystego, ale oferujemy r\u00f3wnie\u017c delikatne odcienie, np. bursztynowe lub zielone, kt\u00f3re nadadz\u0105 wn\u0119trzu niepowtarzalny wygl\u0105d.<\/li>\n<li><strong>Wype\u0142nienie kolorem:<\/strong> Je\u015bli zale\u017cy Ci na bardziej atrakcyjnym efekcie, mo\u017cemy go uzyska\u0107, wype\u0142niaj\u0105c zag\u0142\u0119bienia w strukturze plastra miodu trwa\u0142\u0105, kolorow\u0105 emali\u0105.<\/li>\n<li><strong>Pojemno\u015b\u0107 niestandardowa:<\/strong> A co, je\u015bli potrzebujesz rozmiaru, kt\u00f3rego nie ma na li\u015bcie? Mo\u017cemy dostosowa\u0107 pojemno\u015b\u0107 do Twojego konkretnego produktu.<\/li>\n<\/ul>","protected":false},"excerpt":{"rendered":"<p>Stylowy szklany s\u0142oik o strukturze plastra miodu, z \u017cebrowan\u0105 faktur\u0105 i wysok\u0105 przejrzysto\u015bci\u0105. Wyj\u0105tkowe s\u0142oiki na mi\u00f3d, idealne do przechowywania miodu, syropu lub d\u017cemu. Dost\u0119pne bezp\u0142atne pr\u00f3bki.<\/p>","protected":false},"featured_media":22746,"template":"","meta":[],"product_brand":[],"product_cat":[127,124,122],"product_tag":[],"class_list":{"0":"post-22744","1":"product","2":"type-product","3":"status-publish","4":"has-post-thumbnail","6":"product_cat-glass-honey-jars","7":"product_cat-custom-glass-jars","8":"product_cat-custom-glass-packaging","10":"first","11":"instock","12":"shipping-taxable","13":"product-type-simple"},"jetpack_sharing_enabled":true,"_links":{"self":[{"href":"https:\/\/yebodaglass.com\/pl\/wp-json\/wp\/v2\/product\/22744","targetHints":{"allow":["GET"]}}],"collection":[{"href":"https:\/\/yebodaglass.com\/pl\/wp-json\/wp\/v2\/product"}],"about":[{"href":"https:\/\/yebodaglass.com\/pl\/wp-json\/wp\/v2\/types\/product"}],"version-history":[{"count":5,"href":"https:\/\/yebodaglass.com\/pl\/wp-json\/wp\/v2\/product\/22744\/revisions"}],"predecessor-version":[{"id":25730,"href":"https:\/\/yebodaglass.com\/pl\/wp-json\/wp\/v2\/product\/22744\/revisions\/25730"}],"wp:featuredmedia":[{"embeddable":true,"href":"https:\/\/yebodaglass.com\/pl\/wp-json\/wp\/v2\/media\/22746"}],"wp:attachment":[{"href":"https:\/\/yebodaglass.com\/pl\/wp-json\/wp\/v2\/media?parent=22744"}],"wp:term":[{"taxonomy":"product_brand","embeddable":true,"href":"https:\/\/yebodaglass.com\/pl\/wp-json\/wp\/v2\/product_brand?post=22744"},{"taxonomy":"product_cat","embeddable":true,"href":"https:\/\/yebodaglass.com\/pl\/wp-json\/wp\/v2\/product_cat?post=22744"},{"taxonomy":"product_tag","embeddable":true,"href":"https:\/\/yebodaglass.com\/pl\/wp-json\/wp\/v2\/product_tag?post=22744"}],"curies":[{"name":"wp","href":"https:\/\/api.w.org\/{rel}","templated":true}]}}