{"id":22714,"date":"2025-10-24T17:22:39","date_gmt":"2025-10-24T09:22:39","guid":{"rendered":"https:\/\/yebodaglass.com\/?post_type=product&#038;p=22714"},"modified":"2025-10-27T13:13:23","modified_gmt":"2025-10-27T05:13:23","slug":"wholesale-glass-hexagon-honey-jars-with-dipper","status":"publish","type":"product","link":"https:\/\/yebodaglass.com\/pl\/wholesale-glass-hexagon-honey-jars-with-dipper\/","title":{"rendered":"Hurtowa sprzeda\u017c szklanych sze\u015bciok\u0105tnych s\u0142oik\u00f3w na mi\u00f3d z czerpakiem 100 ml 220 ml 380 ml"},"content":{"rendered":"<p>Te sze\u015bciok\u0105tne s\u0142oiki na mi\u00f3d s\u0105 idealne, poniewa\u017c wyst\u0119puj\u0105 w r\u00f3\u017cnych rozmiarach i maj\u0105 przezroczysty, sze\u015bciok\u0105tny szklany korpus z naturalnym drewnianym wieczkiem oraz wbudowan\u0105 \u0142y\u017ceczk\u0105 do miodu. Opr\u00f3cz tego, \u017ce pi\u0119knie eksponuj\u0105 mi\u00f3d, \u0142\u0105cz\u0105 geometryczny design z subteln\u0105, praktyczn\u0105 elegancj\u0105.<\/p>\n<h2>Cechy produktu<\/h2>\n<ul>\n<li><strong>Butelka sze\u015bciok\u0105tna:<\/strong> Regularny sze\u015bciok\u0105tny kszta\u0142t o geometrycznym uroku doskonale komponuje si\u0119 z naturalnym wygl\u0105dem miodu i pomaga podkre\u015bli\u0107 jego wizualn\u0105 to\u017csamo\u015b\u0107.<\/li>\n<li><strong>Zintegrowany projekt:<\/strong> Opr\u00f3cz tego, s\u0142oiki zawieraj\u0105 tak\u017ce drewniane mieszade\u0142ko do miodu, kt\u00f3re doskonale komponuje si\u0119 z drewnian\u0105 nakr\u0119tk\u0105, zapewniaj\u0105c w ten spos\u00f3b naturalny i sp\u00f3jny wygl\u0105d.<\/li>\n<li><strong>Szk\u0142o przezroczyste:<\/strong> Ponadto przezroczyste szk\u0142o zapewnia pe\u0142n\u0105 kontrol\u0119 nad ilo\u015bci\u0105 i jako\u015bci\u0105 miodu, dzi\u0119ki czemu uzupe\u0142nianie pojemnika staje si\u0119 \u0142atwiejsze.<\/li>\n<\/ul>\n<h2 style=\"text-align: left;\">Kluczowe specyfikacje<\/h2>\n<table style=\"border-collapse: collapse; margin-left: auto; margin-right: auto; width: 453.02pt;\" border=\"0\" width=\"604\" cellspacing=\"0\" cellpadding=\"0\">\n<tbody>\n<tr style=\"height: 13.50pt;\">\n<td style=\"height: 13.50pt; width: 92.25pt;\" width=\"123\" height=\"18\">Funkcja<\/td>\n<td style=\"width: 360.75pt;\" width=\"481\">Specyfikacja<\/td>\n<\/tr>\n<tr style=\"height: 13.50pt;\">\n<td style=\"height: 13.50pt;\" height=\"18\">Pojemno\u015b\u0107<\/td>\n<td>100 ml, 220 ml, 380 ml<\/td>\n<\/tr>\n<tr style=\"height: 13.50pt;\">\n<td style=\"height: 13.50pt;\" height=\"18\">Kszta\u0142t<\/td>\n<td>Sze\u015bciok\u0105tny (sze\u015bciok\u0105tny)<\/td>\n<\/tr>\n<tr style=\"height: 13.50pt;\">\n<td style=\"height: 13.50pt;\" height=\"18\">Wymiary<\/td>\n<td>7,7\u00d78,3 cm do 11,7\u00d712,1 cm<\/td>\n<\/tr>\n<tr style=\"height: 13.50pt;\">\n<td style=\"height: 13.50pt;\" height=\"18\">Tworzywo<\/td>\n<td>Przezroczyste szk\u0142o, solidna drewniana pokrywka i czerpak<\/td>\n<\/tr>\n<tr style=\"height: 13.50pt;\">\n<td style=\"height: 13.50pt;\" height=\"18\">Opcje pokrywy<\/td>\n<td>Drewno naturalne (dost\u0119pne bejce na zam\u00f3wienie)<\/td>\n<\/tr>\n<tr style=\"height: 13.50pt;\">\n<td style=\"height: 13.50pt;\" height=\"18\">Najlepsze dla<\/td>\n<td>Mi\u00f3d, zestawy prezentowe, linie produkt\u00f3w gourmet<\/td>\n<\/tr>\n<tr style=\"height: 13.50pt;\">\n<td style=\"height: 13.50pt;\" height=\"18\">Idealne zastosowanie<\/td>\n<td>Sze\u015bciok\u0105tne s\u0142oiki na mi\u00f3d z czerpakiem, linie biznesowe rzemie\u015blnicze<\/td>\n<\/tr>\n<\/tbody>\n<\/table>\n<h2>Historia sukcesu: Rozw\u00f3j sp\u00f3\u0142dzielni pszczelarskiej<\/h2>\n<p>Znana sp\u00f3\u0142dzielnia pszczelarska, potrzebuj\u0105ca idealnego szklanego pojemnika na mi\u00f3d, kt\u00f3ry najlepiej odzwierciedla\u0142by jego \u015bwie\u017co\u015b\u0107, wybra\u0142a nasz szklany s\u0142oik o pojemno\u015bci 380 ml z \u0142y\u017ceczk\u0105 do miodu ze wzgl\u0119du na jego trwa\u0142o\u015b\u0107 i przejrzysty wygl\u0105d. Sprzeda\u017c wzros\u0142a o 25% w ci\u0105gu pierwszych sze\u015bciu miesi\u0119cy roku po tym, jak zmienili sw\u00f3j produkt na nasz, poniewa\u017c wi\u0119kszo\u015b\u0107 tego wzrostu przypisuje si\u0119 pi\u0119knemu wzornictwu s\u0142oik\u00f3w, kt\u00f3re wyr\u00f3\u017cnia\u0142o je na targach rolniczych. Ponadto, \u0142atwo\u015b\u0107 obs\u0142ugi \u0142y\u017ceczki do\u0142\u0105czonej do s\u0142oika spotka\u0142a si\u0119 z bardzo pozytywnymi opiniami klient\u00f3w, generuj\u0105c tym samym 75% wzrost lojalno\u015bci klient\u00f3w. Po zadowoleniu z jako\u015bci produktu i sprawnego procesu realizacji zam\u00f3wie\u0144 hurtowych, z\u0142o\u017cyli oni trzy kolejne zam\u00f3wienia po 150 000 s\u0142oik\u00f3w ka\u017cde, dzi\u0119ki czemu s\u0142oik sta\u0142 si\u0119 podstawowym elementem ich opakowa\u0144.<\/p>\n<h2>Zalecenia dotycz\u0105ce personalizacji s\u0142oik\u00f3w na mi\u00f3d<\/h2>\n<ul>\n<li><strong>Branding na wieczku:<\/strong> Drewnian\u0105 pokrywk\u0119 s\u0142oika mo\u017cna oznakowa\u0107 logo swojej firmy metod\u0105 t\u0142oczenia na gor\u0105co lub grawerowania laserowego.<\/li>\n<li><strong>\u0141y\u017cka na zam\u00f3wienie:<\/strong> Oznacz patyczek miodu, maluj\u0105c go farbami w kolorach swojej firmy lub przyczepiaj\u0105c do niego ma\u0142\u0105 etykiet\u0119 z nazw\u0105 firmy.<\/li>\n<li><strong>Matowe szk\u0142o:<\/strong> Atrakcyjn\u0105 cech\u0105 produktu b\u0119dzie delikatnie pod\u015bwietlony, szykowny wygl\u0105d, jaki nada sze\u015bciok\u0105tnemu szk\u0142u matowe wyko\u0144czenie podkre\u015blaj\u0105ce jego kszta\u0142t.<\/li>\n<li><strong>Pojemno\u015b\u0107 niestandardowa:<\/strong> Je\u015bli potrzebujesz konkretnej wielko\u015bci, mo\u017cemy um\u00f3wi\u0107 si\u0119 na spotkanie, na kt\u00f3rym ustalimy, jaka wielko\u015b\u0107 najlepiej odpowiada potrzebom Twojej firmy.<\/li>\n<\/ul>\n<p>Chcesz by\u0107 gotowy z wyprzedzeniem? Skontaktuj si\u0119 z nami ju\u017c dzi\u015b, aby om\u00f3wi\u0107 potrzebn\u0105 Ci ilo\u015b\u0107 s\u0142oik\u00f3w miodu i uzyska\u0107 \u015bwietn\u0105 cen\u0119 hurtow\u0105. Pozw\u00f3l nam pom\u00f3c Ci znale\u017a\u0107 idealne opakowanie na mi\u00f3d dla Twojej firmy.<\/p>","protected":false},"excerpt":{"rendered":"<p>Dekoracyjne, szklane, sze\u015bciok\u0105tne s\u0142oiki na mi\u00f3d z drewnianymi pokrywkami i czerpakami. Idealne do pakowania miodu, zestaw\u00f3w prezentowych i zam\u00f3wie\u0144 hurtowych. Darmowa pr\u00f3bka.<\/p>","protected":false},"featured_media":22736,"template":"","meta":[],"product_brand":[],"product_cat":[122,124,127],"product_tag":[],"class_list":{"0":"post-22714","1":"product","2":"type-product","3":"status-publish","4":"has-post-thumbnail","6":"product_cat-custom-glass-packaging","7":"product_cat-custom-glass-jars","8":"product_cat-glass-honey-jars","10":"first","11":"instock","12":"shipping-taxable","13":"product-type-simple"},"jetpack_sharing_enabled":true,"_links":{"self":[{"href":"https:\/\/yebodaglass.com\/pl\/wp-json\/wp\/v2\/product\/22714","targetHints":{"allow":["GET"]}}],"collection":[{"href":"https:\/\/yebodaglass.com\/pl\/wp-json\/wp\/v2\/product"}],"about":[{"href":"https:\/\/yebodaglass.com\/pl\/wp-json\/wp\/v2\/types\/product"}],"version-history":[{"count":5,"href":"https:\/\/yebodaglass.com\/pl\/wp-json\/wp\/v2\/product\/22714\/revisions"}],"predecessor-version":[{"id":22745,"href":"https:\/\/yebodaglass.com\/pl\/wp-json\/wp\/v2\/product\/22714\/revisions\/22745"}],"wp:featuredmedia":[{"embeddable":true,"href":"https:\/\/yebodaglass.com\/pl\/wp-json\/wp\/v2\/media\/22736"}],"wp:attachment":[{"href":"https:\/\/yebodaglass.com\/pl\/wp-json\/wp\/v2\/media?parent=22714"}],"wp:term":[{"taxonomy":"product_brand","embeddable":true,"href":"https:\/\/yebodaglass.com\/pl\/wp-json\/wp\/v2\/product_brand?post=22714"},{"taxonomy":"product_cat","embeddable":true,"href":"https:\/\/yebodaglass.com\/pl\/wp-json\/wp\/v2\/product_cat?post=22714"},{"taxonomy":"product_tag","embeddable":true,"href":"https:\/\/yebodaglass.com\/pl\/wp-json\/wp\/v2\/product_tag?post=22714"}],"curies":[{"name":"wp","href":"https:\/\/api.w.org\/{rel}","templated":true}]}}