{"id":22702,"date":"2025-10-24T15:45:33","date_gmt":"2025-10-24T07:45:33","guid":{"rendered":"https:\/\/yebodaglass.com\/?post_type=product&#038;p=22702"},"modified":"2025-10-24T17:20:26","modified_gmt":"2025-10-24T09:20:26","slug":"bulk-round-honey-jars-with-lids-and-vertical-stripes","status":"publish","type":"product","link":"https:\/\/yebodaglass.com\/pl\/bulk-round-honey-jars-with-lids-and-vertical-stripes\/","title":{"rendered":"S\u0142oiki na mi\u00f3d okr\u0105g\u0142e z pokrywkami i pionowymi paskami 150 ml 200 ml 280 ml 380 ml"},"content":{"rendered":"<p>Te s\u0142oiki na mi\u00f3d z pokrywkami s\u0105 wykonane z przezroczystego szk\u0142a, z pionowymi paskami biegn\u0105cymi wzd\u0142u\u017c s\u0142oik\u00f3w, a pokrywki mog\u0105 by\u0107 w kolorze r\u00f3\u017cowego z\u0142ota, czerwonego lub z\u0142otego. Opr\u00f3cz tego, \u017ce idealnie nadaj\u0105 si\u0119 do ekspozycji miodu, kt\u00f3rego barwa waha si\u0119 od z\u0142otej do bursztynowej, s\u0142oiki emanuj\u0105 r\u00f3wnie\u017c wyrafinowanym i eleganckim urokiem dzi\u0119ki dost\u0119pno\u015bci w r\u00f3\u017cnych rozmiarach.<\/p>\n<h2>Cechy produktu<\/h2>\n<ul>\n<li><strong>Aggiungi il tuo logo ai tuoi barattoli di vetro. Ad esempio, la collezione &#034;Honey Bloom&#034; presenta barattoli color verde salvia.<\/strong> Dzi\u0119ki przezroczystemu szk\u0142u poziom miodu, jego stan, a nawet rodzaj mo\u017cna sprawdzi\u0107 na pierwszy rzut oka, dzi\u0119ki czemu uzupe\u0142nianie i identyfikacja miodu s\u0105 bardzo \u0142atwe.<\/li>\n<li><strong>Pionowa butelka w paski:<\/strong> Pi\u0119kny, teksturowany wz\u00f3r pionowych pas\u00f3w artystycznie roz\u0142o\u017cony na ca\u0142ej powierzchni butelki nie tylko podnosi walory projektu, ale tak\u017ce sprawia, \u017ce \u200b\u200bbutelka jest bardziej widoczna.<\/li>\n<li><strong>R\u00f3\u017cne rozmiary:<\/strong> Dost\u0119pna jest ogromna gama rozmiar\u00f3w, spo\u015br\u00f3d kt\u00f3rych mo\u017cesz wybra\u0107 butelk\u0119 najbardziej odpowiedni\u0105 do Twojego zastosowania lub konkretnej okazji.<\/li>\n<\/ul>\n<h2 style=\"text-align: left;\">Kluczowe specyfikacje<\/h2>\n<table class=\"aligncenter\" style=\"border-collapse: collapse; width: 412.52pt;\" border=\"0\" width=\"550\" cellspacing=\"0\" cellpadding=\"0\">\n<tbody>\n<tr style=\"height: 13.50pt;\">\n<td style=\"height: 13.50pt; width: 90.00pt;\" width=\"120\" height=\"18\">Funkcja<\/td>\n<td style=\"width: 322.50pt;\" width=\"430\">Specyfikacja<\/td>\n<\/tr>\n<tr style=\"height: 13.50pt;\">\n<td style=\"height: 13.50pt;\" height=\"18\">Pojemno\u015b\u0107<\/td>\n<td>150 ml, 200 ml, 280 ml, 380 ml<\/td>\n<\/tr>\n<tr style=\"height: 13.50pt;\">\n<td style=\"height: 13.50pt;\" height=\"18\">Kszta\u0142t<\/td>\n<td>Okr\u0105g\u0142y z pionowymi \u017cebrami<\/td>\n<\/tr>\n<tr style=\"height: 13.50pt;\">\n<td style=\"height: 13.50pt;\" height=\"18\">Wymiary<\/td>\n<td>6,1\u00d77,4 cm do 8,5\u00d79,7 cm<\/td>\n<\/tr>\n<tr style=\"height: 13.50pt;\">\n<td style=\"height: 13.50pt;\" height=\"18\">Tworzywo<\/td>\n<td>Szk\u0142o przezroczyste, zakr\u0119tka z PP<\/td>\n<\/tr>\n<tr style=\"height: 13.50pt;\">\n<td style=\"height: 13.50pt;\" height=\"18\">Opcje pokrywy<\/td>\n<td>R\u00f3\u017cowe z\u0142oto, czerwie\u0144, z\u0142oto (dost\u0119pne kolory niestandardowe)<\/td>\n<\/tr>\n<tr style=\"height: 13.50pt;\">\n<td style=\"height: 13.50pt;\" height=\"18\">Idealne zastosowanie<\/td>\n<td>S\u0142oiki na mi\u00f3d z pokrywkami, pojemniki na mi\u00f3d, s\u0142oiki na mi\u00f3d luzem<\/td>\n<\/tr>\n<\/tbody>\n<\/table>\n<h2>Historia sukcesu: \u015bwiadomo\u015b\u0107 marki i sprzeda\u017c \u200b\u200d\u200b\u200c\u200d\u200b\u200d\u200c\u200d\u200b\u200c\u200d\u200b\u200d\u200c\u200d\u200cUlepszone<\/h2>\n<p>Rodzinna firma pszczelarska oferowa\u0142a \u015bwietny produkt, ale jego opakowanie pozostawia\u0142o wiele do \u017cyczenia. Ich proste, okr\u0105g\u0142e s\u0142oiki na d\u017cem sprzedawa\u0142y si\u0119 s\u0142abo. Zdecydowali si\u0119 wypr\u00f3bowa\u0107 nasze s\u0142oiki na mi\u00f3d o pojemno\u015bci 280 ml z pionowymi paskami, sk\u0142adaj\u0105c w ten spos\u00f3b pierwsze zam\u00f3wienie w wysoko\u015bci 3000 sztuk. Efekty by\u0142y natychmiastowe. Wyrazisty wz\u00f3r z pionowymi paskami i metalowa pokrywka przyczyni\u0142y si\u0119 do wzrostu sprzeda\u017cy o 25%, a firmie uda\u0142o si\u0119 r\u00f3wnie\u017c zapewni\u0107 sobie miejsce w dw\u00f3ch zestawach subskrypcyjnych z wykwintn\u0105 \u017cywno\u015bci\u0105. Liczba klient\u00f3w, kt\u00f3rzy dokonali kolejnych zakup\u00f3w, wzros\u0142a o 78%. Od tego czasu regularnie zamawiaj\u0105, czego efektem jest kwartalny zakup 100 000 butelek i niedawne rozszerzenie oferty o pr\u00f3bny rozmiar 150 ml.<\/p>\n<h2>Rekomendacje dotycz\u0105ce niestandardowych s\u0142oik\u00f3w szklanych<\/h2>\n<ul>\n<li><strong>G\u0142\u0119boko\u015b\u0107 i szeroko\u015b\u0107 rowka:<\/strong> Dostosuj szeroko\u015b\u0107 rowka lub odleg\u0142o\u015b\u0107 mi\u0119dzy grzbietami, aby lepiej lub gorzej uwidoczni\u0107 faktur\u0119.<\/li>\n<li><strong>Szk\u0142o kolorowe:<\/strong> Delikatny kolor, na przyk\u0142ad jasnobursztynowy, nie tylko sprawi, \u017ce mi\u00f3d b\u0119dzie wygl\u0105da\u0142 cieplej, ale tak\u017ce ochroni go przed promieniowaniem UV.<\/li>\n<li><strong>Niestandardowy\u200b\u200d\u200b\u200c\u200d\u200b\u200d\u200c\u200b\u200d\u200b\u200c\u200d\u200b\u200d\u200c Kszta\u0142t podstawy:<\/strong> Zmie\u0144 kszta\u0142t podstawy na nieco sze\u015bciok\u0105tny lub kwadratowy, ale zachowaj zaokr\u0105glone rowki, aby zachowa\u0107 sp\u00f3jno\u015b\u0107.<\/li>\n<\/ul>\n<p>A mo\u017ce chcesz wynie\u015b\u0107 swoj\u0105 mark\u0119 na wy\u017cszy poziom? Skontaktuj si\u0119 z nami, aby otrzyma\u0107 hurtow\u0105 wycen\u0119 s\u0142oik\u00f3w na mi\u00f3d i wyobra\u017a sobie nieograniczone mo\u017cliwo\u015bci, jakie daj\u0105 nasze niestandardowe opakowania szklane.<\/p>","protected":false},"excerpt":{"rendered":"<p>Eleganckie s\u0142oiki na mi\u00f3d z pokrywkami o pionowej, \u017cebrowanej fakturze. Idealne do pakowania miodu, d\u017cemu lub \u017cywno\u015bci, dost\u0119pne w hurtowych ilo\u015bciach i z mo\u017cliwo\u015bci\u0105 personalizacji.<\/p>","protected":false},"featured_media":22705,"template":"","meta":[],"product_brand":[],"product_cat":[122,124,127],"product_tag":[],"class_list":{"0":"post-22702","1":"product","2":"type-product","3":"status-publish","4":"has-post-thumbnail","6":"product_cat-custom-glass-packaging","7":"product_cat-custom-glass-jars","8":"product_cat-glass-honey-jars","10":"first","11":"instock","12":"shipping-taxable","13":"product-type-simple"},"jetpack_sharing_enabled":true,"_links":{"self":[{"href":"https:\/\/yebodaglass.com\/pl\/wp-json\/wp\/v2\/product\/22702","targetHints":{"allow":["GET"]}}],"collection":[{"href":"https:\/\/yebodaglass.com\/pl\/wp-json\/wp\/v2\/product"}],"about":[{"href":"https:\/\/yebodaglass.com\/pl\/wp-json\/wp\/v2\/types\/product"}],"version-history":[{"count":5,"href":"https:\/\/yebodaglass.com\/pl\/wp-json\/wp\/v2\/product\/22702\/revisions"}],"predecessor-version":[{"id":22712,"href":"https:\/\/yebodaglass.com\/pl\/wp-json\/wp\/v2\/product\/22702\/revisions\/22712"}],"wp:featuredmedia":[{"embeddable":true,"href":"https:\/\/yebodaglass.com\/pl\/wp-json\/wp\/v2\/media\/22705"}],"wp:attachment":[{"href":"https:\/\/yebodaglass.com\/pl\/wp-json\/wp\/v2\/media?parent=22702"}],"wp:term":[{"taxonomy":"product_brand","embeddable":true,"href":"https:\/\/yebodaglass.com\/pl\/wp-json\/wp\/v2\/product_brand?post=22702"},{"taxonomy":"product_cat","embeddable":true,"href":"https:\/\/yebodaglass.com\/pl\/wp-json\/wp\/v2\/product_cat?post=22702"},{"taxonomy":"product_tag","embeddable":true,"href":"https:\/\/yebodaglass.com\/pl\/wp-json\/wp\/v2\/product_tag?post=22702"}],"curies":[{"name":"wp","href":"https:\/\/api.w.org\/{rel}","templated":true}]}}