{"id":22695,"date":"2025-10-24T14:50:28","date_gmt":"2025-10-24T06:50:28","guid":{"rendered":"https:\/\/yebodaglass.com\/?post_type=product&#038;p=22695"},"modified":"2026-04-09T15:59:51","modified_gmt":"2026-04-09T07:59:51","slug":"glass-jars-with-lids-wholesale-round-honey-jars-bulk","status":"publish","type":"product","link":"https:\/\/yebodaglass.com\/pl\/glass-jars-with-lids-wholesale-round-honey-jars-bulk\/","title":{"rendered":"S\u0142oiki szklane z pokrywkami hurtowo | Okr\u0105g\u0142e s\u0142oiki na mi\u00f3d o pojemno\u015bci 180 ml, 360 ml, 500 ml i 720 ml"},"content":{"rendered":"<p>Te szklane s\u0142oiki z pokrywkami maj\u0105 nowoczesny design. Wykonane ze szk\u0142a, prezentuj\u0105 si\u0119 bardzo profesjonalnie na sklepowych p\u00f3\u0142kach. Dzi\u0119ki temu nadaj\u0105 si\u0119 do pakowania r\u00f3\u017cnych produkt\u00f3w. S\u0142oiki te nadaj\u0105 si\u0119 do przechowywania wielu produkt\u00f3w, takich jak mi\u00f3d, galaretka, syrop, sos, a nawet \u015bwiece. Szeroki otw\u00f3r s\u0142oika u\u0142atwia nape\u0142nianie, przechowywanie i u\u017cywanie produkt\u00f3w. W\u0142a\u015bnie dlatego marki, zar\u00f3wno du\u017ce, jak i ma\u0142e, ch\u0119tnie korzystaj\u0105 z tych s\u0142oik\u00f3w.<\/p>\n<h2>G\u0142\u00f3wne cechy<\/h2>\n<ol>\n<li><strong>Trwa\u0142e szk\u0142o spo\u017cywcze<\/strong>:Wykonane z wysokobia\u0142kowego szk\u0142a sodowo-wapniowego, wszystkie nasze okr\u0105g\u0142e s\u0142oiki na mi\u00f3d s\u0105 trwa\u0142e, nadaj\u0105 si\u0119 do wielokrotnego u\u017cytku, s\u0105 bezpieczne do przechowywania \u017cywno\u015bci i d\u0142ugotrwa\u0142ego u\u017cytkowania.<\/li>\n<li><strong>Bezpieczne uszczelnienie zapewniaj\u0105ce \u015bwie\u017co\u015b\u0107<\/strong>:Zakr\u0119cana pokrywka w po\u0142\u0105czeniu z wk\u0142adkami wra\u017cliwymi na nacisk lub foliowymi gwarantuje doskona\u0142e uszczelnienie, idealne do pojemnik\u00f3w na mi\u00f3d, syrop i sos, bez ryzyka wycieku.<\/li>\n<li><strong>Gotowe do personalizacji<\/strong>Jako profesjonalny producent oferujemy pe\u0142en zakres opcji dostosowywania, w tym drukowanie, powlekanie, grawerowanie i etykietowanie, aby wesprze\u0107 rozw\u00f3j Twojej firmy w zakresie hurtowej sprzeda\u017cy miodu i nie tylko.<\/li>\n<\/ol>\n<h2>Kluczowe specyfikacje<\/h2>\n<table style=\"border-collapse: collapse; width: 80%; margin-left: auto; margin-right: auto;\" border=\"0\" width=\"590\" cellspacing=\"0\" cellpadding=\"0\">\n<tbody>\n<tr style=\"height: 13.50pt;\">\n<td style=\"height: 13.50pt; width: 90.00pt;\" width=\"120\" height=\"18\">Funkcja<\/td>\n<td style=\"width: 352.50pt;\" width=\"470\">Specyfikacja<\/td>\n<\/tr>\n<tr style=\"height: 13.50pt;\">\n<td style=\"height: 13.50pt;\" height=\"18\">Pojemno\u015b\u0107<\/td>\n<td>180 ml, 360 ml, 500 ml, 720 ml<\/td>\n<\/tr>\n<tr style=\"height: 13.50pt;\">\n<td style=\"height: 13.50pt;\" height=\"18\">Kszta\u0142t<\/td>\n<td>Okr\u0105g\u0142y (cylindryczny)<\/td>\n<\/tr>\n<tr style=\"height: 13.50pt;\">\n<td style=\"height: 13.50pt;\" height=\"18\">Metoda uszczelniania<\/td>\n<td>Pokrywka \u015brubowa<\/td>\n<\/tr>\n<tr style=\"height: 13.50pt;\">\n<td style=\"height: 13.50pt;\" height=\"18\">Tworzywo<\/td>\n<td>Szk\u0142o sodowo-wapniowe o wysokiej bia\u0142o\u015bci<\/td>\n<\/tr>\n<tr style=\"height: 13.50pt;\">\n<td style=\"height: 13.50pt;\" height=\"18\">Opcje pokrywy<\/td>\n<td>Czarna plastikowa pokrywka, z\u0142ota plastikowa pokrywka, srebrna anodowana aluminiowa pokrywka, z\u0142ota anodowana aluminiowa pokrywka, plastikowa pokrywka z faktur\u0105 drewna<\/td>\n<\/tr>\n<tr style=\"height: 13.50pt;\">\n<td style=\"height: 13.50pt;\" height=\"18\">Wk\u0142adki<\/td>\n<td>Wk\u0142adki wra\u017cliwe na nacisk, wk\u0142adki z folii aluminiowej<\/td>\n<\/tr>\n<tr style=\"height: 13.50pt;\">\n<td style=\"height: 13.50pt;\" height=\"18\">Zastosowania<\/td>\n<td>Mi\u00f3d, d\u017cemy, p\u0142atki zbo\u017cowe, chipsy czekoladowe, napoje, proszki itp.<\/td>\n<\/tr>\n<\/tbody>\n<\/table>\n<h2>Studium przypadku biznesowego<\/h2>\n<p>Niemiecka marka rzemie\u015blniczego miodu premium, specjalizuj\u0105ca si\u0119 w ekologicznych produktach pszczelarskich, zwr\u00f3ci\u0142a si\u0119 do nas z powodu uporczywych problem\u00f3w z uszczelnieniem szklanych pojemnik\u00f3w swojego poprzedniego dostawcy. Ich wcze\u015bniejsze s\u0142oiki i butelki na mi\u00f3d cz\u0119sto przecieka\u0142y podczas transportu, co negatywnie wp\u0142ywa\u0142o na jako\u015b\u0107 produktu i zaufanie klient\u00f3w.<\/p>\n<p>Nast\u0119pnie zacz\u0119li u\u017cywa\u0107 naszych szklanych s\u0142oik\u00f3w z pokrywkami.<\/p>\n<p>Wybrali szklane s\u0142oiki o pojemno\u015bci 180 ml i 360 ml ze z\u0142otymi pokrywkami i wk\u0142adkami z folii aluminiowej, aby mi\u00f3d zachowa\u0142 \u015bwie\u017co\u015b\u0107. Pomogli\u015bmy im r\u00f3wnie\u017c w dodaniu niestandardowych etykiet na szk\u0142o i pokrywk\u0119, aby opakowanie prezentowa\u0142o si\u0119 \u0142adniej na p\u00f3\u0142kach.<\/p>\n<p>Po tym, jak ich sprzeda\u017c wzros\u0142a o 35%, kupuj\u0105 od nas mn\u00f3stwo s\u0142oik\u00f3w co kwarta\u0142. Zaczynali z 10 000 s\u0142oik\u00f3w. Teraz kupuj\u0105 ponad 80 000 s\u0142oik\u00f3w rocznie. Mamy z nimi umow\u0119, aby zaoferowa\u0107 im dobr\u0105 cen\u0119 za zakup tak du\u017cej liczby s\u0142oik\u00f3w.<\/p>\n<h2>Wskaz\u00f3wki dotycz\u0105ce personalizacji dla kupuj\u0105cych biznesowych<\/h2>\n<ol>\n<li><strong>Dla marek miodu i pszczelarstwa<\/strong>:Wykorzystaj z\u0142ote lub z us\u0142ojeniem drewna pokrywki z wyt\u0142oczonym logo, aby stworzy\u0107 lini\u0119 szklanych s\u0142oik\u00f3w na mi\u00f3d klasy premium, skierowan\u0105 do odbiorc\u00f3w rzemie\u015blniczych i ekologicznych.<\/li>\n<li><strong>Dla marek \u017cywno\u015bci i sos\u00f3w<\/strong>:Po\u0142\u0105cz szklane s\u0142oiki o szerokim wlocie z wk\u0142adkami foliowymi, aby uzyska\u0107 szczelne opakowanie sos\u00f3w i syrop\u00f3w w szklanych s\u0142oikach dostarczanych luzem.<\/li>\n<li><strong>Dla linii wieloproduktowych<\/strong>:Ustandaryzuj konstrukcj\u0119 o prostych bokach w przypadku r\u00f3\u017cnych pojemno\u015bci (180 ml\u2013720 ml), aby ujednolici\u0107 opakowanie, jednocze\u015bnie zmniejszaj\u0105c z\u0142o\u017cono\u015b\u0107 zaopatrzenia w hurtowych zakupach szk\u0142a.<\/li>\n<\/ol>","protected":false},"excerpt":{"rendered":"<p>180ml \u2013 720ml Durable glass jars with lids and round honey jars for wholesale. Ideal for honey, sauce, and storage with custom options and bulk pricing.<\/p>","protected":false},"featured_media":22696,"template":"","meta":[],"product_brand":[],"product_cat":[137,124,122],"product_tag":[],"class_list":{"0":"post-22695","1":"product","2":"type-product","3":"status-publish","4":"has-post-thumbnail","6":"product_cat-glass-jars-with-lids","7":"product_cat-custom-glass-jars","8":"product_cat-custom-glass-packaging","10":"first","11":"instock","12":"shipping-taxable","13":"product-type-simple"},"jetpack_sharing_enabled":true,"_links":{"self":[{"href":"https:\/\/yebodaglass.com\/pl\/wp-json\/wp\/v2\/product\/22695","targetHints":{"allow":["GET"]}}],"collection":[{"href":"https:\/\/yebodaglass.com\/pl\/wp-json\/wp\/v2\/product"}],"about":[{"href":"https:\/\/yebodaglass.com\/pl\/wp-json\/wp\/v2\/types\/product"}],"version-history":[{"count":5,"href":"https:\/\/yebodaglass.com\/pl\/wp-json\/wp\/v2\/product\/22695\/revisions"}],"predecessor-version":[{"id":25704,"href":"https:\/\/yebodaglass.com\/pl\/wp-json\/wp\/v2\/product\/22695\/revisions\/25704"}],"wp:featuredmedia":[{"embeddable":true,"href":"https:\/\/yebodaglass.com\/pl\/wp-json\/wp\/v2\/media\/22696"}],"wp:attachment":[{"href":"https:\/\/yebodaglass.com\/pl\/wp-json\/wp\/v2\/media?parent=22695"}],"wp:term":[{"taxonomy":"product_brand","embeddable":true,"href":"https:\/\/yebodaglass.com\/pl\/wp-json\/wp\/v2\/product_brand?post=22695"},{"taxonomy":"product_cat","embeddable":true,"href":"https:\/\/yebodaglass.com\/pl\/wp-json\/wp\/v2\/product_cat?post=22695"},{"taxonomy":"product_tag","embeddable":true,"href":"https:\/\/yebodaglass.com\/pl\/wp-json\/wp\/v2\/product_tag?post=22695"}],"curies":[{"name":"wp","href":"https:\/\/api.w.org\/{rel}","templated":true}]}}