{"id":22689,"date":"2025-10-24T14:26:22","date_gmt":"2025-10-24T06:26:22","guid":{"rendered":"https:\/\/yebodaglass.com\/?post_type=product&#038;p=22689"},"modified":"2026-04-10T11:31:20","modified_gmt":"2026-04-10T03:31:20","slug":"wholesale-oval-hexagonal-honey-jam-jars-500ml-1000ml","status":"publish","type":"product","link":"https:\/\/yebodaglass.com\/pl\/wholesale-oval-hexagonal-honey-jam-jars-500ml-1000ml\/","title":{"rendered":"Hurtowa sprzeda\u017c owalnych, sze\u015bciok\u0105tnych s\u0142oik\u00f3w na mi\u00f3d i d\u017cem 500 ml i 1000 ml"},"content":{"rendered":"<p>Te sze\u015bciok\u0105tne s\u0142oiki na mi\u00f3d i d\u017cem charakteryzuj\u0105 si\u0119 atrakcyjnym designem, kt\u00f3ry sk\u0142ada si\u0119 z ca\u0142kowicie okr\u0105g\u0142ego kszta\u0142tu i sze\u015bciu oddzielnych pionowych kraw\u0119dzi. Ultraprzezroczysty szklany pojemnik jest wyposa\u017cony w z\u0142ot\u0105 metalow\u0105 zakr\u0119tk\u0119, kt\u00f3ra zapewnia szczelne zamkni\u0119cie.<\/p>\n<h2>Cechy produktu<\/h2>\n<ul>\n<li><strong>Kszta\u0142t butelki sze\u015bciok\u0105tnej:<\/strong> Okr\u0105g\u0142y, b\u0119benkowaty kszta\u0142t z sze\u015bciok\u0105tnymi fasetami nie tylko upi\u0119ksza, ale tak\u017ce wzmacnia konstrukcj\u0119 butelki.<\/li>\n<li><strong>Z\u0142ota zakr\u0119tka:<\/strong> Z\u0142ota metalowa nakr\u0119tka zapewnia szczelne zamkni\u0119cie, skutecznie zapobiegaj\u0105c wilgoci i wyciekom.<\/li>\n<li><strong>Dost\u0119pne dwa rozmiary:<\/strong> Produkt dost\u0119pny jest w dw\u00f3ch rozmiarach, dzi\u0119ki czemu mo\u017cna go wykorzystywa\u0107 w celach komercyjnych, do u\u017cytku domowego oraz jako materia\u0142 do pakowania prezent\u00f3w.<\/li>\n<\/ul>\n<h2 style=\"text-align: left;\">Kluczowe specyfikacje<\/h2>\n<table class=\"aligncenter\" style=\"border-collapse: collapse; width: 328.52pt;\" border=\"0\" width=\"438\" cellspacing=\"0\" cellpadding=\"0\">\n<tbody>\n<tr style=\"height: 13.50pt;\">\n<td style=\"height: 13.50pt; width: 90.00pt;\" width=\"120\" height=\"18\">Funkcja<\/td>\n<td style=\"width: 238.50pt;\" width=\"318\">Specyfikacja<\/td>\n<\/tr>\n<tr style=\"height: 13.50pt;\">\n<td style=\"height: 13.50pt;\" height=\"18\">Pojemno\u015b\u0107<\/td>\n<td>500 ml, 1000 ml<\/td>\n<\/tr>\n<tr style=\"height: 13.50pt;\">\n<td style=\"height: 13.50pt;\" height=\"18\">Kszta\u0142t<\/td>\n<td>Sze\u015bciok\u0105tny<\/td>\n<\/tr>\n<tr style=\"height: 13.50pt;\">\n<td style=\"height: 13.50pt;\" height=\"18\">Wymiary<\/td>\n<td>8,8\u00d712,5 cm, 10,6\u00d715,7 cm<\/td>\n<\/tr>\n<tr style=\"height: 13.50pt;\">\n<td style=\"height: 13.50pt;\" height=\"18\">Tworzywo<\/td>\n<td>Przezroczyste szk\u0142o, z\u0142ota zakr\u0119tka z PP<\/td>\n<\/tr>\n<tr style=\"height: 13.50pt;\">\n<td style=\"height: 13.50pt;\" height=\"18\">Opcje pokrywy<\/td>\n<td>Z\u0142oto (dost\u0119pne kolory niestandardowe)<\/td>\n<\/tr>\n<tr style=\"height: 13.50pt;\">\n<td style=\"height: 13.50pt;\" height=\"18\">Idealne zastosowanie<\/td>\n<td>S\u0142oik na mi\u00f3d, s\u0142oiki na mi\u00f3d, sze\u015bciok\u0105tny<\/td>\n<\/tr>\n<\/tbody>\n<\/table>\n<h2>Historia sukcesu<\/h2>\n<p>Jeden z producent\u00f3w miodu manuka wybra\u0142 nasze sze\u015bciok\u0105tne s\u0142oiki na d\u017cem i ozdobi\u0142 je wyt\u0142oczonym wzorem nawi\u0105zuj\u0105cym do maoryskiej natury oraz r\u00f3\u017cowoz\u0142otymi pokrywkami. Efekty tego niestandardowego projektu by\u0142y imponuj\u0105ce: wyt\u0142oczony wz\u00f3r i wysoka jako\u015b\u0107 wykonania podnios\u0142y cen\u0119 ich miodu UMF 20+ o 15 procent, a charakterystyczne opakowanie przyczyni\u0142o si\u0119 do wzrostu sprzeda\u017cy bezpo\u015bredniej do konsument\u00f3w o 25 procent na ich stronie internetowej, poniewa\u017c klienci polubili go jako prezent. To w\u0142a\u015bnie ten sukces sk\u0142oni\u0142 ich do zam\u00f3wienia kolejnych 400 000 s\u0142oik\u00f3w miodu w kolejnym kwartale.<\/p>\n<h2>Zalecenia dotycz\u0105ce personalizacji s\u0142oik\u00f3w na d\u017cem<\/h2>\n<ul>\n<li><strong>Kolor szk\u0142a:<\/strong> Cho\u0107 w przewa\u017caj\u0105cej mierze u\u017cywamy szk\u0142a przezroczystego, mo\u017cemy r\u00f3wnie\u017c zaoferowa\u0107 kolory bursztynowe lub zielone dla materia\u0142\u00f3w wra\u017cliwych na \u015bwiat\u0142o.<\/li>\n<li><strong>Personalizacja pokrywy:<\/strong> Dzi\u0119ki specjalnie zaprojektowanym pokrywkom ze specjalnymi wk\u0142adkami zapewniaj\u0105cymi szczelne zamkni\u0119cie, mo\u017cemy zagwarantowa\u0107 najwy\u017csz\u0105 \u015bwie\u017co\u015b\u0107 przechowywanego produktu.<\/li>\n<li><strong>Wyt\u0142oczone:<\/strong> Mo\u017cesz zleci\u0107 wyt\u0142oczenie\/wypuk\u0142e logo swojego produktu bezpo\u015brednio na szkle, aby mo\u017cna by\u0142o go dotkn\u0105\u0107, co nada mu luksusowego i eleganckiego wygl\u0105du.<\/li>\n<li><strong>Sitodruk:<\/strong> Trwa\u0142e ceramiczne logo marki (w dowolnym kolorze) wykonane ze szk\u0142a mo\u017cna bezpo\u015brednio nanie\u015b\u0107 tusz, co pozwala uzyska\u0107 jasn\u0105 i trwa\u0142\u0105 butelk\u0119.<\/li>\n<\/ul>","protected":false},"excerpt":{"rendered":"<p>Eleganckie, owalne, sze\u015bciok\u0105tne s\u0142oiki na mi\u00f3d i d\u017cem ze z\u0142otymi pokrywkami. Przezroczyste szk\u0142o, idealne do pakowania miodu i d\u017cemu, dost\u0119pne w sprzeda\u017cy hurtowej i z etykietami na zam\u00f3wienie.<\/p>","protected":false},"featured_media":25722,"template":"","meta":[],"product_brand":[],"product_cat":[127,124,122],"product_tag":[],"class_list":{"0":"post-22689","1":"product","2":"type-product","3":"status-publish","4":"has-post-thumbnail","6":"product_cat-glass-honey-jars","7":"product_cat-custom-glass-jars","8":"product_cat-custom-glass-packaging","10":"first","11":"instock","12":"shipping-taxable","13":"product-type-simple"},"jetpack_sharing_enabled":true,"_links":{"self":[{"href":"https:\/\/yebodaglass.com\/pl\/wp-json\/wp\/v2\/product\/22689","targetHints":{"allow":["GET"]}}],"collection":[{"href":"https:\/\/yebodaglass.com\/pl\/wp-json\/wp\/v2\/product"}],"about":[{"href":"https:\/\/yebodaglass.com\/pl\/wp-json\/wp\/v2\/types\/product"}],"version-history":[{"count":5,"href":"https:\/\/yebodaglass.com\/pl\/wp-json\/wp\/v2\/product\/22689\/revisions"}],"predecessor-version":[{"id":25724,"href":"https:\/\/yebodaglass.com\/pl\/wp-json\/wp\/v2\/product\/22689\/revisions\/25724"}],"wp:featuredmedia":[{"embeddable":true,"href":"https:\/\/yebodaglass.com\/pl\/wp-json\/wp\/v2\/media\/25722"}],"wp:attachment":[{"href":"https:\/\/yebodaglass.com\/pl\/wp-json\/wp\/v2\/media?parent=22689"}],"wp:term":[{"taxonomy":"product_brand","embeddable":true,"href":"https:\/\/yebodaglass.com\/pl\/wp-json\/wp\/v2\/product_brand?post=22689"},{"taxonomy":"product_cat","embeddable":true,"href":"https:\/\/yebodaglass.com\/pl\/wp-json\/wp\/v2\/product_cat?post=22689"},{"taxonomy":"product_tag","embeddable":true,"href":"https:\/\/yebodaglass.com\/pl\/wp-json\/wp\/v2\/product_tag?post=22689"}],"curies":[{"name":"wp","href":"https:\/\/api.w.org\/{rel}","templated":true}]}}