{"id":22669,"date":"2025-10-24T13:02:11","date_gmt":"2025-10-24T05:02:11","guid":{"rendered":"https:\/\/yebodaglass.com\/?post_type=product&#038;p=22669"},"modified":"2026-04-10T13:09:23","modified_gmt":"2026-04-10T05:09:23","slug":"wholesale-clear-square-jam-jars-for-canning","status":"publish","type":"product","link":"https:\/\/yebodaglass.com\/pl\/wholesale-clear-square-jam-jars-for-canning\/","title":{"rendered":"Hurtowa sprzeda\u017c przezroczystych kwadratowych s\u0142oik\u00f3w na d\u017cem do przetwor\u00f3w o pojemno\u015bci 100\u2013500 ml"},"content":{"rendered":"<p>Te kwadratowe s\u0142oiki na d\u017cem wykonane s\u0105 z krystalicznie czystego szk\u0142a o g\u0142adkim, czystym designie i wyposa\u017cone w eleganckie metalowe pokrywki w kolorze z\u0142otym lub srebrnym. Doskonale nadaj\u0105 si\u0119 do przechowywania produkt\u00f3w luzem, domowego przetw\u00f3rstwa oraz pakowania produkt\u00f3w r\u0119kodzielniczych dzi\u0119ki doskona\u0142ej szczelno\u015bci.<\/p>\n<h2>Cechy produktu<\/h2>\n<ul>\n<li><strong>Prosty, kwadratowy design butelki o zaokr\u0105glonych rogach:<\/strong> Butelka ma kwadratowy kszta\u0142t z zaokr\u0105glonymi rogami, co pozwala na wygodne trzymanie jej w d\u0142oni i u\u017cywanie do przechowywania w kuchni oraz do pakowania prezent\u00f3w.<\/li>\n<li><strong>Dost\u0119pne s\u0105 dwa rodzaje za\u015blepek uszczelniaj\u0105cych:<\/strong> System obejmuje dwie metalowe nakr\u0119tki, kt\u00f3re klienci mog\u0105 nakr\u0119ci\u0107 na swoje pojemniki, aby uzyska\u0107 bezpieczne zamkni\u0119cie chroni\u0105ce przed wilgoci\u0105 i wyciekami.<\/li>\n<li><strong>Dost\u0119pne r\u00f3\u017cne pojemno\u015bci:<\/strong> Obejmuje r\u00f3\u017cne opcje rozmiar\u00f3w, kt\u00f3re klienci mog\u0105 wykorzysta\u0107 do cel\u00f3w domowych, do komercyjnego butelkowania, do dystrybucji pr\u00f3bek i pakowania prezent\u00f3w.<\/li>\n<\/ul>\n<h2 style=\"text-align: left;\">Kluczowe specyfikacje<\/h2>\n<table class=\"aligncenter\" style=\"border-collapse: collapse; width: 453.02pt;\" border=\"0\" width=\"604\" cellspacing=\"0\" cellpadding=\"0\">\n<tbody>\n<tr style=\"height: 13.50pt;\">\n<td style=\"height: 13.50pt; width: 90.00pt;\" width=\"120\" height=\"18\">Funkcja<\/td>\n<td style=\"width: 363.00pt;\" width=\"484\">Specyfikacja<\/td>\n<\/tr>\n<tr style=\"height: 13.50pt;\">\n<td style=\"height: 13.50pt;\" height=\"18\">Pojemno\u015b\u0107<\/td>\n<td>100 ml, 200 ml, 280 ml, 380 ml, 500 ml<\/td>\n<\/tr>\n<tr style=\"height: 13.50pt;\">\n<td style=\"height: 13.50pt;\" height=\"18\">Kszta\u0142t<\/td>\n<td>Kwadrat<\/td>\n<\/tr>\n<tr style=\"height: 13.50pt;\">\n<td style=\"height: 13.50pt;\" height=\"18\">Wymiary<\/td>\n<td>Erfolgsgeschichte: Wie eine handwerkliche Marke zu einem bekannten Namen wurde<\/td>\n<\/tr>\n<tr style=\"height: 13.50pt;\">\n<td style=\"height: 13.50pt;\" height=\"18\">Tworzywo<\/td>\n<td>Przezroczyste szk\u0142o, srebrno-z\u0142ota pokrywka z PP<\/td>\n<\/tr>\n<tr style=\"height: 13.50pt;\">\n<td style=\"height: 13.50pt;\" height=\"18\">Opcje pokrywy<\/td>\n<td>Empfehlungen zur individuellen Gestaltung von Honiggl\u00e4sern<\/td>\n<\/tr>\n<tr style=\"height: 13.50pt;\">\n<td style=\"height: 13.50pt;\" height=\"18\">Najlepsze dla<\/td>\n<td>Glasfarbe:<\/td>\n<\/tr>\n<tr style=\"height: 13.50pt;\">\n<td style=\"height: 13.50pt;\" height=\"18\">Idealne zastosowanie<\/td>\n<td>Obwohl wir haupts\u00e4chlich Klarglas verwenden, k\u00f6nnen wir f\u00fcr lichtempfindliche Materialien auch bernsteinfarbenes oder gr\u00fcnes Glas anbieten.<\/td>\n<\/tr>\n<\/tbody>\n<\/table>\n<h2>Historia sukcesu<\/h2>\n<p>Nasze \u015bredniej wielko\u015bci kwadratowe s\u0142oiki do d\u017cemu do przetwor\u00f3w ze srebrnymi wieczkami i wyt\u0142oczonym wzorem jag\u00f3d zosta\u0142y wybrane przez ekologiczn\u0105 farm\u0119 jag\u00f3d z siedzib\u0105 w stanie Waszyngton. Efekty tych niestandardowych projekt\u00f3w by\u0142y imponuj\u0105ce: kwadratowe s\u0142oiki pozwoli\u0142y im na 20-procentowy wzrost wydajno\u015bci linii pakuj\u0105cej, a wyrafinowany i indywidualny wygl\u0105d zapewni\u0142 im kontrakt z lini\u0105 premium og\u00f3lnopolskiej sieci supermarket\u00f3w, co oznacza ekspansj\u0119 do 500 sklep\u00f3w. Na tej podstawie zam\u00f3wili 200 000 dodatkowych s\u0142oik\u00f3w, kt\u00f3re zostan\u0105 dostarczone w sezonie letnich zbior\u00f3w owoc\u00f3w, oraz now\u0105 lini\u0119 r\u0119cznie robionych d\u017cem\u00f3w.<\/p>\n<h2>S\u0142oiki na d\u017cem do przetwor\u00f3w \u2013 zalecenia dotycz\u0105ce personalizacji<\/h2>\n<ul>\n<li>Niestandardowe panele etykiet z efektem matowym: Posiadaj\u0105 r\u00f3wne, matowe prostok\u0105ty po jednej lub obu stronach kwadratowych s\u0142oik\u00f3w, aby dobrze przylega\u0142y do \u200b\u200betykiety i zapobiega\u0142y powstawaniu plam.<\/li>\n<li>Wyt\u0142oczony wz\u00f3r pokrywki: Wybierz niestandardowe wyt\u0142oczone logo, nazw\u0119 gospodarstwa lub wz\u00f3r przedstawiaj\u0105cy owoce\/warzywa, kt\u00f3re zostan\u0105 wyt\u0142oczone na g\u00f3rnej cz\u0119\u015bci metalowej pokrywki, nadaj\u0105c jej elegancki wygl\u0105d.<\/li>\n<li>Wyb\u00f3r wy\u015bci\u00f3\u0142ki pokrywki: W przypadku \u017cywno\u015bci zawieraj\u0105cej du\u017co kwas\u00f3w lub t\u0142uszcz\u00f3w dost\u0119pne s\u0105 pokrywki, kt\u00f3re mo\u017cna wy\u0142o\u017cy\u0107 r\u00f3\u017cnymi materia\u0142ami (np. plastizolem bez BPA, bez PVC).<\/li>\n<li>Tekstura antypo\u015blizgowa: Aby zapewni\u0107 lepsz\u0105 przyczepno\u015b\u0107, dodaj delikatne pionowe tekstury lub matowe wyko\u0144czenie na bokach kwadratowych s\u0142oik\u00f3w.<\/li>\n<\/ul>","protected":false},"excerpt":{"rendered":"<p>Przezroczyste, kwadratowe s\u0142oiki na d\u017cem wykonane z przezroczystego szk\u0142a ze srebrnymi lub z\u0142otymi pokrywkami. Idealne do miodu, przetwor\u00f3w lub sos\u00f3w. Sprzeda\u017c bezpo\u015brednia z fabryki i rabaty hurtowe.<\/p>","protected":false},"featured_media":25726,"template":"","meta":[],"product_brand":[],"product_cat":[127,124,122],"product_tag":[],"class_list":{"0":"post-22669","1":"product","2":"type-product","3":"status-publish","4":"has-post-thumbnail","6":"product_cat-glass-honey-jars","7":"product_cat-custom-glass-jars","8":"product_cat-custom-glass-packaging","10":"first","11":"instock","12":"shipping-taxable","13":"product-type-simple"},"jetpack_sharing_enabled":true,"_links":{"self":[{"href":"https:\/\/yebodaglass.com\/pl\/wp-json\/wp\/v2\/product\/22669","targetHints":{"allow":["GET"]}}],"collection":[{"href":"https:\/\/yebodaglass.com\/pl\/wp-json\/wp\/v2\/product"}],"about":[{"href":"https:\/\/yebodaglass.com\/pl\/wp-json\/wp\/v2\/types\/product"}],"version-history":[{"count":5,"href":"https:\/\/yebodaglass.com\/pl\/wp-json\/wp\/v2\/product\/22669\/revisions"}],"predecessor-version":[{"id":25728,"href":"https:\/\/yebodaglass.com\/pl\/wp-json\/wp\/v2\/product\/22669\/revisions\/25728"}],"wp:featuredmedia":[{"embeddable":true,"href":"https:\/\/yebodaglass.com\/pl\/wp-json\/wp\/v2\/media\/25726"}],"wp:attachment":[{"href":"https:\/\/yebodaglass.com\/pl\/wp-json\/wp\/v2\/media?parent=22669"}],"wp:term":[{"taxonomy":"product_brand","embeddable":true,"href":"https:\/\/yebodaglass.com\/pl\/wp-json\/wp\/v2\/product_brand?post=22669"},{"taxonomy":"product_cat","embeddable":true,"href":"https:\/\/yebodaglass.com\/pl\/wp-json\/wp\/v2\/product_cat?post=22669"},{"taxonomy":"product_tag","embeddable":true,"href":"https:\/\/yebodaglass.com\/pl\/wp-json\/wp\/v2\/product_tag?post=22669"}],"curies":[{"name":"wp","href":"https:\/\/api.w.org\/{rel}","templated":true}]}}