{"id":22577,"date":"2025-10-22T13:09:13","date_gmt":"2025-10-22T05:09:13","guid":{"rendered":"https:\/\/yebodaglass.com\/?post_type=product&#038;p=22577"},"modified":"2025-11-04T11:54:26","modified_gmt":"2025-11-04T03:54:26","slug":"little-yogurt-bottles-banana-milk-glass-bottles-supplier","status":"publish","type":"product","link":"https:\/\/yebodaglass.com\/pl\/little-yogurt-bottles-banana-milk-glass-bottles-supplier\/","title":{"rendered":"Butelki jogurtowe Planet Little o pojemno\u015bci 100\u2013200 ml \u2013 kubek deserowy"},"content":{"rendered":"<p>Masz do\u015b\u0107 pojemnik\u00f3w na mleko, kt\u00f3re wygl\u0105daj\u0105 zwyczajnie i przeciekaj\u0105? Tworzymy ma\u0142e buteleczki na jogurt z ozdobnymi gwie\u017adzistymi kulami \u2013 koniec z nudnymi opakowaniami. Te szklane butelki w kszta\u0142cie banan\u00f3w i mleka zamieniaj\u0105 przechowywanie w rado\u015b\u0107. Zam\u00f3wienia hurtowe obejmuj\u0105 niestandardowe szklane butelki, dopasowane do charakteru Twojej marki.<\/p>\n<h2>Cechy produktu<\/h2>\n<p><strong>Cechy konstrukcyjne<\/strong><\/p>\n<p>Elegancki, okr\u0105g\u0142y, przypominaj\u0105cy planet\u0119 kszta\u0142t przedmiotu nadaje mu odmienny, tr\u00f3jwymiarowy wygl\u0105d, dzi\u0119ki czemu mo\u017ce s\u0142u\u017cy\u0107 zar\u00f3wno jako pojemnik na desery, jak i przedmiot dekoracyjny i wystawowy.<\/p>\n<p><strong>Jako\u015b\u0107 materia\u0142u<\/strong><\/p>\n<p>Wykonane z wysoce przezroczystego szk\u0142a spo\u017cywczego, nie zawiera o\u0142owiu, jest bezwonne i odporne na dzia\u0142anie zar\u00f3wno ciep\u0142a, jak i zimna, dzi\u0119ki czemu nadaje si\u0119 do lod\u00f3wki, retorty oraz wielokrotnego mycia i ponownego u\u017cytku.<\/p>\n<p><strong>Wydajno\u015b\u0107 funkcjonalna<\/strong><\/p>\n<p>Szeroki otw\u00f3r u\u0142atwia nape\u0142nianie i serwowanie, gwarantuje szczelne zamkni\u0119cie, a je\u015bli masz r\u00f3\u017cne rodzaje pokrywek (folia aluminiowa lub plastik), mo\u017cesz ich u\u017cy\u0107, aby zapobiec wyciekom i zachowa\u0107 \u015bwie\u017co\u015b\u0107 produktu, dlatego jest to idealne narz\u0119dzie zar\u00f3wno do domu, jak i firmy.<\/p>\n<h2>Kluczowe specyfikacje<\/h2>\n<table style=\"border-collapse: collapse; width: 80%; margin-left: auto; margin-right: auto;\" border=\"0\" width=\"288\" cellspacing=\"0\" cellpadding=\"0\">\n<tbody>\n<tr style=\"height: 13.50pt;\">\n<td style=\"height: 13.5pt; width: 54pt; text-align: center;\" width=\"72\" height=\"18\">Model<\/td>\n<td style=\"width: 54pt; text-align: center;\" width=\"72\">Pojemno\u015b\u0107 (ml)<\/td>\n<td style=\"width: 54pt; text-align: center;\" width=\"72\">Rozmiar (cm)<\/td>\n<td style=\"width: 54pt; text-align: center;\" width=\"72\">Kszta\u0142t<\/td>\n<\/tr>\n<tr style=\"height: 13.50pt;\">\n<td style=\"height: 13.5pt; text-align: center;\" align=\"right\" height=\"18\">64010045<\/td>\n<td style=\"text-align: center;\" align=\"right\">100<\/td>\n<td style=\"text-align: center;\">6.9&#215;6.2<\/td>\n<td class=\"et2\" style=\"text-align: center;\" rowspan=\"2\">Puchar Sfery<\/td>\n<\/tr>\n<tr style=\"height: 13.50pt;\">\n<td style=\"height: 13.5pt; text-align: center;\" align=\"right\" height=\"18\">64020046<\/td>\n<td style=\"text-align: center;\" align=\"right\">200<\/td>\n<td style=\"text-align: center;\">7.9&#215;7.3<\/td>\n<\/tr>\n<\/tbody>\n<\/table>\n<h2>Przypadek sukcesu<\/h2>\n<p>Otrzymali\u015bmy zam\u00f3wienie od ekskluzywnej fabryki jogurtu w Korei Po\u0142udniowej na produkcj\u0119 szklanego kubka do puddingu w kszta\u0142cie planety, kt\u00f3ry b\u0119dzie uzupe\u0142nieniem linii deser\u00f3w. Unikalny, zakrzywiony kszta\u0142t dna natychmiast przyci\u0105gn\u0105\u0142 uwag\u0119 konsument\u00f3w na p\u00f3\u0142ce, nadaj\u0105c marce jogurt\u00f3w i mus\u00f3w radosny, luksusowy i rzemie\u015blniczy charakter.<\/p>\n<p>Co wi\u0119cej, marka zmieni\u0142a design srebrnej aluminiowej pokrywki, aby zapewni\u0107 szczelno\u015b\u0107 i ozdobi\u0107 j\u0105 kwiatowym wzorem, aby pasowa\u0142a do motywu \u201enaturalno\u015bci i \u015bwie\u017co\u015bci\u201d marki. Od\u015bwie\u017cone opakowanie nie tylko poprawi\u0142o wygl\u0105d produktu, ale tak\u017ce poprawi\u0142o warunki przechowywania podczas dostawy.<\/p>\n<p>Sprzeda\u017c detaliczna produktu wzros\u0142a o 45%, a jego dost\u0119pno\u015b\u0107 rozszerzy\u0142a si\u0119 na kilka ekskluzywnych kawiarni i cukierni w ci\u0105gu trzech miesi\u0119cy od premiery.<\/p>\n<h2>Tw\u00f3j podr\u0119cznik personalizacji<\/h2>\n<ol>\n<li><strong>Spersonalizowane nakr\u0119tki i plomby:<\/strong>Istnieje wiele opcji wyboru nakr\u0119tek, np. metalowych, plastikowych lub z zabezpieczeniem przed otwarciem w r\u00f3\u017cnych kolorach (takich jak srebrny, z\u0142oty i bia\u0142y). Co wi\u0119cej, mo\u017cna nadrukowa\u0107 logo marki lub wz\u00f3r, aby produkt by\u0142 nie tylko bardziej u\u017cyteczny, ale tak\u017ce przyci\u0105ga\u0142 wzrok klient\u00f3w.<\/li>\n<li><strong>Indywidualnie dopasowana powierzchnia i projekt:<\/strong>Mo\u017cemy wykona\u0107 jedno lub wi\u0119cej z tych zada\u0144: lukrowanie, t\u0142oczenie na gor\u0105co, malowanie natryskowe lub naklejenie naklejki, aby doda\u0107 przekaz marki lub faktur\u0119 butelki, dzi\u0119ki czemu opakowanie b\u0119dzie bardziej modne i atrakcyjne.<\/li>\n<\/ol>","protected":false},"excerpt":{"rendered":"<p>Niestandardowe, ma\u0142e butelki jogurtu w kszta\u0142cie planety idealnie nadaj\u0105 si\u0119 do mleka bananowego, deser\u00f3w i krem\u00f3w. Wytrzyma\u0142e, wielokrotnego u\u017cytku i idealne dla marek opakowa\u0144 spo\u017cywczych.<\/p>","protected":false},"featured_media":22595,"template":"","meta":[],"product_brand":[],"product_cat":[124,122,130],"product_tag":[],"class_list":{"0":"post-22577","1":"product","2":"type-product","3":"status-publish","4":"has-post-thumbnail","6":"product_cat-custom-glass-jars","7":"product_cat-custom-glass-packaging","8":"product_cat-glass-yogurt-jars","10":"first","11":"instock","12":"shipping-taxable","13":"product-type-simple"},"jetpack_sharing_enabled":true,"_links":{"self":[{"href":"https:\/\/yebodaglass.com\/pl\/wp-json\/wp\/v2\/product\/22577","targetHints":{"allow":["GET"]}}],"collection":[{"href":"https:\/\/yebodaglass.com\/pl\/wp-json\/wp\/v2\/product"}],"about":[{"href":"https:\/\/yebodaglass.com\/pl\/wp-json\/wp\/v2\/types\/product"}],"version-history":[{"count":5,"href":"https:\/\/yebodaglass.com\/pl\/wp-json\/wp\/v2\/product\/22577\/revisions"}],"predecessor-version":[{"id":22613,"href":"https:\/\/yebodaglass.com\/pl\/wp-json\/wp\/v2\/product\/22577\/revisions\/22613"}],"wp:featuredmedia":[{"embeddable":true,"href":"https:\/\/yebodaglass.com\/pl\/wp-json\/wp\/v2\/media\/22595"}],"wp:attachment":[{"href":"https:\/\/yebodaglass.com\/pl\/wp-json\/wp\/v2\/media?parent=22577"}],"wp:term":[{"taxonomy":"product_brand","embeddable":true,"href":"https:\/\/yebodaglass.com\/pl\/wp-json\/wp\/v2\/product_brand?post=22577"},{"taxonomy":"product_cat","embeddable":true,"href":"https:\/\/yebodaglass.com\/pl\/wp-json\/wp\/v2\/product_cat?post=22577"},{"taxonomy":"product_tag","embeddable":true,"href":"https:\/\/yebodaglass.com\/pl\/wp-json\/wp\/v2\/product_tag?post=22577"}],"curies":[{"name":"wp","href":"https:\/\/api.w.org\/{rel}","templated":true}]}}