{"id":22567,"date":"2025-10-22T10:39:21","date_gmt":"2025-10-22T02:39:21","guid":{"rendered":"https:\/\/yebodaglass.com\/?post_type=product&#038;p=22567"},"modified":"2025-11-04T11:54:40","modified_gmt":"2025-11-04T03:54:40","slug":"round-glass-yogurt-milk-bottle-small-dessert-jars-bulk","status":"publish","type":"product","link":"https:\/\/yebodaglass.com\/pl\/round-glass-yogurt-milk-bottle-small-dessert-jars-bulk\/","title":{"rendered":"100-300 ml okr\u0105g\u0142a szklana butelka na mleko jogurtowe \u2013 ma\u0142e s\u0142oiki deserowe hurtowo"},"content":{"rendered":"<article class=\"text-token-text-primary w-full focus:outline-none [--shadow-height:45px] has-data-writing-block:pointer-events-none has-data-writing-block:-mt-(--shadow-height) has-data-writing-block:pt-(--shadow-height) [&amp;:has([data-writing-block])&gt;*]:pointer-events-auto [content-visibility:auto] supports-[content-visibility:auto]:[contain-intrinsic-size:auto_100lvh] scroll-mt-[calc(var(--header-height)+min(200px,max(70px,20svh)))]\" dir=\"auto\" tabindex=\"-1\" data-turn-id=\"request-68f5dfe9-a6a4-8332-b080-aa3dc157db0d-1\" data-testid=\"conversation-turn-42\" data-scroll-anchor=\"true\" data-turn=\"assistant\">Masz do\u015b\u0107 nudnych lub przeciekaj\u0105cych pojemnik\u00f3w na mleko? Tworzymy magiczne butelki na jogurt z okr\u0105g\u0142ym, uroczym wzorem \u2013 koniec z ba\u0142aganem i rozlewaniem. Te ma\u0142e szklane butelki na mleko zamieniaj\u0105 proste przechowywanie w rado\u015b\u0107 z marki. Zam\u00f3wienia hurtowe obejmuj\u0105 niestandardowe szklane butelki, dopasowane do Twojej wizji.<\/p>\n<h2>Cechy produktu<\/h2>\n<p><strong>Okr\u0105g\u0142y urok<\/strong><\/p>\n<p>\u0141agodne kszta\u0142ty sprawiaj\u0105, \u017ce kubeczki \u015bwietnie le\u017c\u0105 w d\u0142oni \u2014 Twoje ma\u0142e szklane butelki na mleko sprawi\u0105, \u017ce ka\u017cdy \u0142yk b\u0119dzie przyjemno\u015bci\u0105.<\/p>\n<p><strong>Szeroko otwarta zabawa<\/strong><\/p>\n<p>\u0141atwe nape\u0142nianie i nabieranie \u2014 koniec z rozlewaniem dzi\u0119ki konstrukcji butelki do mleka jogurtowego.<\/p>\n<p><strong>Krystaliczna przejrzysto\u015b\u0107<\/strong><\/p>\n<p>Szk\u0142o o wysokiej przejrzysto\u015bci pozwala dostrzec ka\u017cdy szczeg\u00f3\u0142 nabia\u0142u \u2014 klienci od razu ufaj\u0105 Twoim ma\u0142ym szklanym butelkom na mleko.<\/p>\n<h2>Kluczowe specyfikacje<\/h2>\n<table style=\"border-collapse: collapse; width: 80%; margin-right: auto; margin-left: auto;\" border=\"0\" width=\"288\" cellspacing=\"0\" cellpadding=\"0\">\n<tbody>\n<tr style=\"height: 13.50pt;\">\n<td style=\"height: 13.5pt; width: 54pt; text-align: center;\" width=\"72\" height=\"18\">Model<\/td>\n<td style=\"width: 54pt; text-align: center;\" width=\"72\">Pojemno\u015b\u0107 (ml)<\/td>\n<td style=\"width: 54pt; text-align: center;\" width=\"72\">Rozmiar (cm)<\/td>\n<td style=\"width: 54pt; text-align: center;\" width=\"72\">Kszta\u0142t<\/td>\n<\/tr>\n<tr style=\"height: 13.50pt;\">\n<td style=\"height: 13.5pt; text-align: center;\" align=\"right\" height=\"18\">64010042<\/td>\n<td style=\"text-align: center;\" align=\"right\">100<\/td>\n<td style=\"text-align: center;\">6.4&#215;6.5<\/td>\n<td class=\"et2\" style=\"text-align: center;\" rowspan=\"3\">Okr\u0105g\u0142e wybrzuszenie<\/td>\n<\/tr>\n<tr style=\"height: 13.50pt;\">\n<td style=\"height: 13.5pt; text-align: center;\" align=\"right\" height=\"18\">64020043<\/td>\n<td style=\"text-align: center;\" align=\"right\">200<\/td>\n<td style=\"text-align: center;\">7.3&#215;7.2<\/td>\n<\/tr>\n<tr style=\"height: 13.50pt;\">\n<td style=\"height: 13.5pt; text-align: center;\" align=\"right\" height=\"18\">64030044<\/td>\n<td style=\"text-align: center;\" align=\"right\">300<\/td>\n<td style=\"text-align: center;\">8.3&#215;8.6<\/td>\n<\/tr>\n<\/tbody>\n<\/table>\n<h2>Przypadek sukcesu<\/h2>\n<p>Firma produkuj\u0105ca pudding workshop zwr\u00f3ci\u0142a si\u0119 do nas z pro\u015bb\u0105 o stworzenie szerokiej, szklanej butelki na jogurt, specjalnie do ich pudding\u00f3w. Ka\u017cda butelka o pojemno\u015bci 200 ml ma szeroki wlew, kt\u00f3ry u\u0142atwia butelkowanie i nabieranie, a zaokr\u0105glony kszta\u0142t nadaje butelce r\u0119cznie robiony wygl\u0105d, idealnie pasuj\u0105cy do koncepcji deser\u00f3w premium.<\/p>\n<p>Opr\u00f3cz szczelnego aluminiowego kapsla, butelka jest r\u00f3wnie\u017c oferowana z \u0142y\u017ceczk\u0105, co zapewnia \u015bwie\u017co\u015b\u0107 i wygod\u0119. Butelka z czystego szk\u0142a to idealny spos\u00f3b na zaprezentowanie deseru.<\/p>\n<p>Zaledwie 2 miesi\u0105ce po wprowadzeniu nowego opakowania liczba skarg dotycz\u0105cych problem\u00f3w z uszczelnieniem spad\u0142a o 85%, a liczba zam\u00f3wie\u0144 hurtowych od dystrybutor\u00f3w wzros\u0142a o 60%.<\/p>\n<h2>Tw\u00f3j podr\u0119cznik personalizacji<\/h2>\n<ol>\n<li><strong>Rozwi\u0105zania w zakresie pokrywek i etykiet dostosowane do indywidualnych potrzeb:<\/strong>Mo\u017cesz wybra\u0107 pokrywki z metalowymi zakr\u0119tkami, drewnianymi pokrywkami lub plastikowymi zatrzaskowymi os\u0142onkami, a nast\u0119pnie umie\u015bci\u0107 na nich swoje logo poprzez wyt\u0142oczenie, sitodruk lub etykietowanie, aby uzyska\u0107 wizualnie rozpoznawaln\u0105 mark\u0119.<\/li>\n<li><strong>Personalizacja odcieni i materia\u0142\u00f3w:<\/strong>Mo\u017cesz spersonalizowa\u0107 szk\u0142o, wybieraj\u0105c kolor przezroczysty, bursztynowy lub matowy, aby dopasowa\u0107 je do stylu swojego produktu, albo zdecydowa\u0107 si\u0119 na stopniowane przyciemnianie, aby warstwowe desery i jogurty wygl\u0105da\u0142y atrakcyjnie i przyci\u0105ga\u0142y wzrok na p\u00f3\u0142kach.<\/li>\n<\/ol>\n<\/article>","protected":false},"excerpt":{"rendered":"<p>Okr\u0105g\u0142a szklana butelka na mleko i jogurt oraz ma\u0142e szklane butelki na mleko, idealne do jogurtu, budyniu lub d\u017cemu. Wielokrotnego u\u017cytku, trwa\u0142e i dostosowane do pakowania deser\u00f3w.<\/p>","protected":false},"featured_media":22571,"template":"","meta":[],"product_brand":[],"product_cat":[124,122,130],"product_tag":[],"class_list":{"0":"post-22567","1":"product","2":"type-product","3":"status-publish","4":"has-post-thumbnail","6":"product_cat-custom-glass-jars","7":"product_cat-custom-glass-packaging","8":"product_cat-glass-yogurt-jars","10":"first","11":"instock","12":"shipping-taxable","13":"product-type-simple"},"jetpack_sharing_enabled":true,"_links":{"self":[{"href":"https:\/\/yebodaglass.com\/pl\/wp-json\/wp\/v2\/product\/22567","targetHints":{"allow":["GET"]}}],"collection":[{"href":"https:\/\/yebodaglass.com\/pl\/wp-json\/wp\/v2\/product"}],"about":[{"href":"https:\/\/yebodaglass.com\/pl\/wp-json\/wp\/v2\/types\/product"}],"version-history":[{"count":5,"href":"https:\/\/yebodaglass.com\/pl\/wp-json\/wp\/v2\/product\/22567\/revisions"}],"predecessor-version":[{"id":22610,"href":"https:\/\/yebodaglass.com\/pl\/wp-json\/wp\/v2\/product\/22567\/revisions\/22610"}],"wp:featuredmedia":[{"embeddable":true,"href":"https:\/\/yebodaglass.com\/pl\/wp-json\/wp\/v2\/media\/22571"}],"wp:attachment":[{"href":"https:\/\/yebodaglass.com\/pl\/wp-json\/wp\/v2\/media?parent=22567"}],"wp:term":[{"taxonomy":"product_brand","embeddable":true,"href":"https:\/\/yebodaglass.com\/pl\/wp-json\/wp\/v2\/product_brand?post=22567"},{"taxonomy":"product_cat","embeddable":true,"href":"https:\/\/yebodaglass.com\/pl\/wp-json\/wp\/v2\/product_cat?post=22567"},{"taxonomy":"product_tag","embeddable":true,"href":"https:\/\/yebodaglass.com\/pl\/wp-json\/wp\/v2\/product_tag?post=22567"}],"curies":[{"name":"wp","href":"https:\/\/api.w.org\/{rel}","templated":true}]}}