{"id":22553,"date":"2025-10-21T17:17:58","date_gmt":"2025-10-21T09:17:58","guid":{"rendered":"https:\/\/yebodaglass.com\/?post_type=product&#038;p=22553"},"modified":"2025-11-04T11:54:58","modified_gmt":"2025-11-04T03:54:58","slug":"custom-glass-milk-bottles-bulk-pudding-container","status":"publish","type":"product","link":"https:\/\/yebodaglass.com\/pl\/custom-glass-milk-bottles-bulk-pudding-container\/","title":{"rendered":"Kwadratowe, niestandardowe szklane butelki na mleko, hurtowe \u2013 100\u2013350 ml, wielokrotnego u\u017cytku, pojemnik na desery i napoje"},"content":{"rendered":"<p>Masz do\u015b\u0107 pojemnik\u00f3w na mleko, kt\u00f3re znikaj\u0105 w tle? Tworzymy niestandardowe szklane butelki na mleko o kwadratowym kszta\u0142cie \u2013 koniec z nudnymi opakowaniami. Te szklane butelki na mleko w du\u017cych ilo\u015bciach zamieniaj\u0105 proste przechowywanie w magi\u0119 marki. Zam\u00f3wienia hurtowe obejmuj\u0105 niestandardowe szklane butelki, kt\u00f3re pasuj\u0105 do Twojej wizji.<\/p>\n<h2>Cechy produktu<\/h2>\n<p><strong>Cechy konstrukcyjne<\/strong><\/p>\n<p>Butelka o kwadratowym, pionowym kszta\u0142cie charakteryzuje si\u0119 prostymi, geometrycznymi elementami bez zb\u0119dnych ozd\u00f3b i harmonijn\u0105 sylwetk\u0105, tworz\u0105c modny i przyci\u0105gaj\u0105cy wzrok produkt. Zamkni\u0119cie w kszta\u0142cie korony umo\u017cliwia wygodne zamkni\u0119cie, dzi\u0119ki czemu mo\u017ce by\u0107 stosowana zar\u00f3wno w zastosowaniach komercyjnych, jak i domowych.<\/p>\n<p><strong>Jako\u015b\u0107 materia\u0142u<\/strong><\/p>\n<p>Wykonany jest z wysokiej jako\u015bci szk\u0142a spo\u017cywczego bezo\u0142owiowego, o wysokiej przezroczysto\u015bci. Nie wydziela zapachu i charakteryzuje si\u0119 bardzo dobr\u0105 odporno\u015bci\u0105 na niskie i wysokie temperatury, dzi\u0119ki czemu doskonale nadaje si\u0119 do przechowywania \u015bwie\u017cych i smacznych napoj\u00f3w lub deser\u00f3w.<\/p>\n<p><strong>Wydajno\u015b\u0107 funkcjonalna<\/strong><\/p>\n<p>Ta gruba i szczelna butelka jest przeznaczona do wielu zastosowa\u0144, dlatego stanowi doskona\u0142e rozwi\u0105zanie dla zachowania \u015bwie\u017co\u015bci. Dzi\u0119ki kwadratowemu kszta\u0142towi butelk\u0119 mo\u017cna umie\u015bci\u0107 na p\u00f3\u0142ce i uk\u0142ada\u0107 warstwami, co zapewnia wi\u0119ksz\u0105 stabilno\u015b\u0107 podczas transportu.<\/p>\n<p><strong>Opcje dostosowywania<\/strong><\/p>\n<p>Zmieniaj\u0105c pojemno\u015b\u0107, umieszczaj\u0105c logo, etykietuj\u0105c butelk\u0119 i wybieraj\u0105c nakr\u0119tk\u0119 (aluminiow\u0105, plastikow\u0105 lub zabezpieczon\u0105 przed otwarciem), mo\u017cna \u0142atwo stworzy\u0107 wizerunek marki, kt\u00f3ry b\u0119dzie si\u0119 wyr\u00f3\u017cnia\u0142 na tle innych.<\/p>\n<h2>Kluczowe specyfikacje<\/h2>\n<table style=\"border-collapse: collapse; width: 80%; margin-left: auto; margin-right: auto;\" border=\"0\" width=\"288\" cellspacing=\"0\" cellpadding=\"0\">\n<tbody>\n<tr style=\"height: 13.50pt;\">\n<td style=\"height: 13.5pt; width: 54pt; text-align: center;\" width=\"72\" height=\"18\">Model<\/td>\n<td style=\"width: 54pt; text-align: center;\" width=\"72\">Pojemno\u015b\u0107 (ml)<\/td>\n<td style=\"width: 54pt; text-align: center;\" width=\"72\">Rozmiar (cm)<\/td>\n<td style=\"width: 54pt; text-align: center;\" width=\"72\">Kszta\u0142t<\/td>\n<\/tr>\n<tr style=\"height: 13.50pt;\">\n<td style=\"height: 13.5pt; text-align: center;\" align=\"right\" height=\"18\">64010040<\/td>\n<td style=\"text-align: center;\" align=\"right\">100<\/td>\n<td style=\"text-align: center;\">5,0\u00d75,0x9,6<\/td>\n<td class=\"et2\" style=\"text-align: center;\" rowspan=\"2\">Kwadrat<\/td>\n<\/tr>\n<tr style=\"height: 13.50pt;\">\n<td style=\"height: 13.5pt; text-align: center;\" align=\"right\" height=\"18\">64035041<\/td>\n<td style=\"text-align: center;\" align=\"right\">350<\/td>\n<td style=\"text-align: center;\">6,0\u00d76,0x16,1<\/td>\n<\/tr>\n<\/tbody>\n<\/table>\n<h2>Historia sukcesu<\/h2>\n<p>Aby od\u015bwie\u017cy\u0107 sw\u00f3j wizerunek, marka mleczarska zdecydowa\u0142a si\u0119 na zmiany w opakowaniach i nawi\u0105za\u0142a z nami wsp\u00f3\u0142prac\u0119, aby stworzy\u0107 niestandardow\u0105, kwadratow\u0105, szklan\u0105 butelk\u0119 na mleko. Opr\u00f3cz tego, \u017ce kwadratowy design sprawia, \u017ce \u200b\u200bbutelka wygl\u0105da modnie i przyci\u0105ga wzrok, ten ostatni pomaga r\u00f3wnie\u017c zmaksymalizowa\u0107 przestrze\u0144 do przechowywania i przechowywania, zar\u00f3wno w ch\u0142odniach sklepowych, jak i w paczkach wysy\u0142kowych. Mleko wydaje si\u0119 najwy\u017cszej jako\u015bci dzi\u0119ki zastosowaniu szk\u0142a o bardzo wysokiej przejrzysto\u015bci.<\/p>\n<p>Po zmianie opakowa\u0144 mleczarnia poinformowa\u0142a, \u017ce \u200b\u200bw ci\u0105gu pierwszego miesi\u0105ca liczba skarg dotycz\u0105cych rozlewania mleka spad\u0142a o 75%, a liczba zam\u00f3wie\u0144 hurtowych wzros\u0142a o 65%.<\/p>\n<h2>Tw\u00f3j podr\u0119cznik personalizacji<\/h2>\n<ol>\n<li><strong>Konfiguracja nakr\u0119tki i uszczelki na wymiar:<\/strong>Do wyboru jest wiele materia\u0142\u00f3w i styl\u00f3w nasadek, takich jak metalowe, plastikowe czy antykradzie\u017cowe. Nadruk z logo marki lub wzorem mo\u017ce sta\u0107 si\u0119 rozpoznawalnym elementem marki, a tak\u017ce podnie\u015b\u0107 jej og\u00f3ln\u0105 jako\u015b\u0107.<\/li>\n<li><strong>Spersonalizowany wygl\u0105d i identyfikacja marki:<\/strong>Umo\u017cliwiamy branding na butelce w formie sitodruku, szronu, etykietowania lub hot-stampingu. Mo\u017cemy wyprodukowa\u0107 szk\u0142o przezroczyste, szronione lub barwione, aby idealnie dopasowa\u0107 si\u0119 do charakteru Twojej marki i jej pozycji na rynku.<\/li>\n<\/ol>","protected":false},"excerpt":{"rendered":"<p>Kwadratowe, niestandardowe szklane butelki na mleko i luzem, idealne do pakowania deser\u00f3w, mleka lub sok\u00f3w. Trwa\u0142e, wielokrotnego u\u017cytku i personalizowane dla marek premium.<\/p>","protected":false},"featured_media":22557,"template":"","meta":[],"product_brand":[],"product_cat":[123,122,131],"product_tag":[],"class_list":{"0":"post-22553","1":"product","2":"type-product","3":"status-publish","4":"has-post-thumbnail","6":"product_cat-custom-glass-bottles","7":"product_cat-custom-glass-packaging","8":"product_cat-glass-milk-bottles","10":"first","11":"instock","12":"shipping-taxable","13":"product-type-simple"},"jetpack_sharing_enabled":true,"_links":{"self":[{"href":"https:\/\/yebodaglass.com\/pl\/wp-json\/wp\/v2\/product\/22553","targetHints":{"allow":["GET"]}}],"collection":[{"href":"https:\/\/yebodaglass.com\/pl\/wp-json\/wp\/v2\/product"}],"about":[{"href":"https:\/\/yebodaglass.com\/pl\/wp-json\/wp\/v2\/types\/product"}],"version-history":[{"count":4,"href":"https:\/\/yebodaglass.com\/pl\/wp-json\/wp\/v2\/product\/22553\/revisions"}],"predecessor-version":[{"id":22561,"href":"https:\/\/yebodaglass.com\/pl\/wp-json\/wp\/v2\/product\/22553\/revisions\/22561"}],"wp:featuredmedia":[{"embeddable":true,"href":"https:\/\/yebodaglass.com\/pl\/wp-json\/wp\/v2\/media\/22557"}],"wp:attachment":[{"href":"https:\/\/yebodaglass.com\/pl\/wp-json\/wp\/v2\/media?parent=22553"}],"wp:term":[{"taxonomy":"product_brand","embeddable":true,"href":"https:\/\/yebodaglass.com\/pl\/wp-json\/wp\/v2\/product_brand?post=22553"},{"taxonomy":"product_cat","embeddable":true,"href":"https:\/\/yebodaglass.com\/pl\/wp-json\/wp\/v2\/product_cat?post=22553"},{"taxonomy":"product_tag","embeddable":true,"href":"https:\/\/yebodaglass.com\/pl\/wp-json\/wp\/v2\/product_tag?post=22553"}],"curies":[{"name":"wp","href":"https:\/\/api.w.org\/{rel}","templated":true}]}}