{"id":22539,"date":"2025-10-21T11:23:10","date_gmt":"2025-10-21T03:23:10","guid":{"rendered":"https:\/\/yebodaglass.com\/?post_type=product&#038;p=22539"},"modified":"2026-04-14T10:09:05","modified_gmt":"2026-04-14T02:09:05","slug":"wholesale-clear-hexagonal-jam-jars-280ml-380ml-500ml-730ml","status":"publish","type":"product","link":"https:\/\/yebodaglass.com\/pl\/wholesale-clear-hexagonal-jam-jars-280ml-380ml-500ml-730ml\/","title":{"rendered":"Hurtowa sprzeda\u017c przezroczystych sze\u015bciok\u0105tnych s\u0142oik\u00f3w na d\u017cem 280 ml 380 ml 500 ml 730 ml"},"content":{"rendered":"<p>Te sze\u015bciok\u0105tne s\u0142oiki na d\u017cem uwydatniaj\u0105 sw\u00f3j design dzi\u0119ki ca\u0142kowicie sze\u015bciok\u0105tnemu kszta\u0142towi, kt\u00f3ry \u0142\u0105czy si\u0119 z przezroczystym materia\u0142em szklanym i czarn\u0105 metalow\u0105 zakr\u0119tk\u0105, kt\u00f3ra zapewnia ochron\u0119 przed wyciekaniem.<\/p>\n<h2>Cechy produktu<\/h2>\n<ul>\n<li><strong>Bezpieczna czarna metalowa czapka:<\/strong> Czarna metalowa zakr\u0119tka gwarantuje wysoki stopie\u0144 niezawodno\u015bci i integralno\u015bci, a tak\u017ce nadaje modny, schludny wygl\u0105d.<\/li>\n<li><strong>Wydajna konstrukcja sze\u015bciok\u0105tna:<\/strong> Sze\u015bciok\u0105tna konstrukcja umo\u017cliwia uk\u0142adanie element\u00f3w blisko siebie, co oszcz\u0119dza miejsce i tworzy mocn\u0105 ram\u0119 zapobiegaj\u0105c\u0105 staczaniu si\u0119.<\/li>\n<li><strong>Dost\u0119pne r\u00f3\u017cne rozmiary:<\/strong> Oferuj\u0105c pojemniki o r\u00f3\u017cnych rozmiarach, mo\u017cna wybra\u0107 ten najbardziej odpowiedni do swoich potrzeb w zakresie przechowywania.<\/li>\n<\/ul>\n<h2 style=\"text-align: left;\">Kluczowe specyfikacje<\/h2>\n<table class=\"aligncenter\" style=\"border-collapse: collapse; width: 327.02pt;\" border=\"0\" width=\"436\" cellspacing=\"0\" cellpadding=\"0\">\n<tbody>\n<tr style=\"height: 13.50pt;\">\n<td style=\"height: 13.50pt; width: 90.00pt;\" width=\"120\" height=\"18\">Funkcja<\/td>\n<td style=\"width: 237.00pt;\" width=\"316\">Specyfikacja<\/td>\n<\/tr>\n<tr style=\"height: 13.50pt;\">\n<td style=\"height: 13.50pt;\" height=\"18\">Pojemno\u015b\u0107<\/td>\n<td>280 ml, 380 ml, 500 ml, 730 ml<\/td>\n<\/tr>\n<tr style=\"height: 13.50pt;\">\n<td style=\"height: 13.50pt;\" height=\"18\">Kszta\u0142t<\/td>\n<td>Sze\u015bciok\u0105tny<\/td>\n<\/tr>\n<tr style=\"height: 13.50pt;\">\n<td style=\"height: 13.50pt;\" height=\"18\">Wymiary<\/td>\n<td>od 5,8 \u00d7 10,0 cm do 7,5 \u00d7 12,2 cm<\/td>\n<\/tr>\n<tr style=\"height: 13.50pt;\">\n<td style=\"height: 13.50pt;\" height=\"18\">Tworzywo<\/td>\n<td>Przezroczyste szk\u0142o, czarna zakr\u0119tka z PP<\/td>\n<\/tr>\n<tr style=\"height: 13.50pt;\">\n<td style=\"height: 13.50pt;\" height=\"18\">Opcje pokrywy<\/td>\n<td>Czarny (dost\u0119pne kolory niestandardowe)<\/td>\n<\/tr>\n<tr style=\"height: 13.50pt;\">\n<td style=\"height: 13.50pt;\" height=\"18\">Najlepsze dla<\/td>\n<td>Surowy mi\u00f3d, mieszanki zio\u0142owe, zestawy prezentowe<\/td>\n<\/tr>\n<tr style=\"height: 13.50pt;\">\n<td style=\"height: 13.50pt;\" height=\"18\">Idealne zastosowanie<\/td>\n<td>S\u0142oiki na d\u017cemy, pojemniki na mi\u00f3d, sze\u015bciok\u0105tne<\/td>\n<\/tr>\n<\/tbody>\n<\/table>\n<h2>Historia sukcesu: linia premium szkockiej marki miodu rzemie\u015blniczego<\/h2>\n<p>Nasze sze\u015bciok\u0105tne s\u0142oiki na d\u017cem zosta\u0142y wybrane przez szkockiego rzemie\u015blnika, kt\u00f3ry opracowa\u0142 nakr\u0119tk\u0119 z nadrukiem sitodrukowym w z\u0142otym wzorze plastra miodu. Unikalny wz\u00f3r butelki sprawi\u0142, \u017ce produkt wyr\u00f3\u017cnia\u0142 si\u0119 na p\u00f3\u0142kach sklep\u00f3w z \u017cywno\u015bci\u0105 specjalistyczn\u0105, zwi\u0119kszaj\u0105c sprzeda\u017c o 40%. Geometryczny kszta\u0142t zapewni\u0142 o 30% wi\u0119cej miejsca na etykiet\u0119 w por\u00f3wnaniu ze s\u0142oikami okr\u0105g\u0142ymi. Marka odnios\u0142a ogromny sukces, co doprowadzi\u0142o do dodatkowego zam\u00f3wienia 280 000 s\u0142oik\u00f3w na d\u017cem, niezb\u0119dnych do wprowadzenia na rynek nowej linii produkt\u00f3w upominkowych o strukturze plastra miodu i syrop\u00f3w smakowych.<\/p>\n<h2>Rekomendacja dotycz\u0105ca personalizacji pojemnik\u00f3w na mi\u00f3d<\/h2>\n<ul>\n<li>Grawerowanie szk\u0142a na zam\u00f3wienie: Na panelach szklanych mo\u017cna umie\u015bci\u0107 wzory, loga i elementy regionalne grawerowane laserowo, co nada firmie unikaln\u0105 i wysokiej jako\u015bci identyfikacj\u0119 marki.<\/li>\n<li>Wszystkie kolory i wyko\u0144czenia pokryw: Dost\u0119pne s\u0105 r\u00f3\u017cne kolory i wyko\u0144czenia pokryw (z\u0142oto, br\u0105z, szczotkowana stal lub biel).<\/li>\n<li>Naszyjnik ze sk\u00f3ry lub liny: S\u0142oik nabiera rustykalnego, r\u0119cznie wykonanego wygl\u0105du dzi\u0119ki dodaniu paska sk\u00f3ry lub liny, kt\u00f3ry stanowi dodatkow\u0105 ozdob\u0119 na szyi s\u0142oika.<\/li>\n<\/ul>","protected":false},"excerpt":{"rendered":"<p>Wytrzyma\u0142e, sze\u015bciok\u0105tne s\u0142oiki na d\u017cem z przezroczystym korpusem i szczelnymi pokrywkami. Praktyczne pojemniki na mi\u00f3d do sprzeda\u017cy detalicznej, na prezent i do przechowywania miodu w du\u017cych ilo\u015bciach. Szybka wysy\u0142ka.<\/p>","protected":false},"featured_media":22649,"template":"","meta":[],"product_brand":[],"product_cat":[127,124,122],"product_tag":[],"class_list":{"0":"post-22539","1":"product","2":"type-product","3":"status-publish","4":"has-post-thumbnail","6":"product_cat-glass-honey-jars","7":"product_cat-custom-glass-jars","8":"product_cat-custom-glass-packaging","10":"first","11":"instock","12":"shipping-taxable","13":"product-type-simple"},"jetpack_sharing_enabled":true,"_links":{"self":[{"href":"https:\/\/yebodaglass.com\/pl\/wp-json\/wp\/v2\/product\/22539","targetHints":{"allow":["GET"]}}],"collection":[{"href":"https:\/\/yebodaglass.com\/pl\/wp-json\/wp\/v2\/product"}],"about":[{"href":"https:\/\/yebodaglass.com\/pl\/wp-json\/wp\/v2\/types\/product"}],"version-history":[{"count":5,"href":"https:\/\/yebodaglass.com\/pl\/wp-json\/wp\/v2\/product\/22539\/revisions"}],"predecessor-version":[{"id":25772,"href":"https:\/\/yebodaglass.com\/pl\/wp-json\/wp\/v2\/product\/22539\/revisions\/25772"}],"wp:featuredmedia":[{"embeddable":true,"href":"https:\/\/yebodaglass.com\/pl\/wp-json\/wp\/v2\/media\/22649"}],"wp:attachment":[{"href":"https:\/\/yebodaglass.com\/pl\/wp-json\/wp\/v2\/media?parent=22539"}],"wp:term":[{"taxonomy":"product_brand","embeddable":true,"href":"https:\/\/yebodaglass.com\/pl\/wp-json\/wp\/v2\/product_brand?post=22539"},{"taxonomy":"product_cat","embeddable":true,"href":"https:\/\/yebodaglass.com\/pl\/wp-json\/wp\/v2\/product_cat?post=22539"},{"taxonomy":"product_tag","embeddable":true,"href":"https:\/\/yebodaglass.com\/pl\/wp-json\/wp\/v2\/product_tag?post=22539"}],"curies":[{"name":"wp","href":"https:\/\/api.w.org\/{rel}","templated":true}]}}