{"id":22531,"date":"2025-10-21T11:32:49","date_gmt":"2025-10-21T03:32:49","guid":{"rendered":"https:\/\/yebodaglass.com\/?post_type=product&#038;p=22531"},"modified":"2025-11-04T11:55:47","modified_gmt":"2025-11-04T03:55:47","slug":"custom-heart-glass-yogurt-bottles-for-romantic-dessert-bulk","status":"publish","type":"product","link":"https:\/\/yebodaglass.com\/pl\/custom-heart-glass-yogurt-bottles-for-romantic-dessert-bulk\/","title":{"rendered":"100 ml, 150 ml, 250 ml, szklane butelki na jogurt Double Heart do deser\u00f3w"},"content":{"rendered":"<div class=\"text-base my-auto mx-auto pb-10 [--thread-content-margin:--spacing(4)] thread-sm:[--thread-content-margin:--spacing(6)] thread-lg:[--thread-content-margin:--spacing(16)] px-(--thread-content-margin)\">\n<div class=\"[--thread-content-max-width:40rem] thread-lg:[--thread-content-max-width:48rem] mx-auto max-w-(--thread-content-max-width) flex-1 group\/turn-messages focus-visible:outline-hidden relative flex w-full min-w-0 flex-col agent-turn\" tabindex=\"-1\">\n<div class=\"flex max-w-full flex-col grow\">\n<div class=\"min-h-8 text-message relative flex w-full flex-col items-end gap-2 text-start break-words whitespace-normal [.text-message+&amp;]:mt-1\" dir=\"auto\" data-message-author-role=\"assistant\" data-message-id=\"8d18012a-fb48-4b95-868b-4e577d237289\" data-message-model-slug=\"gpt-5\">\n<div class=\"flex w-full flex-col gap-1 empty:hidden first:pt-[1px]\">\n<div class=\"markdown prose dark:prose-invert w-full break-words light markdown-new-styling\">\n<p>Masz do\u015b\u0107 pojemnik\u00f3w na mleko, kt\u00f3re znikaj\u0105 w tle? Tworzymy szklane butelki na jogurt w kszta\u0142cie serca \u2013 koniec z nudnymi opakowaniami. Te szklane butelki na jogurt zamieniaj\u0105 proste przechowywanie w romantyczn\u0105 opowie\u015b\u0107. Zam\u00f3wienia hurtowe obejmuj\u0105 spersonalizowane szklane butelki na jogurt, kt\u00f3re pasuj\u0105 do serca Twojej marki.<\/p>\n<h2>Cechy produktu<\/h2>\n<p><strong>Zawieszka w kszta\u0142cie serca<\/strong><\/p>\n<p>Podw\u00f3jnie wyt\u0142oczony wz\u00f3r serca \u2013 Twoje szklane butelki na jogurt urzekn\u0105 Ci\u0119 od pierwszego wejrzenia.<\/p>\n<p><strong>Bezpieczna plomba<\/strong><\/p>\n<p>Lekko rozszerzona szyjka \u2013 zapewnia \u015bwie\u017co\u015b\u0107 i zapobiega wyciekaniu podczas transportu.<\/p>\n<p><strong>Krystalicznie czysty<\/strong><\/p>\n<p>Wysoce przejrzyste szk\u0142o od razu ujawnia jako\u015b\u0107, co zyskuje zaufanie klient\u00f3w.<\/p>\n<p><strong>Spersonalizowana magia mi\u0142o\u015bci<\/strong><\/p>\n<p>Wydrukuj swoje logo na szklanych butelkach jogurtu \u2013 dzi\u0119ki temu Tw\u00f3j produkt b\u0119dzie bardziej zapami\u0119tywalny.<\/p>\n<h2>Kluczowe specyfikacje<\/h2>\n<table style=\"border-collapse: collapse; width: 80%; margin-left: auto; margin-right: auto;\" border=\"0\" width=\"288\" cellspacing=\"0\" cellpadding=\"0\">\n<tbody>\n<tr style=\"height: 13.50pt;\">\n<td style=\"height: 13.5pt; width: 54pt; text-align: center;\" width=\"72\" height=\"18\">Model<\/td>\n<td style=\"width: 54pt; text-align: center;\" width=\"72\">Pojemno\u015b\u0107 (ml)<\/td>\n<td style=\"width: 54pt; text-align: center;\" width=\"72\">Rozmiar (cm)<\/td>\n<td style=\"width: 54pt; text-align: center;\" width=\"72\">Wz\u00f3r<\/td>\n<\/tr>\n<tr style=\"height: 13.50pt;\">\n<td style=\"height: 13.5pt; text-align: center;\" align=\"right\" height=\"18\">64010035<\/td>\n<td style=\"text-align: center;\" align=\"right\">100<\/td>\n<td style=\"text-align: center;\">6.2&#215;6.7<\/td>\n<td class=\"et2\" style=\"text-align: center;\" rowspan=\"3\">Podw\u00f3jne serce<\/td>\n<\/tr>\n<tr style=\"height: 13.50pt;\">\n<td style=\"height: 13.5pt; text-align: center;\" align=\"right\" height=\"18\">64015036<\/td>\n<td style=\"text-align: center;\" align=\"right\">150<\/td>\n<td style=\"text-align: center;\">6.3&#215;7.9<\/td>\n<\/tr>\n<tr style=\"height: 13.50pt;\">\n<td style=\"height: 13.5pt; text-align: center;\" align=\"right\" height=\"18\">64025037<\/td>\n<td style=\"text-align: center;\" align=\"right\">250<\/td>\n<td style=\"text-align: center;\">7.0&#215;9.6<\/td>\n<\/tr>\n<\/tbody>\n<\/table>\n<h2>Przypadek sukcesu<\/h2>\n<p>Europejska marka jogurt\u00f3w zwr\u00f3ci\u0142a si\u0119 do nas z pro\u015bb\u0105 o stworzenie niestandardowych szklanych butelek na jogurt o pojemno\u015bci 200 ml. Butelki z wyt\u0142oczonym sercem, zamykane foliow\u0105 nakr\u0119tk\u0105, nie tylko nadaj\u0105 urocz\u0105, r\u0119cznie wykonan\u0105 form\u0119, ale s\u0105 r\u00f3wnie\u017c bardzo atrakcyjne dla konsument\u00f3w lod\u00f3wek sklepowych.<\/p>\n<p>Matowe wyko\u0144czenie nakr\u0119tek r\u00f3wnie\u017c dopasowali\u015bmy do smak\u00f3w \u2013 r\u00f3\u017cowe do truskawki, jasnoniebieskie do jag\u00f3d i be\u017cowe do wanilii. Szk\u0142o jest nie tylko grube i nadaje si\u0119 do kontaktu z \u017cywno\u015bci\u0105, ale r\u00f3wnie\u017c przyczynia si\u0119 do \u015bwie\u017co\u015bci produktu, a butelki s\u0105 bardziej masywne, co wzmacnia wizerunek marki \u201estarannie wykonanej\u201d.<\/p>\n<p>Dzi\u0119ki zmianie sposobu pakowania liczba reklamacji klient\u00f3w spad\u0142a o 60%, a liczba zam\u00f3wie\u0144 hurtowych wzros\u0142a o 50%.<\/p>\n<h2>Tw\u00f3j podr\u0119cznik personalizacji<\/h2>\n<ol>\n<li><strong>Grawerowanie spersonalizowane:<\/strong>Dodaj do s\u0142oika w\u0142asne imiona, daty lub kr\u00f3tkie wiadomo\u015bci z okazji \u015blubu lub kolekcji prezent\u00f3w.<\/li>\n<li><strong>Opcje niestandardowych pokryw:<\/strong>Wybierz pokrywk\u0119 z korka, bambusa lub kolorowego metalu, aby dopasowa\u0107 j\u0105 do r\u00f3\u017cnych motyw\u00f3w lub styl\u00f3w marki.<\/li>\n<\/ol>\n<\/div>\n<\/div>\n<\/div>\n<\/div>\n<\/div>\n<\/div>","protected":false},"excerpt":{"rendered":"<p>Urocze, szklane butelki na jogurt w kszta\u0142cie podw\u00f3jnego serca, idealne do deser\u00f3w, d\u017cem\u00f3w lub \u015bwiec. Romantyczne szklane s\u0142oiki idealne na prezent lub specjalne okazje.<\/p>","protected":false},"featured_media":22536,"template":"","meta":[],"product_brand":[],"product_cat":[124,122,130],"product_tag":[],"class_list":{"0":"post-22531","1":"product","2":"type-product","3":"status-publish","4":"has-post-thumbnail","6":"product_cat-custom-glass-jars","7":"product_cat-custom-glass-packaging","8":"product_cat-glass-yogurt-jars","10":"first","11":"instock","12":"shipping-taxable","13":"product-type-simple"},"jetpack_sharing_enabled":true,"_links":{"self":[{"href":"https:\/\/yebodaglass.com\/pl\/wp-json\/wp\/v2\/product\/22531","targetHints":{"allow":["GET"]}}],"collection":[{"href":"https:\/\/yebodaglass.com\/pl\/wp-json\/wp\/v2\/product"}],"about":[{"href":"https:\/\/yebodaglass.com\/pl\/wp-json\/wp\/v2\/types\/product"}],"version-history":[{"count":6,"href":"https:\/\/yebodaglass.com\/pl\/wp-json\/wp\/v2\/product\/22531\/revisions"}],"predecessor-version":[{"id":22563,"href":"https:\/\/yebodaglass.com\/pl\/wp-json\/wp\/v2\/product\/22531\/revisions\/22563"}],"wp:featuredmedia":[{"embeddable":true,"href":"https:\/\/yebodaglass.com\/pl\/wp-json\/wp\/v2\/media\/22536"}],"wp:attachment":[{"href":"https:\/\/yebodaglass.com\/pl\/wp-json\/wp\/v2\/media?parent=22531"}],"wp:term":[{"taxonomy":"product_brand","embeddable":true,"href":"https:\/\/yebodaglass.com\/pl\/wp-json\/wp\/v2\/product_brand?post=22531"},{"taxonomy":"product_cat","embeddable":true,"href":"https:\/\/yebodaglass.com\/pl\/wp-json\/wp\/v2\/product_cat?post=22531"},{"taxonomy":"product_tag","embeddable":true,"href":"https:\/\/yebodaglass.com\/pl\/wp-json\/wp\/v2\/product_tag?post=22531"}],"curies":[{"name":"wp","href":"https:\/\/api.w.org\/{rel}","templated":true}]}}