{"id":22511,"date":"2025-10-21T10:29:18","date_gmt":"2025-10-21T02:29:18","guid":{"rendered":"https:\/\/yebodaglass.com\/?post_type=product&#038;p=22511"},"modified":"2025-11-28T15:58:15","modified_gmt":"2025-11-28T07:58:15","slug":"mini-transparent-glass-yogurt-bottles-wholesale-dessert-container","status":"publish","type":"product","link":"https:\/\/yebodaglass.com\/pl\/mini-transparent-glass-yogurt-bottles-wholesale-dessert-container\/","title":{"rendered":"Ma\u0142e przezroczyste szklane butelki na jogurt \u2013 hurtowe \u2013 pojemniki na desery 100\u2013200 ml"},"content":{"rendered":"<div class=\"text-base my-auto mx-auto pb-10 [--thread-content-margin:--spacing(4)] thread-sm:[--thread-content-margin:--spacing(6)] thread-lg:[--thread-content-margin:--spacing(16)] px-(--thread-content-margin)\">\n<div class=\"[--thread-content-max-width:40rem] thread-lg:[--thread-content-max-width:48rem] mx-auto max-w-(--thread-content-max-width) flex-1 group\/turn-messages focus-visible:outline-hidden relative flex w-full min-w-0 flex-col agent-turn\" tabindex=\"-1\">\n<div class=\"flex max-w-full flex-col grow\">\n<div class=\"min-h-8 text-message relative flex w-full flex-col items-end gap-2 text-start break-words whitespace-normal [.text-message+&amp;]:mt-1\" dir=\"auto\" data-message-author-role=\"assistant\" data-message-id=\"26beda35-2f10-4dda-a7c4-c139e3bf47ff\" data-message-model-slug=\"gpt-5\">\n<div class=\"flex w-full flex-col gap-1 empty:hidden first:pt-[1px]\">\n<div class=\"markdown prose dark:prose-invert w-full break-words light markdown-new-styling\">\n<p>Masz do\u015b\u0107 pojemnik\u00f3w na mleko, kt\u00f3re si\u0119 rozlewaj\u0105 lub trac\u0105 \u015bwie\u017co\u015b\u0107? Tworzymy szklane butelki na mleko z pokrywk\u0105, idealne do deser\u00f3w \u2013 koniec z ba\u0142aganem przy \u0142y\u017cce. Te szklane pojemniki na mleko zamieniaj\u0105 s\u0142odkie opakowanie w zaufanie. Zam\u00f3wienia hurtowe obejmuj\u0105 niestandardowe szklane butelki, dopasowane do charakteru Twojej marki.<\/p>\n<h2>Cechy produktu<\/h2>\n<p><strong>Stylowy, falbaniasty design<\/strong><\/p>\n<p>Pionowe \u017cebrowanie nadaje powierzchni przyjemn\u0105 w dotyku faktur\u0119 i sprawia, \u017ce \u200b\u200bszk\u0142o wygl\u0105da bardziej atrakcyjnie.<\/p>\n<p><strong>Wytrzyma\u0142y szklany element<\/strong><\/p>\n<p>Do produkcji u\u017cyto szk\u0142a o du\u017cej grubo\u015bci i wysokiej jako\u015bci, dzi\u0119ki czemu produkt jest trwa\u0142y.<\/p>\n<p><strong>Wielofunkcyjny<\/strong><\/p>\n<p>\u015awietnie nadaje si\u0119 do deser\u00f3w, jogurt\u00f3w, lod\u00f3w, a nawet do wyrobu \u015bwiec.<\/p>\n<p><strong>Wielokrotnego u\u017cytku i przyjazne dla \u015brodowiska<\/strong><\/p>\n<p>Produkt ten doskonale wpisuje si\u0119 w ekologiczny styl \u017cycia, gdy\u017c \u0142atwo utrzyma\u0107 go w higienicznych warunkach.<\/p>\n<h2>Kluczowe specyfikacje<\/h2>\n<table style=\"border-collapse: collapse; width: 80%; margin-left: auto; margin-right: auto;\" border=\"0\" width=\"288\" cellspacing=\"0\" cellpadding=\"0\">\n<tbody>\n<tr style=\"height: 13.50pt;\">\n<td style=\"height: 13.5pt; width: 54pt; text-align: center;\" width=\"72\" height=\"18\">Model<\/td>\n<td style=\"width: 54pt; text-align: center;\" width=\"72\">Pojemno\u015b\u0107 (ml)<\/td>\n<td style=\"width: 54pt; text-align: center;\" width=\"72\">Rozmiar (cm)<\/td>\n<td style=\"width: 54pt; text-align: center;\" width=\"72\">Wz\u00f3r<\/td>\n<\/tr>\n<tr style=\"height: 13.50pt;\">\n<td style=\"height: 13.5pt; text-align: center;\" align=\"right\" height=\"18\">64010031<\/td>\n<td style=\"text-align: center;\" align=\"right\">100<\/td>\n<td style=\"text-align: center;\">6.8&#215;6.7<\/td>\n<td class=\"et2\" style=\"text-align: center;\" rowspan=\"4\">Pionowy<\/td>\n<\/tr>\n<tr style=\"height: 13.50pt;\">\n<td style=\"height: 13.5pt; text-align: center;\" align=\"right\" height=\"18\">64013032<\/td>\n<td style=\"text-align: center;\" align=\"right\">130<\/td>\n<td style=\"text-align: center;\">6.6&#215;7.4<\/td>\n<\/tr>\n<tr style=\"height: 13.50pt;\">\n<td style=\"height: 13.5pt; text-align: center;\" align=\"right\" height=\"18\">64015033<\/td>\n<td style=\"text-align: center;\" align=\"right\">150<\/td>\n<td style=\"text-align: center;\">6.4&#215;7.7<\/td>\n<\/tr>\n<tr style=\"height: 13.50pt;\">\n<td style=\"height: 13.5pt; text-align: center;\" align=\"right\" height=\"18\">64020034<\/td>\n<td style=\"text-align: center;\" align=\"right\">200<\/td>\n<td style=\"text-align: center;\">7.2&#215;7.5<\/td>\n<\/tr>\n<\/tbody>\n<\/table>\n<h2>Przypadek sukcesu<\/h2>\n<p>Europejska fabryka deser\u00f3w poszukiwa\u0142a ekskluzywnego opakowania dla swojej nowej linii panna cotty. Wybrali nasze niestandardowe, szklane butelki do jogurtu o pojemno\u015bci 130 ml z hermetycznymi aluminiowymi nakr\u0119tkami. Projekt ten mia\u0142 na celu podkre\u015blenie g\u0142adkiej konsystencji deseru, zapewniaj\u0105c jednocze\u015bnie \u015bwie\u017co\u015b\u0107 podczas transportu. Pionowe, szklane \u017ceberka nada\u0142y butelce wyrafinowany, r\u0119cznie wykonany wygl\u0105d, a niestandardowe t\u0142oczenie na ramieniu elegancko eksponowa\u0142o logo marki.<\/p>\n<p>Efekt? Zam\u00f3wienia hurtowe wzros\u0142y o 50%, a linia panna cotta szybko sta\u0142a si\u0119 bestsellerem w ci\u0105gu pierwszego miesi\u0105ca od premiery.<\/p>\n<h2>Tw\u00f3j podr\u0119cznik personalizacji<\/h2>\n<ol>\n<li><strong>Zespo\u0142y \u201eDessert Palette\u201d: <\/strong>Dodaj pastelowe paski do szklanej butelki z puddingiem (np. \u201eMi\u0119towa Ziele\u0144\u201d). Powiedz klientom: \u201e\u015awie\u017cy deser, \u015bwie\u017ca rado\u015b\u0107\u201d.<\/li>\n<li><strong>Opcje wieczek i opakowa\u0144: <\/strong>Spersonalizuj je za pomoc\u0105 metalowych, bambusowych lub korkowych pokrywek i markowych opakowa\u0144 prezentowych, aby dopasowa\u0107 je do r\u00f3\u017cnych styl\u00f3w rynkowych.<\/li>\n<\/ol>\n<\/div>\n<\/div>\n<\/div>\n<\/div>\n<\/div>\n<\/div>","protected":false},"excerpt":{"rendered":"<p>Hurtowa sprzeda\u017c przezroczystych szklanych butelek na jogurt, idealnych do deser\u00f3w, jogurt\u00f3w lub \u015bwiec. Wytrzyma\u0142e, wielokrotnego u\u017cytku szklane s\u0142oiki, idealne do szklanych opakowa\u0144.<\/p>","protected":false},"featured_media":22518,"template":"","meta":[],"product_brand":[],"product_cat":[124,122,130],"product_tag":[],"class_list":{"0":"post-22511","1":"product","2":"type-product","3":"status-publish","4":"has-post-thumbnail","6":"product_cat-custom-glass-jars","7":"product_cat-custom-glass-packaging","8":"product_cat-glass-yogurt-jars","10":"first","11":"instock","12":"shipping-taxable","13":"product-type-simple"},"jetpack_sharing_enabled":true,"_links":{"self":[{"href":"https:\/\/yebodaglass.com\/pl\/wp-json\/wp\/v2\/product\/22511","targetHints":{"allow":["GET"]}}],"collection":[{"href":"https:\/\/yebodaglass.com\/pl\/wp-json\/wp\/v2\/product"}],"about":[{"href":"https:\/\/yebodaglass.com\/pl\/wp-json\/wp\/v2\/types\/product"}],"version-history":[{"count":5,"href":"https:\/\/yebodaglass.com\/pl\/wp-json\/wp\/v2\/product\/22511\/revisions"}],"predecessor-version":[{"id":24186,"href":"https:\/\/yebodaglass.com\/pl\/wp-json\/wp\/v2\/product\/22511\/revisions\/24186"}],"wp:featuredmedia":[{"embeddable":true,"href":"https:\/\/yebodaglass.com\/pl\/wp-json\/wp\/v2\/media\/22518"}],"wp:attachment":[{"href":"https:\/\/yebodaglass.com\/pl\/wp-json\/wp\/v2\/media?parent=22511"}],"wp:term":[{"taxonomy":"product_brand","embeddable":true,"href":"https:\/\/yebodaglass.com\/pl\/wp-json\/wp\/v2\/product_brand?post=22511"},{"taxonomy":"product_cat","embeddable":true,"href":"https:\/\/yebodaglass.com\/pl\/wp-json\/wp\/v2\/product_cat?post=22511"},{"taxonomy":"product_tag","embeddable":true,"href":"https:\/\/yebodaglass.com\/pl\/wp-json\/wp\/v2\/product_tag?post=22511"}],"curies":[{"name":"wp","href":"https:\/\/api.w.org\/{rel}","templated":true}]}}