{"id":22500,"date":"2025-10-20T17:37:27","date_gmt":"2025-10-20T09:37:27","guid":{"rendered":"https:\/\/yebodaglass.com\/?post_type=product&#038;p=22500"},"modified":"2025-11-28T15:58:10","modified_gmt":"2025-11-28T07:58:10","slug":"pudding-glass-bottles-with-plastic-lids-bulk-custom-cute-yogurt-jars","status":"publish","type":"product","link":"https:\/\/yebodaglass.com\/pl\/pudding-glass-bottles-with-plastic-lids-bulk-custom-cute-yogurt-jars\/","title":{"rendered":"Okr\u0105g\u0142e szklane butelki na budy\u0144 \u2013 100\u2013200 ml s\u0142oiki na jogurt z plastikowymi pokrywkami"},"content":{"rendered":"<p>Masz do\u015b\u0107 pojemnik\u00f3w na mleko, kt\u00f3re si\u0119 rozlewaj\u0105 lub trac\u0105 \u015bwie\u017co\u015b\u0107? Tworzymy szklane butelki na mleko z pokrywk\u0105, idealne do tworzenia magicznych pudding\u00f3w \u2013 koniec z ba\u0142aganem przy nabieraniu. Elementy szklanych butelek na pudding zamieniaj\u0105 s\u0142odkie opakowanie w zaufanie. Zam\u00f3wienia hurtowe obejmuj\u0105 spersonalizowane butelki na pudding, dopasowane do charakteru Twojej marki.<\/p>\n<h2>Cechy produktu<\/h2>\n<p><strong>Cud o szerokich ustach<\/strong><\/p>\n<p>\u0141atwe nabieranie deser\u00f3w \u2014 szklana butelka do pudding\u00f3w sprawia, \u017ce \u200b\u200bpodawanie ich jest bezproblemowe.<\/p>\n<p><strong>Krystaliczna przejrzysto\u015b\u0107<\/strong><\/p>\n<p>Szk\u0142o o wysokiej przejrzysto\u015bci natychmiast uwidacznia kolor i faktur\u0119 \u2014 \u200b\u200bklienci od pierwszego wejrzenia ufaj\u0105 Twojej szklanej butelce na mleko z pokrywk\u0105.<\/p>\n<p><strong>S\u0142odka magia na zam\u00f3wienie<\/strong><\/p>\n<p>Dodaj swoje logo do szklanej butelki z pokrywk\u0105.<\/p>\n<h2>Kluczowe specyfikacje<\/h2>\n<table style=\"border-collapse: collapse; width: 80%; margin-left: auto; margin-right: auto;\" border=\"0\" width=\"360\" cellspacing=\"0\" cellpadding=\"0\">\n<tbody>\n<tr style=\"height: 13.50pt;\">\n<td style=\"height: 13.5pt; width: 54pt; text-align: center;\" width=\"72\" height=\"18\">Model<\/td>\n<td style=\"width: 54pt; text-align: center;\" width=\"72\">Pojemno\u015b\u0107 (ml)<\/td>\n<td style=\"width: 54pt; text-align: center;\" width=\"72\">Rozmiar (cm)<\/td>\n<td style=\"width: 54pt; text-align: center;\" width=\"72\">Typ szyi<\/td>\n<td style=\"width: 54pt; text-align: center;\" width=\"72\">Kszta\u0142t<\/td>\n<\/tr>\n<tr style=\"height: 13.50pt;\">\n<td style=\"height: 13.5pt; text-align: center;\" align=\"right\" height=\"18\">64015026<\/td>\n<td style=\"text-align: center;\" align=\"right\">150<\/td>\n<td style=\"text-align: center;\">6.5&#215;7.0<\/td>\n<td class=\"et2\" style=\"text-align: center;\" rowspan=\"2\">Szerokie usta<\/td>\n<td class=\"et2\" style=\"text-align: center;\" rowspan=\"5\">Okr\u0105g\u0142y<\/td>\n<\/tr>\n<tr style=\"height: 13.50pt;\">\n<td style=\"height: 13.5pt; text-align: center;\" align=\"right\" height=\"18\">64020027<\/td>\n<td style=\"text-align: center;\" align=\"right\">200<\/td>\n<td style=\"text-align: center;\">7.1&#215;7.7<\/td>\n<\/tr>\n<tr style=\"height: 13.50pt;\">\n<td style=\"height: 13.5pt; text-align: center;\" align=\"right\" height=\"18\">64010028<\/td>\n<td style=\"text-align: center;\" align=\"right\">100<\/td>\n<td style=\"text-align: center;\">5.5&#215;7.5<\/td>\n<td class=\"et2\" style=\"text-align: center;\" rowspan=\"3\">Szyjka Lug<\/td>\n<\/tr>\n<tr style=\"height: 13.50pt;\">\n<td style=\"height: 13.5pt; text-align: center;\" align=\"right\" height=\"18\">64015029<\/td>\n<td style=\"text-align: center;\" align=\"right\">150<\/td>\n<td style=\"text-align: center;\">6.5&#215;8.3<\/td>\n<\/tr>\n<tr style=\"height: 13.50pt;\">\n<td style=\"height: 13.5pt; text-align: center;\" align=\"right\" height=\"18\">64020030<\/td>\n<td style=\"text-align: center;\" align=\"right\">200<\/td>\n<td style=\"text-align: center;\">6.8&#215;8.5<\/td>\n<\/tr>\n<\/tbody>\n<\/table>\n<h2>Przypadek sukcesu<\/h2>\n<p>Zwr\u00f3cili\u015bmy si\u0119 do popularnego po\u0142udniowokorea\u0144skiego sklepu z r\u0119cznie robionym puddingiem z pro\u015bb\u0105 o zaprojektowanie stylowego i funkcjonalnego opakowania ze szk\u0142a. Wykonana na zam\u00f3wienie szklana butelka na mleko ma pojemno\u015b\u0107 150 ml, szeroki wlew i szczeln\u0105 pokrywk\u0119, kt\u00f3ra eksponuje g\u0142adk\u0105 i delikatn\u0105 konsystencj\u0119 puddingu. Szeroki wlew u\u0142atwia nabieranie, a silikonowa nakr\u0119tka gwarantuje szczelno\u015b\u0107 podczas transportu. Aby podkre\u015bli\u0107 wizerunek domowego, r\u0119kodzielniczego wyrobu, marka zastosowa\u0142a r\u00f3wnie\u017c prost\u0105 etykiet\u0119 z papieru pakowego i wst\u0105\u017ck\u0119.<\/p>\n<p>Po zmianie opakowania liczba skarg dotycz\u0105cych wyciek\u00f3w spad\u0142a o 80%, a liczba zam\u00f3wie\u0144 hurtowych wzros\u0142a o 50% w ci\u0105gu kilku tygodni.<\/p>\n<h2>Tw\u00f3j podr\u0119cznik personalizacji<\/h2>\n<ol>\n<li><strong>Zespo\u0142y \u201eDessert Palette\u201d: <\/strong>Dodaj pastelowe paski do szklanej butelki z puddingiem (np. \u201eMi\u0119towa Ziele\u0144\u201d). Powiedz klientom: \u201e\u015awie\u017cy deser, \u015bwie\u017ca rado\u015b\u0107\u201d.<\/li>\n<li><strong>Zestawy \u201eMini Mleko\u201d: <\/strong>Stw\u00f3rz \u201ePint &amp; Quart Packs\u201d z dw\u00f3ch butelek po 100 ml i jednej po 200 ml \u2013 idealne do przechowywania mleka w szklanych butelkach o pojemno\u015bci 100 ml<\/li>\n<\/ol>","protected":false},"excerpt":{"rendered":"<p>Okr\u0105g\u0142e, urocze szklane butelki na pudding z plastikowymi zakr\u0119tkami, idealne do deser\u00f3w, jogurt\u00f3w i krem\u00f3w. Trwa\u0142e, przezroczyste, idealne do pakowania i przechowywania.<\/p>","protected":false},"featured_media":22503,"template":"","meta":[],"product_brand":[],"product_cat":[124,122,130],"product_tag":[],"class_list":{"0":"post-22500","1":"product","2":"type-product","3":"status-publish","4":"has-post-thumbnail","6":"product_cat-custom-glass-jars","7":"product_cat-custom-glass-packaging","8":"product_cat-glass-yogurt-jars","10":"first","11":"instock","12":"shipping-taxable","13":"product-type-simple"},"jetpack_sharing_enabled":true,"_links":{"self":[{"href":"https:\/\/yebodaglass.com\/pl\/wp-json\/wp\/v2\/product\/22500","targetHints":{"allow":["GET"]}}],"collection":[{"href":"https:\/\/yebodaglass.com\/pl\/wp-json\/wp\/v2\/product"}],"about":[{"href":"https:\/\/yebodaglass.com\/pl\/wp-json\/wp\/v2\/types\/product"}],"version-history":[{"count":6,"href":"https:\/\/yebodaglass.com\/pl\/wp-json\/wp\/v2\/product\/22500\/revisions"}],"predecessor-version":[{"id":24185,"href":"https:\/\/yebodaglass.com\/pl\/wp-json\/wp\/v2\/product\/22500\/revisions\/24185"}],"wp:featuredmedia":[{"embeddable":true,"href":"https:\/\/yebodaglass.com\/pl\/wp-json\/wp\/v2\/media\/22503"}],"wp:attachment":[{"href":"https:\/\/yebodaglass.com\/pl\/wp-json\/wp\/v2\/media?parent=22500"}],"wp:term":[{"taxonomy":"product_brand","embeddable":true,"href":"https:\/\/yebodaglass.com\/pl\/wp-json\/wp\/v2\/product_brand?post=22500"},{"taxonomy":"product_cat","embeddable":true,"href":"https:\/\/yebodaglass.com\/pl\/wp-json\/wp\/v2\/product_cat?post=22500"},{"taxonomy":"product_tag","embeddable":true,"href":"https:\/\/yebodaglass.com\/pl\/wp-json\/wp\/v2\/product_tag?post=22500"}],"curies":[{"name":"wp","href":"https:\/\/api.w.org\/{rel}","templated":true}]}}