{"id":22488,"date":"2025-10-20T17:04:07","date_gmt":"2025-10-20T09:04:07","guid":{"rendered":"https:\/\/yebodaglass.com\/?post_type=product&#038;p=22488"},"modified":"2025-11-04T11:56:48","modified_gmt":"2025-11-04T03:56:48","slug":"round-glass-pudding-bottles-bulk-custom-yogurt-jars","status":"publish","type":"product","link":"https:\/\/yebodaglass.com\/pl\/round-glass-pudding-bottles-bulk-custom-yogurt-jars\/","title":{"rendered":"Okr\u0105g\u0142a szklana butelka na budy\u0144 \u2013 50-200 ml s\u0142oiki na jogurt z metalowymi pokrywkami"},"content":{"rendered":"<p>Masz do\u015b\u0107 pojemnik\u00f3w na mleko, kt\u00f3re si\u0119 rozlewaj\u0105 lub trac\u0105 \u015bwie\u017co\u015b\u0107? Tworzymy szklane butelki na mleko z pokrywkami, idealne do deser\u00f3w \u2013 koniec z rozmi\u0119k\u0142ymi deserami. Te szklane pojemniki na mleko zamieniaj\u0105 s\u0142odkie opakowanie w zaufanie. Zam\u00f3wienia hurtowe obejmuj\u0105 niestandardowe szklane butelki, dopasowane do charakteru Twojej marki.<\/p>\n<h2>Cechy produktu<\/h2>\n<p><strong>Elegancki i funkcjonalny design<\/strong><\/p>\n<p>Szeroko-gwintowana konstrukcja smuk\u0142ej butelki u\u0142atwia wygodne nak\u0142adanie i nape\u0142nianie, a wygl\u0105d warstw i kolor\u00f3w deseru jest wizualnie podkre\u015blony bez dodatkowego wysi\u0142ku, dzi\u0119ki czemu ca\u0142o\u015b\u0107 wygl\u0105da prosto i uroczo.<\/p>\n<p><strong>Materia\u0142 najwy\u017cszej jako\u015bci do kontaktu z \u017cywno\u015bci\u0105<\/strong><\/p>\n<p>Dzi\u0119ki wysokiej przejrzysto\u015bci i transparentno\u015bci szk\u0142o jest produktem dopuszczonym do kontaktu z \u017cywno\u015bci\u0105, niezawieraj\u0105cym o\u0142owiu, odpornym na ciep\u0142o i bezwonnym, dzi\u0119ki czemu nadaje si\u0119 zar\u00f3wno do sch\u0142odzonych, jak i gotowanych na parze deser\u00f3w.<\/p>\n<p><strong>Praktyczna funkcjonalno\u015b\u0107 i mo\u017cliwo\u015b\u0107 ponownego wykorzystania<\/strong><\/p>\n<p>Produkt jest szczelny i utrzymuje \u015bwie\u017co\u015b\u0107 deseru. Szeroki otw\u00f3r u\u0142atwia czyszczenie i ponowne u\u017cycie pojemnika, dzi\u0119ki czemu opakowanie mo\u017ce s\u0142u\u017cy\u0107 zar\u00f3wno do deser\u00f3w domowych, jak i komercyjnych.<\/p>\n<p><strong>Wszechstronne opcje personalizacji<\/strong><\/p>\n<p>Potrzeby marki i zastosowania mo\u017cna spe\u0142ni\u0107 dzi\u0119ki odpowiedniej pojemno\u015bci, nadrukowi logo, etykietowaniu i dostosowaniu wygl\u0105du pokrywy (metalowej, plastikowej lub zabezpieczonej przed otwarciem).<\/p>\n<h2>Kluczowe specyfikacje<\/h2>\n<table style=\"border-collapse: collapse; width: 80%; margin-right: auto; margin-left: auto;\" border=\"0\" width=\"360\" cellspacing=\"0\" cellpadding=\"0\">\n<tbody>\n<tr style=\"height: 13.50pt;\">\n<td style=\"height: 13.5pt; width: 54pt; text-align: center;\" width=\"72\" height=\"18\">Model<\/td>\n<td style=\"width: 54pt; text-align: center;\" width=\"72\">Pojemno\u015b\u0107 (ml)<\/td>\n<td style=\"width: 54pt; text-align: center;\" width=\"72\">Rozmiar (cm)<\/td>\n<td style=\"width: 54pt; text-align: center;\" width=\"72\">Typ szyi<\/td>\n<td style=\"width: 54pt; text-align: center;\" width=\"72\">Kszta\u0142t<\/td>\n<\/tr>\n<tr style=\"height: 13.50pt;\">\n<td style=\"height: 13.5pt; text-align: center;\" align=\"right\" height=\"18\">64005021<\/td>\n<td style=\"text-align: center;\" align=\"right\">50<\/td>\n<td style=\"text-align: center;\">4.8&#215;5.8<\/td>\n<td class=\"et2\" style=\"text-align: center;\" rowspan=\"5\">Gwintowany<\/td>\n<td class=\"et2\" style=\"text-align: center;\" rowspan=\"5\">Okr\u0105g\u0142y<\/td>\n<\/tr>\n<tr style=\"height: 13.50pt;\">\n<td style=\"height: 13.5pt; text-align: center;\" align=\"right\" height=\"18\">64007522<\/td>\n<td style=\"text-align: center;\" align=\"right\">75<\/td>\n<td style=\"text-align: center;\">5.1&#215;7.1<\/td>\n<\/tr>\n<tr style=\"height: 13.50pt;\">\n<td style=\"height: 13.5pt; text-align: center;\" align=\"right\" height=\"18\">64010023<\/td>\n<td style=\"text-align: center;\" align=\"right\">100<\/td>\n<td style=\"text-align: center;\">5.5&#215;7.3<\/td>\n<\/tr>\n<tr style=\"height: 13.50pt;\">\n<td style=\"height: 13.5pt; text-align: center;\" align=\"right\" height=\"18\">64015024<\/td>\n<td style=\"text-align: center;\" align=\"right\">150<\/td>\n<td style=\"text-align: center;\">6.5&#215;7.8<\/td>\n<\/tr>\n<tr style=\"height: 13.50pt;\">\n<td style=\"height: 13.5pt; text-align: center;\" align=\"right\" height=\"18\">64020025<\/td>\n<td style=\"text-align: center;\" align=\"right\">200<\/td>\n<td style=\"text-align: center;\">7.0&#215;9.0<\/td>\n<\/tr>\n<\/tbody>\n<\/table>\n<h2>Przypadek sukcesu<\/h2>\n<p>Japo\u0144ska marka deser\u00f3w butikowych zwr\u00f3ci\u0142a si\u0119 do nas z pro\u015bb\u0105 o wyprodukowanie specjalnego, 75-mililitrowego, szklanego s\u0142oika na pudding. Szk\u0142o jest krystalicznie czyste i ma jako\u015b\u0107 spo\u017cywcz\u0105, dzi\u0119ki czemu te s\u0142oiki idealnie eksponuj\u0105 aksamitn\u0105 konsystencj\u0119 i pi\u0119kny, naturalny kolor puddingu. S\u0142oiki maj\u0105 wyrafinowany, zaokr\u0105glony kszta\u0142t i ci\u0119\u017ckie dno, co nadaje im ekskluzywny, solidny charakter. Z\u0142ote, aluminiowe wieczko i hermetyczna silikonowa uszczelka zapobiegaj\u0105 wyciekaniu. Logo nadrukowane metod\u0105 sitodruku i matowa etykieta podkre\u015blaj\u0105 stylowy wygl\u0105d marki.<\/p>\n<p>Pod koniec pierwszego miesi\u0105ca od wprowadzenia na rynek sprzeda\u017c wzros\u0142a o 55%, a klienci chwalili s\u0142oiki zar\u00f3wno ze wzgl\u0119du na ich wygl\u0105d, jak i z uwagi na wygod\u0119 przechowywania.<\/p>\n<h2>Tw\u00f3j podr\u0119cznik personalizacji<\/h2>\n<ol>\n<li><strong>Spersonalizowane nakr\u0119tki do butelek:<\/strong> Wybierz r\u00f3\u017cne rodzaje materia\u0142\u00f3w i kolory, takie jak metal, plastik i za\u015blepki antykradzie\u017cowe. Dla lepszej rozpoznawalno\u015bci, umie\u015b\u0107 logo swojej marki lub nadruk.<\/li>\n<li><strong>Produkty spersonalizowane:<\/strong> Dost\u0119pnych jest wiele metod wyko\u0144czenia powierzchni, takich jak matowienie, sitodruk, t\u0142oczenie na gor\u0105co i etykietowanie, kt\u00f3re sprawiaj\u0105, \u017ce butelka staje si\u0119 bardziej dekoracyjna i kojarzona z mark\u0105.<\/li>\n<\/ol>","protected":false},"excerpt":{"rendered":"<p>Okr\u0105g\u0142e szklane butelki na budy\u0144 i mleko z zakr\u0119tkami, idealne do deser\u00f3w, jogurtu lub d\u017cemu. Wytrzyma\u0142e, wielokrotnego u\u017cytku i dostosowane do marek opakowa\u0144 spo\u017cywczych.<\/p>","protected":false},"featured_media":22492,"template":"","meta":[],"product_brand":[],"product_cat":[124,122,130],"product_tag":[],"class_list":{"0":"post-22488","1":"product","2":"type-product","3":"status-publish","4":"has-post-thumbnail","6":"product_cat-custom-glass-jars","7":"product_cat-custom-glass-packaging","8":"product_cat-glass-yogurt-jars","10":"first","11":"instock","12":"shipping-taxable","13":"product-type-simple"},"jetpack_sharing_enabled":true,"_links":{"self":[{"href":"https:\/\/yebodaglass.com\/pl\/wp-json\/wp\/v2\/product\/22488","targetHints":{"allow":["GET"]}}],"collection":[{"href":"https:\/\/yebodaglass.com\/pl\/wp-json\/wp\/v2\/product"}],"about":[{"href":"https:\/\/yebodaglass.com\/pl\/wp-json\/wp\/v2\/types\/product"}],"version-history":[{"count":5,"href":"https:\/\/yebodaglass.com\/pl\/wp-json\/wp\/v2\/product\/22488\/revisions"}],"predecessor-version":[{"id":22507,"href":"https:\/\/yebodaglass.com\/pl\/wp-json\/wp\/v2\/product\/22488\/revisions\/22507"}],"wp:featuredmedia":[{"embeddable":true,"href":"https:\/\/yebodaglass.com\/pl\/wp-json\/wp\/v2\/media\/22492"}],"wp:attachment":[{"href":"https:\/\/yebodaglass.com\/pl\/wp-json\/wp\/v2\/media?parent=22488"}],"wp:term":[{"taxonomy":"product_brand","embeddable":true,"href":"https:\/\/yebodaglass.com\/pl\/wp-json\/wp\/v2\/product_brand?post=22488"},{"taxonomy":"product_cat","embeddable":true,"href":"https:\/\/yebodaglass.com\/pl\/wp-json\/wp\/v2\/product_cat?post=22488"},{"taxonomy":"product_tag","embeddable":true,"href":"https:\/\/yebodaglass.com\/pl\/wp-json\/wp\/v2\/product_tag?post=22488"}],"curies":[{"name":"wp","href":"https:\/\/api.w.org\/{rel}","templated":true}]}}