{"id":22482,"date":"2025-10-20T15:55:45","date_gmt":"2025-10-20T07:55:45","guid":{"rendered":"https:\/\/yebodaglass.com\/?post_type=product&#038;p=22482"},"modified":"2025-11-11T13:52:06","modified_gmt":"2025-11-11T05:52:06","slug":"wholesale-square-glass-milk-bottles-custom-beverage-container","status":"publish","type":"product","link":"https:\/\/yebodaglass.com\/pl\/wholesale-square-glass-milk-bottles-custom-beverage-container\/","title":{"rendered":"Hurtowa sprzeda\u017c kwadratowych szklanych butelek na mleko z plastikowymi pokrywkami o pojemno\u015bci 300-500 ml"},"content":{"rendered":"<p>Masz do\u015b\u0107 butelek na mleko, kt\u00f3re marnuj\u0105 miejsce na p\u00f3\u0142kach? Tworzymy kwadratowe, szklane butelki na mleko o oszcz\u0119dzaj\u0105cej miejsce geometrii \u2013 koniec z niewygodnymi naro\u017cnikami. Te szklane pojemniki na mleko zamieniaj\u0105 butelkowanie napoj\u00f3w w sprytny spos\u00f3b w sprzeda\u017c detaliczn\u0105. Zam\u00f3wienia hurtowe obejmuj\u0105 niestandardowe butelki szklane, kt\u00f3re pasuj\u0105 do \u015bwie\u017cego charakteru Twojej marki.<\/p>\n<h2>Cechy produktu<\/h2>\n<p><strong>Projekt<\/strong><\/p>\n<p>Kwadratowy pojemnik z gwintowan\u0105 szyjk\u0105 to minimalistyczne i stabilne rozwi\u0105zanie konstrukcyjne, kt\u00f3re mo\u017cna \u0142atwo uk\u0142ada\u0107 w stosy i transportowa\u0107. Gwintowana szyjka umo\u017cliwia stosowanie r\u00f3\u017cnych rodzaj\u00f3w nakr\u0119tek.<\/p>\n<ul>\n<li><strong>Tworzywo: <\/strong>Wykonany jest z grubego, wysoce przezroczystego szk\u0142a, odpornego na ciep\u0142o, bezwonnego, nie zawieraj\u0105cego o\u0142owiu i nietoksycznego, dzi\u0119ki czemu mo\u017cna w nim bezpiecznie przechowywa\u0107 nawet takie napoje, jak mleko i soki.<\/li>\n<li><strong>Funkcjonalno\u015b\u0107:\u00a0<\/strong>To pojemnik wielokrotnego u\u017cytku, szczelny i utrzymuj\u0105cy \u015bwie\u017co\u015b\u0107. Szeroka szyjka jest \u0142atwa do czyszczenia, dzi\u0119ki czemu mo\u017cna go u\u017cywa\u0107 zar\u00f3wno w domu, jak i w zastosowaniach komercyjnych.<\/li>\n<li><strong>Personalizacja:\u00a0<\/strong>Twoja marka mo\u017ce skorzysta\u0107 z opcji opakowa\u0144, kt\u00f3re mo\u017cna dostosowa\u0107 pod wzgl\u0119dem pojemno\u015bci, nadruku logo, koloru nakr\u0119tek i materia\u0142u (aluminium, plastik lub zabezpieczenie przed otwarciem).<\/li>\n<\/ul>\n<h2>Kluczowe specyfikacje<\/h2>\n<table style=\"border-collapse: collapse; width: 80%; margin-left: auto; margin-right: auto;\" border=\"0\" width=\"288\" cellspacing=\"0\" cellpadding=\"0\">\n<tbody>\n<tr style=\"height: 13.50pt;\">\n<td style=\"height: 13.5pt; width: 54pt; text-align: center;\" width=\"72\" height=\"18\">Model<\/td>\n<td style=\"width: 54pt; text-align: center;\" width=\"72\">Pojemno\u015b\u0107 (ml)<\/td>\n<td style=\"width: 54pt; text-align: center;\" width=\"72\">Rozmiar (cm)<\/td>\n<td style=\"width: 54pt; text-align: center;\" width=\"72\">Kszta\u0142t<\/td>\n<\/tr>\n<tr style=\"height: 13.50pt;\">\n<td style=\"height: 13.5pt; text-align: center;\" align=\"right\" height=\"18\">64030019<\/td>\n<td style=\"text-align: center;\" align=\"right\">300<\/td>\n<td style=\"text-align: center;\">7.6&#215;12.3<\/td>\n<td class=\"et2\" style=\"text-align: center;\" rowspan=\"2\">Kwadrat<\/td>\n<\/tr>\n<tr style=\"height: 13.50pt;\">\n<td style=\"height: 13.5pt; text-align: center;\" align=\"right\" height=\"18\">64050020<\/td>\n<td style=\"text-align: center;\" align=\"right\">500<\/td>\n<td style=\"text-align: center;\">8.6&#215;13.6<\/td>\n<\/tr>\n<\/tbody>\n<\/table>\n<h2>Przypadek sukcesu<\/h2>\n<p>Nowozelandzki producent ekologicznego mleka poszukiwa\u0142 rozwi\u0105zania opakowaniowego, kt\u00f3re pozwoli\u0142oby zaoszcz\u0119dzi\u0107 miejsce na jego okr\u0105g\u0142ych butelkach na mleko, kt\u00f3re mia\u0142y tradycyjny wygl\u0105d, ale zajmowa\u0142y du\u017co miejsca na p\u00f3\u0142kach sklepowych i podczas transportu. Zale\u017ca\u0142o mu na kwadratowej, szklanej butelce na mleko, kt\u00f3ra nie zaszkodzi\u0142aby wizerunkowi marki. Rezultatem by\u0142a prosta, elegancka konstrukcja, kt\u00f3r\u0105 mo\u017cna by\u0142o uk\u0142ada\u0107 w stosy i kt\u00f3ra by\u0142a kompaktowa. Kwadratowy kszta\u0142t pozwoli\u0142 firmie nie tylko zwi\u0119kszy\u0107 przestrze\u0144 na p\u00f3\u0142ce o 25%, ale tak\u017ce zdecydowa\u0142 si\u0119 na srebrn\u0105, metalow\u0105 zakr\u0119tk\u0119 z silikonow\u0105 uszczelk\u0105 dopuszczon\u0105 do kontaktu z \u017cywno\u015bci\u0105, aby mleko zachowa\u0142o \u015bwie\u017co\u015b\u0107 od gospodarstwa do sklepu. Ka\u017cda butelka ma nadrukowane logo firmy z boku. W ci\u0105gu zaledwie dw\u00f3ch tygodni liczba zam\u00f3wie\u0144 hurtowych wzros\u0142a dwukrotnie!<\/p>\n<h2>Tw\u00f3j podr\u0119cznik personalizacji<\/h2>\n<ol>\n<li><strong>Spersonalizowane nakr\u0119tki do butelek:<\/strong>Mo\u017cesz wybiera\u0107 spo\u015br\u00f3d nakr\u0119tek aluminiowych, plombowanych lub plastikowych w r\u00f3\u017cnych kolorach (takich jak srebrny, bia\u0142y i z\u0142oty) oraz opcji nadruku logo, aby zwi\u0119kszy\u0107 rozpoznawalno\u015b\u0107 marki.<\/li>\n<li><strong>Niestandardowe wyko\u0144czenia powierzchni:<\/strong>Obs\u0142ugujemy wiele metod dekoracyjnych, w tym sitodruk, t\u0142oczenie na gor\u0105co, mro\u017cone i etykietowanie, aby tworzy\u0107 wyj\u0105tkowe efekty wizualne i zwi\u0119ksza\u0107 atrakcyjno\u015b\u0107 oraz rozpoznawalno\u015b\u0107 Twojego produktu.<\/li>\n<\/ol>","protected":false},"excerpt":{"rendered":"<p>Wytrzyma\u0142e, kwadratowe, szklane butelki na mleko do pakowania i przechowywania, idealne do nabia\u0142u i napoj\u00f3w. Wielokrotnego u\u017cytku, personalizowane i idealne dla marek ekologicznych.<\/p>","protected":false},"featured_media":22484,"template":"","meta":[],"product_brand":[],"product_cat":[123,122,131],"product_tag":[],"class_list":{"0":"post-22482","1":"product","2":"type-product","3":"status-publish","4":"has-post-thumbnail","6":"product_cat-custom-glass-bottles","7":"product_cat-custom-glass-packaging","8":"product_cat-glass-milk-bottles","10":"first","11":"instock","12":"shipping-taxable","13":"product-type-simple"},"jetpack_sharing_enabled":true,"_links":{"self":[{"href":"https:\/\/yebodaglass.com\/pl\/wp-json\/wp\/v2\/product\/22482","targetHints":{"allow":["GET"]}}],"collection":[{"href":"https:\/\/yebodaglass.com\/pl\/wp-json\/wp\/v2\/product"}],"about":[{"href":"https:\/\/yebodaglass.com\/pl\/wp-json\/wp\/v2\/types\/product"}],"version-history":[{"count":3,"href":"https:\/\/yebodaglass.com\/pl\/wp-json\/wp\/v2\/product\/22482\/revisions"}],"predecessor-version":[{"id":23591,"href":"https:\/\/yebodaglass.com\/pl\/wp-json\/wp\/v2\/product\/22482\/revisions\/23591"}],"wp:featuredmedia":[{"embeddable":true,"href":"https:\/\/yebodaglass.com\/pl\/wp-json\/wp\/v2\/media\/22484"}],"wp:attachment":[{"href":"https:\/\/yebodaglass.com\/pl\/wp-json\/wp\/v2\/media?parent=22482"}],"wp:term":[{"taxonomy":"product_brand","embeddable":true,"href":"https:\/\/yebodaglass.com\/pl\/wp-json\/wp\/v2\/product_brand?post=22482"},{"taxonomy":"product_cat","embeddable":true,"href":"https:\/\/yebodaglass.com\/pl\/wp-json\/wp\/v2\/product_cat?post=22482"},{"taxonomy":"product_tag","embeddable":true,"href":"https:\/\/yebodaglass.com\/pl\/wp-json\/wp\/v2\/product_tag?post=22482"}],"curies":[{"name":"wp","href":"https:\/\/api.w.org\/{rel}","templated":true}]}}