{"id":22431,"date":"2025-10-16T17:32:53","date_gmt":"2025-10-16T09:32:53","guid":{"rendered":"https:\/\/yebodaglass.com\/?post_type=product&#038;p=22431"},"modified":"2026-04-10T14:44:12","modified_gmt":"2026-04-10T06:44:12","slug":"glass-milk-bottles-with-lids-dairy-glass-bottle-supplier","status":"publish","type":"product","link":"https:\/\/yebodaglass.com\/pl\/produkt\/glass-milk-bottles-with-lids-dairy-glass-bottle-supplier\/","title":{"rendered":"Hurtowe szklane butelki na mleko z zamkni\u0119ciem zabezpieczaj\u0105cym przed otwarciem, 100-930 ml"},"content":{"rendered":"<p>Masz do\u015b\u0107 butelek na mleko, kt\u00f3re si\u0119 rozlewaj\u0105 lub maj\u0105 nie\u015bwie\u017cy smak? Tworzymy szklane butelki na mleko z gwintami zabezpieczaj\u0105cymi przed kradzie\u017c\u0105 \u2013 koniec z marnowaniem mleka. Te szklane butelki na mleko zamieniaj\u0105 butelkowanie napoj\u00f3w w zaufanie. Zam\u00f3wienia hurtowe obejmuj\u0105 spersonalizowane butelki szklane, dopasowane do charakteru Twojej marki.<\/p>\n<h2>Cechy produktu<\/h2>\n<ol>\n<li><strong>Konstrukcja szyjki zabezpieczaj\u0105ca przed manipulacj\u0105:\u00a0<\/strong>Utrzymuje produkt bezpieczny i \u015bwie\u017cy od momentu szczelnego zamkni\u0119cia za pomoc\u0105 jednorazowej plomby.<\/li>\n<li><strong>Solidne i nadaj\u0105ce si\u0119 do recyklingu:\u00a0<\/strong>Wykonane z grubego, wysokiej jako\u015bci szk\u0142a, aby by\u0142y trwa\u0142e i \u0142atwe w obs\u0142udze.<\/li>\n<li><strong>Szerokie zastosowanie:\u00a0<\/strong>Doskonale nadaje si\u0119 do mleka, koktajli, kawy, sok\u00f3w, wody i innych napoj\u00f3w.<\/li>\n<li><strong>Zalety marketingowe:\u00a0<\/strong>Umo\u017cliwia stosowanie niestandardowych pokrywek, drukowanie logo marki i etykietowanie zwi\u0119kszaj\u0105ce rozpoznawalno\u015b\u0107 marki.<\/li>\n<\/ol>\n<h2>Kluczowe specyfikacje<\/h2>\n<table style=\"border-collapse: collapse; width: 80%; margin-left: auto; margin-right: auto;\" border=\"0\" width=\"288\" cellspacing=\"0\" cellpadding=\"0\">\n<tbody>\n<tr style=\"height: 13.50pt;\">\n<td style=\"height: 13.5pt; width: 54pt; text-align: center;\" width=\"72\" height=\"18\">Model<\/td>\n<td style=\"width: 54pt; text-align: center;\" width=\"72\">Pojemno\u015b\u0107 (ml)<\/td>\n<td style=\"width: 54pt; text-align: center;\" width=\"72\">Rozmiar (cm)<\/td>\n<td style=\"width: 54pt; text-align: center;\" width=\"72\">Typ szyi<\/td>\n<\/tr>\n<tr style=\"height: 13.50pt;\">\n<td style=\"height: 13.5pt; text-align: center;\" align=\"right\" height=\"18\">64010012<\/td>\n<td style=\"text-align: center;\" align=\"right\">100<\/td>\n<td style=\"text-align: center;\">4.5&#215;4.5&#215;10.5<\/td>\n<td class=\"et2\" style=\"text-align: center;\" rowspan=\"7\">Plastikowa zakr\u0119tka zabezpieczaj\u0105ca przed manipulacj\u0105<\/td>\n<\/tr>\n<tr style=\"height: 13.50pt;\">\n<td style=\"height: 13.5pt; text-align: center;\" align=\"right\" height=\"18\">64024013<\/td>\n<td style=\"text-align: center;\" align=\"right\">240<\/td>\n<td style=\"text-align: center;\">5,4x5x14,4<\/td>\n<\/tr>\n<tr style=\"height: 13.50pt;\">\n<td style=\"height: 13.5pt; text-align: center;\" align=\"right\" height=\"18\">64030014<\/td>\n<td style=\"text-align: center;\" align=\"right\">300<\/td>\n<td style=\"text-align: center;\">5.9&#215;5.9&#215;15.9<\/td>\n<\/tr>\n<tr style=\"height: 13.50pt;\">\n<td style=\"height: 13.5pt; text-align: center;\" align=\"right\" height=\"18\">64036015<\/td>\n<td style=\"text-align: center;\" align=\"right\">360<\/td>\n<td style=\"text-align: center;\">6.1&#215;5.7&#215;16.6<\/td>\n<\/tr>\n<tr style=\"height: 13.50pt;\">\n<td style=\"height: 13.5pt; text-align: center;\" align=\"right\" height=\"18\">64040016<\/td>\n<td style=\"text-align: center;\" align=\"right\">400<\/td>\n<td style=\"text-align: center;\">6.5&#215;6.2&#215;17.1<\/td>\n<\/tr>\n<tr style=\"height: 13.50pt;\">\n<td style=\"height: 13.5pt; text-align: center;\" align=\"right\" height=\"18\">64050017<\/td>\n<td style=\"text-align: center;\" align=\"right\">500<\/td>\n<td style=\"text-align: center;\">6.8&#215;6.8&#215;18.6<\/td>\n<\/tr>\n<tr style=\"height: 13.50pt;\">\n<td style=\"height: 13.5pt; text-align: center;\" align=\"right\" height=\"18\">64093018<\/td>\n<td style=\"text-align: center;\" align=\"right\">930<\/td>\n<td style=\"text-align: center;\">8.3&#215;8.3&#215;21.9<\/td>\n<\/tr>\n<\/tbody>\n<\/table>\n<h2>Przypadek sukcesu<\/h2>\n<p>Szybko rozwijaj\u0105ca si\u0119 australijska marka mleczarska zwr\u00f3ci\u0142a si\u0119 do nas z pro\u015bb\u0105 o stworzenie nowej linii mleka truskawkowego. Jednym z jej g\u0142\u00f3wnych cel\u00f3w by\u0142o stworzenie wysokiej jako\u015bci, szczelnego, szklanego opakowania, kt\u00f3re nie tylko zachowa\u0142oby \u015bwie\u017co\u015b\u0107, ale tak\u017ce sprawi\u0142oby, \u017ce produkt prezentowa\u0142by si\u0119 atrakcyjnie na p\u00f3\u0142ce. Wybrali szklan\u0105 butelk\u0119 na mleko o pojemno\u015bci 500 ml i ozdobili j\u0105 naklejkami z logo i specyfikacj\u0105 produktu, co pozwoli\u0142o wyr\u00f3\u017cni\u0107 naturalny r\u00f3\u017cowy kolor mleka truskawkowego. Butelka mia\u0142a gwint zabezpieczaj\u0105cy przed otwarciem i precyzyjnie zaprojektowan\u0105 szyjk\u0119, zapewniaj\u0105c\u0105 szczelne zamkni\u0119cie, a nakr\u0119tka zosta\u0142a umieszczona w spos\u00f3b zapewniaj\u0105cy bezpiecze\u0144stwo przed otwarciem.<\/p>\n<p>W pierwszym kwartale liczba skarg dotycz\u0105cych przeciek\u00f3w spad\u0142a o 95%, a wolumen zam\u00f3wie\u0144 hurtowych wzr\u00f3s\u0142 o 50%.<\/p>\n<h2>Tw\u00f3j podr\u0119cznik personalizacji<\/h2>\n<ul>\n<li><strong>Sezonowe zespo\u0142y truskawkowe: <\/strong>Dodaj r\u00f3\u017cowe paski do szklanej butelki z mlekiem truskawkowym (np. \u201eLetnia Truskawka\u201d). Powiedz klientom: \u201e\u015awie\u017ce mleko, \u015bwie\u017ca rado\u015b\u0107\u201d.<\/li>\n<li><strong>Zestawy \u201eRodzinne\u201d: <\/strong>Stw\u00f3rz \u201eZestaw kwarty i p\u00f3\u0142galonu\u201d sk\u0142adaj\u0105cy si\u0119 z dw\u00f3ch butelek mleka o pojemno\u015bci 500 ml i jednej o pojemno\u015bci 930 ml \u2014 idealny do zaspokojenia potrzeb w zakresie pojemno\u015bci pinty i kwarty.<\/li>\n<\/ul>\n<p>&nbsp;<\/p>","protected":false},"excerpt":{"rendered":"<p>Wytrzyma\u0142e szklane butelki na mleko z plomb\u0105 zabezpieczaj\u0105c\u0105, idealne do pakowania nabia\u0142u, sok\u00f3w, herbaty, kawy i innych napoj\u00f3w. Dost\u0119pne s\u0105 personalizacje i zam\u00f3wienia hurtowe.<\/p>","protected":false},"featured_media":22437,"template":"","meta":[],"product_brand":[],"product_cat":[131,123,122],"product_tag":[],"class_list":{"0":"post-22431","1":"product","2":"type-product","3":"status-publish","4":"has-post-thumbnail","6":"product_cat-glass-milk-bottles","7":"product_cat-custom-glass-bottles","8":"product_cat-custom-glass-packaging","10":"first","11":"instock","12":"shipping-taxable","13":"product-type-simple"},"jetpack_sharing_enabled":true,"_links":{"self":[{"href":"https:\/\/yebodaglass.com\/pl\/wp-json\/wp\/v2\/product\/22431","targetHints":{"allow":["GET"]}}],"collection":[{"href":"https:\/\/yebodaglass.com\/pl\/wp-json\/wp\/v2\/product"}],"about":[{"href":"https:\/\/yebodaglass.com\/pl\/wp-json\/wp\/v2\/types\/product"}],"version-history":[{"count":5,"href":"https:\/\/yebodaglass.com\/pl\/wp-json\/wp\/v2\/product\/22431\/revisions"}],"predecessor-version":[{"id":25737,"href":"https:\/\/yebodaglass.com\/pl\/wp-json\/wp\/v2\/product\/22431\/revisions\/25737"}],"wp:featuredmedia":[{"embeddable":true,"href":"https:\/\/yebodaglass.com\/pl\/wp-json\/wp\/v2\/media\/22437"}],"wp:attachment":[{"href":"https:\/\/yebodaglass.com\/pl\/wp-json\/wp\/v2\/media?parent=22431"}],"wp:term":[{"taxonomy":"product_brand","embeddable":true,"href":"https:\/\/yebodaglass.com\/pl\/wp-json\/wp\/v2\/product_brand?post=22431"},{"taxonomy":"product_cat","embeddable":true,"href":"https:\/\/yebodaglass.com\/pl\/wp-json\/wp\/v2\/product_cat?post=22431"},{"taxonomy":"product_tag","embeddable":true,"href":"https:\/\/yebodaglass.com\/pl\/wp-json\/wp\/v2\/product_tag?post=22431"}],"curies":[{"name":"wp","href":"https:\/\/api.w.org\/{rel}","templated":true}]}}