{"id":22423,"date":"2025-10-16T16:12:47","date_gmt":"2025-10-16T08:12:47","guid":{"rendered":"https:\/\/yebodaglass.com\/?post_type=product&#038;p=22423"},"modified":"2026-04-10T18:34:30","modified_gmt":"2026-04-10T10:34:30","slug":"310oz-glass-milk-bottles-wholesale-twist-off-ct-finish-storage-bottles","status":"publish","type":"product","link":"https:\/\/yebodaglass.com\/pl\/310oz-glass-milk-bottles-wholesale-twist-off-ct-finish-storage-bottles\/","title":{"rendered":"Hurtowa sprzeda\u017c szklanych butelek na mleko o pojemno\u015bci 310 uncji | Butelki do przechowywania z zakr\u0119canym zamkni\u0119ciem i wyko\u0144czeniem CT"},"content":{"rendered":"<p>Nasze hurtowe szklane butelki na mleko o pojemno\u015bci 310 ml maj\u0105 atrakcyjny kszta\u0142t i s\u0105 bardzo wytrzyma\u0142e. Wykonane s\u0105 ze szk\u0142a, kt\u00f3re nie zawiera szkodliwych substancji. S\u0105 wygodne w trzymaniu i dobrze prezentuj\u0105 si\u0119 na p\u00f3\u0142ce. Mo\u017cna przez nie patrze\u0107 i sprawdza\u0107 \u015bwie\u017co\u015b\u0107 mleka lub soku. Dzi\u0119ki temu idealnie nadaj\u0105 si\u0119 dla firm, kt\u00f3re chc\u0105 sprzedawa\u0107 wysokiej jako\u015bci napoje.<\/p>\n<h2>Kluczowe specyfikacje<\/h2>\n<table style=\"border-collapse: collapse; width: 80%; margin-left: auto; margin-right: auto;\" border=\"0\" width=\"288\" cellspacing=\"0\" cellpadding=\"0\">\n<tbody>\n<tr style=\"height: 13.50pt;\">\n<td style=\"height: 13.5pt; width: 54pt; text-align: center;\" width=\"72\" height=\"18\">Model<\/td>\n<td style=\"width: 54pt; text-align: center;\" width=\"72\">Pojemno\u015b\u0107<\/td>\n<td style=\"width: 54pt; text-align: center;\" width=\"72\">Rozmiar<\/td>\n<td style=\"width: 54pt; text-align: center;\" width=\"72\">Typ szyi<\/td>\n<\/tr>\n<tr style=\"height: 13.50pt;\">\n<td style=\"height: 13.5pt; text-align: center;\" align=\"right\" height=\"18\">64031010<\/td>\n<td class=\"et2\" style=\"text-align: center;\" rowspan=\"2\">310 ml<\/td>\n<td style=\"text-align: center;\">6,1*6,1*15,2 mm<\/td>\n<td style=\"text-align: center;\">Zakr\u0119cana g\u00f3ra<\/td>\n<\/tr>\n<tr style=\"height: 13.50pt;\">\n<td style=\"height: 13.5pt; text-align: center;\" align=\"right\" height=\"18\">64031011<\/td>\n<td style=\"text-align: center;\">6,1*6,1*15,4 mm<\/td>\n<td style=\"text-align: center;\">Ci\u0105g\u0142a ni\u0107 g\u00f3rna<\/td>\n<\/tr>\n<\/tbody>\n<\/table>\n<h2>Te butelki mo\u017cna wykorzysta\u0107 na wiele sposob\u00f3w. Mamy do nich dwa rodzaje nakr\u0119tek:<\/h2>\n<ol>\n<li><strong>Zakr\u0119cana g\u00f3ra<\/strong>: \u015awietnie sprawdza si\u0119, gdy trzeba nape\u0142ni\u0107 szklane butelki do przechowywania mleka. Mo\u017cna je szybko zamkn\u0105\u0107, co jest przydatne w przypadku ekspres\u00f3w, kt\u00f3re zamykaj\u0105 butelki. Ten rodzaj zamkni\u0119cia jest cz\u0119sto u\u017cywany do napoj\u00f3w, poniewa\u017c zapewnia bezpiecze\u0144stwo i \u015bwie\u017co\u015b\u0107 napoju.<\/li>\n<li><strong>Ci\u0105g\u0142a ni\u0107 na g\u00f3rze<\/strong>: Przydaje si\u0119, gdy chcesz u\u017cy\u0107 butelki wi\u0119cej ni\u017c raz. Mo\u017cna j\u0105 stosowa\u0107 z r\u00f3\u017cnymi rodzajami nakr\u0119tek i jest \u0142atwa w otwieraniu i zamykaniu. Ten rodzaj nakr\u0119tki jest cz\u0119sto u\u017cywany do napoj\u00f3w i sprawdza si\u0119 w przypadku os\u00f3b, kt\u00f3re chc\u0105 u\u017cywa\u0107 butelki w domu.<\/li>\n<\/ol>\n<h2>Studium przypadku<\/h2>\n<p>Wsp\u00f3\u0142pracowali\u015bmy z firm\u0105 produkuj\u0105c\u0105 \u015bmietan\u0119 organiczn\u0105, aby nada\u0107 butelkom na mleko wyj\u0105tkowy wygl\u0105d. Zastosowali\u015bmy metod\u0119 umieszczania ich logo na butelce i efekt by\u0142 bardzo dobry. Logo wygl\u0105da nast\u0119puj\u0105co:<\/p>\n<ol>\n<li>Bardzo trudna do zarysowania. Mo\u017cna my\u0107 butelk\u0119 w zmywarce.<\/li>\n<li>Jest przyjemny w dotyku. Wygl\u0105da, jakby by\u0142 cz\u0119\u015bci\u0105 butelki, a nie tylko naklejk\u0105.<\/li>\n<li>Mo\u017cna go wykorzystywa\u0107 wielokrotnie, co jest korzystne dla firm, kt\u00f3re chc\u0105 zaoszcz\u0119dzi\u0107 pieni\u0105dze na opakowaniach.<\/li>\n<\/ol>\n<p>Mo\u017cemy r\u00f3wnie\u017c hurtowo produkowa\u0107 szklane butelki na mleko, takie jak te, dla Twojej firmy. Mo\u017cesz wybra\u0107 rodzaj zamkni\u0119cia. Mo\u017cemy umie\u015bci\u0107 Twoje logo na butelce, korzystaj\u0105c z naszej technologii.<\/p>","protected":false},"excerpt":{"rendered":"<p>High-quality 310ml glass milk storage bottles for wholesale. Available in Twist-off and Continuous Thread finishes. Custom decal branding for beverage brands.<\/p>","protected":false},"featured_media":22426,"template":"","meta":[],"product_brand":[],"product_cat":[131,123,122],"product_tag":[],"class_list":{"0":"post-22423","1":"product","2":"type-product","3":"status-publish","4":"has-post-thumbnail","6":"product_cat-glass-milk-bottles","7":"product_cat-custom-glass-bottles","8":"product_cat-custom-glass-packaging","10":"first","11":"instock","12":"shipping-taxable","13":"product-type-simple"},"jetpack_sharing_enabled":true,"_links":{"self":[{"href":"https:\/\/yebodaglass.com\/pl\/wp-json\/wp\/v2\/product\/22423","targetHints":{"allow":["GET"]}}],"collection":[{"href":"https:\/\/yebodaglass.com\/pl\/wp-json\/wp\/v2\/product"}],"about":[{"href":"https:\/\/yebodaglass.com\/pl\/wp-json\/wp\/v2\/types\/product"}],"version-history":[{"count":5,"href":"https:\/\/yebodaglass.com\/pl\/wp-json\/wp\/v2\/product\/22423\/revisions"}],"predecessor-version":[{"id":25751,"href":"https:\/\/yebodaglass.com\/pl\/wp-json\/wp\/v2\/product\/22423\/revisions\/25751"}],"wp:featuredmedia":[{"embeddable":true,"href":"https:\/\/yebodaglass.com\/pl\/wp-json\/wp\/v2\/media\/22426"}],"wp:attachment":[{"href":"https:\/\/yebodaglass.com\/pl\/wp-json\/wp\/v2\/media?parent=22423"}],"wp:term":[{"taxonomy":"product_brand","embeddable":true,"href":"https:\/\/yebodaglass.com\/pl\/wp-json\/wp\/v2\/product_brand?post=22423"},{"taxonomy":"product_cat","embeddable":true,"href":"https:\/\/yebodaglass.com\/pl\/wp-json\/wp\/v2\/product_cat?post=22423"},{"taxonomy":"product_tag","embeddable":true,"href":"https:\/\/yebodaglass.com\/pl\/wp-json\/wp\/v2\/product_tag?post=22423"}],"curies":[{"name":"wp","href":"https:\/\/api.w.org\/{rel}","templated":true}]}}