{"id":22414,"date":"2025-10-16T17:52:23","date_gmt":"2025-10-16T09:52:23","guid":{"rendered":"https:\/\/yebodaglass.com\/?post_type=product&#038;p=22414"},"modified":"2026-04-13T09:49:20","modified_gmt":"2026-04-13T01:49:20","slug":"glass-milk-bottle-with-crimp-neck-for-dairy-drinks-bulk","status":"publish","type":"product","link":"https:\/\/yebodaglass.com\/pl\/glass-milk-bottle-with-crimp-neck-for-dairy-drinks-bulk\/","title":{"rendered":"Butelka szklana na mleko o pojemno\u015bci 200-1000 ml z karbowan\u0105 szyjk\u0105 do napoj\u00f3w mlecznych w hurtowych ilo\u015bciach"},"content":{"rendered":"<p>Szklana butelka na mleko charakteryzuje si\u0119 klasycznym designem, kt\u00f3ry zapewnia przejrzysty i czysty wygl\u0105d, pasuj\u0105cy do produkt\u00f3w mlecznych, sok\u00f3w i innych pojemnik\u00f3w na napoje. Butelki na mleko s\u0105 dost\u0119pne w r\u00f3\u017cnych rozmiarach, z bezpiecznymi nakr\u0119tkami, kt\u00f3re chroni\u0105 produkt podczas ekspozycji w sklepach, a tak\u017ce umo\u017cliwiaj\u0105 klientom zabranie jej do domu i wykorzystanie do personalizacji marki.<\/p>\n<h2>Cechy produktu<\/h2>\n<ul>\n<li><strong>Mocne uszczelnienie zaciskowe: <\/strong>Zakrzywiona szyjka nie przepuszcza powietrza \u2014 szklana butelka na mleko zachowuje \u015bwie\u017co\u015b\u0107 na d\u0142u\u017cej.<\/li>\n<li><strong>Krystalicznie czyste: <\/strong>Wysoka przejrzysto\u015b\u0107 szk\u0142a wyra\u017anie pokazuje \u015bwie\u017co\u015b\u0107 mleka \u2014 szklana butelka na mleko od razu buduje zaufanie do Twojej marki.<\/li>\n<li><strong>Trwa\u0142e i wielokrotnego u\u017cytku: <\/strong>Gruba \u015bciana jest odporna na uderzenia w\u00f3zk\u00f3w sklepowych \u2014 klienci mog\u0105 j\u0105 ponownie wykorzysta\u0107 do napoj\u00f3w i innych rzeczy.<\/li>\n<li><strong>Elastyczne rozmiary: <\/strong>Dost\u0119pne s\u0105 w rozmiarach od 200 ml do 1000 ml, dzi\u0119ki czemu mo\u017cesz zaspokoi\u0107 swoje zapotrzebowanie na kufle, kwarty lub galony.<\/li>\n<\/ul>\n<h2>Kluczowe specyfikacje<\/h2>\n<table style=\"border-collapse: collapse; width: 80%; margin-left: auto; margin-right: auto;\" border=\"0\" width=\"288\" cellspacing=\"0\" cellpadding=\"0\">\n<tbody>\n<tr style=\"height: 13.50pt;\">\n<td style=\"height: 13.5pt; width: 54pt; text-align: center;\" width=\"72\" height=\"18\">Model<\/td>\n<td style=\"width: 54pt; text-align: center;\" width=\"72\">Pojemno\u015b\u0107 (ml)<\/td>\n<td style=\"width: 54pt; text-align: center;\" width=\"72\">Rozmiar (cm)<\/td>\n<td style=\"width: 54pt; text-align: center;\" width=\"72\">Typ szyi<\/td>\n<\/tr>\n<tr style=\"height: 13.50pt;\">\n<td style=\"height: 13.5pt; text-align: center;\" align=\"right\" height=\"18\">64020006<\/td>\n<td style=\"text-align: center;\" align=\"right\">200<\/td>\n<td style=\"text-align: center;\">6.0&#215;12.0<\/td>\n<td class=\"et2\" style=\"text-align: center;\" rowspan=\"4\">Zaciskana szyjka<\/td>\n<\/tr>\n<tr style=\"height: 13.50pt;\">\n<td style=\"height: 13.5pt; text-align: center;\" align=\"right\" height=\"18\">62025007<\/td>\n<td style=\"text-align: center;\" align=\"right\">250<\/td>\n<td style=\"text-align: center;\">5.9&#215;14.05<\/td>\n<\/tr>\n<tr style=\"height: 13.50pt;\">\n<td style=\"height: 13.5pt; text-align: center;\" align=\"right\" height=\"18\">62050008<\/td>\n<td style=\"text-align: center;\" align=\"right\">500<\/td>\n<td style=\"text-align: center;\">7.32&#215;20.8<\/td>\n<\/tr>\n<tr style=\"height: 13.50pt;\">\n<td style=\"height: 13.5pt; text-align: center;\" align=\"right\" height=\"18\">64100009<\/td>\n<td style=\"text-align: center;\" align=\"right\">1000<\/td>\n<td style=\"text-align: center;\">8.5&#215;25.7<\/td>\n<\/tr>\n<\/tbody>\n<\/table>\n<h2>Przypadek sukcesu<\/h2>\n<p>Gospodarstwo ekologiczne w Nowej Zelandii nawi\u0105za\u0142o z nami wsp\u00f3\u0142prac\u0119 w celu ulepszenia opakowa\u0144 dla swojej linii premium mleka ekologicznego. Wykonali oni szklane butelki na mleko z karbowan\u0105 szyjk\u0105, aby zapewni\u0107 p\u0142ynne zamykanie nakr\u0119tek i przyspieszy\u0107 monta\u017c linii nape\u0142niaj\u0105cej. Ka\u017cda butelka jest wykonana z grubego, wysoce przezroczystego szk\u0142a, co zapewnia solidno\u015b\u0107 i krystaliczn\u0105 czysto\u015b\u0107, dzi\u0119ki czemu naturalnie g\u0142adki smak mleka jest wyra\u017anie widoczny.<\/p>\n<p>Idealnie wpasowuj\u0105c si\u0119 w projekt, na nakr\u0119tce butelki nadrukowano wypuk\u0142e logo marki i symbol gospodarstwa, co nadaje produktowi autentyczny, r\u0119kodzielniczy charakter, kt\u00f3ry przyci\u0105ga ekologicznych konsument\u00f3w.<\/p>\n<p>Nowe opakowanie bardzo szybko podbi\u0142o serca lokalnych konsument\u00f3w i ca\u0142a partia zosta\u0142a wyprzedana w ci\u0105gu zaledwie 48 godzin.<\/p>\n<h2>Tw\u00f3j podr\u0119cznik personalizacji<\/h2>\n<ol>\n<li><strong>Wyb\u00f3r pokrywek:<\/strong> Wybierz metalowe, zakr\u0119cane pokrywki, korkowe lub bambusowe, zale\u017cnie od stylu Twojej marki.<\/li>\n<li><strong>Modyfikacja koloru:<\/strong> Dost\u0119pne s\u0105 cztery r\u00f3\u017cne kolory: przezroczysty, matowy, bursztynowy i barwiony.<\/li>\n<li><strong>Branding:<\/strong> Nadaj logo swojej marki za pomoc\u0105 sitodruku, naklejki lub t\u0142oczenia.<\/li>\n<\/ol>","protected":false},"excerpt":{"rendered":"<p>Wytrzyma\u0142e, przezroczyste szklane butelki na mleko, idealne do pakowania mleka, sok\u00f3w i kawy. Idealne do kawiarni, mleczarni i u\u017cytku domowego. Dost\u0119pne z logo i wieczkami na zam\u00f3wienie.<\/p>","protected":false},"featured_media":22419,"template":"","meta":[],"product_brand":[],"product_cat":[123,122,131],"product_tag":[],"class_list":{"0":"post-22414","1":"product","2":"type-product","3":"status-publish","4":"has-post-thumbnail","6":"product_cat-custom-glass-bottles","7":"product_cat-custom-glass-packaging","8":"product_cat-glass-milk-bottles","10":"first","11":"instock","12":"shipping-taxable","13":"product-type-simple"},"jetpack_sharing_enabled":true,"_links":{"self":[{"href":"https:\/\/yebodaglass.com\/pl\/wp-json\/wp\/v2\/product\/22414","targetHints":{"allow":["GET"]}}],"collection":[{"href":"https:\/\/yebodaglass.com\/pl\/wp-json\/wp\/v2\/product"}],"about":[{"href":"https:\/\/yebodaglass.com\/pl\/wp-json\/wp\/v2\/types\/product"}],"version-history":[{"count":5,"href":"https:\/\/yebodaglass.com\/pl\/wp-json\/wp\/v2\/product\/22414\/revisions"}],"predecessor-version":[{"id":25756,"href":"https:\/\/yebodaglass.com\/pl\/wp-json\/wp\/v2\/product\/22414\/revisions\/25756"}],"wp:featuredmedia":[{"embeddable":true,"href":"https:\/\/yebodaglass.com\/pl\/wp-json\/wp\/v2\/media\/22419"}],"wp:attachment":[{"href":"https:\/\/yebodaglass.com\/pl\/wp-json\/wp\/v2\/media?parent=22414"}],"wp:term":[{"taxonomy":"product_brand","embeddable":true,"href":"https:\/\/yebodaglass.com\/pl\/wp-json\/wp\/v2\/product_brand?post=22414"},{"taxonomy":"product_cat","embeddable":true,"href":"https:\/\/yebodaglass.com\/pl\/wp-json\/wp\/v2\/product_cat?post=22414"},{"taxonomy":"product_tag","embeddable":true,"href":"https:\/\/yebodaglass.com\/pl\/wp-json\/wp\/v2\/product_tag?post=22414"}],"curies":[{"name":"wp","href":"https:\/\/api.w.org\/{rel}","templated":true}]}}