{"id":22391,"date":"2025-10-16T10:42:19","date_gmt":"2025-10-16T02:42:19","guid":{"rendered":"https:\/\/yebodaglass.com\/?post_type=product&#038;p=22391"},"modified":"2025-11-04T11:58:15","modified_gmt":"2025-11-04T03:58:15","slug":"glass-milk-bottles-for-milk-juice-smoothies","status":"publish","type":"product","link":"https:\/\/yebodaglass.com\/pl\/glass-milk-bottles-for-milk-juice-smoothies\/","title":{"rendered":"Butelki na mleko, soki i koktajle, przezroczyste, szklane, o pojemno\u015bci 200-1000 ml"},"content":{"rendered":"<p>Masz do\u015b\u0107 przeciekaj\u0105cych lub p\u0119kaj\u0105cych butelek na mleko? Tworzymy butelki na mleko z grubymi \u015bciankami \u2013 koniec z rozmi\u0119k\u0142ymi kartonami. Te szklane butelki na mleko zamieniaj\u0105 przechowywanie napoj\u00f3w w wyj\u0105tkowe chwile. Zam\u00f3wienia hurtowe obejmuj\u0105 spersonalizowane butelki szklane, kt\u00f3re spe\u0142niaj\u0105 obietnic\u0119 \u015bwie\u017co\u015bci Twojej marki.<\/p>\n<h2>Cechy produktu<\/h2>\n<p><strong>Szczelna konstrukcja pozwala unikn\u0105\u0107 ba\u0142aganu.<\/strong><\/p>\n<p>Gwintowana szyjka skutecznie blokuje dost\u0119p powietrza, eliminuj\u0105c problemy z przykrym zapachem.<\/p>\n<p><strong>Grube szk\u0142o dla zero waste<\/strong><\/p>\n<p>Grube \u015bcianki zapewniaj\u0105 ochron\u0119 nawet przed uderzeniami w\u00f3zk\u00f3w sklepowych. Klienci mog\u0105 ponownie wykorzysta\u0107 go jako s\u0142oik do koktajli, oszcz\u0119dzaj\u0105c na kosztach wymiany.<\/p>\n<p><strong>Dost\u0119pne r\u00f3\u017cne rozmiary<\/strong><\/p>\n<p>Oferujemy ma\u0142e rozmiary od 200 ml do 310 ml, idealne do jednorazowych porcji mleka, oraz du\u017ce rozmiary od 500 ml do 1000 ml, idealne dla rodzin.<\/p>\n<p><strong>Twoja marka wykracza poza butelk\u0119<\/strong><\/p>\n<p>Umie\u015b\u0107 swoje logo na szklanej butelce mleka, a klienci natychmiast Ci\u0119 odnajd\u0105 na p\u00f3\u0142ce.<\/p>\n<h2>Kluczowe specyfikacje<\/h2>\n<table style=\"border-collapse: collapse; width: 80%; margin-left: auto; margin-right: auto;\" border=\"0\" width=\"360\" cellspacing=\"0\" cellpadding=\"0\">\n<tbody>\n<tr style=\"height: 13.50pt;\">\n<td style=\"height: 13.5pt; width: 54pt; text-align: center;\" width=\"72\" height=\"18\">Model<\/td>\n<td style=\"width: 54pt; text-align: center;\" width=\"72\">Pojemno\u015b\u0107 (ml)<\/td>\n<td style=\"width: 54pt; text-align: center;\" width=\"72\">Rozmiar (cm)<\/td>\n<td style=\"width: 54pt; text-align: center;\" width=\"72\">\u03a0\u03bb\u03b1\u03c3\u03c4\u03b9\u03ba\u03cc PET<\/td>\n<td style=\"width: 54pt; text-align: center;\" width=\"72\">Typ szyi<\/td>\n<\/tr>\n<tr style=\"height: 13.50pt;\">\n<td style=\"height: 13.5pt; text-align: center;\" align=\"right\" height=\"18\">64020001<\/td>\n<td style=\"text-align: center;\" align=\"right\">200<\/td>\n<td style=\"text-align: center;\">5.8&#215;12.0<\/td>\n<td class=\"et2\" style=\"text-align: center;\" rowspan=\"5\">Wyczy\u015b\u0107 (niestandardowe)<\/td>\n<td class=\"et2\" style=\"text-align: center;\" rowspan=\"5\">Gwintowany<\/td>\n<\/tr>\n<tr style=\"height: 13.50pt;\">\n<td style=\"height: 13.5pt; text-align: center;\" align=\"right\" height=\"18\">64025002<\/td>\n<td style=\"text-align: center;\" align=\"right\">250<\/td>\n<td style=\"text-align: center;\">5.9&#215;13.7<\/td>\n<\/tr>\n<tr style=\"height: 13.50pt;\">\n<td style=\"height: 13.5pt; text-align: center;\" align=\"right\" height=\"18\">64031003<\/td>\n<td style=\"text-align: center;\" align=\"right\">310<\/td>\n<td style=\"text-align: center;\">6.4&#215;15.3<\/td>\n<\/tr>\n<tr style=\"height: 13.50pt;\">\n<td style=\"height: 13.5pt; text-align: center;\" align=\"right\" height=\"18\">64050004<\/td>\n<td style=\"text-align: center;\" align=\"right\">500<\/td>\n<td style=\"text-align: center;\">7.5&#215;20.85<\/td>\n<\/tr>\n<tr style=\"height: 13.50pt;\">\n<td style=\"height: 13.5pt; text-align: center;\" align=\"right\" height=\"18\">64100005<\/td>\n<td style=\"text-align: center;\" align=\"right\">1000<\/td>\n<td style=\"text-align: center;\">8.5&#215;26.0<\/td>\n<\/tr>\n<\/tbody>\n<\/table>\n<h2>Przypadek sukcesu<\/h2>\n<p>Gospodarstwo ekologiczne poprosi\u0142o nas o rebranding ich nowej linii ekologicznego mleka premium. Zam\u00f3wili oni na zam\u00f3wienie szklane butelki na mleko, wykonane z wyj\u0105tkowo grubego szk\u0142a sodowo-wapniowego o wysokiej rozdzielczo\u015bci, dzi\u0119ki czemu naturalny kolor mleka jest wyra\u017anie widoczny. Ka\u017cda butelka ozdobiona jest logo gospodarstwa i g\u0142adk\u0105 szyjk\u0105 u\u0142atwiaj\u0105c\u0105 nalewanie. Aby dope\u0142ni\u0107 ca\u0142o\u015bci, marka zdecydowa\u0142a si\u0119 r\u00f3wnie\u017c na opcjonalnie dost\u0119pne srebrne, zakr\u0119cane, metalowe zamkni\u0119cie oraz silikonow\u0105 wk\u0142adk\u0119 z zabezpieczeniem gwarancyjnym, aby zapewni\u0107 \u015bwie\u017co\u015b\u0107 i zapobiec wyciekom podczas transportu.<\/p>\n<p>Pojedyncze opakowanie pozwoli\u0142o na podwojenie sprzeda\u017cy w ci\u0105gu 30 dni od wprowadzenia na rynek, co sk\u0142oni\u0142o farm\u0119 do podj\u0119cia decyzji o dalszym stosowaniu naszych niestandardowych szklanych butelek na mleko dla ca\u0142ej swojej linii produkt\u00f3w ekologicznych, a tak\u017ce do rozszerzenia oferty na inne kategorie napoj\u00f3w mlecznych.<\/p>\n<h2>Tw\u00f3j podr\u0119cznik personalizacji<\/h2>\n<ol>\n<li><strong>Projekt butelki:<\/strong> Je\u015bli zale\u017cy Ci na bardziej luksusowym wygl\u0105dzie i fakturze, mo\u017cesz zdecydowa\u0107 si\u0119 na wzory t\u0142oczone lub malowane.<\/li>\n<li><strong>Czapka:<\/strong> Wybierz materia\u0142, z kt\u00f3rego wykonana jest nasadka Twojego produktu, np. plastik, drewno, metal lub wiele innych. Mo\u017cesz r\u00f3wnie\u017c spersonalizowa\u0107 kolor nasadki.<\/li>\n<li><strong>Drukowanie logo:<\/strong> Wyr\u00f3\u017cnij swoje logo, drukuj\u0105c je na nakr\u0119tce lub butelce.<\/li>\n<\/ol>","protected":false},"excerpt":{"rendered":"<p>Wytrzyma\u0142e, przezroczyste, szklane butelki na mleko o klasycznym designie, idealne do serwowania mleka, sok\u00f3w lub koktajli. Idealne do u\u017cytku w domu lub kawiarni.<\/p>","protected":false},"featured_media":22410,"template":"","meta":[],"product_brand":[],"product_cat":[123,122,131],"product_tag":[],"class_list":{"0":"post-22391","1":"product","2":"type-product","3":"status-publish","4":"has-post-thumbnail","6":"product_cat-custom-glass-bottles","7":"product_cat-custom-glass-packaging","8":"product_cat-glass-milk-bottles","10":"first","11":"instock","12":"shipping-taxable","13":"product-type-simple"},"jetpack_sharing_enabled":true,"_links":{"self":[{"href":"https:\/\/yebodaglass.com\/pl\/wp-json\/wp\/v2\/product\/22391","targetHints":{"allow":["GET"]}}],"collection":[{"href":"https:\/\/yebodaglass.com\/pl\/wp-json\/wp\/v2\/product"}],"about":[{"href":"https:\/\/yebodaglass.com\/pl\/wp-json\/wp\/v2\/types\/product"}],"version-history":[{"count":3,"href":"https:\/\/yebodaglass.com\/pl\/wp-json\/wp\/v2\/product\/22391\/revisions"}],"predecessor-version":[{"id":22441,"href":"https:\/\/yebodaglass.com\/pl\/wp-json\/wp\/v2\/product\/22391\/revisions\/22441"}],"wp:featuredmedia":[{"embeddable":true,"href":"https:\/\/yebodaglass.com\/pl\/wp-json\/wp\/v2\/media\/22410"}],"wp:attachment":[{"href":"https:\/\/yebodaglass.com\/pl\/wp-json\/wp\/v2\/media?parent=22391"}],"wp:term":[{"taxonomy":"product_brand","embeddable":true,"href":"https:\/\/yebodaglass.com\/pl\/wp-json\/wp\/v2\/product_brand?post=22391"},{"taxonomy":"product_cat","embeddable":true,"href":"https:\/\/yebodaglass.com\/pl\/wp-json\/wp\/v2\/product_cat?post=22391"},{"taxonomy":"product_tag","embeddable":true,"href":"https:\/\/yebodaglass.com\/pl\/wp-json\/wp\/v2\/product_tag?post=22391"}],"curies":[{"name":"wp","href":"https:\/\/api.w.org\/{rel}","templated":true}]}}