{"id":22346,"date":"2025-10-13T17:04:42","date_gmt":"2025-10-13T09:04:42","guid":{"rendered":"https:\/\/yebodaglass.com\/?post_type=product&#038;p=22346"},"modified":"2025-11-28T15:41:38","modified_gmt":"2025-11-28T07:41:38","slug":"wholesale-dual-function-2-in-1-oil-dispenser-with-handle","status":"publish","type":"product","link":"https:\/\/yebodaglass.com\/pl\/wholesale-dual-function-2-in-1-oil-dispenser-with-handle\/","title":{"rendered":"Hurtowy dozownik oleju 2 w 1 o pojemno\u015bci 530 ml z podw\u00f3jn\u0105 funkcj\u0105 i uchwytem"},"content":{"rendered":"<p>Dzi\u0119ki ergonomicznemu uchwytowi i przezroczystej szklanej obudowie, przez kt\u00f3r\u0105 wyra\u017anie wida\u0107 z\u0142oty olej, ten dozownik do oleju 2 w 1 to idealne rozwi\u0105zanie zar\u00f3wno do rozpylania, jak i nalewania. To idealne po\u0142\u0105czenie funkcji, kt\u00f3re doda uroku Twojej kuchni.<\/p>\n<h2>Cechy produktu<\/h2>\n<ul>\n<li><strong>Spryskiwanie lub polewanie:<\/strong> Jedna butelka oleju 2 w 1, dwie funkcje, koniec z ba\u0142aganem.<\/li>\n<li><strong>Ka\u017cda kropla jest widoczna:<\/strong> Przezroczysta szklana butelka wyra\u017anie pokazuje poziom i jako\u015b\u0107 oleju.<\/li>\n<li><strong>\u0141atwa obs\u0142uga:<\/strong> Pomara\u0144czowy przycisk i inne elementy steruj\u0105ce, w po\u0142\u0105czeniu z mechanizmem przyciskowym, zapewniaj\u0105 \u0142atw\u0105 obs\u0142ug\u0119 i precyzyjn\u0105 kontrol\u0119 oleju.<\/li>\n<li><strong>Przyjazna dla u\u017cytkownika konstrukcja uchwytu:<\/strong> Kompakte Einmachgl\u00e4ser und Einmachgl\u00e4ser mit Deckel. BPA-freies Glas. Gro\u00dfhandel f\u00fcr Honig, So\u00dfen und DIY-Projekte. Individuelle Farben. Schnelle Lieferung. Auff\u00e4llige Verpackung!<\/li>\n<\/ul>\n<h2>Kluczowe specyfikacje<\/h2>\n<table style=\"border-collapse: collapse; margin-left: auto; margin-right: auto; width: 510.02pt;\" border=\"0\" width=\"680\" cellspacing=\"0\" cellpadding=\"0\">\n<tbody>\n<tr style=\"height: 13.50pt;\">\n<td style=\"height: 13.50pt; width: 99.75pt;\" width=\"133\" height=\"18\">Funkcja<\/td>\n<td style=\"width: 410.25pt;\" width=\"547\">Specyfikacja<\/td>\n<\/tr>\n<tr style=\"height: 13.50pt;\">\n<td style=\"height: 13.50pt;\" height=\"18\">Pojemno\u015b\u0107<\/td>\n<td>530 ml<\/td>\n<\/tr>\n<tr style=\"height: 13.50pt;\">\n<td style=\"height: 13.50pt;\" height=\"18\">Wymiary<\/td>\n<td>7,2\u00d721,0 cm (\u015brednica \u00d7 wysoko\u015b\u0107)<\/td>\n<\/tr>\n<tr style=\"height: 13.50pt;\">\n<td style=\"height: 13.50pt;\" height=\"18\">Tworzywo<\/td>\n<td>Korpus i uchwyt z przezroczystego szk\u0142a<\/td>\n<\/tr>\n<tr style=\"height: 13.50pt;\">\n<td style=\"height: 13.50pt;\" height=\"18\">Kszta\u0142t<\/td>\n<td>Cylindryczny z uchwytem zintegrowanym<\/td>\n<\/tr>\n<tr style=\"height: 13.50pt;\">\n<td style=\"height: 13.50pt;\" height=\"18\">Opcje pokrywy<\/td>\n<td>Dwufunkcyjny dozownik oleju 2 w 1 (spryskiwanie\/wylewanie)<\/td>\n<\/tr>\n<tr style=\"height: 13.50pt;\">\n<td style=\"height: 13.50pt;\" height=\"18\">Najlepsze dla<\/td>\n<td>Oliwa z oliwek, ocet, spraye do gotowania, sosy<\/td>\n<\/tr>\n<tr style=\"height: 13.50pt;\">\n<td style=\"height: 13.50pt;\" height=\"18\">Idealne zastosowanie<\/td>\n<td>Butelka z rozpylaczem do oliwy, pojemniki na oliw\u0119 i ocet, przechowywanie w kuchni<\/td>\n<\/tr>\n<\/tbody>\n<\/table>\n<h2>Prawdziwy przypadek<\/h2>\n<p>Restauracja w Polsce, kt\u00f3ra korzysta\u0142a g\u0142\u00f3wnie z oddzielnych butelek do rozpylania i nalewania oleju, wybra\u0142a nasz dozownik do oleju 2 w 1 do sprzeda\u017cy hurtowej, pocz\u0105tkowo sk\u0142adaj\u0105c zam\u00f3wienie hurtowe na 600 sztuk. Rezultaty m\u00f3wi\u0105 same za siebie. Po pierwsze, klienci odnotowali 30% redukcj\u0119 ba\u0142aganu na blacie po zast\u0105pieniu dw\u00f3ch butelek jedn\u0105. Po drugie, funkcja rozpylania zmniejszy\u0142a zu\u017cycie oliwy z oliwek o 22%. Po trzecie, uchwyt u\u0142atwi\u0142 pracownikom obs\u0142ug\u0119, zmniejszy\u0142 rozlewanie o 40% i skr\u00f3ci\u0142 czas sprz\u0105tania. Dziewi\u0119\u0107 miesi\u0119cy p\u00f3\u017aniej z\u0142o\u017cyli u nas kolejne zam\u00f3wienie na 150 000 butelek.<\/p>\n<h2>Wskaz\u00f3wka dotycz\u0105ca personalizacji<\/h2>\n<ul>\n<li><strong>Kolor uchwytu:\u200b\u200b<\/strong> Dostosuj kolor uchwytu, aby stworzy\u0107 unikaln\u0105 identyfikacj\u0119 wizualn\u0105 swojej marki.<\/li>\n<li><strong>Akcenty guzikowe:<\/strong> Wybierz kolor przycisku ze spryskiwaczem i innych akcent\u00f3w, kt\u00f3re b\u0119d\u0105 pasowa\u0107 do Twojej marki.<\/li>\n<li><strong>Sitodruk:<\/strong> Nanie\u015b swoje logo bezpo\u015brednio na szklany korpus, aby uzyska\u0107 trwa\u0142e, wysokiej jako\u015bci wyko\u0144czenie.<\/li>\n<li><strong>Barwione odcienie szk\u0142a:<\/strong> Zabarw szk\u0142o na delikatnie zielony lub bursztynowy kolor, aby chroni\u0107 oliw\u0119 z oliwek przed promieniowaniem UV, dopasowuj\u0105c j\u0105 jednocze\u015bnie do kolor\u00f3w danej marki.<\/li>\n<\/ul>\n<p>Gotowy na ulepszenie opakowania swojej butelki z oliw\u0105? Skontaktuj si\u0119 z nami, aby uzyska\u0107 hurtowe ceny tego innowacyjnego dozownika do oliwy i zacznij ju\u017c dzi\u015b korzysta\u0107 z inteligentniejszych szklanych opakowa\u0144.<\/p>","protected":false},"excerpt":{"rendered":"<p>Dozownik do oleju 2 w 1 o podw\u00f3jnym zastosowaniu, z uchwytem i zatrzaskow\u0105 nakr\u0119tk\u0105. Przezroczysty szklany korpus, praktyczny i stylowy. Mo\u017cliwo\u015b\u0107 zam\u00f3wienia hurtowego, personalizacji i szybkiej wysy\u0142ki.<\/p>","protected":false},"featured_media":22350,"template":"","meta":[],"product_brand":[],"product_cat":[122,123,126],"product_tag":[],"class_list":{"0":"post-22346","1":"product","2":"type-product","3":"status-publish","4":"has-post-thumbnail","6":"product_cat-custom-glass-packaging","7":"product_cat-custom-glass-bottles","8":"product_cat-olive-oil-bottles","10":"first","11":"instock","12":"shipping-taxable","13":"product-type-simple"},"jetpack_sharing_enabled":true,"_links":{"self":[{"href":"https:\/\/yebodaglass.com\/pl\/wp-json\/wp\/v2\/product\/22346","targetHints":{"allow":["GET"]}}],"collection":[{"href":"https:\/\/yebodaglass.com\/pl\/wp-json\/wp\/v2\/product"}],"about":[{"href":"https:\/\/yebodaglass.com\/pl\/wp-json\/wp\/v2\/types\/product"}],"version-history":[{"count":5,"href":"https:\/\/yebodaglass.com\/pl\/wp-json\/wp\/v2\/product\/22346\/revisions"}],"predecessor-version":[{"id":24180,"href":"https:\/\/yebodaglass.com\/pl\/wp-json\/wp\/v2\/product\/22346\/revisions\/24180"}],"wp:featuredmedia":[{"embeddable":true,"href":"https:\/\/yebodaglass.com\/pl\/wp-json\/wp\/v2\/media\/22350"}],"wp:attachment":[{"href":"https:\/\/yebodaglass.com\/pl\/wp-json\/wp\/v2\/media?parent=22346"}],"wp:term":[{"taxonomy":"product_brand","embeddable":true,"href":"https:\/\/yebodaglass.com\/pl\/wp-json\/wp\/v2\/product_brand?post=22346"},{"taxonomy":"product_cat","embeddable":true,"href":"https:\/\/yebodaglass.com\/pl\/wp-json\/wp\/v2\/product_cat?post=22346"},{"taxonomy":"product_tag","embeddable":true,"href":"https:\/\/yebodaglass.com\/pl\/wp-json\/wp\/v2\/product_tag?post=22346"}],"curies":[{"name":"wp","href":"https:\/\/api.w.org\/{rel}","templated":true}]}}