{"id":22336,"date":"2025-10-13T15:53:39","date_gmt":"2025-10-13T07:53:39","guid":{"rendered":"https:\/\/yebodaglass.com\/?post_type=product&#038;p=22336"},"modified":"2026-03-24T11:54:50","modified_gmt":"2026-03-24T03:54:50","slug":"bulk-clear-cooking-oil-bottle-for-kitchen-with-pouring-lid","status":"publish","type":"product","link":"https:\/\/yebodaglass.com\/pl\/bulk-clear-cooking-oil-bottle-for-kitchen-with-pouring-lid\/","title":{"rendered":"Butelka na olej kuchenny 200 ml przezroczysta, z pokrywk\u0105 do nalewania"},"content":{"rendered":"<p>Ta butelka na olej kuchenny ma charakterystyczny kszta\u0142t klepsydry i elegancki, zw\u0119\u017caj\u0105cy si\u0119 ku do\u0142owi kszta\u0142t, dzi\u0119ki czemu jest \u0142atwa do trzymania i nalewania. Wykonana jest z krystalicznie czystego szk\u0142a i wyposa\u017cona w stalowy dzi\u00f3bek, kt\u00f3ry otwiera si\u0119 po naci\u015bni\u0119ciu przycisku i automatycznie zamyka, zapobiegaj\u0105c kapaniu.<\/p>\n<h2>Cechy produktu<\/h2>\n<ul>\n<li><strong>Nalewanie bez kapania za ka\u017cdym razem:<\/strong> Precyzyjna nakr\u0119tka reguluje przep\u0142yw, dzi\u0119ki czemu ca\u0142kowicie eliminuje si\u0119 problem zaklejania butelek i marnowania oleju.<\/li>\n<li><strong>Materia\u0142 szklany przezroczysty:<\/strong>Szklana obudowa pozwala na szybki podgl\u0105d pustej butelki po oliwie lub occie, dzi\u0119ki czemu podczas gotowania nie dojdzie do przerwania jej dop\u0142ywu.<\/li>\n<li><strong>Smuk\u0142a konstrukcja:<\/strong> Ze wzgl\u0119du na smuk\u0142y kszta\u0142t, mo\u017cna go \u0142atwo umie\u015bci\u0107 w kuchni i zyska\u0107 wi\u0119cej miejsca do przechowywania.<\/li>\n<\/ul>\n<h2>Kluczowe specyfikacje<\/h2>\n<table style=\"border-collapse: collapse; margin-left: auto; margin-right: auto; width: 614.27pt;\" border=\"0\" width=\"819\" cellspacing=\"0\" cellpadding=\"0\">\n<tbody>\n<tr style=\"height: 13.50pt;\">\n<td style=\"height: 13.50pt; width: 99.75pt;\" width=\"133\" height=\"18\">Funkcja<\/td>\n<td style=\"width: 514.50pt;\" width=\"686\">Specyfikacja<\/td>\n<\/tr>\n<tr style=\"height: 13.50pt;\">\n<td style=\"height: 13.50pt;\" height=\"18\">Pojemno\u015b\u0107<\/td>\n<td>200 ml<\/td>\n<\/tr>\n<tr style=\"height: 13.50pt;\">\n<td style=\"height: 13.50pt;\" height=\"18\">Wymiary<\/td>\n<td>6,5\u00d719,0 cm (\u015brednica \u00d7 wysoko\u015b\u0107)<\/td>\n<\/tr>\n<tr style=\"height: 13.50pt;\">\n<td style=\"height: 13.50pt;\" height=\"18\">Kszta\u0142t<\/td>\n<td>Szk\u0142o okr\u0105g\u0142e sto\u017ckowe<\/td>\n<\/tr>\n<tr style=\"height: 13.50pt;\">\n<td style=\"height: 13.50pt;\" height=\"18\">Opcje pokrywy<\/td>\n<td>Czarno-srebrny wylew z klapk\u0105, pe\u0142na nakr\u0119tka<\/td>\n<\/tr>\n<tr style=\"height: 13.50pt;\">\n<td style=\"height: 13.50pt;\" height=\"18\">Najlepsze dla<\/td>\n<td>Oliwa z oliwek, ocet, oleje kuchenne, marynaty<\/td>\n<\/tr>\n<tr style=\"height: 13.50pt;\">\n<td style=\"height: 13.50pt;\" height=\"18\">Idealne zastosowanie<\/td>\n<td>Butelka na olej kuchenny, butelki na olej i ocet, hurtowe opakowania szklane<\/td>\n<\/tr>\n<\/tbody>\n<\/table>\n<h2>Historia sukcesu<\/h2>\n<p>Jeden z luksusowych europejskich sprzedawc\u00f3w \u017cywno\u015bci wybra\u0142 nasz\u0105 butelk\u0119 na olej z dozownikiem i zam\u00f3wi\u0142 tak\u0105 o specjalnie zaprojektowanym, piaskowanym wyko\u0144czeniu z miedzianym dzi\u00f3bkiem. To tradycyjna butelka na olej, kt\u00f3ra sta\u0142a si\u0119 elementem ich logo. Jej elegancki design i odporno\u015b\u0107 na kapanie pozwoli\u0142y im sprzedawa\u0107 sw\u00f3j olej z dozownikiem o 40 procent dro\u017cej ni\u017c orygina\u0142, a lepsze uszczelnienie zmniejszy\u0142o rozlanie\/marnowanie w sklepie o 25 procent. Na podstawie tego sukcesu, zam\u00f3wili 650 000 dodatkowych butelek swojego nowego, ma\u0142ego zestawu octu i \u015bwi\u0105tecznych prezent\u00f3w.<\/p>\n<h2>Pomys\u0142y na personalizacj\u0119 butelek z dozownikiem oleju<\/h2>\n<ul>\n<li><strong>Sitodruk:\u200b\u200b<\/strong> Mo\u017cesz zleci\u0107 nadruk swojego logo lub wzoru bezpo\u015brednio na szklanej butelce, co u\u0142atwi identyfikacj\u0119 Twojej marki i zapewni jej trwa\u0142e oznakowanie.<\/li>\n<li><strong>Barwienie kolor\u00f3w:<\/strong> Wybierz opakowanie produktu w prostym, bursztynowym lub zielonym szkle, kt\u00f3re jest obecnie do\u015b\u0107 popularne, poniewa\u017c nie tylko chroni przed promieniowaniem UV, ale tak\u017ce sprawia, \u017ce \u200b\u200bprodukt wygl\u0105da bardziej atrakcyjnie.<\/li>\n<li><strong>Kolor pokrywy:<\/strong> Kolor zakr\u0119tki mo\u017ce by\u0107 dowolny, czarny, z\u0142oty lub srebrny \u2013 zale\u017cy to wy\u0142\u0105cznie od Ciebie i pozosta\u0142ych kolor\u00f3w z palety kolor\u00f3w Twojej marki.<\/li>\n<li><strong>Etykietowanie metod\u0105 termotransferu:<\/strong> Wybierz pe\u0142nokolorowe obrazy o wysokiej rozdzielczo\u015bci, kt\u00f3re zostan\u0105 zintegrowane z jednymi z najtrwalszych i najbardziej odpornych na wilgo\u0107 typ\u00f3w etykiet kuchennych, etykietami termotransferowymi.<\/li>\n<\/ul>","protected":false},"excerpt":{"rendered":"<p>Przezroczysta szklana butelka na olej kuchenny do u\u017cytku kuchennego. Elegancki, wyd\u0142u\u017cony design z czarno-srebrnym dozownikiem. Idealna do brandingu kuchni, restauracji lub zam\u00f3wie\u0144 hurtowych.<\/p>","protected":false},"featured_media":22341,"template":"","meta":[],"product_brand":[],"product_cat":[126,123,122],"product_tag":[],"class_list":{"0":"post-22336","1":"product","2":"type-product","3":"status-publish","4":"has-post-thumbnail","6":"product_cat-olive-oil-bottles","7":"product_cat-custom-glass-bottles","8":"product_cat-custom-glass-packaging","10":"first","11":"instock","12":"shipping-taxable","13":"product-type-simple"},"jetpack_sharing_enabled":true,"_links":{"self":[{"href":"https:\/\/yebodaglass.com\/pl\/wp-json\/wp\/v2\/product\/22336","targetHints":{"allow":["GET"]}}],"collection":[{"href":"https:\/\/yebodaglass.com\/pl\/wp-json\/wp\/v2\/product"}],"about":[{"href":"https:\/\/yebodaglass.com\/pl\/wp-json\/wp\/v2\/types\/product"}],"version-history":[{"count":5,"href":"https:\/\/yebodaglass.com\/pl\/wp-json\/wp\/v2\/product\/22336\/revisions"}],"predecessor-version":[{"id":25580,"href":"https:\/\/yebodaglass.com\/pl\/wp-json\/wp\/v2\/product\/22336\/revisions\/25580"}],"wp:featuredmedia":[{"embeddable":true,"href":"https:\/\/yebodaglass.com\/pl\/wp-json\/wp\/v2\/media\/22341"}],"wp:attachment":[{"href":"https:\/\/yebodaglass.com\/pl\/wp-json\/wp\/v2\/media?parent=22336"}],"wp:term":[{"taxonomy":"product_brand","embeddable":true,"href":"https:\/\/yebodaglass.com\/pl\/wp-json\/wp\/v2\/product_brand?post=22336"},{"taxonomy":"product_cat","embeddable":true,"href":"https:\/\/yebodaglass.com\/pl\/wp-json\/wp\/v2\/product_cat?post=22336"},{"taxonomy":"product_tag","embeddable":true,"href":"https:\/\/yebodaglass.com\/pl\/wp-json\/wp\/v2\/product_tag?post=22336"}],"curies":[{"name":"wp","href":"https:\/\/api.w.org\/{rel}","templated":true}]}}