{"id":22277,"date":"2025-10-11T16:41:58","date_gmt":"2025-10-11T08:41:58","guid":{"rendered":"https:\/\/yebodaglass.com\/?post_type=product&#038;p=22277"},"modified":"2025-10-11T17:35:40","modified_gmt":"2025-10-11T09:35:40","slug":"wholesale-glass-olive-oil-spray-bottle-with-metal-press-pump","status":"publish","type":"product","link":"https:\/\/yebodaglass.com\/pl\/wholesale-glass-olive-oil-spray-bottle-with-metal-press-pump\/","title":{"rendered":"Butelka ze spryskiwaczem do oliwy z oliwek 100 ml hurtowo z metalow\u0105 pompk\u0105"},"content":{"rendered":"<p>Ta szklana butelka z atomizerem do oliwy o pojemno\u015bci 100 ml ma elegancki, cylindryczny kszta\u0142t, przezroczyst\u0105, szklan\u0105 obudow\u0119 i srebrny, metalowy mechanizm dozuj\u0105cy. Stanowi idealne po\u0142\u0105czenie nowoczesnej estetyki i praktycznych potrzeb kulinarnych.<\/p>\n<h2>Cechy produktu<\/h2>\n<ul>\n<li><strong>Smuk\u0142a, cylindryczna konstrukcja:<\/strong> Smuk\u0142y, cylindryczny kszta\u0142t jest nie tylko \u0142atwy do trzymania, ale tak\u017ce pozwala zaoszcz\u0119dzi\u0107 miejsce w kuchni, gdy\u017c mo\u017cna go przechowywa\u0107 w dowolnym miejscu.<\/li>\n<li><strong>Mechanizm natrysku metalu:<\/strong> G\u00f3rny mechanizm natryskowy wykonany ze srebrnego metalu nie tylko poprawia estetyk\u0119, ale jest r\u00f3wnie\u017c g\u0142\u00f3wnym powodem r\u00f3wnomiernego rozprowadzania strumienia.<\/li>\n<li><strong>Szk\u0142o przezroczyste:<\/strong> Przezroczyste szk\u0142o pozwala na pe\u0142n\u0105 kontrol\u0119 ilo\u015bci oleju pozosta\u0142ego w butelce.<\/li>\n<\/ul>\n<h2>Kluczowe specyfikacje<\/h2>\n<table style=\"border-collapse: collapse; margin-left: auto; margin-right: auto; width: 510.77pt;\" border=\"0\" width=\"681\" cellspacing=\"0\" cellpadding=\"0\">\n<tbody>\n<tr style=\"height: 13.50pt;\">\n<td style=\"height: 13.50pt; width: 99.75pt;\" width=\"133\" height=\"18\">Funkcja<\/td>\n<td style=\"width: 411.00pt;\" width=\"548\">Specyfikacja<\/td>\n<\/tr>\n<tr style=\"height: 13.50pt;\">\n<td style=\"height: 13.50pt;\" height=\"18\">Pojemno\u015b\u0107<\/td>\n<td>100 ml<\/td>\n<\/tr>\n<tr style=\"height: 13.50pt;\">\n<td style=\"height: 13.50pt;\" height=\"18\">Wymiary<\/td>\n<td>4,0\u00d718,5 cm (\u015brednica \u00d7 wysoko\u015b\u0107)<\/td>\n<\/tr>\n<tr style=\"height: 13.50pt;\">\n<td style=\"height: 13.50pt;\" height=\"18\">Tworzywo<\/td>\n<td>Korpus z przezroczystego szk\u0142a, pompka ze stali nierdzewnej<\/td>\n<\/tr>\n<tr style=\"height: 13.50pt;\">\n<td style=\"height: 13.50pt;\" height=\"18\">Kszta\u0142t<\/td>\n<td>Prosty cylinder<\/td>\n<\/tr>\n<tr style=\"height: 13.50pt;\">\n<td style=\"height: 13.50pt;\" height=\"18\">Opcje pokrywy<\/td>\n<td>Butelka z rozpylaczem do oliwy z oliwek w formie drobnej mgie\u0142ki, z solidn\u0105 nakr\u0119tk\u0105<\/td>\n<\/tr>\n<tr style=\"height: 13.50pt;\">\n<td style=\"height: 13.50pt;\" height=\"18\">Najlepsze dla<\/td>\n<td>Olej, ocet, spraye do gotowania<\/td>\n<\/tr>\n<tr style=\"height: 13.50pt;\">\n<td style=\"height: 13.50pt;\" height=\"18\">Idealne zastosowanie<\/td>\n<td>Butelka z rozpylaczem do oliwy, pojemniki na oliw\u0119 i ocet, przechowywanie w kuchni<\/td>\n<\/tr>\n<\/tbody>\n<\/table>\n<h2>Historia sukcesu: efektywno\u015b\u0107 i wzmocnienie marki<\/h2>\n<p>Regionalna sie\u0107 sklep\u00f3w z oliw\u0105 z oliwek rozwi\u0105za\u0142a dwa problemy w bardzo prosty i skuteczny spos\u00f3b: problem przelewania i t\u0142uczenia plastikowych butelek z rozpylaczem, stosuj\u0105c nasze butelki z rozpylaczem. Dysza w ulepszonej butelce z rozpylaczem drastycznie zmniejsza zu\u017cycie oleju o 30%, co z kolei znacz\u0105co minimalizuje ilo\u015b\u0107 odpad\u00f3w; jednocze\u015bnie butelka z rozpylaczem rozwi\u0105zuje problem t\u0142uczenia. Ta zmiana nie tylko usprawnia prac\u0119 w kuchni, ale r\u00f3wnie\u017c wyrafinowany design spotka\u0142 si\u0119 z bardzo pozytywnymi opiniami klient\u00f3w, kt\u00f3rzy twierdz\u0105, \u017ce marka emanuje atmosfer\u0105 premium. Sie\u0107 sklep\u00f3w z olejami kuchennymi sk\u0142ada obecnie zam\u00f3wienia na te szklane butelki z rozpylaczem cztery razy w roku i zacz\u0119\u0142a nawet poleca\u0107 je swojemu dostawcy oliwy z oliwek. Ta drobna zmiana znacz\u0105co wp\u0142yn\u0119\u0142a na jej wyniki finansowe!<\/p>\n<h2>Gro\u00dfhandelsgr\u00f6\u00dfen<\/h2>\n<ul>\n<li>Wytrawione logo marki: Stw\u00f3rz subtelne, wytrawione logo lub wz\u00f3r marki na przezroczystym szkle \u2014 idealne rozwi\u0105zanie dla klient\u00f3w hurtowych, kt\u00f3rzy chc\u0105, aby ich marka by\u0142a bardziej widoczna na narz\u0119dziach kuchennych.<\/li>\n<li>Umweltfreundliche Wiederverwendung<\/li>\n<li>Recycelbar und wiederverwendbar \u2013 Ihr Glasgef\u00e4\u00df unterst\u00fctzt Nachhaltigkeit und nicht nur den Umsatz.<\/li>\n<\/ul>","protected":false},"excerpt":{"rendered":"<p>Przezroczysta szklana butelka z rozpylaczem do oliwy z oliwek ze srebrn\u0105 pompk\u0105. Nowoczesny design, szybka dostawa, bezp\u0142atne pr\u00f3bki oraz us\u0142ugi dostosowane do indywidualnych potrzeb.<\/p>","protected":false},"featured_media":22279,"template":"","meta":[],"product_brand":[],"product_cat":[122,123,126],"product_tag":[],"class_list":{"0":"post-22277","1":"product","2":"type-product","3":"status-publish","4":"has-post-thumbnail","6":"product_cat-custom-glass-packaging","7":"product_cat-custom-glass-bottles","8":"product_cat-olive-oil-bottles","10":"first","11":"instock","12":"shipping-taxable","13":"product-type-simple"},"jetpack_sharing_enabled":true,"_links":{"self":[{"href":"https:\/\/yebodaglass.com\/pl\/wp-json\/wp\/v2\/product\/22277","targetHints":{"allow":["GET"]}}],"collection":[{"href":"https:\/\/yebodaglass.com\/pl\/wp-json\/wp\/v2\/product"}],"about":[{"href":"https:\/\/yebodaglass.com\/pl\/wp-json\/wp\/v2\/types\/product"}],"version-history":[{"count":4,"href":"https:\/\/yebodaglass.com\/pl\/wp-json\/wp\/v2\/product\/22277\/revisions"}],"predecessor-version":[{"id":22286,"href":"https:\/\/yebodaglass.com\/pl\/wp-json\/wp\/v2\/product\/22277\/revisions\/22286"}],"wp:featuredmedia":[{"embeddable":true,"href":"https:\/\/yebodaglass.com\/pl\/wp-json\/wp\/v2\/media\/22279"}],"wp:attachment":[{"href":"https:\/\/yebodaglass.com\/pl\/wp-json\/wp\/v2\/media?parent=22277"}],"wp:term":[{"taxonomy":"product_brand","embeddable":true,"href":"https:\/\/yebodaglass.com\/pl\/wp-json\/wp\/v2\/product_brand?post=22277"},{"taxonomy":"product_cat","embeddable":true,"href":"https:\/\/yebodaglass.com\/pl\/wp-json\/wp\/v2\/product_cat?post=22277"},{"taxonomy":"product_tag","embeddable":true,"href":"https:\/\/yebodaglass.com\/pl\/wp-json\/wp\/v2\/product_tag?post=22277"}],"curies":[{"name":"wp","href":"https:\/\/api.w.org\/{rel}","templated":true}]}}