{"id":22245,"date":"2025-10-15T09:36:05","date_gmt":"2025-10-15T01:36:05","guid":{"rendered":"https:\/\/yebodaglass.com\/?post_type=product&#038;p=22245"},"modified":"2026-03-19T18:12:33","modified_gmt":"2026-03-19T10:12:33","slug":"clear-mason-glass-jars-with-handles-bulk","status":"publish","type":"product","link":"https:\/\/yebodaglass.com\/pl\/produkt\/clear-mason-glass-jars-with-handles-bulk\/","title":{"rendered":"S\u0142oiki szklane Mason z uchwytami o pojemno\u015bci 40\u2013600 ml, przezroczyste, hurtowe"},"content":{"rendered":"<p>Te szklane s\u0142oiki typu mason z uchwytami maj\u0105 przezroczysty, cylindryczny korpus z g\u0142adkim, zaokr\u0105glonym uchwytem, \u200b\u200bdzi\u0119ki czemu mo\u017cna je \u0142atwo chwyci\u0107 nawet wtedy, gdy s\u0142oik jest pe\u0142ny. Butelka ma standardowy gwint z mo\u017cliwo\u015bci\u0105 zamontowania metalowej nakr\u0119tki w kolorze z\u0142otym lub srebrnym.<\/p>\n<h2>Cechy produktu<\/h2>\n<ul>\n<li><strong>Konstrukcja uchwytu bocznego:<\/strong> S\u0142oik ma przezroczysty szklany uchwyt zaprojektowany tak, aby by\u0142 wygodny i odporny na ciep\u0142o, dzi\u0119ki czemu s\u0142oik jest \u0142atwy do trzymania i przenoszenia, co zwi\u0119ksza jego u\u017cyteczno\u015b\u0107.<\/li>\n<li><strong>R\u00f3\u017cne rozmiary do wyboru:<\/strong> Dost\u0119pny jest w r\u00f3\u017cnych rozmiarach, w tym mini, ma\u0142ym, \u015brednim i du\u017cym, w zale\u017cno\u015bci od potrzeby, w jakiej jest przygotowywany, np. ma\u0142e porcje, nap\u00f3j w jednym napoju lub porcja dla ca\u0142ej rodziny.<\/li>\n<li><strong>Szk\u0142o o wysokiej przejrzysto\u015bci:<\/strong> Wysoki poziom przejrzysto\u015bci szk\u0142a o wysokiej przejrzysto\u015bci przeznaczonego do kontaktu z \u017cywno\u015bci\u0105 \u0142\u0105czy w sobie walory estetyczne i praktyczne, poniewa\u017c umo\u017cliwia ono wyra\u017any podgl\u0105d zawarto\u015bci.<\/li>\n<\/ul>\n<h2>Kluczowe specyfikacje<\/h2>\n<table style=\"border-collapse: collapse; width: 80%; margin-left: auto; margin-right: auto;\" border=\"0\" width=\"288\" cellspacing=\"0\" cellpadding=\"0\">\n<tbody>\n<tr style=\"height: 13.50pt;\">\n<td style=\"height: 13.5pt; width: 54pt; text-align: center;\" width=\"72\" height=\"18\">Model<\/td>\n<td style=\"width: 54pt; text-align: center;\" width=\"72\">Pojemno\u015b\u0107 (ml)<\/td>\n<td style=\"width: 54pt; text-align: center;\" width=\"72\">Rozmiar (cm)<\/td>\n<td style=\"width: 54pt; text-align: center;\" width=\"72\">\u03a0\u03bb\u03b1\u03c3\u03c4\u03b9\u03ba\u03cc PET<\/td>\n<\/tr>\n<tr style=\"height: 13.50pt;\">\n<td style=\"height: 13.5pt; text-align: center;\" align=\"right\" height=\"18\">63004054<\/td>\n<td style=\"text-align: center;\" align=\"right\">40<\/td>\n<td style=\"text-align: center;\">4.9&#215;3.6&#215;6.1<\/td>\n<td class=\"et2\" style=\"text-align: center;\" rowspan=\"7\">Wyczy\u015b\u0107 (niestandardowe)<\/td>\n<\/tr>\n<tr style=\"height: 13.50pt;\">\n<td style=\"height: 13.5pt; text-align: center;\" align=\"right\" height=\"18\">63013055<\/td>\n<td style=\"text-align: center;\" align=\"right\">130<\/td>\n<td style=\"text-align: center;\">7.4&#215;5.4&#215;8.4<\/td>\n<\/tr>\n<tr style=\"height: 13.50pt;\">\n<td style=\"height: 13.5pt; text-align: center;\" align=\"right\" height=\"18\">63020056<\/td>\n<td style=\"text-align: center;\" align=\"right\">200<\/td>\n<td style=\"text-align: center;\">8,4\u00d76,0x10,3<\/td>\n<\/tr>\n<tr style=\"height: 13.50pt;\">\n<td style=\"height: 13.5pt; text-align: center;\" align=\"right\" height=\"18\">63030057<\/td>\n<td style=\"text-align: center;\" align=\"right\">300<\/td>\n<td style=\"text-align: center;\">\u2014<\/td>\n<\/tr>\n<tr style=\"height: 13.50pt;\">\n<td style=\"height: 13.5pt; text-align: center;\" align=\"right\" height=\"18\">63040058<\/td>\n<td style=\"text-align: center;\" align=\"right\">400<\/td>\n<td style=\"text-align: center;\">\u2014<\/td>\n<\/tr>\n<tr style=\"height: 13.50pt;\">\n<td style=\"height: 13.5pt; text-align: center;\" align=\"right\" height=\"18\">63048059<\/td>\n<td style=\"text-align: center;\" align=\"right\">480<\/td>\n<td style=\"text-align: center;\">10.7&#215;7.8&#215;13.2<\/td>\n<\/tr>\n<tr style=\"height: 13.50pt;\">\n<td style=\"height: 13.5pt; text-align: center;\" align=\"right\" height=\"18\">63060060<\/td>\n<td style=\"text-align: center;\" align=\"right\">600<\/td>\n<td style=\"text-align: center;\">12.4&#215;8.8&#215;14.5<\/td>\n<\/tr>\n<\/tbody>\n<\/table>\n<h2>Historia sukcesu<\/h2>\n<p>Jedna z sieci bar\u00f3w z sokami w Po\u0142udniowej Kalifornii wybra\u0142a nasze 16-uncjowe s\u0142oiki typu mason z uchwytem i podda\u0142a je laserowej ocenie. Te specjalnie zaprojektowane s\u0142oiki odnios\u0142y ogromny sukces: nie tylko pozwoli\u0142y pracownikom utrzyma\u0107 receptury na tym samym poziomie, co pozwoli\u0142o im zaoszcz\u0119dzi\u0107 10% na kosztach sk\u0142adnik\u00f3w, ale tak\u017ce uchwyty u\u0142atwi\u0142y ich przenoszenie, co w rezultacie zmniejszy\u0142o rozlewanie o 25%. Sie\u0107 odnios\u0142a du\u017cy sukces i zam\u00f3wi\u0142a 250 000 s\u0142oik\u00f3w jako g\u0142\u00f3wne opakowania produkt\u00f3w detalicznych i nowych produkt\u00f3w subskrypcyjnych.<\/p>\n<h2>S\u0142oiki szklane Mason z uchwytem do personalizacji<\/h2>\n<ul>\n<li>Materia\u0142 i styl uchwyt\u00f3w \u2013 uchwyty mog\u0105 by\u0107 wykonane ze szk\u0142a w kolorze s\u0142oika, z kolorowej emalii lub owini\u0119te materia\u0142em takim jak juta lub sk\u00f3ra.<\/li>\n<li>Funkcje pokrywek: pokrywki do napoj\u00f3w wyst\u0119puj\u0105 w r\u00f3\u017cnych stylach, w tym pokrywki ze s\u0142omk\u0105 zamykan\u0105 na zatrzask, pokrywki z otworami na s\u0142omki lub wk\u0142adki do kubk\u00f3w typu shaker oraz do sa\u0142atek.<\/li>\n<li>Dostosowywanie rozmiaru: Istnieje mo\u017cliwo\u015b\u0107 dostosowania rozmiar\u00f3w do szczeg\u00f3lnych potrzeb rynku (np. 12-uncjowe s\u0142oiki na kaw\u0119, 32-uncjowe s\u0142oiki na lemoniad\u0119).<\/li>\n<\/ul>","protected":false},"excerpt":{"rendered":"<p>Stylowy s\u0142oik typu mason z uchwytem wykonany z przezroczystego szk\u0142a i metalow\u0105 pokrywk\u0105. Szklane s\u0142oiki typu mason z uchwytami idealne do napoj\u00f3w, deser\u00f3w i przechowywania. Darmowe pr\u00f3bki.<\/p>","protected":false},"featured_media":25529,"template":"","meta":[],"product_brand":[],"product_cat":[124,122,125],"product_tag":[],"class_list":{"0":"post-22245","1":"product","2":"type-product","3":"status-publish","4":"has-post-thumbnail","6":"product_cat-custom-glass-jars","7":"product_cat-custom-glass-packaging","8":"product_cat-mason-glass-jars","10":"first","11":"instock","12":"shipping-taxable","13":"product-type-simple"},"jetpack_sharing_enabled":true,"_links":{"self":[{"href":"https:\/\/yebodaglass.com\/pl\/wp-json\/wp\/v2\/product\/22245","targetHints":{"allow":["GET"]}}],"collection":[{"href":"https:\/\/yebodaglass.com\/pl\/wp-json\/wp\/v2\/product"}],"about":[{"href":"https:\/\/yebodaglass.com\/pl\/wp-json\/wp\/v2\/types\/product"}],"version-history":[{"count":5,"href":"https:\/\/yebodaglass.com\/pl\/wp-json\/wp\/v2\/product\/22245\/revisions"}],"predecessor-version":[{"id":25532,"href":"https:\/\/yebodaglass.com\/pl\/wp-json\/wp\/v2\/product\/22245\/revisions\/25532"}],"wp:featuredmedia":[{"embeddable":true,"href":"https:\/\/yebodaglass.com\/pl\/wp-json\/wp\/v2\/media\/25529"}],"wp:attachment":[{"href":"https:\/\/yebodaglass.com\/pl\/wp-json\/wp\/v2\/media?parent=22245"}],"wp:term":[{"taxonomy":"product_brand","embeddable":true,"href":"https:\/\/yebodaglass.com\/pl\/wp-json\/wp\/v2\/product_brand?post=22245"},{"taxonomy":"product_cat","embeddable":true,"href":"https:\/\/yebodaglass.com\/pl\/wp-json\/wp\/v2\/product_cat?post=22245"},{"taxonomy":"product_tag","embeddable":true,"href":"https:\/\/yebodaglass.com\/pl\/wp-json\/wp\/v2\/product_tag?post=22245"}],"curies":[{"name":"wp","href":"https:\/\/api.w.org\/{rel}","templated":true}]}}