{"id":22238,"date":"2025-10-11T13:14:08","date_gmt":"2025-10-11T05:14:08","guid":{"rendered":"https:\/\/yebodaglass.com\/?post_type=product&#038;p=22238"},"modified":"2026-03-26T14:45:20","modified_gmt":"2026-03-26T06:45:20","slug":"rectangular-amber-glass-olive-oil-bottles-for-cooking-bulk","status":"publish","type":"product","link":"https:\/\/yebodaglass.com\/pl\/produkt\/rectangular-amber-glass-olive-oil-bottles-for-cooking-bulk\/","title":{"rendered":"250 ml, 500 ml, 750 ml, prostok\u0105tne butelki na oliw\u0119 z bursztynowego szk\u0142a do gotowania w du\u017cych ilo\u015bciach"},"content":{"rendered":"<p>S\u0105 to butelki na oliw\u0119 z bursztynowego szk\u0142a o smuk\u0142ym kszta\u0142cie, gdzie prostok\u0105tny kszta\u0142t butelki stanowi dobr\u0105 ochron\u0119 przed degradacj\u0105 oliwy z oliwek dobrej jako\u015bci pod wp\u0142ywem \u015bwiat\u0142a. Dost\u0119pne s\u0105 w r\u00f3\u017cnych rozmiarach i maj\u0105 solidne, czarne zakr\u0119tki.<\/p>\n<h2>Cechy produktu<\/h2>\n<ul>\n<li><strong>Butelka \u015bwiat\u0142oszczelna w kolorze bursztynowym:<\/strong> Szk\u0142o bursztynowe jest niezwykle przejrzyste, a ponadto skutecznie zatrzymuje promienie UV, co wyd\u0142u\u017ca okres przydatno\u015bci oleju.<\/li>\n<li><strong>Zaokr\u0105glony, kwadratowy kszta\u0142t butelki:<\/strong> Zaokr\u0105glony, kwadratowy kszta\u0142t butelek jest \u0142atwy do trzymania, nie \u015blizga si\u0119, dzi\u0119ki czemu mo\u017cna je \u0142atwo uk\u0142ada\u0107 w stosy.<\/li>\n<li><strong>Czarna zakr\u0119tka uszczelniaj\u0105ca:<\/strong> Czarna nakr\u0119tka zapewnia bardzo dobre uszczelnienie, zapobiegaj\u0105c wyciekom i parowaniu oleju.<\/li>\n<\/ul>\n<h2>Kluczowe specyfikacje<\/h2>\n<table style=\"border-collapse: collapse; margin-left: auto; margin-right: auto; width: 642.77pt;\" border=\"0\" width=\"857\" cellspacing=\"0\" cellpadding=\"0\">\n<tbody>\n<tr style=\"height: 13.50pt;\">\n<td style=\"height: 13.50pt; width: 99.75pt;\" width=\"133\" height=\"18\">Funkcja<\/td>\n<td style=\"width: 543.00pt;\" width=\"724\">Specyfikacja<\/td>\n<\/tr>\n<tr style=\"height: 13.50pt;\">\n<td style=\"height: 13.50pt;\" height=\"18\">Wymiary<\/td>\n<td>4,7\u00d74,7\u00d721 cm (250 ml), 5,8\u00d75,8\u00d726,4 cm (500 ml), 6,5\u00d76,5\u00d730,2 cm (750 ml)<\/td>\n<\/tr>\n<tr style=\"height: 13.50pt;\">\n<td style=\"height: 13.50pt;\" height=\"18\">Rozmiar szyi<\/td>\n<td>Gwint \u015bruby 19 mm * 30 mm<\/td>\n<\/tr>\n<tr style=\"height: 13.50pt;\">\n<td style=\"height: 13.50pt;\" height=\"18\">Tworzywo<\/td>\n<td>Szk\u0142o bursztynowe z ochron\u0105 UV<\/td>\n<\/tr>\n<tr style=\"height: 13.50pt;\">\n<td style=\"height: 13.50pt;\" height=\"18\">Kszta\u0142t<\/td>\n<td>Prostok\u0105tny (szk\u0142o kwadratowe)<\/td>\n<\/tr>\n<tr style=\"height: 13.50pt;\">\n<td style=\"height: 13.50pt;\" height=\"18\">Najlepsze dla<\/td>\n<td>Oliwa z oliwek, ocet, oleje kuchenne, marynaty<\/td>\n<\/tr>\n<tr style=\"height: 13.50pt;\">\n<td style=\"height: 13.50pt;\" height=\"18\">Idealne zastosowanie<\/td>\n<td>Butelki na olej do gotowania, pojemniki na olej i ocet, hurtowe butelkowanie, przechowywanie w kuchni<\/td>\n<\/tr>\n<\/tbody>\n<\/table>\n<h2>Przypadek sukcesu: Luksusowa marka w\u0142oskiego importera oliwy z oliwek<\/h2>\n<p>Nasze 500-mililitrowe butelki z bursztynowego szk\u0142a na oliw\u0119 z oliwek zosta\u0142y wybrane przez w\u0142oskiego importera oliwy z oliwek z zachodniego wybrze\u017ca USA, a projekt etykiet z sitodrukiem w stylu vintage oraz wk\u0142adek zabezpieczaj\u0105cych przed kapaniem zosta\u0142 dostosowany do indywidualnych potrzeb. Ochrona UV by\u0142a niezb\u0119dna, co wyd\u0142u\u017cy\u0142o optymalny okres przydatno\u015bci oliwy z oliwek o 6 miesi\u0119cy, a tak\u017ce zwi\u0119kszy\u0142o sprzeda\u017c o 65%. Importer by\u0142 tak zadowolony, \u017ce zam\u00f3wi\u0142 kolejne 500 000 butelek swojej nowej linii oliwy z oliwek o smaku trufli i chili.<\/p>\n<h2>Zalecenia dotycz\u0105ce dostosowywania<\/h2>\n<ul>\n<li><strong>Grawerowanie logotyp\u00f3w:<\/strong> Najlepszym sposobem na dodanie marce elegancji jest umieszczenie logo marki na kwadratowym szkle. To idealne rozwi\u0105zanie dla klient\u00f3w hurtowych, kt\u00f3rzy chc\u0105 zwi\u0119kszy\u0107 rozpoznawalno\u015b\u0107 marki.<\/li>\n<li><strong>Barwione odcienie szk\u0142a:<\/strong> Je\u015bli chcesz mie\u0107 nietuzinkow\u0105, bursztynow\u0105 butelk\u0119 na olej do gotowania, dobrym pomys\u0142em b\u0119dzie zast\u0105pienie obecnego zielonego koloru ciemniejszym lub ja\u015bniejszym odcieniem zieleni, dopasowanym do kolor\u00f3w Twojej marki.<\/li>\n<li><strong>Oznaczenia uko\u0144czenia szko\u0142y:<\/strong> Aby u\u0142atwi\u0107 u\u017cytkownikom odmierzanie dok\u0142adnej ilo\u015bci p\u0142ynu, na szklance z olejem kuchennym mo\u017cna wygrawerowa\u0107 np. odst\u0119py mi\u0119dzy obj\u0119to\u015bciami, co b\u0119dzie przydatne w kuchni.<\/li>\n<li><strong>Matowe wyko\u0144czenie:<\/strong> Matowa powierzchnia szk\u0142a jest odporna na odciski palc\u00f3w, a butelka zachowuje sw\u00f3j mi\u0119kki i elegancki charakter \u2014 cecha ta jest charakterystyczna g\u0142\u00f3wnie dla rynku oliwy z oliwek.<\/li>\n<\/ul>","protected":false},"excerpt":{"rendered":"<p>Wysokiej jako\u015bci, prostok\u0105tne butelki na oliw\u0119 z bursztynowego szk\u0142a do gotowania z czarnymi nakr\u0119tkami. Trwa\u0142e i stylowe butelki na oliw\u0119 do gotowania. Sprzeda\u017c bezpo\u015brednio z fabryki, szybka dostawa.<\/p>","protected":false},"featured_media":25637,"template":"","meta":[],"product_brand":[],"product_cat":[126,123,122],"product_tag":[],"class_list":{"0":"post-22238","1":"product","2":"type-product","3":"status-publish","4":"has-post-thumbnail","6":"product_cat-olive-oil-bottles","7":"product_cat-custom-glass-bottles","8":"product_cat-custom-glass-packaging","10":"first","11":"instock","12":"shipping-taxable","13":"product-type-simple"},"jetpack_sharing_enabled":true,"_links":{"self":[{"href":"https:\/\/yebodaglass.com\/pl\/wp-json\/wp\/v2\/product\/22238","targetHints":{"allow":["GET"]}}],"collection":[{"href":"https:\/\/yebodaglass.com\/pl\/wp-json\/wp\/v2\/product"}],"about":[{"href":"https:\/\/yebodaglass.com\/pl\/wp-json\/wp\/v2\/types\/product"}],"version-history":[{"count":5,"href":"https:\/\/yebodaglass.com\/pl\/wp-json\/wp\/v2\/product\/22238\/revisions"}],"predecessor-version":[{"id":25573,"href":"https:\/\/yebodaglass.com\/pl\/wp-json\/wp\/v2\/product\/22238\/revisions\/25573"}],"wp:featuredmedia":[{"embeddable":true,"href":"https:\/\/yebodaglass.com\/pl\/wp-json\/wp\/v2\/media\/25637"}],"wp:attachment":[{"href":"https:\/\/yebodaglass.com\/pl\/wp-json\/wp\/v2\/media?parent=22238"}],"wp:term":[{"taxonomy":"product_brand","embeddable":true,"href":"https:\/\/yebodaglass.com\/pl\/wp-json\/wp\/v2\/product_brand?post=22238"},{"taxonomy":"product_cat","embeddable":true,"href":"https:\/\/yebodaglass.com\/pl\/wp-json\/wp\/v2\/product_cat?post=22238"},{"taxonomy":"product_tag","embeddable":true,"href":"https:\/\/yebodaglass.com\/pl\/wp-json\/wp\/v2\/product_tag?post=22238"}],"curies":[{"name":"wp","href":"https:\/\/api.w.org\/{rel}","templated":true}]}}