{"id":22237,"date":"2025-10-11T13:14:04","date_gmt":"2025-10-11T05:14:04","guid":{"rendered":"https:\/\/yebodaglass.com\/?post_type=product&#038;p=22237"},"modified":"2025-10-11T16:34:58","modified_gmt":"2025-10-11T08:34:58","slug":"bulk-stainless-steel-oil-glass-container-with-glass-base","status":"publish","type":"product","link":"https:\/\/yebodaglass.com\/pl\/bulk-stainless-steel-oil-glass-container-with-glass-base\/","title":{"rendered":"Pojemnik ze stali nierdzewnej na olej szklany z podstaw\u0105 szklan\u0105 \u2013 200 ml, 300 ml, 500 ml"},"content":{"rendered":"<p>Te szklane pojemniki na oliw\u0119 s\u0105 wyposa\u017cone w specjalny dzi\u00f3bek do nalewania i wykonane z przezroczystego szk\u0142a ze srebrnymi, metalicznymi akcentami. Dost\u0119pne s\u0105 w r\u00f3\u017cnych rozmiarach.<\/p>\n<h2>Cechy produktu<\/h2>\n<ul>\n<li><strong>Wsp\u00f3\u0142czesny, minimalistyczny design:<\/strong> Markenfarben:<\/li>\n<li><strong>Dedykowany dzi\u00f3bek do nalewania:<\/strong> Dost\u0119pne s\u0105 w r\u00f3\u017cnych stylach metalowych wylewek, kt\u00f3re nie tylko precyzyjnie kontroluj\u0105 przep\u0142yw nalewanego napoju, ale tak\u017ce zmniejszaj\u0105 rozlewanie i maksymalnie zwi\u0119kszaj\u0105 wygod\u0119 u\u017cytkowania.<\/li>\n<li><strong>Po\u0142\u0105czenie szk\u0142a i metalu:<\/strong> Dolna po\u0142owa butelki wykonana jest z przezroczystego szk\u0142a, dzi\u0119ki czemu mo\u017cna \u0142atwo zobaczy\u0107 pozosta\u0142y poziom oleju, natomiast g\u00f3rna po\u0142owa jest metalowa, co dodaje jej jako\u015bci i trwa\u0142o\u015bci.<\/li>\n<\/ul>\n<h2>Kluczowe specyfikacje<\/h2>\n<table style=\"border-collapse: collapse; margin-left: auto; margin-right: auto; width: 642.77pt;\" border=\"0\" width=\"857\" cellspacing=\"0\" cellpadding=\"0\">\n<tbody>\n<tr style=\"height: 13.50pt;\">\n<td style=\"height: 13.50pt; width: 99.75pt;\" width=\"133\" height=\"18\">Funkcja<\/td>\n<td style=\"width: 543.00pt;\" width=\"724\">Specyfikacja<\/td>\n<\/tr>\n<tr style=\"height: 13.50pt;\">\n<td style=\"height: 13.50pt;\" height=\"18\">Wymiary<\/td>\n<td>3,0 \u00d7 6,5 \u00d7 15,0 cm (200 ml), 3,0 \u00d7 6,5 \u00d7 21,0 cm (300 ml), 3,0 \u00d7 7,4 \u00d7 24,7 cm (500 ml)<\/td>\n<\/tr>\n<tr style=\"height: 13.50pt;\">\n<td style=\"height: 13.50pt;\" height=\"18\">Tworzywo<\/td>\n<td>Korpus z przezroczystego szk\u0142a, wylewka ze stali nierdzewnej<\/td>\n<\/tr>\n<tr style=\"height: 13.50pt;\">\n<td style=\"height: 13.50pt;\" height=\"18\">Opcje pokrywy<\/td>\n<td>Wylewka ze stali nierdzewnej z klapk\u0105 i solidn\u0105 nasadk\u0105<\/td>\n<\/tr>\n<tr style=\"height: 13.50pt;\">\n<td style=\"height: 13.50pt;\" height=\"18\">Najlepsze dla<\/td>\n<td>Zestawy do oliwy, octu, dressing\u00f3w, oleju i octu<\/td>\n<\/tr>\n<tr style=\"height: 13.50pt;\">\n<td style=\"height: 13.50pt;\" height=\"18\">Idealne zastosowanie<\/td>\n<td>Butelka na olej ze stali nierdzewnej, do przechowywania w kuchni, hurtowy pojemnik na olej ze szk\u0142a<\/td>\n<\/tr>\n<\/tbody>\n<\/table>\n<h2>Historia sukcesu: Prze\u0142omowy wyb\u00f3r dla bran\u017cy cateringowej<\/h2>\n<p>\u015aredniej wielko\u015bci firma cateringowa by\u0142a rozczarowana ci\u0105g\u0142ym u\u017cywaniem nieszczelnych i delikatnych butelek na olej. Po przej\u015bciu na nasze zbiorcze szklane butelki na olej wszystko si\u0119 zmieni\u0142o. Po pierwsze, butelki ze stali nierdzewnej by\u0142y wytrzyma\u0142e, poniewa\u017c liczba p\u0119kni\u0119\u0107 zosta\u0142a zmniejszona o 40%. Po drugie, precyzyjny dzi\u00f3bek do nalewania umo\u017cliwia\u0142 kucharzom \u0142atwe dodawanie oleju lub octu, co pozwoli\u0142o zaoszcz\u0119dzi\u0107 czas podczas czyszczenia. Po trzecie, klienci byli zachwyceni nowoczesnym wygl\u0105dem butelki, w wyniku czego liczba powtarzaj\u0105cych si\u0119 zakup\u00f3w wzros\u0142a o 25%. Co wi\u0119cej, niekt\u00f3rzy z nich deklaruj\u0105 ch\u0119\u0107 zakupu wi\u0119kszej liczby butelek do swoich dom\u00f3w! Obecnie nasz zesp\u00f3\u0142 cateringowy sk\u0142ada zam\u00f3wienia hurtowe co kwarta\u0142.<\/p>\n<h2>Pomys\u0142y na personalizacj\u0119<\/h2>\n<p>Chcesz, aby Twoja szklana butelka na olej by\u0142a wyj\u0105tkowa? Wypr\u00f3buj te metamorfozy!<\/p>\n<ul>\n<li>Barwienie szk\u0142a: Zabarw przezroczyste szk\u0142o na delikatny zielony lub niebieski kolor (zamiast na ca\u0142kowicie przezroczysty), aby pasowa\u0142o do kolor\u00f3w marki butelek oliwy z oliwek.<\/li>\n<li>Mro\u017cone loga: Utw\u00f3rz matow\u0105 powierzchni\u0119 na szkle, na kt\u00f3rej umie\u015bcisz loga swoich klient\u00f3w. Dzi\u0119ki temu uzyskasz efekt wysokiej jako\u015bci i nie odkleisz si\u0119 jak naklejki.<\/li>\n<li>Wytrawiane laserowo linie nape\u0142nienia \u2013 Wypalaj znaczniki ml w szkle. U\u0142atwia to butelkowanie i zapewnia u\u017cytkownikom precyzyjn\u0105 kontrol\u0119.<\/li>\n<\/ul>\n<p>Gotowy na ulepszenie swojego wyboru butelek na olej? Skontaktuj si\u0119 z nami ju\u017c dzi\u015b, aby om\u00f3wi\u0107 swoje zam\u00f3wienie hurtowe lub potrzeby personalizacji \u2013 jeste\u015bmy tu, aby pom\u00f3c Ci odnie\u015b\u0107 sukces!<\/p>","protected":false},"excerpt":{"rendered":"<p>Nowoczesny szklany pojemnik na olej z pokrywk\u0105 i dzi\u00f3bkiem ze stali nierdzewnej. Wytrzyma\u0142y, personalizowany i idealny do brandingu kuchni. Dost\u0119pne rabaty przy zakupie hurtowym.<\/p>","protected":false},"featured_media":22262,"template":"","meta":[],"product_brand":[],"product_cat":[122,123,126],"product_tag":[],"class_list":{"0":"post-22237","1":"product","2":"type-product","3":"status-publish","4":"has-post-thumbnail","6":"product_cat-custom-glass-packaging","7":"product_cat-custom-glass-bottles","8":"product_cat-olive-oil-bottles","10":"first","11":"instock","12":"shipping-taxable","13":"product-type-simple"},"jetpack_sharing_enabled":true,"_links":{"self":[{"href":"https:\/\/yebodaglass.com\/pl\/wp-json\/wp\/v2\/product\/22237","targetHints":{"allow":["GET"]}}],"collection":[{"href":"https:\/\/yebodaglass.com\/pl\/wp-json\/wp\/v2\/product"}],"about":[{"href":"https:\/\/yebodaglass.com\/pl\/wp-json\/wp\/v2\/types\/product"}],"version-history":[{"count":5,"href":"https:\/\/yebodaglass.com\/pl\/wp-json\/wp\/v2\/product\/22237\/revisions"}],"predecessor-version":[{"id":22270,"href":"https:\/\/yebodaglass.com\/pl\/wp-json\/wp\/v2\/product\/22237\/revisions\/22270"}],"wp:featuredmedia":[{"embeddable":true,"href":"https:\/\/yebodaglass.com\/pl\/wp-json\/wp\/v2\/media\/22262"}],"wp:attachment":[{"href":"https:\/\/yebodaglass.com\/pl\/wp-json\/wp\/v2\/media?parent=22237"}],"wp:term":[{"taxonomy":"product_brand","embeddable":true,"href":"https:\/\/yebodaglass.com\/pl\/wp-json\/wp\/v2\/product_brand?post=22237"},{"taxonomy":"product_cat","embeddable":true,"href":"https:\/\/yebodaglass.com\/pl\/wp-json\/wp\/v2\/product_cat?post=22237"},{"taxonomy":"product_tag","embeddable":true,"href":"https:\/\/yebodaglass.com\/pl\/wp-json\/wp\/v2\/product_tag?post=22237"}],"curies":[{"name":"wp","href":"https:\/\/api.w.org\/{rel}","templated":true}]}}