{"id":22178,"date":"2025-10-10T17:32:34","date_gmt":"2025-10-10T09:32:34","guid":{"rendered":"https:\/\/yebodaglass.com\/?post_type=product&#038;p=22178"},"modified":"2026-03-19T14:42:13","modified_gmt":"2026-03-19T06:42:13","slug":"clear-wide-mouth-mason-jar-with-lid-bulk","status":"publish","type":"product","link":"https:\/\/yebodaglass.com\/pl\/produkt\/clear-wide-mouth-mason-jar-with-lid-bulk\/","title":{"rendered":"S\u0142oik Mason o pojemno\u015bci 220 ml \u2013 480 ml, przezroczysty, z szerokim otworem i pokrywk\u0105, hurtowy"},"content":{"rendered":"<p>Ten szeroki s\u0142oik typu mason z pokrywk\u0105 ma elegancki, p\u0142aski, przezroczysty szklany korpus i szeroki otw\u00f3r. Dope\u0142niaj\u0105 go wyraziste i atrakcyjne metalowe pokrywki w kolorze czerwonym, czarnym, miedzianym i z\u0142otym. Zawarto\u015b\u0107 jest wyra\u017anie widoczna przez przezroczysty korpus.<\/p>\n<h2>Cechy produktu<\/h2>\n<ul>\n<li><strong>Klasyczny szklany s\u0142oik o prostych \u015bciankach:<\/strong> Jest to podstawowy, cylindryczny kszta\u0142t, trwa\u0142y i wytrzyma\u0142y, \u0142atwy do czyszczenia i zapewniaj\u0105cy przejrzysty wygl\u0105d produktu w \u015brodku.<\/li>\n<li><strong>Wymienne kolorowe metalowe pokrywy:<\/strong> Zakr\u0119tki sprzedawane s\u0105 w kolorze czerwonym, czarnym, miedzianym lub z\u0142otym, co zapewnia dok\u0142adne dopasowanie i wyj\u0105tkow\u0105 personalizacj\u0119.<\/li>\n<li><strong>Szk\u0142o wy\u015bwietlacza o krystalicznej przejrzysto\u015bci:<\/strong> Wysoka przejrzysto\u015b\u0107 szk\u0142a sprawia, \u017ce \u200b\u200bs\u0142oiki te idealnie sprawdzaj\u0105 si\u0119 w sprzeda\u017cy detalicznej, gdy\u017c jako\u015b\u0107 i kolor produktu s\u0105 doskonale widoczne przez szk\u0142o.<\/li>\n<\/ul>\n<h2><strong data-spm-anchor-id=\"5176.28103460.0.i28.29ab2e31SnOOuR\">Kluczowe specyfikacje<\/strong><\/h2>\n<table style=\"border-collapse: collapse; width: 80%; margin-left: auto; margin-right: auto;\" border=\"0\" width=\"360\" cellspacing=\"0\" cellpadding=\"0\">\n<tbody>\n<tr style=\"height: 13.50pt;\">\n<td style=\"height: 13.5pt; width: 54pt; text-align: center;\" width=\"72\" height=\"18\">Model<\/td>\n<td style=\"width: 54pt; text-align: center;\" width=\"72\">Pojemno\u015b\u0107 (ml)<\/td>\n<td style=\"width: 54pt; text-align: center;\" width=\"72\">Rozmiar (cm)<\/td>\n<td style=\"width: 54pt; text-align: center;\" width=\"72\">\u03a0\u03bb\u03b1\u03c3\u03c4\u03b9\u03ba\u03cc PET<\/td>\n<td style=\"width: 54pt; text-align: center;\" width=\"72\">Kszta\u0142t<\/td>\n<\/tr>\n<tr style=\"height: 13.50pt;\">\n<td style=\"height: 13.5pt; text-align: center;\" align=\"right\" height=\"18\">63022046<\/td>\n<td style=\"text-align: center;\" align=\"right\">220<\/td>\n<td style=\"text-align: center;\">9.3&#215;5.2<\/td>\n<td class=\"et2\" style=\"text-align: center;\" rowspan=\"4\">Wyczy\u015b\u0107 (niestandardowe)<\/td>\n<td class=\"et2\" style=\"text-align: center;\" rowspan=\"4\">Kr\u00f3tka i gruba, okr\u0105g\u0142a butelka<\/td>\n<\/tr>\n<tr style=\"height: 13.50pt;\">\n<td style=\"height: 13.5pt; text-align: center;\" align=\"right\" height=\"18\">63028047<\/td>\n<td style=\"text-align: center;\" align=\"right\">280<\/td>\n<td style=\"text-align: center;\">9.3&#215;6.6<\/td>\n<\/tr>\n<tr style=\"height: 13.50pt;\">\n<td style=\"height: 13.5pt; text-align: center;\" align=\"right\" height=\"18\">63037048<\/td>\n<td style=\"text-align: center;\" align=\"right\">370<\/td>\n<td style=\"text-align: center;\">9.3&#215;8.0<\/td>\n<\/tr>\n<tr style=\"height: 13.50pt;\">\n<td style=\"height: 13.5pt; text-align: center;\" align=\"right\" height=\"18\">63048049<\/td>\n<td style=\"text-align: center;\" align=\"right\">480<\/td>\n<td style=\"text-align: center;\">9.3&#215;9.6<\/td>\n<\/tr>\n<\/tbody>\n<\/table>\n<h2>Przypadek sukcesu<\/h2>\n<p>Nasze 8-uncjowe szklane s\u0142oiki typu mason z pokrywkami zosta\u0142y wybrane przez firm\u0119 z Teksasu produkuj\u0105c\u0105 ostre sosy, kt\u00f3ra nast\u0119pnie zaprojektowa\u0142a sitodruk w staromodnym stylu, przedstawiaj\u0105cy korpus s\u0142oika, z matowoczarn\u0105 pokrywk\u0105. To ekskluzywne opakowanie odnios\u0142o ogromny sukces: trafi\u0142o do 500 nowych butik\u00f3w spo\u017cywczych dzi\u0119ki swojemu eleganckiemu i wygodnemu wygl\u0105dowi, a charakterystyczny design s\u0142oika wygenerowa\u0142 o 300% wi\u0119cej tre\u015bci generowanych przez u\u017cytkownik\u00f3w w mediach spo\u0142eczno\u015bciowych. W \u015blad za tym sukcesem firma z\u0142o\u017cy\u0142a kolejne zam\u00f3wienie na 200 000 s\u0142oik\u00f3w nowej linii pikantnych pikli i mieszanek napoj\u00f3w.<\/p>\n<h2>Rekomendacje dotycz\u0105ce personalizacji szklanych s\u0142oik\u00f3w Masona z pokrywkami<\/h2>\n<ul>\n<li>Bezpo\u015bredni druk na szkle: Nadrukuj na szkle pe\u0142nokolorow\u0105, trwa\u0142\u0105 grafik\u0119, logo lub informacje o warto\u015bciach od\u017cywczych, aby nada\u0107 mu wygl\u0105d najwy\u017cszej jako\u015bci bez konieczno\u015bci umieszczania etykiet.<\/li>\n<li>Wypuk\u0142e podzia\u0142ki: Wypuk\u0142e podzia\u0142ki (szklanki, uncje, mililitry) s\u0105 uzyskiwane i dodawane na \u015bciance s\u0142oika, dzi\u0119ki czemu mo\u017cna ich ponownie u\u017cy\u0107 w kuchni.<\/li>\n<li>Specjalne akcesoria do pokrywek: Dost\u0119pne s\u0105 pokrywki, kt\u00f3re mog\u0105 przekszta\u0142ci\u0107 s\u0142oik w pojemnik na shaker, dzi\u00f3bek do nalewania, pokrywk\u0119 do picia lub zaw\u00f3r fermentacyjny.<\/li>\n<\/ul>","protected":false},"excerpt":{"rendered":"<p>Wysokiej jako\u015bci s\u0142oik typu mason z szerokim wlotem i pokrywk\u0105, o wysokiej szczelno\u015bci. Szklane s\u0142oiki typu mason z pokrywkami, idealne do przechowywania luzem i pakowania detalicznego. Dost\u0119pne od r\u0119ki.<\/p>","protected":false},"featured_media":25520,"template":"","meta":[],"product_brand":[],"product_cat":[122,124,125],"product_tag":[],"class_list":{"0":"post-22178","1":"product","2":"type-product","3":"status-publish","4":"has-post-thumbnail","6":"product_cat-custom-glass-packaging","7":"product_cat-custom-glass-jars","8":"product_cat-mason-glass-jars","10":"first","11":"instock","12":"shipping-taxable","13":"product-type-simple"},"jetpack_sharing_enabled":true,"_links":{"self":[{"href":"https:\/\/yebodaglass.com\/pl\/wp-json\/wp\/v2\/product\/22178","targetHints":{"allow":["GET"]}}],"collection":[{"href":"https:\/\/yebodaglass.com\/pl\/wp-json\/wp\/v2\/product"}],"about":[{"href":"https:\/\/yebodaglass.com\/pl\/wp-json\/wp\/v2\/types\/product"}],"version-history":[{"count":5,"href":"https:\/\/yebodaglass.com\/pl\/wp-json\/wp\/v2\/product\/22178\/revisions"}],"predecessor-version":[{"id":25523,"href":"https:\/\/yebodaglass.com\/pl\/wp-json\/wp\/v2\/product\/22178\/revisions\/25523"}],"wp:featuredmedia":[{"embeddable":true,"href":"https:\/\/yebodaglass.com\/pl\/wp-json\/wp\/v2\/media\/25520"}],"wp:attachment":[{"href":"https:\/\/yebodaglass.com\/pl\/wp-json\/wp\/v2\/media?parent=22178"}],"wp:term":[{"taxonomy":"product_brand","embeddable":true,"href":"https:\/\/yebodaglass.com\/pl\/wp-json\/wp\/v2\/product_brand?post=22178"},{"taxonomy":"product_cat","embeddable":true,"href":"https:\/\/yebodaglass.com\/pl\/wp-json\/wp\/v2\/product_cat?post=22178"},{"taxonomy":"product_tag","embeddable":true,"href":"https:\/\/yebodaglass.com\/pl\/wp-json\/wp\/v2\/product_tag?post=22178"}],"curies":[{"name":"wp","href":"https:\/\/api.w.org\/{rel}","templated":true}]}}