{"id":22169,"date":"2025-10-10T16:03:40","date_gmt":"2025-10-10T08:03:40","guid":{"rendered":"https:\/\/yebodaglass.com\/?post_type=product&#038;p=22169"},"modified":"2026-03-24T11:32:52","modified_gmt":"2026-03-24T03:32:52","slug":"bulk-cooking-vinegar-oil-dispensers-with-measuring-spout","status":"publish","type":"product","link":"https:\/\/yebodaglass.com\/pl\/bulk-cooking-vinegar-oil-dispensers-with-measuring-spout\/","title":{"rendered":"Dozowniki do octu kuchennego 300 ml i 500 ml z miark\u0105"},"content":{"rendered":"<p>Tego typu dozowniki do octu i oleju maj\u0105 cylindryczn\u0105, przezroczyst\u0105 szklan\u0105 butelk\u0119, na kt\u00f3rej znajduj\u0105 si\u0119 srebrne podzia\u0142ki oraz okienko z podzia\u0142k\u0105, przez kt\u00f3re mo\u017cna nalewa\u0107 olej kuchenny.<\/p>\n<h2>Cechy produktu<\/h2>\n<ul>\n<li><strong>Urz\u0105dzenie dozuj\u0105ce z podzia\u0142k\u0105:<\/strong> G\u00f3rna cz\u0119\u015b\u0107 z oznaczeniami stopniowanymi umo\u017cliwia dok\u0142adn\u0105 kontrol\u0119 przep\u0142ywu, dzi\u0119ki czemu u\u017cytkownik mo\u017ce dozowa\u0107 olej w wymaganej ilo\u015bci.<\/li>\n<li><strong>Pokrywa uchylna:<\/strong> Wyj\u0105tkowa konstrukcja uchylnego otworu zapewnia lepszy dost\u0119p do zawarto\u015bci i sprawia, \u017ce \u200b\u200bnalewanie staje si\u0119 wygodniejsze.<\/li>\n<li><strong>Szk\u0142o przezroczyste:<\/strong> \u0141adny i prosty szklany pojemnik pozwala u\u017cytkownikowi na wizualne sprawdzenie ilo\u015bci oleju pozosta\u0142ego w butelce i sprawdzenie, kiedy konieczne jest jej uzupe\u0142nienie.<\/li>\n<\/ul>\n<h2>Kluczowe specyfikacje<\/h2>\n<table style=\"border-collapse: collapse; margin-left: auto; margin-right: auto; width: 448.52pt;\" border=\"0\" width=\"598\" cellspacing=\"0\" cellpadding=\"0\">\n<tbody>\n<tr style=\"height: 13.50pt;\">\n<td style=\"height: 13.50pt; width: 92.25pt;\" width=\"123\" height=\"18\">Funkcja<\/td>\n<td style=\"width: 356.25pt;\" width=\"475\">Specyfikacja<\/td>\n<\/tr>\n<tr style=\"height: 13.50pt;\">\n<td style=\"height: 13.50pt;\" height=\"18\">Wymiary<\/td>\n<td>7,5\u00d722 cm (300 ml), 7,5\u00d728 cm (500 ml)<\/td>\n<\/tr>\n<tr style=\"height: 13.50pt;\">\n<td style=\"height: 13.50pt;\" height=\"18\">Tworzywo<\/td>\n<td>Szk\u0142o przezroczyste o wysokiej przejrzysto\u015bci<\/td>\n<\/tr>\n<tr style=\"height: 13.50pt;\">\n<td style=\"height: 13.50pt;\" height=\"18\">Kszta\u0142t<\/td>\n<td>Cylindryczny<\/td>\n<\/tr>\n<tr style=\"height: 13.50pt;\">\n<td style=\"height: 13.50pt;\" height=\"18\">Typ pokrywy<\/td>\n<td>Zintegrowany dozownik ze skal\u0105 pomiarow\u0105 (ml)<\/td>\n<\/tr>\n<tr style=\"height: 13.50pt;\">\n<td style=\"height: 13.50pt;\" height=\"18\">Najlepsze dla<\/td>\n<td>Oliwa z oliwek, ocet, sosy, marynaty<\/td>\n<\/tr>\n<tr style=\"height: 13.50pt;\">\n<td style=\"height: 13.50pt;\" height=\"18\">Idealne zastosowanie<\/td>\n<td>Pojemniki na oliw\u0119 i ocet, narz\u0119dzia kuchenne, opakowania hurtowe<\/td>\n<\/tr>\n<\/tbody>\n<\/table>\n<h2>Przypadek sukcesu: Precyzyjne przepisy firmy dostarczaj\u0105cej jedzenie<\/h2>\n<p>Jedna z du\u017cych firm dostarczaj\u0105cych \u017cywno\u015b\u0107 wybra\u0142a nasz dozownik do oleju spo\u017cywczego w butelkach, modyfikuj\u0105c go, dodaj\u0105c logo z sitodrukiem i dozowniki o pojemno\u015bci jednej \u0142y\u017cki sto\u0142owej. System dozowania pozwoli\u0142 na dok\u0142adniejsze odmierzanie receptur, co doprowadzi\u0142o do 25-procentowego zmniejszenia liczby b\u0142\u0119d\u00f3w pope\u0142nianych podczas przestrzegania receptury, wynikaj\u0105cych z nieprawid\u0142owego odmierzenia oleju. Zastosowane szk\u0142o by\u0142o trwa\u0142e, co pozwoli\u0142o na ograniczenie st\u0142uczenia si\u0119 dozownika podczas transportu do mniej ni\u017c 1%. Ze wzgl\u0119du na jego niezwyk\u0142\u0105 wydajno\u015b\u0107, firma zam\u00f3wi\u0142a kolejn\u0105 parti\u0119 500 000 dozownik\u00f3w do swoich pakiet\u00f3w premium z dostaw\u0105 \u017cywno\u015bci, a tak\u017ce jako oddzielny produkt.<\/p>\n<h2>Wskaz\u00f3wki dotycz\u0105ce personalizacji dozownika octu<\/h2>\n<ul>\n<li>Opcje szk\u0142a przyciemnianego \u2013 chro\u0144 sw\u00f3j olej, wymieniaj\u0105c szk\u0142o przezroczyste na szk\u0142o bursztynowe lub zielone ze wzgl\u0119du na wra\u017cliwo\u015b\u0107 na \u015bwiat\u0142o.<\/li>\n<li>Grawerowane laserowo oznaczenia pomiarowe \u2013 Wytraw linie na dozowniku, aby utworzy\u0107 trwa\u0142\u0105 i eleganck\u0105 skal\u0119.<\/li>\n<li>Teksturowana strefa chwytu \u2013 pionowe rowki w pobli\u017cu podstawy u\u0142atwiaj\u0105 chwyt, szczeg\u00f3lnie w przypadku t\u0142ustych d\u0142oni.<\/li>\n<li>Zapobiegaj\u0105ca kapaniu obr\u00f3bka kraw\u0119dzi \u2013 zastosuj mikroskos na dzi\u00f3bku do nalewania, aby zapobiec kapaniu ostatniej kropli<\/li>\n<\/ul>\n<p>Sprawmy, by Twoja nast\u0119pna szklana butelka sta\u0142a si\u0119 czym\u015b wi\u0119cej ni\u017c tylko pojemnikiem. Niech b\u0119dzie dzie\u0142em inteligentnego designu.<\/p>","protected":false},"excerpt":{"rendered":"<p>Nowoczesne butelki z dozownikiem do octu i oliwy, z miark\u0105 i uchyln\u0105 pokrywk\u0105. Idealne do kuchni. Bezp\u0142atne pr\u00f3bki. Zam\u00f3w hurtowo, aby skorzysta\u0107 z najlepszych ofert.<\/p>","protected":false},"featured_media":22172,"template":"","meta":[],"product_brand":[],"product_cat":[126,123,122],"product_tag":[],"class_list":{"0":"post-22169","1":"product","2":"type-product","3":"status-publish","4":"has-post-thumbnail","6":"product_cat-olive-oil-bottles","7":"product_cat-custom-glass-bottles","8":"product_cat-custom-glass-packaging","10":"first","11":"instock","12":"shipping-taxable","13":"product-type-simple"},"jetpack_sharing_enabled":true,"_links":{"self":[{"href":"https:\/\/yebodaglass.com\/pl\/wp-json\/wp\/v2\/product\/22169","targetHints":{"allow":["GET"]}}],"collection":[{"href":"https:\/\/yebodaglass.com\/pl\/wp-json\/wp\/v2\/product"}],"about":[{"href":"https:\/\/yebodaglass.com\/pl\/wp-json\/wp\/v2\/types\/product"}],"version-history":[{"count":4,"href":"https:\/\/yebodaglass.com\/pl\/wp-json\/wp\/v2\/product\/22169\/revisions"}],"predecessor-version":[{"id":25578,"href":"https:\/\/yebodaglass.com\/pl\/wp-json\/wp\/v2\/product\/22169\/revisions\/25578"}],"wp:featuredmedia":[{"embeddable":true,"href":"https:\/\/yebodaglass.com\/pl\/wp-json\/wp\/v2\/media\/22172"}],"wp:attachment":[{"href":"https:\/\/yebodaglass.com\/pl\/wp-json\/wp\/v2\/media?parent=22169"}],"wp:term":[{"taxonomy":"product_brand","embeddable":true,"href":"https:\/\/yebodaglass.com\/pl\/wp-json\/wp\/v2\/product_brand?post=22169"},{"taxonomy":"product_cat","embeddable":true,"href":"https:\/\/yebodaglass.com\/pl\/wp-json\/wp\/v2\/product_cat?post=22169"},{"taxonomy":"product_tag","embeddable":true,"href":"https:\/\/yebodaglass.com\/pl\/wp-json\/wp\/v2\/product_tag?post=22169"}],"curies":[{"name":"wp","href":"https:\/\/api.w.org\/{rel}","templated":true}]}}