{"id":22150,"date":"2025-10-10T17:26:27","date_gmt":"2025-10-10T09:26:27","guid":{"rendered":"https:\/\/yebodaglass.com\/?post_type=product&#038;p=22150"},"modified":"2026-03-20T15:31:19","modified_gmt":"2026-03-20T07:31:19","slug":"cylindrical-mason-glass-jars-with-lids-bulk","status":"publish","type":"product","link":"https:\/\/yebodaglass.com\/pl\/produkt\/cylindrical-mason-glass-jars-with-lids-bulk\/","title":{"rendered":"S\u0142oiki szklane cylindryczne Mason o pojemno\u015bci 70 ml \u2013 380 ml z pokrywkami, hurt"},"content":{"rendered":"<p>To szklane s\u0142oiki typu Mason z pokrywkami, wykonane z krystalicznie czystego szk\u0142a, o cylindrycznym kszta\u0142cie i z polerowan\u0105, srebrn\u0105 metalow\u0105 pokrywk\u0105. S\u0142oiki typu Mason mo\u017cna personalizowa\u0107, dzi\u0119ki czemu ich otwarte pojemniki mo\u017cna \u0142atwo opisa\u0107 i pokaza\u0107 zawarto\u015b\u0107.<\/p>\n<h2>Cechy produktu<\/h2>\n<ul>\n<li><strong>Prosty kszta\u0142t cylindryczny:<\/strong> Cylindryczne korpusy z p\u0142askim dnem s\u0105 proste lub szerokie, co zapewnia stabilno\u015b\u0107 i \u0142atwo\u015b\u0107 uk\u0142adania ich w stosy, a ponadto maj\u0105 bardzo minimalistyczny wygl\u0105d.<\/li>\n<li><strong>Matowa srebrna metalowa pokrywa:<\/strong> Matowe, p\u0142askie, srebrne pokrywy metalowe zapewniaj\u0105 szczelne zamkni\u0119cie i maj\u0105 elegancki, nowoczesny wygl\u0105d.<\/li>\n<li><strong>Szk\u0142o przezroczyste o wysokiej przejrzysto\u015bci:<\/strong> Doskona\u0142y rodzaj przejrzystego szk\u0142a pozwala na \u0142atwe zobaczenie, co jest w \u015brodku, a tak\u017ce \u015bledzenie zapas\u00f3w.<\/li>\n<\/ul>\n<h2>Kluczowe specyfikacje<\/h2>\n<table style=\"border-collapse: collapse; width: 80%; margin-left: auto; margin-right: auto;\" border=\"0\" width=\"360\" cellspacing=\"0\" cellpadding=\"0\">\n<tbody>\n<tr style=\"height: 13.50pt;\">\n<td style=\"height: 13.5pt; width: 54pt; text-align: center;\" width=\"72\" height=\"18\">Model<\/td>\n<td style=\"width: 54pt; text-align: center;\" width=\"72\">Pojemno\u015b\u0107 (ml)<\/td>\n<td style=\"width: 54pt; text-align: center;\" width=\"72\">Kszta\u0142t<\/td>\n<td style=\"width: 54pt; text-align: center;\" width=\"72\">Rozmiar (cm)<\/td>\n<td style=\"width: 54pt; text-align: center;\" width=\"72\">\u03a0\u03bb\u03b1\u03c3\u03c4\u03b9\u03ba\u03cc PET<\/td>\n<\/tr>\n<tr style=\"height: 13.50pt;\">\n<td style=\"height: 13.5pt; text-align: center;\" align=\"right\" height=\"18\">63007040<\/td>\n<td style=\"text-align: center;\" align=\"right\">70<\/td>\n<td class=\"et2\" style=\"text-align: center;\" rowspan=\"6\">Prosta okr\u0105g\u0142a butelka<\/td>\n<td style=\"text-align: center;\">6.1&#215;4.5<\/td>\n<td class=\"et2\" style=\"text-align: center;\" rowspan=\"6\">Wyczy\u015b\u0107 (niestandardowe)<\/td>\n<\/tr>\n<tr style=\"height: 13.50pt;\">\n<td style=\"height: 13.5pt; text-align: center;\" align=\"right\" height=\"18\">63015041<\/td>\n<td style=\"text-align: center;\" align=\"right\">150<\/td>\n<td style=\"text-align: center;\">6.1&#215;8.1<\/td>\n<\/tr>\n<tr style=\"height: 13.50pt;\">\n<td style=\"height: 13.5pt; text-align: center;\" align=\"right\" height=\"18\">63020042<\/td>\n<td style=\"text-align: center;\" align=\"right\">200<\/td>\n<td style=\"text-align: center;\">6.1&#215;10.0<\/td>\n<\/tr>\n<tr style=\"height: 13.50pt;\">\n<td style=\"height: 13.5pt; text-align: center;\" align=\"right\" height=\"18\">63024043<\/td>\n<td style=\"text-align: center;\" align=\"right\">240<\/td>\n<td style=\"text-align: center;\">6.1&#215;12.1<\/td>\n<\/tr>\n<tr style=\"height: 13.50pt;\">\n<td style=\"height: 13.5pt; text-align: center;\" align=\"right\" height=\"18\">63028044<\/td>\n<td style=\"text-align: center;\" align=\"right\">280<\/td>\n<td style=\"text-align: center;\">6.1&#215;13.7<\/td>\n<\/tr>\n<tr style=\"height: 13.50pt;\">\n<td style=\"height: 13.5pt; text-align: center;\" align=\"right\" height=\"18\">63038045<\/td>\n<td style=\"text-align: center;\" align=\"right\">380<\/td>\n<td style=\"text-align: center;\">6.1&#215;17.3<\/td>\n<\/tr>\n<\/tbody>\n<\/table>\n<h2>Przypadek sukcesu: niestandardowe zam\u00f3wienie od og\u00f3lnopolskiej sieci sklep\u00f3w ze zdrow\u0105 \u017cywno\u015bci\u0105<\/h2>\n<p>Jeden z du\u017cych sklep\u00f3w ze zdrow\u0105 \u017cywno\u015bci\u0105 wybra\u0142 nasze niestandardowe s\u0142oiki typu mason, z laserowo grawerowanymi podzia\u0142kami i metalowymi pokrywkami. Rezultaty tego systemu personalizacji by\u0142y znacz\u0105ce: liczba podzia\u0142ek w dziale z przezroczystym szk\u0142em zmniejszy\u0142a si\u0119 o 20%, a ryzyko pomy\u0142ki i rozlania w dziale z \u017cywno\u015bci\u0105 luzem \u2013 o 15%. U\u0142o\u017cenie s\u0142oik\u00f3w w stosy i ich jednolito\u015b\u0107 sprawi\u0142y, \u017ce ich g\u0119sto\u015b\u0107 na p\u00f3\u0142kach wzros\u0142a o 15%. Dzi\u0119ki temu osi\u0105gni\u0119ciom, firma zrealizowa\u0142a kolejne zam\u00f3wienie na 300 000 s\u0142oik\u00f3w do swoich jednolitych dzia\u0142\u00f3w z \u017cywno\u015bci\u0105 luzem w supermarketach w ca\u0142ym kraju.<\/p>\n<h2>Rekomendacje dotycz\u0105ce personalizacji s\u0142oik\u00f3w szklanych Mason z pokrywkami<\/h2>\n<ul>\n<li>Grawerowanie\/drukowanie na szkle: Wytrawiaj swoje logo, wz\u00f3r lub projekt na szkle za pomoc\u0105 laser\u00f3w, aby stworzy\u0107 trwa\u0142\u0105 mark\u0119 najwy\u017cszej jako\u015bci na swoich niestandardowych s\u0142oikach typu mason.<\/li>\n<li>Materia\u0142 i wyko\u0144czenie pokrywki: Wyko\u0144czenia i materia\u0142y: Dost\u0119pne wyko\u0144czenia i materia\u0142y dla r\u00f3\u017cnych p\u0142askich pokrywek, w tym materia\u0142 bambusowy, matowy czarny plastik, mied\u017a lub metal w kolorze r\u00f3\u017cowego z\u0142ota.<\/li>\n<li>Projekt kwadratowy\/sze\u015bciok\u0105tny S\u0142oiki Mason o kwadratowym lub sze\u015bciok\u0105tnym kszta\u0142cie maj\u0105 nowoczesny, oszcz\u0119dzaj\u0105cy miejsce kszta\u0142t kwadratowy lub sze\u015bciok\u0105tny, s\u0105 wyposa\u017cone w pokrywki i najlepiej sprawdzaj\u0105 si\u0119 na p\u00f3\u0142kach.<\/li>\n<\/ul>","protected":false},"excerpt":{"rendered":"<p>S\u0142oiki Mason Jar i szklane s\u0142oiki Mason Jar z pokrywkami. Szeroki wlew, hurtowe przechowywanie miodu, sos\u00f3w i przypraw. Niestandardowe rozmiary. Opakowanie gotowe do podarowania marki.<\/p>","protected":false},"featured_media":25542,"template":"","meta":[],"product_brand":[],"product_cat":[125,124,122],"product_tag":[],"class_list":{"0":"post-22150","1":"product","2":"type-product","3":"status-publish","4":"has-post-thumbnail","6":"product_cat-mason-glass-jars","7":"product_cat-custom-glass-jars","8":"product_cat-custom-glass-packaging","10":"first","11":"instock","12":"shipping-taxable","13":"product-type-simple"},"jetpack_sharing_enabled":true,"_links":{"self":[{"href":"https:\/\/yebodaglass.com\/pl\/wp-json\/wp\/v2\/product\/22150","targetHints":{"allow":["GET"]}}],"collection":[{"href":"https:\/\/yebodaglass.com\/pl\/wp-json\/wp\/v2\/product"}],"about":[{"href":"https:\/\/yebodaglass.com\/pl\/wp-json\/wp\/v2\/types\/product"}],"version-history":[{"count":5,"href":"https:\/\/yebodaglass.com\/pl\/wp-json\/wp\/v2\/product\/22150\/revisions"}],"predecessor-version":[{"id":25543,"href":"https:\/\/yebodaglass.com\/pl\/wp-json\/wp\/v2\/product\/22150\/revisions\/25543"}],"wp:featuredmedia":[{"embeddable":true,"href":"https:\/\/yebodaglass.com\/pl\/wp-json\/wp\/v2\/media\/25542"}],"wp:attachment":[{"href":"https:\/\/yebodaglass.com\/pl\/wp-json\/wp\/v2\/media?parent=22150"}],"wp:term":[{"taxonomy":"product_brand","embeddable":true,"href":"https:\/\/yebodaglass.com\/pl\/wp-json\/wp\/v2\/product_brand?post=22150"},{"taxonomy":"product_cat","embeddable":true,"href":"https:\/\/yebodaglass.com\/pl\/wp-json\/wp\/v2\/product_cat?post=22150"},{"taxonomy":"product_tag","embeddable":true,"href":"https:\/\/yebodaglass.com\/pl\/wp-json\/wp\/v2\/product_tag?post=22150"}],"curies":[{"name":"wp","href":"https:\/\/api.w.org\/{rel}","templated":true}]}}