{"id":22104,"date":"2025-10-10T15:01:45","date_gmt":"2025-10-10T07:01:45","guid":{"rendered":"https:\/\/yebodaglass.com\/?post_type=product&#038;p=22104"},"modified":"2026-03-26T15:44:18","modified_gmt":"2026-03-26T07:44:18","slug":"wholesale-green-oil-olive-bottles-with-cylindrical-shape","status":"publish","type":"product","link":"https:\/\/yebodaglass.com\/pl\/wholesale-green-oil-olive-bottles-with-cylindrical-shape\/","title":{"rendered":"Hurtowa sprzeda\u017c butelek na zielone oliwki o kszta\u0142cie cylindrycznym \u2013 250 ml, 500 ml, 750 ml"},"content":{"rendered":"<p>Ta butelka na oliw\u0119 ma prosty, cylindryczny kszta\u0142t, jest smuk\u0142a i nie ma \u017cadnego promienia. Korpus butelki wykonany jest z g\u0142\u0119bokiego, oliwkowego szk\u0142a, kt\u00f3re zapewnia dobr\u0105 ochron\u0119 przed \u015bwiat\u0142em. Szyjka jest gwintowana i posiada zakr\u0119tk\u0119 w kolorze z\u0142otym lub czarnym.<\/p>\n<h2>Cechy produktu<\/h2>\n<ul>\n<li><strong>Jednostka ochrony UV:<\/strong> Zielone szk\u0142o butelek na oliw\u0119 chroni oliw\u0119 w \u015brodku, zapobiegaj\u0105c jej blakni\u0119ciu i je\u0142czeniu pod wp\u0142ywem promieni s\u0142onecznych, dzi\u0119ki czemu oliwa mo\u017ce d\u0142u\u017cej zachowa\u0107 \u015bwie\u017co\u015b\u0107.<\/li>\n<li><strong>Smuk\u0142y, cylindryczny kszta\u0142t:<\/strong> Smuk\u0142y, cylindryczny kszta\u0142t nie tylko oszcz\u0119dza miejsce, ale jest te\u017c \u0142atwy w obs\u0142udze, dzi\u0119ki czemu \u0142atwiej jest kontrolowa\u0107 przep\u0142yw p\u0142ynu podczas nalewania.<\/li>\n<li><strong>Wiele rozmiar\u00f3w:<\/strong> Oferujemy butelki o r\u00f3\u017cnych rozmiarach, kt\u00f3re zaspokoj\u0105 Twoje codzienne potrzeby, zar\u00f3wno te na ma\u0142\u0105, jak i du\u017c\u0105 skal\u0119.<\/li>\n<\/ul>\n<h2>Kluczowe specyfikacje<\/h2>\n<table style=\"border-collapse: collapse; margin-left: auto; margin-right: auto; width: 448.52pt;\" border=\"0\" width=\"598\" cellspacing=\"0\" cellpadding=\"0\">\n<tbody>\n<tr style=\"height: 13.50pt;\">\n<td style=\"height: 13.50pt; width: 92.25pt;\" width=\"123\" height=\"18\">Funkcja<\/td>\n<td style=\"width: 356.25pt;\" width=\"475\">Specyfikacja<\/td>\n<\/tr>\n<tr style=\"height: 13.50pt;\">\n<td style=\"height: 13.50pt;\" height=\"18\">Wymiary<\/td>\n<td>5,0\u00d723,2 cm (250 ml), 6,1\u00d728 cm (500 ml), 6,9\u00d730,9 cm (750 ml)<\/td>\n<\/tr>\n<tr style=\"height: 13.50pt;\">\n<td style=\"height: 13.50pt;\" height=\"18\">Rozmiar szyi<\/td>\n<td>Gwint \u015bruby 19x30mm<\/td>\n<\/tr>\n<tr style=\"height: 13.50pt;\">\n<td style=\"height: 13.50pt;\" height=\"18\">Tworzywo<\/td>\n<td>Zielone szk\u0142o chroni\u0105ce przed promieniowaniem UV<\/td>\n<\/tr>\n<tr style=\"height: 13.50pt;\">\n<td style=\"height: 13.50pt;\" height=\"18\">Kszta\u0142t<\/td>\n<td>Wysoki cylindryczny (szk\u0142o okr\u0105g\u0142e)<\/td>\n<\/tr>\n<tr style=\"height: 13.50pt;\">\n<td style=\"height: 13.50pt;\" height=\"18\">Najlepsze dla<\/td>\n<td>Oliwa z oliwek, olej do gotowania, sosy<\/td>\n<\/tr>\n<\/tbody>\n<\/table>\n<h2>Przypadek sukcesu<\/h2>\n<p>Jeden z rodzinnych producent\u00f3w oliwy z oliwek w Hiszpanii wybra\u0142 nasz\u0105 zielon\u0105 butelk\u0119 o pojemno\u015bci 750 ml ze z\u0142ot\u0105 nakr\u0119tk\u0105 z dat\u0105 zbioru i kodem partii wytrawionym laserowo. Szklana obudowa z pow\u0142ok\u0105 odporn\u0105 na promieniowanie UV, w po\u0142\u0105czeniu z dok\u0142adnym kodem partii, pozwoli\u0142a im zminimalizowa\u0107 straty z tytu\u0142u przeterminowanych zapas\u00f3w o 42%, a wysokiej jako\u015bci opakowanie pozwoli\u0142o im r\u00f3wnie\u017c zwi\u0119kszy\u0107 zyski z eksportu o 20%. Producent zam\u00f3wi\u0142 200 000 butelek nowej serii oliwy z oliwek z wczesnych zbior\u00f3w, co odnios\u0142o sukces, co prze\u0142o\u017cy\u0142o si\u0119 na wzrost zam\u00f3wie\u0144.<\/p>\n<h2>Wskaz\u00f3wki dotycz\u0105ce personalizacji szklanych butelek na oliw\u0119 z oliwek<\/h2>\n<ul>\n<li>Mro\u017cona Butelka \u2013 Piaskuj ca\u0142\u0105 powierzchni\u0119, aby uzyska\u0107 mi\u0119kkie, matowe wyko\u0144czenie. Zachowaj zielony kolor, ale nadaj jej modny, teksturowany wygl\u0105d.<\/li>\n<li>Teksturowana podstawa \u2013 umie\u015b\u0107 koncentryczne pier\u015bcienie lub wz\u00f3r s\u0142oneczny na dnie butelki, aby uzyska\u0107 bogaty i teksturowany wz\u00f3r, kt\u00f3ry nada jej wyj\u0105tkowego wygl\u0105du.<\/li>\n<li>\u015aci\u0119te rami\u0119 \u2013 tworzy opadaj\u0105c\u0105 krzywizn\u0119 od szyjki do korpusu pojemnika. Ten prosty element dodaje blasku, jednocze\u015bnie idealnie przepuszczaj\u0105c \u015bwiat\u0142o.<\/li>\n<li>Grawerowanie laserowe \u2013 Skorzystaj z precyzyjnego lasera i wytraw logo swojej marki lub dowolny obraz bezpo\u015brednio w szkle.<\/li>\n<\/ul>","protected":false},"excerpt":{"rendered":"<p>Ciemnozielone szklane butelki na oliw\u0119 z zakr\u0119tkami, chroni\u0105ce jako\u015b\u0107 oliwy. Idealne do oliwy z oliwek, oleju spo\u017cywczego i olej\u00f3w gourmet. Dostawa bezpo\u015brednio z fabryki.<\/p>","protected":false},"featured_media":25642,"template":"","meta":[],"product_brand":[],"product_cat":[126,123,122],"product_tag":[],"class_list":{"0":"post-22104","1":"product","2":"type-product","3":"status-publish","4":"has-post-thumbnail","6":"product_cat-olive-oil-bottles","7":"product_cat-custom-glass-bottles","8":"product_cat-custom-glass-packaging","10":"first","11":"instock","12":"shipping-taxable","13":"product-type-simple"},"jetpack_sharing_enabled":true,"_links":{"self":[{"href":"https:\/\/yebodaglass.com\/pl\/wp-json\/wp\/v2\/product\/22104","targetHints":{"allow":["GET"]}}],"collection":[{"href":"https:\/\/yebodaglass.com\/pl\/wp-json\/wp\/v2\/product"}],"about":[{"href":"https:\/\/yebodaglass.com\/pl\/wp-json\/wp\/v2\/types\/product"}],"version-history":[{"count":5,"href":"https:\/\/yebodaglass.com\/pl\/wp-json\/wp\/v2\/product\/22104\/revisions"}],"predecessor-version":[{"id":25556,"href":"https:\/\/yebodaglass.com\/pl\/wp-json\/wp\/v2\/product\/22104\/revisions\/25556"}],"wp:featuredmedia":[{"embeddable":true,"href":"https:\/\/yebodaglass.com\/pl\/wp-json\/wp\/v2\/media\/25642"}],"wp:attachment":[{"href":"https:\/\/yebodaglass.com\/pl\/wp-json\/wp\/v2\/media?parent=22104"}],"wp:term":[{"taxonomy":"product_brand","embeddable":true,"href":"https:\/\/yebodaglass.com\/pl\/wp-json\/wp\/v2\/product_brand?post=22104"},{"taxonomy":"product_cat","embeddable":true,"href":"https:\/\/yebodaglass.com\/pl\/wp-json\/wp\/v2\/product_cat?post=22104"},{"taxonomy":"product_tag","embeddable":true,"href":"https:\/\/yebodaglass.com\/pl\/wp-json\/wp\/v2\/product_tag?post=22104"}],"curies":[{"name":"wp","href":"https:\/\/api.w.org\/{rel}","templated":true}]}}