{"id":22079,"date":"2025-10-09T16:44:16","date_gmt":"2025-10-09T08:44:16","guid":{"rendered":"https:\/\/yebodaglass.com\/?post_type=product&#038;p=22079"},"modified":"2026-03-26T15:22:44","modified_gmt":"2026-03-26T07:22:44","slug":"wholesale-clear-olive-oil-bottle-for-kitchen","status":"publish","type":"product","link":"https:\/\/yebodaglass.com\/pl\/wholesale-clear-olive-oil-bottle-for-kitchen\/","title":{"rendered":"Hurtowa przezroczysta butelka na oliw\u0119 z oliwek do kuchni 250 ml 500 ml 750 ml 1000 ml"},"content":{"rendered":"<p>S\u0105 to przezroczyste butelki na oliw\u0119 z oliwek o g\u0142adkim i d\u0142ugim cylindrycznym kszta\u0142cie, wykonane z krystalicznie czystego szk\u0142a. Dost\u0119pne s\u0105 w r\u00f3\u017cnych rozmiarach, z czarnymi lub zielonymi zakr\u0119tkami.<\/p>\n<h2>Cechy produktu<\/h2>\n<ul>\n<li><strong>R\u00f3\u017cne mo\u017cliwo\u015bci wyboru pojemno\u015bci:<\/strong> Dost\u0119pne s\u0105 4 rozmiary wysoko\u015bci, co pozwala na spe\u0142nienie r\u00f3\u017cnych wymaga\u0144, takich jak testowanie ma\u0142ych pr\u00f3bek, codzienne nape\u0142nianie w domu i w obiektach komercyjnych\/restauracyjnych.<\/li>\n<li><strong>Rozwi\u0105zania w zakresie dwukolorowych zakr\u0119tek:<\/strong> Posiada czarne i zielone zakr\u0119tki, co zapewnia doskona\u0142\u0105 szczelno\u015b\u0107.<\/li>\n<li><strong>Kszta\u0142t butelki: smuk\u0142y, cylindryczny:<\/strong> Smuk\u0142y, cylindryczny kszta\u0142t butelki zapewnia dobry chwyt i \u0142atwo\u015b\u0107 nalewania, a jednocze\u015bnie oszcz\u0119dza miejsce podczas przechowywania i transportu.<\/li>\n<\/ul>\n<h2 style=\"text-align: left;\">Kluczowe specyfikacje<\/h2>\n<table class=\"aligncenter\" style=\"border-collapse: collapse; width: 534.02pt;\" border=\"0\" width=\"712\" cellspacing=\"0\" cellpadding=\"0\">\n<tbody>\n<tr style=\"height: 13.50pt;\">\n<td style=\"height: 13.50pt; width: 69.75pt;\" width=\"93\" height=\"18\">Funkcja<\/td>\n<td style=\"width: 464.25pt;\" width=\"619\">Specyfikacja<\/td>\n<\/tr>\n<tr style=\"height: 13.50pt;\">\n<td style=\"height: 13.50pt;\" height=\"18\">Wymiary<\/td>\n<td>5\u00d723,2 cm (250 ml), 6,1\u00d728 cm (500 ml), 6,9\u00d731,2 cm (750 ml), 7,8\u00d732,5 cm (1000 ml)<\/td>\n<\/tr>\n<tr style=\"height: 13.50pt;\">\n<td style=\"height: 13.50pt;\" height=\"18\">Rozmiar szyi<\/td>\n<td>19\u00d730mm (standardowy gwint \u015bruby)<\/td>\n<\/tr>\n<tr style=\"height: 13.50pt;\">\n<td style=\"height: 13.50pt;\" height=\"18\">Tworzywo<\/td>\n<td>Przezroczyste szk\u0142o<\/td>\n<\/tr>\n<tr style=\"height: 13.50pt;\">\n<td style=\"height: 13.50pt;\" height=\"18\">Kszta\u0142t<\/td>\n<td>Cylindryczny<\/td>\n<\/tr>\n<tr style=\"height: 13.50pt;\">\n<td style=\"height: 13.50pt;\" height=\"18\">Opcje pokrywy<\/td>\n<td>Solidna zakr\u0119tka, dzi\u00f3bek do nalewania, dozownik pompkowy<\/td>\n<\/tr>\n<tr style=\"height: 13.50pt;\">\n<td style=\"height: 13.50pt;\" height=\"18\">Najlepsze dla<\/td>\n<td>Oliwa z oliwek, ocet, sosy<\/td>\n<\/tr>\n<\/tbody>\n<\/table>\n<h2>Historia sukcesu<\/h2>\n<p>Nasze butelki na oliw\u0119 do kuchni zosta\u0142y wybrane przez kalifornijsk\u0105 farm\u0119 oliwek i wyposa\u017cone w specjalne nakr\u0119tki z wbudowanymi szklanymi dzi\u00f3bkami do nalewania. Spersonalizowane butelki doda\u0142y nieskazitelnej warto\u015bci: krystalicznie czyste szk\u0142o idealnie podkre\u015bla\u0142o jako\u015b\u0107 oliwy z oliwek, co \u2013 jak twierdz\u0105 w\u0142a\u015bciciele \u2013 przyczyni\u0142o si\u0119 do wzrostu liczby impulsywnych zakup\u00f3w na targach rolniczych o 25%. \u015arednio o 30% zmniejszy\u0142o si\u0119 rozlewanie spowodowane przez nakr\u0119tki do dzi\u00f3bk\u00f3w do nalewania. W zwi\u0105zku z tym osi\u0105gni\u0119ciem, firma zam\u00f3wi\u0142a niedawno 120 000 kolejnych butelek z nowej linii olej\u00f3w smakowych i nawi\u0105za\u0142a wsp\u00f3\u0142prac\u0119 z jedn\u0105 z luksusowych sieci hoteli, aby wypu\u015bci\u0107 zestawy upominkowe.<\/p>\n<h2>Personalizacja przezroczystych butelek oliwy z oliwek<\/h2>\n<ul>\n<li>Matowy Kwasowy Wash \u2013 nadaje ca\u0142ej powierzchni mi\u0119kkie, matowe wyko\u0144czenie. Wyczuwalny w dotyku i ukrywaj\u0105cy odciski palc\u00f3w.<\/li>\n<li>Piaskowanie logo \u2013 Wytraw sw\u00f3j emblemat na przednim panelu. To trwa\u0142e i emanuj\u0105ce jako\u015bci\u0105 wykonania.<\/li>\n<li>Kontrola g\u0142\u0119bi odcienia \u2013 Wybierz odcie\u0144 ciemniejszy ni\u017c standardowa ziele\u0144, aby uzyska\u0107 dodatkow\u0105 ochron\u0119 przed promieniowaniem UV i bardziej wyrazisty wygl\u0105d.<\/li>\n<\/ul>\n<p>Jeste\u015bmy producentem. To oznacza, \u017ce \u200b\u200bnie p\u0142acisz dodatkowo za te poprawki. Wprowadzamy je do Twojej sprzeda\u017cy hurtowej od pierwszego dnia.<\/p>","protected":false},"excerpt":{"rendered":"<p>Wysokiej jako\u015bci, przezroczyste butelki na oliw\u0119 z oliwek, wykonane ze szk\u0142a o wysokiej przejrzysto\u015bci. Idealne do kuchni i przechowywania \u017cywno\u015bci. Szybka wysy\u0142ka i ceny hurtowe.<\/p>","protected":false},"featured_media":25640,"template":"","meta":[],"product_brand":[],"product_cat":[126,123,122],"product_tag":[],"class_list":{"0":"post-22079","1":"product","2":"type-product","3":"status-publish","4":"has-post-thumbnail","6":"product_cat-olive-oil-bottles","7":"product_cat-custom-glass-bottles","8":"product_cat-custom-glass-packaging","10":"first","11":"instock","12":"shipping-taxable","13":"product-type-simple"},"jetpack_sharing_enabled":true,"_links":{"self":[{"href":"https:\/\/yebodaglass.com\/pl\/wp-json\/wp\/v2\/product\/22079","targetHints":{"allow":["GET"]}}],"collection":[{"href":"https:\/\/yebodaglass.com\/pl\/wp-json\/wp\/v2\/product"}],"about":[{"href":"https:\/\/yebodaglass.com\/pl\/wp-json\/wp\/v2\/types\/product"}],"version-history":[{"count":5,"href":"https:\/\/yebodaglass.com\/pl\/wp-json\/wp\/v2\/product\/22079\/revisions"}],"predecessor-version":[{"id":25569,"href":"https:\/\/yebodaglass.com\/pl\/wp-json\/wp\/v2\/product\/22079\/revisions\/25569"}],"wp:featuredmedia":[{"embeddable":true,"href":"https:\/\/yebodaglass.com\/pl\/wp-json\/wp\/v2\/media\/25640"}],"wp:attachment":[{"href":"https:\/\/yebodaglass.com\/pl\/wp-json\/wp\/v2\/media?parent=22079"}],"wp:term":[{"taxonomy":"product_brand","embeddable":true,"href":"https:\/\/yebodaglass.com\/pl\/wp-json\/wp\/v2\/product_brand?post=22079"},{"taxonomy":"product_cat","embeddable":true,"href":"https:\/\/yebodaglass.com\/pl\/wp-json\/wp\/v2\/product_cat?post=22079"},{"taxonomy":"product_tag","embeddable":true,"href":"https:\/\/yebodaglass.com\/pl\/wp-json\/wp\/v2\/product_tag?post=22079"}],"curies":[{"name":"wp","href":"https:\/\/api.w.org\/{rel}","templated":true}]}}