{"id":22031,"date":"2025-10-09T11:57:24","date_gmt":"2025-10-09T03:57:24","guid":{"rendered":"https:\/\/yebodaglass.com\/?post_type=product&#038;p=22031"},"modified":"2025-10-09T14:54:29","modified_gmt":"2025-10-09T06:54:29","slug":"wholesale-unique-olive-oil-dispensers-with-glass-handle-100ml-250ml-500ml","status":"publish","type":"product","link":"https:\/\/yebodaglass.com\/pl\/wholesale-unique-olive-oil-dispensers-with-glass-handle-100ml-250ml-500ml\/","title":{"rendered":"Hurtowe, wyj\u0105tkowe dozowniki do oliwy z oliwek z uchwytem szklanym \u2013 100 ml, 250 ml, 500 ml"},"content":{"rendered":"<div data-elementor-type=\"product-post\" data-elementor-id=\"22031\" class=\"elementor elementor-22031\" data-elementor-settings=\"{&quot;ha_cmc_init_switcher&quot;:&quot;no&quot;}\" data-elementor-post-type=\"product\">\n\t\t\t\t<div class=\"elementor-element elementor-element-7cc6e53 e-flex e-con-boxed e-con e-parent\" data-id=\"7cc6e53\" data-element_type=\"container\" data-e-type=\"container\" data-settings=\"{&quot;_ha_eqh_enable&quot;:false}\">\n\t\t\t\t\t<div class=\"e-con-inner\">\n\t\t\t\t<div class=\"elementor-element elementor-element-b9ffd68 elementor-widget elementor-widget-text-editor\" data-id=\"b9ffd68\" data-element_type=\"widget\" data-e-type=\"widget\" data-widget_type=\"text-editor.default\">\n\t\t\t\t<div class=\"elementor-widget-container\">\n\t\t\t\t\t\t\t\t\t<p>Si incluyes un tarro de cristal con tapa y etiqueta, solucionar\u00e1s tus necesidades de embalaje.<\/p><h2>Cechy produktu<\/h2><ul><li><strong>Adatto a qualsiasi coperchio per una facile conservazione nei barattoli di vetro: ideale per progetti di conserve, sottaceti o sciroppi.<\/strong> Da 70 ml a 280 ml: perfetti per le esigenze all&#039;ingrosso, dai piccoli barattoli ai grandi contenitori.<\/li><li><strong>Frascos Mason compactos con tapa. Vidrio libre de BPA. Venta al por mayor para miel, salsas y proyectos de bricolaje. Colores personalizados. Entrega r\u00e1pida. \u00a1Un empaque que destaca!<\/strong> Idee fatte su misura per te<\/li><li><strong>Aggiungi il tuo logo ai tuoi barattoli di vetro. Ad esempio, la collezione &#034;Honey Bloom&#034; presenta barattoli color verde salvia.<\/strong> Set di stoccaggio:<\/li><\/ul>\t\t\t\t\t\t\t\t<\/div>\n\t\t\t\t<\/div>\n\t\t\t\t<div class=\"elementor-element elementor-element-920ae84 elementor-widget elementor-widget-text-editor\" data-id=\"920ae84\" data-element_type=\"widget\" data-e-type=\"widget\" data-widget_type=\"text-editor.default\">\n\t\t\t\t<div class=\"elementor-widget-container\">\n\t\t\t\t\t\t\t\t\t<h2 style=\"text-align: center;\">Kluczowe specyfikacje:<\/h2><table class=\"aligncenter\" style=\"border-collapse: collapse; width: 470.27pt;\" border=\"0\" width=\"627\" cellspacing=\"0\" cellpadding=\"0\"><tbody><tr style=\"height: 13.50pt;\"><td style=\"height: 13.50pt; width: 86.25pt;\" width=\"115\" height=\"18\">Funkcja<\/td><td style=\"width: 384.00pt;\" width=\"512\">Specyfikacja<\/td><\/tr><tr style=\"height: 13.50pt;\"><td style=\"height: 13.50pt;\" height=\"18\">Wymiary<\/td><td>Risolverai le tue esigenze di imballaggio confezionando un barattolo di vetro con coperchio ed etichetta.<\/td><\/tr><tr style=\"height: 13.50pt;\"><td style=\"height: 13.50pt;\" height=\"18\">Tworzywo<\/td><td>Szk\u0142o przezroczyste o wysokiej przejrzysto\u015bci<\/td><\/tr><tr style=\"height: 13.50pt;\"><td style=\"height: 13.50pt;\" height=\"18\">Kszta\u0142t<\/td><td>Sto\u017ckowy okr\u0105g\u0142y z wbudowanym uchwytem<\/td><\/tr><tr style=\"height: 13.50pt;\"><td style=\"height: 13.50pt;\" height=\"18\">Typ pokrywy<\/td><td>Solidna \u015brubowa pokrywa<\/td><\/tr><tr style=\"height: 13.50pt;\"><td style=\"height: 13.50pt;\" height=\"18\">Najlepsze dla<\/td><td>Oliwa z oliwek, ocet, sosy, oleje gourmet<\/td><\/tr><\/tbody><\/table><h2>Prawdziwa historia<\/h2><p>Producent niewielkich ilo\u015bci oliwy t\u0142oczonej na zimno, kt\u00f3ry sprzedawa\u0142 j\u0105 g\u0142\u00f3wnie na targowiskach, posiada\u0142 wysokiej jako\u015bci oliw\u0119 z oliwek, ale opakowanie przypomina\u0142o po prostu kolejn\u0105 szklan\u0105 butelk\u0119 na p\u00f3\u0142ce. Zdecydowali si\u0119 na ten wyj\u0105tkowy dozownik do oliwy. Ta sama oliwa, inna butelka. Po kilku miesi\u0105cach klienci zacz\u0119li m\u00f3wi\u0107 o nim \u201eten z uchwytem\u201d. Wygl\u0105da\u0142 bardziej stylowo, by\u0142 wygodniejszy w obs\u0142udze, a nalewanie nie powodowa\u0142o rozlewania, wi\u0119c klientom si\u0119 spodoba\u0142.<\/p><h2>Niestandardowe szklane dozowniki oleju<\/h2><ul><li>Matowy uchwyt \u2013 Tylko cz\u0119\u015b\u0107 uchwytu jest piaskowana, co zapewnia pewny chwyt i zapobiega wy\u015blizgiwaniu si\u0119 produktu z r\u0119ki, co \u0142adnie kontrastuje z przezroczyst\u0105 butelk\u0105.<\/li><li>Wytrawione oznaczenie \u2013 Niewielkie oznaczenie umieszczone w pobli\u017cu szyjki butelki wskazuje idealny poziom nape\u0142nienia. Wygl\u0105da profesjonalnie i dodaje elegancji.<\/li><li>Wyt\u0142oczone na spodzie \u2013 Twoje logo lub historia marki s\u0105 wyt\u0142oczone na spodzie butelki. Ikony staj\u0105 si\u0119 widoczne, gdy butelka jest prawie pusta, dzi\u0119ki czemu Twoja marka jest widoczna dla klient\u00f3w.<\/li><\/ul>\t\t\t\t\t\t\t\t<\/div>\n\t\t\t\t<\/div>\n\t\t\t\t\t<\/div>\n\t\t\t\t<\/div>\n\t\t\t\t<\/div>","protected":false},"excerpt":{"rendered":"<p>Wyj\u0105tkowe szklane dozowniki do oliwy z oliwek z dyskretnym uchwytem, \u200b\u200bo ekskluzywnym wygl\u0105dzie, idealne dla marek kuchennych. Mo\u017cliwo\u015b\u0107 personalizacji z darmowymi pr\u00f3bkami i rabatami hurtowymi.<\/p>","protected":false},"featured_media":22060,"template":"","meta":[],"product_brand":[],"product_cat":[122,123,126],"product_tag":[],"class_list":{"0":"post-22031","1":"product","2":"type-product","3":"status-publish","4":"has-post-thumbnail","6":"product_cat-custom-glass-packaging","7":"product_cat-custom-glass-bottles","8":"product_cat-olive-oil-bottles","10":"first","11":"instock","12":"shipping-taxable","13":"product-type-simple"},"jetpack_sharing_enabled":true,"_links":{"self":[{"href":"https:\/\/yebodaglass.com\/pl\/wp-json\/wp\/v2\/product\/22031","targetHints":{"allow":["GET"]}}],"collection":[{"href":"https:\/\/yebodaglass.com\/pl\/wp-json\/wp\/v2\/product"}],"about":[{"href":"https:\/\/yebodaglass.com\/pl\/wp-json\/wp\/v2\/types\/product"}],"version-history":[{"count":5,"href":"https:\/\/yebodaglass.com\/pl\/wp-json\/wp\/v2\/product\/22031\/revisions"}],"predecessor-version":[{"id":22078,"href":"https:\/\/yebodaglass.com\/pl\/wp-json\/wp\/v2\/product\/22031\/revisions\/22078"}],"wp:featuredmedia":[{"embeddable":true,"href":"https:\/\/yebodaglass.com\/pl\/wp-json\/wp\/v2\/media\/22060"}],"wp:attachment":[{"href":"https:\/\/yebodaglass.com\/pl\/wp-json\/wp\/v2\/media?parent=22031"}],"wp:term":[{"taxonomy":"product_brand","embeddable":true,"href":"https:\/\/yebodaglass.com\/pl\/wp-json\/wp\/v2\/product_brand?post=22031"},{"taxonomy":"product_cat","embeddable":true,"href":"https:\/\/yebodaglass.com\/pl\/wp-json\/wp\/v2\/product_cat?post=22031"},{"taxonomy":"product_tag","embeddable":true,"href":"https:\/\/yebodaglass.com\/pl\/wp-json\/wp\/v2\/product_tag?post=22031"}],"curies":[{"name":"wp","href":"https:\/\/api.w.org\/{rel}","templated":true}]}}