{"id":22010,"date":"2025-10-10T09:07:57","date_gmt":"2025-10-10T01:07:57","guid":{"rendered":"https:\/\/yebodaglass.com\/?post_type=product&#038;p=22010"},"modified":"2026-03-18T17:48:37","modified_gmt":"2026-03-18T09:48:37","slug":"wide-mouth-mason-jars-and-lids-canning-jars","status":"publish","type":"product","link":"https:\/\/yebodaglass.com\/pl\/produkt\/wide-mouth-mason-jars-and-lids-canning-jars\/","title":{"rendered":"S\u0142oiki Mason z szerokim otworem i pokrywkami \u2013 s\u0142oiki do przetwor\u00f3w o pojemno\u015bci 200\u2013730 ml"},"content":{"rendered":"<p>Te s\u0142oiki typu mason z szerokim otworem i pokrywkami charakteryzuj\u0105 si\u0119 klasycznym, cylindrycznym szklanym kszta\u0142tem, g\u0142adkim, przezroczystym korpusem i szerokim otworem u\u0142atwiaj\u0105cym nape\u0142nianie i czyszczenie. Ka\u017cdy s\u0142oik typu mason posiada solidn\u0105 aluminiow\u0105 pokrywk\u0119, kt\u00f3ra umo\u017cliwia bezpieczne zamkni\u0119cie, zar\u00f3wno suchych, jak i p\u0142ynnych produkt\u00f3w. Produkt ten zosta\u0142 wyprodukowany przez producenta wykorzystuj\u0105cego technologi\u0119 rozdmuchiwania maszynowego, dlatego nadaje si\u0119 do przechowywania, pakowania i ekspozycji. S\u0142oiki te, przeznaczone do przetwor\u00f3w z szerokim otworem, nadaj\u0105 si\u0119 do marynat, sos\u00f3w, syrop\u00f3w, przek\u0105sek, herbaty, zb\u00f3\u017c, a nawet do \u015bwiec i dekoracji. S\u0142oiki te spe\u0142niaj\u0105 zar\u00f3wno wymagania dotycz\u0105ce \u017cywno\u015bci, jak i prezentacji w handlu detalicznym.<\/p>\n<h2>Kluczowe specyfikacje<\/h2>\n<table style=\"border-collapse: collapse; width: 80%; margin-left: auto; margin-right: auto;\" border=\"0\" width=\"794\" cellspacing=\"0\" cellpadding=\"0\">\n<tbody>\n<tr style=\"height: 13.50pt;\">\n<td style=\"height: 13.50pt; width: 122.25pt;\" width=\"163\" height=\"18\">Nazwa produktu<\/td>\n<td style=\"width: 473.25pt;\" width=\"631\">S\u0142oik Mason z szerokim otworem<\/td>\n<\/tr>\n<tr style=\"height: 13.50pt;\">\n<td style=\"height: 13.50pt;\" height=\"18\">Tworzywo<\/td>\n<td>Szk\u0142o sodowo-wapniowe bez BPA + aluminiowa pokrywka<\/td>\n<\/tr>\n<tr style=\"height: 13.50pt;\">\n<td style=\"height: 13.50pt;\" height=\"18\">Opcje pojemno\u015bci<\/td>\n<td>200 ml, 230 ml, 280 ml, 350 ml, 380 ml, 470 ml, 620 ml, 730 ml (dost\u0119pne warianty oz)<\/td>\n<\/tr>\n<tr style=\"height: 13.50pt;\">\n<td style=\"height: 13.50pt;\" height=\"18\">Kszta\u0142t<\/td>\n<td>Okr\u0105g\u0142e, szerokie usta<\/td>\n<\/tr>\n<tr style=\"height: 13.50pt;\">\n<td style=\"height: 13.50pt;\" height=\"18\">Rodzaje pokrywek<\/td>\n<td>Pokrywki do s\u0142oik\u00f3w z klapk\u0105, standardowe, z otworem s\u0142omkowym, z dzielonym wieczkiem<\/td>\n<\/tr>\n<tr style=\"height: 13.50pt;\">\n<td style=\"height: 13.50pt;\" height=\"18\">Kolor<\/td>\n<td>Szk\u0142o przezroczyste + pokrywki w kolorze srebrnym, z\u0142otym i czarnym<\/td>\n<\/tr>\n<tr style=\"height: 13.50pt;\">\n<td style=\"height: 13.50pt;\" height=\"18\">Proces<\/td>\n<td>Maszyna dmuchana<\/td>\n<\/tr>\n<tr style=\"height: 13.50pt;\">\n<td style=\"height: 13.50pt;\" height=\"18\">Aplikacja<\/td>\n<td>Przechowywanie \u017cywno\u015bci, s\u0142oiki do przetwor\u00f3w, opakowania, zastosowanie dekoracyjne<\/td>\n<\/tr>\n<tr style=\"height: 13.50pt;\">\n<td style=\"height: 13.50pt;\" height=\"18\">Mo\u017cliwo\u015b\u0107 dostaw<\/td>\n<td>Hurtowy, hurtowy, dostawca bezpo\u015brednio z fabryki<\/td>\n<\/tr>\n<tr style=\"height: 13.50pt;\">\n<td style=\"height: 13.50pt;\" height=\"18\">Opcje niestandardowe<\/td>\n<td>Logo, rozmiar, kolor, akcesoria, wyko\u0144czenie powierzchni<\/td>\n<\/tr>\n<tr style=\"height: 13.50pt;\">\n<td style=\"height: 13.50pt;\" height=\"18\">Dostawa<\/td>\n<td>Stabilne zapasy + elastyczny harmonogram dostaw<\/td>\n<\/tr>\n<\/tbody>\n<\/table>\n<h2>G\u0142\u00f3wne cechy<\/h2>\n<ol>\n<li><strong>Wygoda dzi\u0119ki szerokim ustom<\/strong>:S\u0142oik typu mason o szerokim wlocie jest \u0142atwy do nape\u0142niania, czyszczenia i dost\u0119pu zar\u00f3wno do produkt\u00f3w sta\u0142ych, jak i p\u0142ynnych.<\/li>\n<li><strong>Bezpieczny system zamykania pokrywy<\/strong>:Wytrzyma\u0142a aluminiowa pokrywa gwarantuje szczelne zamkni\u0119cie, dlatego mo\u017cna jej u\u017cywa\u0107 do konserwowania, transportu i d\u0142ugotrwa\u0142ego przechowywania.<\/li>\n<li><strong>Elastyczne rozwi\u0105zanie opakowaniowe<\/strong>:Typowy i standardowy s\u0142oik szklany, kt\u00f3ry mo\u017cna stosowa\u0107 zar\u00f3wno do pakowania \u017cywno\u015bci, jak i opakowa\u0144 detalicznych lub w projektach wielofunkcyjnych.<\/li>\n<\/ol>\n<h2>Udane studium przypadku<\/h2>\n<p>W\u0142a\u015bciciel marki spo\u017cywczej w Niemczech, specjalizuj\u0105cej si\u0119 w organicznych przyprawach, zam\u00f3wi\u0142 te szerokie s\u0142oiki do przetwor\u00f3w bezpo\u015brednio w naszej fabryce.<\/p>\n<ul>\n<li>Rodzaj dzia\u0142alno\u015bci: Marka \u017cywno\u015bci ekologicznej (sprzeda\u017c detaliczna i internetowa)<\/li>\n<li>Wielko\u015b\u0107 zam\u00f3wienia: Pierwsze zam\u00f3wienie hurtowe wynosi 50 000 szt. (350 ml i 470 ml).<\/li>\n<li>Wymagania dodatkowe: Z\u0142ota pokrywa, wyt\u0142oczone logo, powierzchnia przystosowana do naklejania etykiet.<\/li>\n<li>Zastosowanie: Opakowanie na sos kiszony najwy\u017cszej jako\u015bci.<\/li>\n<li>Wynik: Produkt z tej serii odnotowa\u0142 30-procentowy wzrost atrakcyjno\u015bci na p\u00f3\u0142ce i 22-procentowy wzrost sprzeda\u017cy w ci\u0105gu 6 miesi\u0119cy.<\/li>\n<li>Ponowne zam\u00f3wienie: To samo, ale z kwartaln\u0105 sprzeda\u017c\u0105 hurtow\u0105 i zwi\u0119kszon\u0105 cz\u0119stotliwo\u015bci\u0105 do 3 innych rozmiar\u00f3w.<\/li>\n<\/ul>\n<h2>Rekomendacje personalizacji dla nabywc\u00f3w B2B<\/h2>\n<ol>\n<li><strong>Branding i optymalizacja opakowa\u0144 detalicznych<\/strong>:Wykonaj sitodruk lub t\u0142oczenie, aby s\u0142oik sta\u0142 si\u0119 markowym opakowaniem o jako\u015bci detalicznej.<\/li>\n<li><strong>Wyb\u00f3r funkcjonalnej pokrywy<\/strong>:Wybierz spo\u015br\u00f3d r\u00f3\u017cnych pokrywek s\u0142oik\u00f3w (standardowa, z otworem na s\u0142omk\u0119, dzielona) w zale\u017cno\u015bci od przeznaczenia, np. do przechowywania napoj\u00f3w, produkt\u00f3w suchych lub pojemnik\u00f3w na \u015bwiece.<\/li>\n<li><strong>Strategia linii produkt\u00f3w o wielu rozmiarach<\/strong>:Po\u0142\u0105czenie kilku rozmiar\u00f3w oz w celu utworzenia jednej gamy produkt\u00f3w obejmuj\u0105cej syropy i ziarna, przek\u0105ski i specjalistyczne produkty spo\u017cywcze w celu zwi\u0119kszenia potencja\u0142u sprzeda\u017cy krzy\u017cowej.<\/li>\n<\/ol>\n<p>Je\u015bli szukasz niezawodnego dostawcy lub \u017ar\u00f3d\u0142a s\u0142oik\u00f3w o szerokim otworze w hurtowych ilo\u015bciach, ten produkt zapewnia elastyczno\u015b\u0107, sp\u00f3jno\u015b\u0107 i solidne wsparcie w zakresie personalizacji bezpo\u015brednio od profesjonalnego producenta.<\/p>","protected":false},"excerpt":{"rendered":"<p>Hurtowa sprzeda\u017c s\u0142oik\u00f3w i pokrywek typu mason z szerokim wlotem do konserwowania \u017cywno\u015bci, przechowywania, pakowania i personalizacji. Niezawodna dostawa fabryczna z mo\u017cliwo\u015bci\u0105 sprzeda\u017cy hurtowej.<\/p>","protected":false},"featured_media":25507,"template":"","meta":[],"product_brand":[],"product_cat":[125,124,122],"product_tag":[],"class_list":{"0":"post-22010","1":"product","2":"type-product","3":"status-publish","4":"has-post-thumbnail","6":"product_cat-mason-glass-jars","7":"product_cat-custom-glass-jars","8":"product_cat-custom-glass-packaging","10":"first","11":"instock","12":"shipping-taxable","13":"product-type-simple"},"jetpack_sharing_enabled":true,"_links":{"self":[{"href":"https:\/\/yebodaglass.com\/pl\/wp-json\/wp\/v2\/product\/22010","targetHints":{"allow":["GET"]}}],"collection":[{"href":"https:\/\/yebodaglass.com\/pl\/wp-json\/wp\/v2\/product"}],"about":[{"href":"https:\/\/yebodaglass.com\/pl\/wp-json\/wp\/v2\/types\/product"}],"version-history":[{"count":5,"href":"https:\/\/yebodaglass.com\/pl\/wp-json\/wp\/v2\/product\/22010\/revisions"}],"predecessor-version":[{"id":25510,"href":"https:\/\/yebodaglass.com\/pl\/wp-json\/wp\/v2\/product\/22010\/revisions\/25510"}],"wp:featuredmedia":[{"embeddable":true,"href":"https:\/\/yebodaglass.com\/pl\/wp-json\/wp\/v2\/media\/25507"}],"wp:attachment":[{"href":"https:\/\/yebodaglass.com\/pl\/wp-json\/wp\/v2\/media?parent=22010"}],"wp:term":[{"taxonomy":"product_brand","embeddable":true,"href":"https:\/\/yebodaglass.com\/pl\/wp-json\/wp\/v2\/product_brand?post=22010"},{"taxonomy":"product_cat","embeddable":true,"href":"https:\/\/yebodaglass.com\/pl\/wp-json\/wp\/v2\/product_cat?post=22010"},{"taxonomy":"product_tag","embeddable":true,"href":"https:\/\/yebodaglass.com\/pl\/wp-json\/wp\/v2\/product_tag?post=22010"}],"curies":[{"name":"wp","href":"https:\/\/api.w.org\/{rel}","templated":true}]}}