{"id":22002,"date":"2025-10-09T17:33:25","date_gmt":"2025-10-09T09:33:25","guid":{"rendered":"https:\/\/yebodaglass.com\/?post_type=product&#038;p=22002"},"modified":"2026-03-19T13:42:18","modified_gmt":"2026-03-19T05:42:18","slug":"empty-clear-mason-jar-with-lid-wholesale","status":"publish","type":"product","link":"https:\/\/yebodaglass.com\/pl\/produkt\/empty-clear-mason-jar-with-lid-wholesale\/","title":{"rendered":"70 ml \u2013 280 ml pusty przezroczysty s\u0142oik Mason z pokrywk\u0105 hurtowo"},"content":{"rendered":"<p>Ten s\u0142oik typu mason z pokrywk\u0105 ma klasyczny, cylindryczny kszta\u0142t, jest wykonany z przezroczystego szk\u0142a i ma bardzo szeroki otw\u00f3r, kt\u00f3ry \u0142atwo wyczy\u015bci\u0107. Jego g\u00f3rna cz\u0119\u015b\u0107 jest gwintowana w standardowy spos\u00f3b, co u\u0142atwia uk\u0142adanie go w stosy. Dost\u0119pny w r\u00f3\u017cnych rozmiarach z kolorowymi, metalowymi zakr\u0119tkami w kolorze czarnym, z\u0142otym, srebrnym i czerwonym.<\/p>\n<h2>Cechy produktu<\/h2>\n<ul>\n<li><strong>Klasyczny cylindryczny kszta\u0142t:<\/strong> Szklany cylinder jest prostym cylindrem o szerokim otworze, \u0142atwym do czyszczenia, nape\u0142niania i u\u017cywania.<\/li>\n<li><strong>Wymienne kolorowe nak\u0142adki:<\/strong> Maj\u0105 czarne, z\u0142ote, srebrne lub czerwone metalowe nakr\u0119tki, dzi\u0119ki czemu zakr\u0119tka jest szczelnie zamkni\u0119ta i nadal wygl\u0105da elegancko.<\/li>\n<li><strong>R\u00f3\u017cne rozmiary:<\/strong> Pojemno\u015b\u0107 od ma\u0142ej do \u015bredniej, dostosowana do wszelkich potrzeb, od przechowywania przypraw po kilka du\u017cych opakowa\u0144 \u017cywno\u015bci.<\/li>\n<\/ul>\n<h2><strong data-spm-anchor-id=\"5176.28103460.0.i15.29ab2e31JfkVXT\">Kluczowe specyfikacje <\/strong><\/h2>\n<table style=\"border-collapse: collapse; width: 80%; margin-left: auto; margin-right: auto;\" border=\"0\" width=\"288\" cellspacing=\"0\" cellpadding=\"0\">\n<tbody>\n<tr style=\"height: 13.50pt;\">\n<td style=\"height: 13.5pt; width: 54pt; text-align: center;\" width=\"72\" height=\"18\">Produkt<\/td>\n<td style=\"width: 54pt; text-align: center;\" width=\"72\">Pojemno\u015b\u0107 (ml)<\/td>\n<td style=\"width: 54pt; text-align: center;\" width=\"72\">Rozmiar (cm)<\/td>\n<td style=\"width: 54pt; text-align: center;\" width=\"72\">\u03a0\u03bb\u03b1\u03c3\u03c4\u03b9\u03ba\u03cc PET<\/td>\n<\/tr>\n<tr style=\"height: 13.50pt;\">\n<td style=\"height: 13.5pt; text-align: center;\" align=\"right\" height=\"18\">63007014<\/td>\n<td style=\"text-align: center;\" align=\"right\">70<\/td>\n<td style=\"text-align: center;\">4.7&#215;4.5&#215;6.7<\/td>\n<td class=\"et2\" rowspan=\"6\">Wyczy\u015b\u0107 (niestandardowe)<\/td>\n<\/tr>\n<tr style=\"height: 13.50pt;\">\n<td style=\"height: 13.5pt; text-align: center;\" align=\"right\" height=\"18\">63007015<\/td>\n<td style=\"text-align: center;\" align=\"right\">70<\/td>\n<td style=\"text-align: center;\">6.5&#215;4.5&#215;6.7<\/td>\n<\/tr>\n<tr style=\"height: 13.50pt;\">\n<td style=\"height: 13.5pt; text-align: center;\" align=\"right\" height=\"18\">63012016<\/td>\n<td style=\"text-align: center;\" align=\"right\">120<\/td>\n<td style=\"text-align: center;\">5.4&#215;6.15&#215;6.6<\/td>\n<\/tr>\n<tr style=\"height: 13.50pt;\">\n<td style=\"height: 13.5pt; text-align: center;\" align=\"right\" height=\"18\">63012517<\/td>\n<td style=\"text-align: center;\" align=\"right\">125<\/td>\n<td style=\"text-align: center;\">6.3&#215;5.6&#215;6.9<\/td>\n<\/tr>\n<tr style=\"height: 13.50pt;\">\n<td style=\"height: 13.5pt; text-align: center;\" align=\"right\" height=\"18\">63020018<\/td>\n<td style=\"text-align: center;\" align=\"right\">200<\/td>\n<td style=\"text-align: center;\">6.0&#215;8.6&#215;6.9<\/td>\n<\/tr>\n<tr style=\"height: 13.50pt;\">\n<td style=\"height: 13.5pt; text-align: center;\" align=\"right\" height=\"18\">63028019<\/td>\n<td style=\"text-align: center;\" align=\"right\">280<\/td>\n<td style=\"text-align: center;\">7.5&#215;8.4&#215;8.5<\/td>\n<\/tr>\n<\/tbody>\n<\/table>\n<h2>Historia sukcesu<\/h2>\n<p>Jedna z du\u017cych kanadyjskich firm produkuj\u0105cych \u017cywno\u015b\u0107 rzemie\u015blnicz\u0105 wybra\u0142a nasz s\u0142oik typu mason z pokrywk\u0105 i ozdobi\u0142a go rustykalnym, kwiatowym nadrukiem sitodrukowym. Te niestandardowe s\u0142oiki odnios\u0142y sukces na rynku: ich ekskluzywny wygl\u0105d podni\u00f3s\u0142 cen\u0119 detaliczn\u0105 d\u017cem\u00f3w o jedn\u0105 czwart\u0105, a bardzo rozpoznawalne s\u0142oiki zwi\u0119kszy\u0142y rozpoznawalno\u015b\u0107 marki w punktach sprzeda\u017cy detalicznej o jedn\u0105 trzeci\u0105, jak twierdzi firma. W oparciu o to osi\u0105gni\u0119cie, firma zam\u00f3wi\u0142a r\u00f3wnie\u017c kolejne 250 000 s\u0142oik\u00f3w do serwowania nowej linii syrop\u00f3w do napoj\u00f3w oraz podpisa\u0142a kontrakt z og\u00f3lnokrajow\u0105 sieci\u0105 supermarket\u00f3w.<\/p>\n<h2>Sugestie personalizacji s\u0142oika Masona<\/h2>\n<ul>\n<li>Wyko\u0144czenia i kolory pier\u015bcionk\u00f3w butelkowych: Oferuje wi\u0119ksz\u0105 r\u00f3\u017cnorodno\u015b\u0107 niestandardowych kolor\u00f3w i wzor\u00f3w spiralnych pier\u015bcionk\u00f3w butelkowych w wyko\u0144czeniu matowym\/b\u0142yszcz\u0105cym.<\/li>\n<li>Personalizacja zakr\u0119tek: Na p\u0142askich metalowych zakr\u0119tkach butelek drukowane s\u0105 niestandardowe nadruki, logo lub wzory.<\/li>\n<li>Wyt\u0142oczone kratki: Wyt\u0142ocz na \u015bciankach s\u0142oika drobne, wyt\u0142oczone podzia\u0142ki (szklanki, mililitry, uncje), a s\u0142oik b\u0119dzie jeszcze bardziej u\u017cyteczny.<\/li>\n<li>Niestandardowe rozmiary: Niekt\u00f3re produkty maj\u0105 niestandardowe rozmiary (np. wysokie, smuk\u0142e butelki do przechowywania miodu).<\/li>\n<\/ul>","protected":false},"excerpt":{"rendered":"<p>S\u0142oik Mason Jar w wielu rozmiarach z pokrywk\u0105, wykonany z wysokiej jako\u015bci szk\u0142a. Idealny do konserwowania, przechowywania i pakowania. Dostawa bezpo\u015brednio z fabryki. Szybka wysy\u0142ka.<\/p>","protected":false},"featured_media":25516,"template":"","meta":[],"product_brand":[],"product_cat":[122,124,125],"product_tag":[],"class_list":{"0":"post-22002","1":"product","2":"type-product","3":"status-publish","4":"has-post-thumbnail","6":"product_cat-custom-glass-packaging","7":"product_cat-custom-glass-jars","8":"product_cat-mason-glass-jars","10":"first","11":"instock","12":"shipping-taxable","13":"product-type-simple"},"jetpack_sharing_enabled":true,"_links":{"self":[{"href":"https:\/\/yebodaglass.com\/pl\/wp-json\/wp\/v2\/product\/22002","targetHints":{"allow":["GET"]}}],"collection":[{"href":"https:\/\/yebodaglass.com\/pl\/wp-json\/wp\/v2\/product"}],"about":[{"href":"https:\/\/yebodaglass.com\/pl\/wp-json\/wp\/v2\/types\/product"}],"version-history":[{"count":5,"href":"https:\/\/yebodaglass.com\/pl\/wp-json\/wp\/v2\/product\/22002\/revisions"}],"predecessor-version":[{"id":25518,"href":"https:\/\/yebodaglass.com\/pl\/wp-json\/wp\/v2\/product\/22002\/revisions\/25518"}],"wp:featuredmedia":[{"embeddable":true,"href":"https:\/\/yebodaglass.com\/pl\/wp-json\/wp\/v2\/media\/25516"}],"wp:attachment":[{"href":"https:\/\/yebodaglass.com\/pl\/wp-json\/wp\/v2\/media?parent=22002"}],"wp:term":[{"taxonomy":"product_brand","embeddable":true,"href":"https:\/\/yebodaglass.com\/pl\/wp-json\/wp\/v2\/product_brand?post=22002"},{"taxonomy":"product_cat","embeddable":true,"href":"https:\/\/yebodaglass.com\/pl\/wp-json\/wp\/v2\/product_cat?post=22002"},{"taxonomy":"product_tag","embeddable":true,"href":"https:\/\/yebodaglass.com\/pl\/wp-json\/wp\/v2\/product_tag?post=22002"}],"curies":[{"name":"wp","href":"https:\/\/api.w.org\/{rel}","templated":true}]}}