{"id":21965,"date":"2025-10-08T15:17:10","date_gmt":"2025-10-08T07:17:10","guid":{"rendered":"https:\/\/yebodaglass.com\/?post_type=product&#038;p=21965"},"modified":"2026-03-26T15:55:16","modified_gmt":"2026-03-26T07:55:16","slug":"wholesale-green-oil-olive-bottles-with-square-bases","status":"publish","type":"product","link":"https:\/\/yebodaglass.com\/pl\/wholesale-green-oil-olive-bottles-with-square-bases\/","title":{"rendered":"Hurtowe butelki na oliw\u0119 z oliwek Green Oil z kwadratowymi podstawami \u2013 500 ml, 750 ml, 1000 ml"},"content":{"rendered":"<p>Te zielone butelki na oliw\u0119 maj\u0105 bardzo elegancki, zaokr\u0105glony, kwadratowy kszta\u0142t i s\u0105 wykonane z ciemnooliwkowego szk\u0142a, aby zapobiec psuciu si\u0119 oliwy pod wp\u0142ywem \u015bwiat\u0142a. Maj\u0105 czarne, z\u0142ote lub zielone zakr\u0119tki i s\u0105 dost\u0119pne w r\u00f3\u017cnych rozmiarach.<\/p>\n<h2>Cechy produktu<\/h2>\n<ul>\n<li><strong>Naturalna ochrona przed promieniowaniem UV:<\/strong> Zielone szk\u0142o dzia\u0142a jak filtr przeciws\u0142oneczny, d\u0142ugo utrzymuj\u0105c \u015bwie\u017co\u015b\u0107 oliwy z oliwek. W por\u00f3wnaniu ze zwyk\u0142ym szk\u0142em, d\u0142ugo zachowuje \u015bwie\u017co\u015b\u0107 oliwy z oliwek, dzi\u0119ki czemu idealnie nadaje si\u0119 do delikatnych, wysokiej jako\u015bci oliw z oliwek.<\/li>\n<li><strong>Rozmiar prostok\u0105ta:<\/strong> Prostok\u0105tny kszta\u0142t butelki u\u0142atwia jej eksponowanie i przechowywanie, a jednocze\u015bnie pozwala wyra\u017anie sprawdzi\u0107 stan p\u0142ynu.<\/li>\n<li><strong>Mo\u017cliwo\u015b\u0107 ponownego nape\u0142nienia:<\/strong> Te szklane butelki na oliw\u0119 z oliwek z mo\u017cliwo\u015bci\u0105 ponownego nape\u0142niania s\u0105 wytrzyma\u0142e i trwa\u0142e. Restauracje i punkty nape\u0142niania ceni\u0105 je za trwa\u0142o\u015b\u0107.<\/li>\n<\/ul>\n<h2 style=\"text-align: left;\">Kluczowe specyfikacje<\/h2>\n<table class=\"aligncenter\" style=\"border-collapse: collapse; width: 429.77pt;\" border=\"0\" width=\"573\" cellspacing=\"0\" cellpadding=\"0\">\n<tbody>\n<tr style=\"height: 13.50pt;\">\n<td style=\"height: 13.50pt; width: 69.75pt;\" width=\"93\" height=\"18\">Funkcja<\/td>\n<td style=\"width: 360.00pt;\" width=\"480\">Specyfikacja<\/td>\n<\/tr>\n<tr style=\"height: 13.50pt;\">\n<td style=\"height: 13.50pt;\" height=\"18\">Wymiary<\/td>\n<td>5,8\u00d75,8\u00d726,4 cm (500 ml), 6,5\u00d76,5\u00d730,2 cm (750 ml), 7,4\u00d77,4\u00d730 cm (1000 ml)<\/td>\n<\/tr>\n<tr style=\"height: 13.50pt;\">\n<td style=\"height: 13.50pt;\" height=\"18\">Rozmiar szyi<\/td>\n<td>19\u00d730mm (standardowy gwint \u015bruby)<\/td>\n<\/tr>\n<tr style=\"height: 13.50pt;\">\n<td style=\"height: 13.50pt;\" height=\"18\">Tworzywo<\/td>\n<td>Zielone szk\u0142o (dost\u0119pna jest wersja ze szk\u0142em ciemnym)<\/td>\n<\/tr>\n<tr style=\"height: 13.50pt;\">\n<td style=\"height: 13.50pt;\" height=\"18\">Kszta\u0142t<\/td>\n<td>Graniastos\u0142up kwadratowy \/ prostok\u0105tny<\/td>\n<\/tr>\n<tr style=\"height: 13.50pt;\">\n<td style=\"height: 13.50pt;\" height=\"18\">Opcje pokrywy<\/td>\n<td>Solidna zakr\u0119tka, dzi\u00f3bek do nalewania, dozownik pompkowy<\/td>\n<\/tr>\n<tr style=\"height: 13.50pt;\">\n<td style=\"height: 13.50pt;\" height=\"18\">Najlepsze dla<\/td>\n<td>Oliwa z oliwek, ocet, sosy, przechowywanie w kuchni<\/td>\n<\/tr>\n<\/tbody>\n<\/table>\n<h2>Historia sukcesu: Kalifornijski producent oliwy z oliwek, dzia\u0142 eksportu<\/h2>\n<p>Nasze zielone butelki oliwy z oliwek o pojemno\u015bci 750 ml zosta\u0142y wybrane przez renomowanego producenta kalifornijskiej oliwy z oliwek, kt\u00f3ry zaprojektowa\u0142 je z sitodrukiem wykonanym z\u0142ot\u0105 foli\u0105 i czarnym dzi\u00f3bkiem zapobiegaj\u0105cym kapaniu. Te szklane butelki z pow\u0142ok\u0105 UV skutecznie chroni\u0142y jako\u015b\u0107 oliwy w dostawach na du\u017ce odleg\u0142o\u015bci, co pozwoli\u0142o zmniejszy\u0107 liczb\u0119 reklamacji dotycz\u0105cych zepsucia o 40%. Butelki przesz\u0142y test transportu mi\u0119dzynarodowego ze skuteczno\u015bci\u0105 na poziomie 99,9%. Opieraj\u0105c si\u0119 na imponuj\u0105cych wynikach, producent zam\u00f3wi\u0142 kolejne 200 000 butelek swoich nowych, aromatyzowanych i wzbogaconych oliw z oliwek.<\/p>\n<h2>Pomys\u0142y na personalizacj\u0119<\/h2>\n<ul>\n<li>Matowy Kwasowy Wash \u2013 nadaje ca\u0142ej powierzchni mi\u0119kkie, matowe wyko\u0144czenie. Wyczuwalny w dotyku i ukrywaj\u0105cy odciski palc\u00f3w.<\/li>\n<li>Piaskowanie logo \u2013 Wytraw sw\u00f3j emblemat na przednim panelu. To trwa\u0142e i emanuj\u0105ce jako\u015bci\u0105 wykonania.<\/li>\n<li>Kontrola g\u0142\u0119bi odcienia \u2013 Wybierz odcie\u0144 ciemniejszy ni\u017c standardowa ziele\u0144, aby uzyska\u0107 dodatkow\u0105 ochron\u0119 przed promieniowaniem UV i bardziej wyrazisty wygl\u0105d.<\/li>\n<\/ul>","protected":false},"excerpt":{"rendered":"<p>Klasyczne, kwadratowe, szklane butelki na oliw\u0119 z zielonego szk\u0142a z czarnymi, z\u0142otymi lub zielonymi zakr\u0119tkami. Idealne do ochrony jako\u015bci oliwy. Wysy\u0142ka bezpo\u015brednio z fabryki, szybka.<\/p>","protected":false},"featured_media":25644,"template":"","meta":[],"product_brand":[],"product_cat":[126,123,122],"product_tag":[],"class_list":{"0":"post-21965","1":"product","2":"type-product","3":"status-publish","4":"has-post-thumbnail","6":"product_cat-olive-oil-bottles","7":"product_cat-custom-glass-bottles","8":"product_cat-custom-glass-packaging","10":"first","11":"instock","12":"shipping-taxable","13":"product-type-simple"},"jetpack_sharing_enabled":true,"_links":{"self":[{"href":"https:\/\/yebodaglass.com\/pl\/wp-json\/wp\/v2\/product\/21965","targetHints":{"allow":["GET"]}}],"collection":[{"href":"https:\/\/yebodaglass.com\/pl\/wp-json\/wp\/v2\/product"}],"about":[{"href":"https:\/\/yebodaglass.com\/pl\/wp-json\/wp\/v2\/types\/product"}],"version-history":[{"count":5,"href":"https:\/\/yebodaglass.com\/pl\/wp-json\/wp\/v2\/product\/21965\/revisions"}],"predecessor-version":[{"id":25561,"href":"https:\/\/yebodaglass.com\/pl\/wp-json\/wp\/v2\/product\/21965\/revisions\/25561"}],"wp:featuredmedia":[{"embeddable":true,"href":"https:\/\/yebodaglass.com\/pl\/wp-json\/wp\/v2\/media\/25644"}],"wp:attachment":[{"href":"https:\/\/yebodaglass.com\/pl\/wp-json\/wp\/v2\/media?parent=21965"}],"wp:term":[{"taxonomy":"product_brand","embeddable":true,"href":"https:\/\/yebodaglass.com\/pl\/wp-json\/wp\/v2\/product_brand?post=21965"},{"taxonomy":"product_cat","embeddable":true,"href":"https:\/\/yebodaglass.com\/pl\/wp-json\/wp\/v2\/product_cat?post=21965"},{"taxonomy":"product_tag","embeddable":true,"href":"https:\/\/yebodaglass.com\/pl\/wp-json\/wp\/v2\/product_tag?post=21965"}],"curies":[{"name":"wp","href":"https:\/\/api.w.org\/{rel}","templated":true}]}}