{"id":21951,"date":"2025-10-08T18:01:24","date_gmt":"2025-10-08T10:01:24","guid":{"rendered":"https:\/\/yebodaglass.com\/?post_type=product&#038;p=21951"},"modified":"2026-03-20T15:03:01","modified_gmt":"2026-03-20T07:03:01","slug":"empty-glass-mason-jar-storage-containers-bulk","status":"publish","type":"product","link":"https:\/\/yebodaglass.com\/pl\/produkt\/empty-glass-mason-jar-storage-containers-bulk\/","title":{"rendered":"150 ml \u2013 1100 ml Puste szklane pojemniki do przechowywania s\u0142oik\u00f3w typu Mason"},"content":{"rendered":"<p>Te szklane pojemniki do przechowywania w kszta\u0142cie s\u0142oik\u00f3w typu mason jar wykonane s\u0105 z krystalicznie czystego szk\u0142a, o nietypowym, zaokr\u0105glonym kszta\u0142cie z lekko wypuk\u0142ym \u015brodkiem, zw\u0119\u017caj\u0105cym si\u0119 ku szyjce i podstawie. Maj\u0105 standardow\u0105, gwintowan\u0105 szyjk\u0119 i metalow\u0105 zakr\u0119tk\u0119 w kolorze z\u0142otym.<\/p>\n<h2>Cechy produktu<\/h2>\n<ul>\n<li><strong>Szk\u0142o przezroczyste:<\/strong> Szk\u0142o jest krystalicznie czyste, dzi\u0119ki czemu mo\u017cna \u0142atwo zobaczy\u0107 zawarto\u015b\u0107, a produkt jest bardziej atrakcyjny dla przemys\u0142u spo\u017cywczego i rzemie\u015blniczego.<\/li>\n<li><strong>Jednolita z\u0142ota czapka:<\/strong> Z\u0142ota, pasuj\u0105ca \u015bruba wykonana jest z metalu, dzi\u0119ki czemu dobrze przylega i tworzy sp\u00f3jny, ekskluzywny akcent w obu stylach.<\/li>\n<li><strong>R\u00f3\u017cne rozmiary:<\/strong> Dost\u0119pny jest w r\u00f3\u017cnych rozmiarach, od mini do ogromnych, w zale\u017cno\u015bci od tego, czy przechowujesz pr\u00f3bki, czy te\u017c nie.<\/li>\n<\/ul>\n<h2><strong data-spm-anchor-id=\"5176.28103460.0.i8.29ab2e31Xe3rbZ\">Kluczowe specyfikacje<\/strong><\/h2>\n<table style=\"border-collapse: collapse; width: 80%; margin-left: auto; margin-right: auto;\" border=\"0\" width=\"363\" cellspacing=\"0\" cellpadding=\"0\">\n<tbody>\n<tr style=\"height: 13.50pt;\">\n<td class=\"et2\" style=\"height: 13.5pt; width: 56.25pt; text-align: center;\" width=\"75\" height=\"18\">Produkt<\/td>\n<td class=\"et2\" style=\"width: 54pt; text-align: center;\" width=\"72\">Pojemno\u015b\u0107 (ml)<\/td>\n<td class=\"et2\" style=\"width: 54pt; text-align: center;\" width=\"72\">Rozmiar (cm)<\/td>\n<td class=\"et2\" style=\"width: 54pt; text-align: center;\" width=\"72\">\u03a0\u03bb\u03b1\u03c3\u03c4\u03b9\u03ba\u03cc PET<\/td>\n<\/tr>\n<tr style=\"height: 13.50pt;\">\n<td class=\"et2\" style=\"height: 13.5pt; text-align: center;\" height=\"18\">63015008<\/td>\n<td class=\"et2\" style=\"text-align: center;\">150<\/td>\n<td class=\"et2\" style=\"text-align: center;\">6.1&#215;6.1&#215;8.2<\/td>\n<td class=\"et2\" style=\"text-align: center;\" rowspan=\"6\">Wyczy\u015b\u0107 lub niestandardowo (rze\u017abiona tekstura)<\/td>\n<\/tr>\n<tr style=\"height: 13.50pt;\">\n<td class=\"et2\" style=\"height: 13.5pt; text-align: center;\" height=\"18\">63030009<\/td>\n<td class=\"et2\" style=\"text-align: center;\">300<\/td>\n<td class=\"et2\" style=\"text-align: center;\">8.1&#215;8.1&#215;8.9<\/td>\n<\/tr>\n<tr style=\"height: 13.50pt;\">\n<td class=\"et2\" style=\"height: 13.5pt; text-align: center;\" height=\"18\">63038010<\/td>\n<td class=\"et2\" style=\"text-align: center;\">380<\/td>\n<td class=\"et2\" style=\"text-align: center;\">9,0\u00d79,0x9,6<\/td>\n<\/tr>\n<tr style=\"height: 13.50pt;\">\n<td class=\"et2\" style=\"height: 13.5pt; text-align: center;\" height=\"18\">63050011<\/td>\n<td class=\"et2\" style=\"text-align: center;\">500<\/td>\n<td class=\"et2\" style=\"text-align: center;\">8.2&#215;8.2&#215;13.0<\/td>\n<\/tr>\n<tr style=\"height: 13.50pt;\">\n<td class=\"et2\" style=\"height: 13.5pt; text-align: center;\" height=\"18\">63103012<\/td>\n<td class=\"et2\" style=\"text-align: center;\">1030<\/td>\n<td class=\"et2\" style=\"text-align: center;\">9.9&#215;9.9&#215;16.7<\/td>\n<\/tr>\n<tr style=\"height: 13.50pt;\">\n<td class=\"et2\" style=\"height: 13.5pt; text-align: center;\" height=\"18\">63110013<\/td>\n<td class=\"et2\" style=\"text-align: center;\">1100<\/td>\n<td class=\"et2\" style=\"text-align: center;\">9.7&#215;9.7&#215;17.5<\/td>\n<\/tr>\n<\/tbody>\n<\/table>\n<h2>Historia sukcesu<\/h2>\n<p>Jeden z producent\u00f3w miodu z Utah wybra\u0142 nasz szklany s\u0142oik typu mason i nada\u0142 mu jasnobursztynowy kolor z sitodrukowym wzorem plastra miodu. Tradycyjny wygl\u0105d s\u0142oika poprawi\u0142 wizerunek marki jako dziedzictwa, co prze\u0142o\u017cy\u0142o si\u0119 na 60-procentowy wzrost sprzeda\u017cy online, a sitodrukowy wz\u00f3r plastra miodu na s\u0142oiku zwi\u0119kszy\u0142 liczb\u0119 wzmianek w mediach spo\u0142eczno\u015bciowych o 300 procent. Producent zam\u00f3wi\u0142 kolejne zam\u00f3wienie na 720 000 s\u0142oik\u00f3w miodu ze wzgl\u0119du na niezwyk\u0142y sukces sprzeda\u017cy miodu do jednej z krajowych sieci ekologicznych.<\/p>\n<h2>Pojemniki do przechowywania w s\u0142oikach Masona \u2013 personalizacja<\/h2>\n<ul>\n<li>T\u0142oczenie: Na ramionach s\u0142oik\u00f3w mo\u017cna umie\u015bci\u0107 fakturowane wzory (np. k\u0142osy pszenicy, pszczo\u0142y).<\/li>\n<li>Podwy\u017cszone oznaczenia obj\u0119to\u015bci: Zwi\u0119ksz dyskretnie podniesione oznaczenia obj\u0119to\u015bci (uncje, szklanki, mililitry) na \u015bciankach s\u0142oika lub butelki, aby zwi\u0119kszy\u0107 jej wszechstronno\u015b\u0107.<\/li>\n<li>Konstrukcja s\u0142oika Square Jar: Zaprojektuj kwadratowe s\u0142oiki Mason, kt\u00f3re oszcz\u0119dzaj\u0105 miejsce, maksymalizuj\u0105 rozmieszczenie na p\u00f3\u0142kach i pozwalaj\u0105 na lepsze wykorzystanie pojemnik\u00f3w transportowych.<\/li>\n<\/ul>","protected":false},"excerpt":{"rendered":"<p>Wysokiej jako\u015bci szklane pojemniki do przechowywania w s\u0142oikach typu mason jar z wytrzyma\u0142\u0105, szklan\u0105 obudow\u0105 i metalowymi pokrywkami. Idealne do przechowywania \u017cywno\u015bci, napoj\u00f3w i pakowania. Dost\u0119pna szybka wysy\u0142ka.<\/p>","protected":false},"featured_media":25538,"template":"","meta":[],"product_brand":[],"product_cat":[125,124,122],"product_tag":[],"class_list":{"0":"post-21951","1":"product","2":"type-product","3":"status-publish","4":"has-post-thumbnail","6":"product_cat-mason-glass-jars","7":"product_cat-custom-glass-jars","8":"product_cat-custom-glass-packaging","10":"first","11":"instock","12":"shipping-taxable","13":"product-type-simple"},"jetpack_sharing_enabled":true,"_links":{"self":[{"href":"https:\/\/yebodaglass.com\/pl\/wp-json\/wp\/v2\/product\/21951","targetHints":{"allow":["GET"]}}],"collection":[{"href":"https:\/\/yebodaglass.com\/pl\/wp-json\/wp\/v2\/product"}],"about":[{"href":"https:\/\/yebodaglass.com\/pl\/wp-json\/wp\/v2\/types\/product"}],"version-history":[{"count":5,"href":"https:\/\/yebodaglass.com\/pl\/wp-json\/wp\/v2\/product\/21951\/revisions"}],"predecessor-version":[{"id":25540,"href":"https:\/\/yebodaglass.com\/pl\/wp-json\/wp\/v2\/product\/21951\/revisions\/25540"}],"wp:featuredmedia":[{"embeddable":true,"href":"https:\/\/yebodaglass.com\/pl\/wp-json\/wp\/v2\/media\/25538"}],"wp:attachment":[{"href":"https:\/\/yebodaglass.com\/pl\/wp-json\/wp\/v2\/media?parent=21951"}],"wp:term":[{"taxonomy":"product_brand","embeddable":true,"href":"https:\/\/yebodaglass.com\/pl\/wp-json\/wp\/v2\/product_brand?post=21951"},{"taxonomy":"product_cat","embeddable":true,"href":"https:\/\/yebodaglass.com\/pl\/wp-json\/wp\/v2\/product_cat?post=21951"},{"taxonomy":"product_tag","embeddable":true,"href":"https:\/\/yebodaglass.com\/pl\/wp-json\/wp\/v2\/product_tag?post=21951"}],"curies":[{"name":"wp","href":"https:\/\/api.w.org\/{rel}","templated":true}]}}