{"id":21914,"date":"2025-10-08T18:02:42","date_gmt":"2025-10-08T10:02:42","guid":{"rendered":"https:\/\/yebodaglass.com\/?post_type=product&#038;p=21914"},"modified":"2026-03-20T16:27:24","modified_gmt":"2026-03-20T08:27:24","slug":"clear-mason-glass-jars-with-lids-bulk","status":"publish","type":"product","link":"https:\/\/yebodaglass.com\/pl\/produkt\/clear-mason-glass-jars-with-lids-bulk\/","title":{"rendered":"S\u0142oiki szklane Mason o pojemno\u015bci 150 ml \u2013 1000 ml z pokrywkami, przezroczyste, hurtowe"},"content":{"rendered":"<p>Te szklane s\u0142oiki typu mason maj\u0105 oryginalny, zaokr\u0105glony, kwadratowy kszta\u0142t, s\u0105 wykonane z krystalicznie czystego szk\u0142a i maj\u0105 efektown\u0105, stalow\u0105 zakr\u0119tk\u0119 w kolorze srebrnym. Szeroka konstrukcja ma standardow\u0105 zakr\u0119tk\u0119 i p\u0142ask\u0105, matow\u0105, srebrn\u0105 plomb\u0119.<\/p>\n<h2>Cechy produktu<\/h2>\n<ul>\n<li><strong>Klasyczny kszta\u0142t vintage:<\/strong> Kszta\u0142t prostego cylindra o kwadratowych naro\u017cnikach jest taki sam jak klasyczny kszta\u0142t murarski i stanowi po\u0142\u0105czenie klasycznego pi\u0119kna, \u0142atwo\u015bci u\u017cytkowania i rozpoznawania.<\/li>\n<li><strong>Projekt o wielu pojemno\u015bciach:<\/strong> Dost\u0119pne w rozmiarach mini, regular i high, aby sprosta\u0107 r\u00f3\u017cnym wymaganiom w zakresie ma\u0142ych porcji, codziennego przechowywania i przechowywania du\u017cych pojemno\u015bci.<\/li>\n<li><strong>Kilka wariant\u00f3w pokrywy metalowej:<\/strong> Posiada p\u0142ask\u0105 lub odpowietrzaj\u0105c\u0105 pokryw\u0119, obie w kolorze srebrnym, co zapewnia doskona\u0142e w\u0142a\u015bciwo\u015bci uszczelniaj\u0105ce i elastyczno\u015b\u0107 w zakresie konserwacji i u\u017cytkowania.<\/li>\n<\/ul>\n<h2><strong data-spm-anchor-id=\"5176.28103460.0.i14.29ab2e31M0MCxV\">Kluczowe specyfikacje<\/strong><\/h2>\n<table style=\"border-collapse: collapse; width: 80%; margin-left: auto; margin-right: auto;\" border=\"0\" width=\"360\" cellspacing=\"0\" cellpadding=\"0\">\n<tbody>\n<tr style=\"height: 13.50pt;\">\n<td style=\"height: 13.5pt; width: 54pt; text-align: center;\" width=\"72\" height=\"18\">Produkt<\/td>\n<td style=\"width: 54pt; text-align: center;\" width=\"72\">Pojemno\u015b\u0107 (ml)<\/td>\n<td style=\"width: 54pt; text-align: center;\" width=\"72\">Rozmiar (cm)<\/td>\n<td style=\"width: 54pt; text-align: center;\" width=\"72\">\u03a0\u03bb\u03b1\u03c3\u03c4\u03b9\u03ba\u03cc PET<\/td>\n<\/tr>\n<tr style=\"height: 13.50pt;\">\n<td style=\"height: 13.5pt; text-align: center;\" align=\"right\" height=\"18\">63015001<\/td>\n<td style=\"text-align: center;\" align=\"right\">150<\/td>\n<td style=\"text-align: center;\">7.8&#215;7.8&#215;5.1<\/td>\n<td class=\"et2\" style=\"text-align: center;\" rowspan=\"7\">Wyczy\u015b\u0107 (niestandardowe)<\/td>\n<\/tr>\n<tr style=\"height: 13.50pt;\">\n<td style=\"height: 13.5pt; text-align: center;\" align=\"right\" height=\"18\">63025002<\/td>\n<td style=\"text-align: center;\" align=\"right\">250<\/td>\n<td style=\"text-align: center;\">7.8&#215;7.8&#215;8.0<\/td>\n<\/tr>\n<tr style=\"height: 13.50pt;\">\n<td style=\"height: 13.5pt; text-align: center;\" align=\"right\" height=\"18\">63038003<\/td>\n<td style=\"text-align: center;\" align=\"right\">380<\/td>\n<td style=\"text-align: center;\">7.5&#215;7.5&#215;12.0<\/td>\n<\/tr>\n<tr style=\"height: 13.50pt;\">\n<td style=\"height: 13.5pt; text-align: center;\" align=\"right\" height=\"18\">63050004<\/td>\n<td style=\"text-align: center;\" align=\"right\">500<\/td>\n<td style=\"text-align: center;\">8.2&#215;8.2&#215;12.7<\/td>\n<\/tr>\n<tr style=\"height: 13.50pt;\">\n<td style=\"height: 13.5pt; text-align: center;\" align=\"right\" height=\"18\">63075005<\/td>\n<td style=\"text-align: center;\" align=\"right\">750<\/td>\n<td style=\"text-align: center;\">8.6&#215;8.6&#215;16.3<\/td>\n<\/tr>\n<tr style=\"height: 13.50pt;\">\n<td style=\"height: 13.5pt; text-align: center;\" align=\"right\" height=\"18\">63085006<\/td>\n<td style=\"text-align: center;\" align=\"right\">850<\/td>\n<td style=\"text-align: center;\">\u2014<\/td>\n<\/tr>\n<tr style=\"height: 13.50pt;\">\n<td style=\"height: 13.5pt; text-align: center;\" align=\"right\" height=\"18\">63100007<\/td>\n<td style=\"text-align: center;\" align=\"right\">1000<\/td>\n<td style=\"text-align: center;\">9.7&#215;9.7&#215;17.5<\/td>\n<\/tr>\n<\/tbody>\n<\/table>\n<h2>Historia sukcesu<\/h2>\n<p>Jedna z palarni kawy z Portland wybra\u0142a nasze s\u0142oiki typu mason jar o r\u00f3\u017cnych rozmiarach, z mo\u017cliwo\u015bci\u0105 przechowywania i personalizowanymi wzorami ziaren kawy. Przezroczyste szklane s\u0142oiki zapewni\u0142y r\u00f3wnie\u017c idealn\u0105 ekspozycj\u0119 ziaren kawy, co prze\u0142o\u017cy\u0142o si\u0119 na wzrost sprzeda\u017cy o 35% i wzrost liczby ponownych zakup\u00f3w o 62%. Samo opakowanie tak usatysfakcjonowa\u0142o piekarza, \u017ce \u200b\u200bzam\u00f3wi\u0142 kolejne 250 000 szklanych s\u0142oik\u00f3w, aby dopasowa\u0107 je do swojej nowej linii przypraw i herbat dost\u0119pnych w sprzeda\u017cy detalicznej.<\/p>\n<h2>Alternatywy personalizacji s\u0142oik\u00f3w szklanych Mason<\/h2>\n<ul>\n<li>Projekt s\u0142oika Square Jar: Zaprojektuj kwadratowe s\u0142oiki Mason, kt\u00f3re zajmuj\u0105 ma\u0142o miejsca i zwi\u0119kszaj\u0105 efektywno\u015b\u0107 ekspozycji produkt\u00f3w na p\u00f3\u0142kach w sklepach detalicznych i domowych spi\u017carniach.<\/li>\n<li>T\u0142oczenie: Wyt\u0142ocz lub odci\u015bnij ozdobne inicja\u0142y lub wzory na ramionach s\u0142oika.<\/li>\n<li>Materia\u0142 pokrywki: Mo\u017cna stosowa\u0107 pokrywki metalowe zamiast pokrywek plastikowych, korkowych lub bambusowych.<\/li>\n<\/ul>","protected":false},"excerpt":{"rendered":"<p>S\u0142oiki szklane Mason do przechowywania z szerokim otworem i trwa\u0142ymi pokrywkami. Idealne do pakowania i porz\u0105dkowania. Rabaty hurtowe i serwis bezpo\u015brednio u producenta.<\/p>","protected":false},"featured_media":25546,"template":"","meta":[],"product_brand":[],"product_cat":[125,124,122],"product_tag":[],"class_list":{"0":"post-21914","1":"product","2":"type-product","3":"status-publish","4":"has-post-thumbnail","6":"product_cat-mason-glass-jars","7":"product_cat-custom-glass-jars","8":"product_cat-custom-glass-packaging","10":"first","11":"instock","12":"shipping-taxable","13":"product-type-simple"},"jetpack_sharing_enabled":true,"_links":{"self":[{"href":"https:\/\/yebodaglass.com\/pl\/wp-json\/wp\/v2\/product\/21914","targetHints":{"allow":["GET"]}}],"collection":[{"href":"https:\/\/yebodaglass.com\/pl\/wp-json\/wp\/v2\/product"}],"about":[{"href":"https:\/\/yebodaglass.com\/pl\/wp-json\/wp\/v2\/types\/product"}],"version-history":[{"count":5,"href":"https:\/\/yebodaglass.com\/pl\/wp-json\/wp\/v2\/product\/21914\/revisions"}],"predecessor-version":[{"id":25545,"href":"https:\/\/yebodaglass.com\/pl\/wp-json\/wp\/v2\/product\/21914\/revisions\/25545"}],"wp:featuredmedia":[{"embeddable":true,"href":"https:\/\/yebodaglass.com\/pl\/wp-json\/wp\/v2\/media\/25546"}],"wp:attachment":[{"href":"https:\/\/yebodaglass.com\/pl\/wp-json\/wp\/v2\/media?parent=21914"}],"wp:term":[{"taxonomy":"product_brand","embeddable":true,"href":"https:\/\/yebodaglass.com\/pl\/wp-json\/wp\/v2\/product_brand?post=21914"},{"taxonomy":"product_cat","embeddable":true,"href":"https:\/\/yebodaglass.com\/pl\/wp-json\/wp\/v2\/product_cat?post=21914"},{"taxonomy":"product_tag","embeddable":true,"href":"https:\/\/yebodaglass.com\/pl\/wp-json\/wp\/v2\/product_tag?post=21914"}],"curies":[{"name":"wp","href":"https:\/\/api.w.org\/{rel}","templated":true}]}}