{"id":21833,"date":"2025-09-29T11:46:29","date_gmt":"2025-09-29T03:46:29","guid":{"rendered":"https:\/\/yebodaglass.com\/?post_type=product&#038;p=21833"},"modified":"2025-10-09T18:01:44","modified_gmt":"2025-10-09T10:01:44","slug":"custom-olive-oil-bottles-high-quality-glass-oil-bottles-for-wholesale","status":"publish","type":"product","link":"https:\/\/yebodaglass.com\/pl\/custom-olive-oil-bottles-high-quality-glass-oil-bottles-for-wholesale\/","title":{"rendered":"Niestandardowe butelki na oliw\u0119 z oliwek z przezroczystego szk\u0142a o pojemno\u015bci 60\u20131000 ml \u2013 kwadratowe butelki z zakr\u0119tk\u0105"},"content":{"rendered":"<div data-elementor-type=\"product-post\" data-elementor-id=\"21833\" class=\"elementor elementor-21833\" data-elementor-settings=\"{&quot;ha_cmc_init_switcher&quot;:&quot;no&quot;}\" data-elementor-post-type=\"product\">\n\t\t\t\t<div class=\"elementor-element elementor-element-7cc6e53 e-flex e-con-boxed e-con e-parent\" data-id=\"7cc6e53\" data-element_type=\"container\" data-e-type=\"container\" data-settings=\"{&quot;_ha_eqh_enable&quot;:false}\">\n\t\t\t\t\t<div class=\"e-con-inner\">\n\t\t\t\t<div class=\"elementor-element elementor-element-b9ffd68 elementor-widget elementor-widget-text-editor\" data-id=\"b9ffd68\" data-element_type=\"widget\" data-e-type=\"widget\" data-widget_type=\"text-editor.default\">\n\t\t\t\t<div class=\"elementor-widget-container\">\n\t\t\t\t\t\t\t\t\t<p>Jako czo\u0142owy producent i dostawca wysokiej jako\u015bci opakowa\u0144 szklanych, rozumiemy zapotrzebowanie na wysokiej jako\u015bci, niestandardowe butelki na oliw\u0119 z oliwek, kt\u00f3re podkre\u015bl\u0105 atrakcyjno\u015b\u0107 Twojej marki. Oferuj\u0105c wszechstronno\u015b\u0107 w zakresie zam\u00f3wie\u0144 hurtowych i hurtowych, nasze warsztaty zosta\u0142y zaprojektowane tak, aby zaprezentowa\u0107 przezroczyste, szklane butelki na oliw\u0119 z oliwek i pokaza\u0107 jej czysto\u015b\u0107. Niezale\u017cnie od tego, czy potrzebujesz standardowej butelki z dozownikiem, czy ca\u0142kowicie niestandardowego rozwi\u0105zania, nasze szklane butelki s\u0105 dost\u0119pne w wielu rozmiarach, odpowiednich do ka\u017cdego zastosowania.<\/p><h2>Cechy produktu<\/h2><ul><li><strong>Nowoczesny design w kwadratowym stylu<\/strong>:Wsp\u00f3\u0142czesne rozmiary zwi\u0119kszaj\u0105 atrakcyjno\u015b\u0107 rega\u0142\u00f3w i oszcz\u0119dzaj\u0105 miejsce, dzi\u0119ki czemu idealnie nadaj\u0105 si\u0119 do sprzeda\u017cy detalicznej.<\/li><li><strong>Szk\u0142o przezroczyste do kontaktu z \u017cywno\u015bci\u0105<\/strong>:Wykonane z wysokiej jako\u015bci szk\u0142a butelkowego na oliw\u0119, pozwala klientom zobaczy\u0107 bogat\u0105 barw\u0119, struktur\u0119 i smak oliwy z oliwek.<\/li><li><strong>Bezpieczna szyjka \u015brubowa<\/strong>Lahve na olejov\u00fd ocet na zak\u00e1zku pro novoz\u00e9landskou zna\u010dku: odoln\u00e9, nepropustn\u00e9 a kr\u00e1sn\u011b navr\u017een\u00e9 pro zachov\u00e1n\u00ed \u010derstvosti a zv\u00fd\u0161en\u00ed atraktivity na reg\u00e1lech.<\/li><li><strong>Wiele opcji pojemno\u015bci<\/strong>:Zar\u00f3wno w przypadku du\u017cych butelek o pojemno\u015bci 1000 ml do u\u017cytku hurtowego, jak i ma\u0142ych butelek o pojemno\u015bci 60 ml do pr\u00f3bek, zapewniamy elastyczno\u015b\u0107, aby sprosta\u0107 r\u00f3\u017cnorodnym wymaganiom.<\/li><\/ul>\t\t\t\t\t\t\t\t<\/div>\n\t\t\t\t<\/div>\n\t\t\t\t<div class=\"elementor-element elementor-element-920ae84 elementor-widget elementor-widget-text-editor\" data-id=\"920ae84\" data-element_type=\"widget\" data-e-type=\"widget\" data-widget_type=\"text-editor.default\">\n\t\t\t\t<div class=\"elementor-widget-container\">\n\t\t\t\t\t\t\t\t\t<h2>Kluczowe specyfikacje:<\/h2><table border=\"0\" width=\"100%\" cellspacing=\"0\" cellpadding=\"0\"><tbody><tr><td class=\"et2\" style=\"text-align: center;\" colspan=\"4\" width=\"100%\" height=\"18\"><strong>Cores da marca:<\/strong><\/td><\/tr><tr><td class=\"et2\" style=\"text-align: left;\" height=\"24\"><strong>Model<\/strong><\/td><td class=\"et2\" style=\"text-align: left;\"><strong>Pojemno\u015b\u0107\/ml<\/strong><\/td><td class=\"et2\" style=\"text-align: left;\"><strong>rozmiar\/cm<\/strong><\/td><td class=\"et2\" style=\"text-align: left;\"><strong>\u015brednice wewn\u0119trzne\/zewn\u0119trzne\/mm<\/strong><\/td><\/tr><tr><td class=\"et2\" style=\"text-align: center;\" height=\"24\">11006001<\/td><td class=\"et2\">60<\/td><td class=\"et2\">3.5*3.5*12.4<\/td><td class=\"et2\">9.5*18<\/td><\/tr><tr><td class=\"et2\" style=\"text-align: center;\" height=\"18\">11010002<\/td><td class=\"et2\">100<\/td><td class=\"et2\">4.1*4.1*14.0<\/td><td class=\"et2\">13.5*24<\/td><\/tr><tr><td class=\"et2\" style=\"text-align: center;\" height=\"18\">11010003<\/td><td class=\"et2\">100<\/td><td class=\"et2\">4.3*4.3*14.0<\/td><td class=\"et2\">13.5*24<\/td><\/tr><tr><td class=\"et2\" style=\"text-align: center;\" height=\"20\">11015004<\/td><td class=\"et2\">150<\/td><td class=\"et2\">4.9*4.9*15.6<\/td><td class=\"et2\">19*30<\/td><\/tr><tr><td class=\"et2\" style=\"text-align: center;\" height=\"20\">11025005<\/td><td class=\"et2\">250<\/td><td class=\"et2\">4.7*4.7*21.0<\/td><td class=\"et2\">19*30<\/td><\/tr><tr><td class=\"et2\" style=\"text-align: center;\" height=\"20\">11050006<\/td><td class=\"et2\">500<\/td><td class=\"et2\">5.8*5.8*26.4<\/td><td class=\"et2\">19*30<\/td><\/tr><tr><td class=\"et2\" style=\"text-align: center;\" height=\"20\">11075007<\/td><td class=\"et2\">750<\/td><td class=\"et2\">6.5*6.5*30.2<\/td><td class=\"et2\">19*30<\/td><\/tr><tr><td class=\"et2\" style=\"text-align: center;\" height=\"20\">11100008<\/td><td class=\"et2\">1000<\/td><td class=\"et2\">7.4*7.4*30<\/td><td class=\"et2\">19*30<\/td><\/tr><\/tbody><\/table><p>Opcje akcesori\u00f3w: Ka\u017cda butelka jest wyposa\u017cona w gwintowan\u0105 szyjk\u0119 kompatybiln\u0105 z r\u00f3\u017cnymi rodzajami wieczek (metalowymi lub plastikowymi), uszczelki wewn\u0119trzne, dzi\u00f3bek do nalewania (dozownik oleju) oraz folie zewn\u0119trzne. Opcje personalizacji obejmuj\u0105 warianty kolorystyczne wieczek lub etykiet.<\/p><h2>Studium przypadku:<\/h2><p>Jeden z naszych klient\u00f3w, marka premium oliwy, odnotowa\u0142 30% wzrost sprzeda\u017cy online po przej\u015bciu na nasze niestandardowe butelki na oliw\u0119 z oliwek. Zam\u00f3wili hurtowe ilo\u015bci kwadratowych, szklanych butelek o pojemno\u015bci 500 ml z niestandardow\u0105 pokrywk\u0105 i dozownikiem do oliwy. Przezroczyste, szklane opakowanie podkre\u015bli\u0142o jako\u015b\u0107 produktu, a nasza niezawodna wysy\u0142ka zapewni\u0142a terminow\u0105 dostaw\u0119 w ramach kampanii \u015bwi\u0105tecznej.<\/p><h2>Tamanhos de atacado em grandes quantidades<\/h2><p>Markom, kt\u00f3re chc\u0105 si\u0119 wyr\u00f3\u017cni\u0107, zalecamy dostosowanie koloru pokrywki do brandingu lub dodanie dedykowanego dozownika do oleju, umo\u017cliwiaj\u0105cego kontrolowane nalewanie. Zam\u00f3wienia hurtowe obj\u0119te s\u0105 rabatami hurtowymi, a przed z\u0142o\u017ceniem zam\u00f3wienia oferujemy bezp\u0142atny program pr\u00f3bek, umo\u017cliwiaj\u0105cy przetestowanie szklanej butelki z pokrywk\u0105 do nalewania oleju. Nasze us\u0142ugi obejmuj\u0105 nadruk logo i dostosowanie rozmiaru \u2013 wystarczy skontaktowa\u0107 si\u0119 z nami, aby przedstawi\u0107 swoje potrzeby.<\/p><p><strong>Informacje o zamawianiu<\/strong>: Z\u0142\u00f3\u017c zam\u00f3wienie ju\u017c dzi\u015b, aby skorzysta\u0107 z szybkiej wysy\u0142ki i dostawy. Te szklane butelki na oliw\u0119 z oliwek s\u0105 dost\u0119pne w przezroczystym wyko\u0144czeniu, idealnym do ka\u017cdego zastosowania w butelkach na oliw\u0119.<\/p>\t\t\t\t\t\t\t\t<\/div>\n\t\t\t\t<\/div>\n\t\t\t\t\t<\/div>\n\t\t\t\t<\/div>\n\t\t\t\t<\/div>","protected":false},"excerpt":{"rendered":"<p>Odkryj najwy\u017cszej jako\u015bci, personalizowane butelki na oliw\u0119 z oliwek i szklane butelki na oliw\u0119 z nakr\u0119tkami dla Twojej marki. Dost\u0119pne ceny hurtowe, zam\u00f3wienia hurtowe i bezp\u0142atne pr\u00f3bki.<\/p>","protected":false},"featured_media":21837,"template":"","meta":[],"product_brand":[],"product_cat":[122,123],"product_tag":[],"class_list":{"0":"post-21833","1":"product","2":"type-product","3":"status-publish","4":"has-post-thumbnail","6":"product_cat-custom-glass-packaging","7":"product_cat-custom-glass-bottles","9":"first","10":"instock","11":"shipping-taxable","12":"product-type-simple"},"jetpack_sharing_enabled":true,"_links":{"self":[{"href":"https:\/\/yebodaglass.com\/pl\/wp-json\/wp\/v2\/product\/21833","targetHints":{"allow":["GET"]}}],"collection":[{"href":"https:\/\/yebodaglass.com\/pl\/wp-json\/wp\/v2\/product"}],"about":[{"href":"https:\/\/yebodaglass.com\/pl\/wp-json\/wp\/v2\/types\/product"}],"version-history":[{"count":5,"href":"https:\/\/yebodaglass.com\/pl\/wp-json\/wp\/v2\/product\/21833\/revisions"}],"predecessor-version":[{"id":21848,"href":"https:\/\/yebodaglass.com\/pl\/wp-json\/wp\/v2\/product\/21833\/revisions\/21848"}],"wp:featuredmedia":[{"embeddable":true,"href":"https:\/\/yebodaglass.com\/pl\/wp-json\/wp\/v2\/media\/21837"}],"wp:attachment":[{"href":"https:\/\/yebodaglass.com\/pl\/wp-json\/wp\/v2\/media?parent=21833"}],"wp:term":[{"taxonomy":"product_brand","embeddable":true,"href":"https:\/\/yebodaglass.com\/pl\/wp-json\/wp\/v2\/product_brand?post=21833"},{"taxonomy":"product_cat","embeddable":true,"href":"https:\/\/yebodaglass.com\/pl\/wp-json\/wp\/v2\/product_cat?post=21833"},{"taxonomy":"product_tag","embeddable":true,"href":"https:\/\/yebodaglass.com\/pl\/wp-json\/wp\/v2\/product_tag?post=21833"}],"curies":[{"name":"wp","href":"https:\/\/api.w.org\/{rel}","templated":true}]}}