{"id":17341,"date":"2025-07-18T12:13:20","date_gmt":"2025-07-18T04:13:20","guid":{"rendered":"https:\/\/yebodaglass.com\/?post_type=product&#038;p=17341"},"modified":"2026-03-25T13:47:20","modified_gmt":"2026-03-25T05:47:20","slug":"wholesale-32-oz-clear-glass-swing-top-bottles","status":"publish","type":"product","link":"https:\/\/yebodaglass.com\/pl\/wholesale-32-oz-clear-glass-swing-top-bottles\/","title":{"rendered":"Hurtowe butelki z przezroczystego szk\u0142a z zamkni\u0119ciem wahad\u0142owym o pojemno\u015bci 32 uncji"},"content":{"rendered":"<p>Nasz asortyment 32-uncjowych, przezroczystych szklanych butelek z zakr\u0119tk\u0105 typu \u201eswing\u201d, wyposa\u017conych w solidn\u0105 zakr\u0119tk\u0119, kt\u00f3ra tworzy hermetyczne zamkni\u0119cie zapobiegaj\u0105ce wyciekaniu! Te szklane butelki zapewni\u0105 \u015bwie\u017co\u015b\u0107 i dobry stan Twoich napoj\u00f3w. Je\u015bli jeste\u015b hobbyst\u0105 lub profesjonalnym producentem, nasze szklane butelki z zakr\u0119tk\u0105 to stylowe i praktyczne rozwi\u0105zanie do przechowywania i eksponowania szerokiej gamy p\u0142yn\u00f3w.<\/p>\n<h2>Wyr\u00f3\u017cnieni<\/h2>\n<ul>\n<li style=\"text-align: left;\"><strong>Uszczelnienie zakr\u0119tki:<\/strong> Gumowy korek jest mocno przymocowany siatk\u0105 drucian\u0105, tworz\u0105c trwa\u0142e uszczelnienie nadaj\u0105ce si\u0119 do wielokrotnego u\u017cytku.<\/li>\n<li style=\"text-align: left;\"><strong>Szk\u0142o o wysokiej przejrzysto\u015bci:<\/strong> Przez szklany korpus wyra\u017anie wida\u0107 kolor i stopie\u0144 nasycenia napoju dwutlenkiem w\u0119gla.<\/li>\n<li style=\"text-align: left;\"><strong>Trwa\u0142e okucia metalowe:<\/strong> Ceramiczno-plastikowy korek i metalowa siatka s\u0105 wytrzyma\u0142e i mo\u017cna ich u\u017cywa\u0107 wielokrotnie przez d\u0142ugi czas.<\/li>\n<\/ul>\n<h2 style=\"text-align: left;\">Kluczowe specyfikacje<\/h2>\n<table class=\"aligncenter\" style=\"border-collapse: collapse; width: 565.52pt;\" border=\"0\" width=\"754\" cellspacing=\"0\" cellpadding=\"0\">\n<tbody>\n<tr style=\"height: 13.50pt;\">\n<td style=\"height: 13.50pt; width: 121.50pt;\" width=\"162\" height=\"18\">Specyfikacja<\/td>\n<td style=\"width: 444.00pt;\" width=\"592\">Bli\u017csze dane<\/td>\n<\/tr>\n<tr style=\"height: 13.50pt;\">\n<td style=\"height: 13.50pt;\" height=\"18\">Pojemno\u015b\u0107<\/td>\n<td>32 uncje\/1000 ml<\/td>\n<\/tr>\n<tr style=\"height: 13.50pt;\">\n<td style=\"height: 13.50pt;\" height=\"18\">Rozmiar opakowania<\/td>\n<td>7,3 cala \u00d7 7,3 cala \u00d7 12,4 cala (d\u0142. \u00d7 szer. \u00d7 wys.)\/4 sztuki w pude\u0142ku<\/td>\n<\/tr>\n<tr style=\"height: 13.50pt;\">\n<td style=\"height: 13.50pt;\" height=\"18\">Tworzywo<\/td>\n<td>Szk\u0142o bezo\u0142owiowe<\/td>\n<\/tr>\n<tr style=\"height: 13.50pt;\">\n<td style=\"height: 13.50pt;\" height=\"18\">Typ pokrywy<\/td>\n<td>Nakr\u0119tka z ruchom\u0105 g\u00f3r\u0105, bia\u0142ym korkiem, czerwon\u0105 gumow\u0105 uszczelk\u0105 i metalowym zaciskiem<\/td>\n<\/tr>\n<tr style=\"height: 13.50pt;\">\n<td style=\"height: 13.50pt;\" height=\"18\">Zalecane zastosowania<\/td>\n<td>Idealne do przechowywania domowych napoj\u00f3w, olej\u00f3w, octu, sos\u00f3w i wyrob\u00f3w rzemie\u015blniczych<\/td>\n<\/tr>\n<\/tbody>\n<\/table>\n<h2>Historia sukcesu<\/h2>\n<p>Nasza 32-uncjowa szklana butelka z zakr\u0119tk\u0105, spersonalizowanymi etykietami w stylu Art Deco i kolorowymi (zielonymi) uszczelkami gumowymi zosta\u0142a wybrana przez firm\u0119 produkuj\u0105c\u0105 napoje gazowane z Midwestu. Gaz jest uszczelniany za pomoc\u0105 zatrzasku, kt\u00f3ry ca\u0142kowicie zamyka plomb\u0119, zapewniaj\u0105c szczelno\u015b\u0107 99,8%. Plomba jest wykonana ze specjalnego zielonego szk\u0142a, co kosztuje firm\u0119 butelkuj\u0105c\u0105 1 dolara za butelk\u0119. Firma odnios\u0142a ogromny sukces i zam\u00f3wi\u0142a 150 000 butelek swojej nowej linii rzemie\u015blniczych shaker\u00f3w do koktajli i oct\u00f3w pitnych.<\/p>\n<h2>Butelki szklane z zakr\u0119canym wieczkiem<\/h2>\n<ul>\n<li>Materia\u0142y klips\u00f3w i przewod\u00f3w: Elementy metalowe wyst\u0119puj\u0105 w wersji ocynkowanej, czarnej, miedzianej lub mosi\u0105dzu.<\/li>\n<li>Kolory kork\u00f3w i uszczelek do butelek: Korki do butelek (ceramiczne lub plastikowe) i uszczelki w kolorze dowolnej marki.<\/li>\n<li>Zakres rozmiar\u00f3w: Dost\u0119pne b\u0119d\u0105 cztery rozmiary butelek: 8 uncji, 16 uncji, 25 uncji i 32 uncje.<\/li>\n<\/ul>","protected":false},"excerpt":{"rendered":"<p>Szklane butelki z zakr\u0119canym zamkni\u0119ciem, hermetycznym zamkni\u0119ciem i wytrzyma\u0142\u0105, szklan\u0105 obudow\u0105. Idealne do napoj\u00f3w gazowanych i sok\u00f3w. Dost\u0119pne bezp\u0142atne pr\u00f3bki do sprawdzenia jako\u015bci.<\/p>","protected":false},"featured_media":17359,"template":"","meta":[],"product_brand":[],"product_cat":[81,80,20],"product_tag":[],"class_list":{"0":"post-17341","1":"product","2":"type-product","3":"status-publish","4":"has-post-thumbnail","6":"product_cat-flip-top-bottles","7":"product_cat-glass-bottles","8":"product_cat-glass-containers","10":"first","11":"instock","12":"shipping-taxable","13":"product-type-grouped"},"jetpack_sharing_enabled":true,"_links":{"self":[{"href":"https:\/\/yebodaglass.com\/pl\/wp-json\/wp\/v2\/product\/17341","targetHints":{"allow":["GET"]}}],"collection":[{"href":"https:\/\/yebodaglass.com\/pl\/wp-json\/wp\/v2\/product"}],"about":[{"href":"https:\/\/yebodaglass.com\/pl\/wp-json\/wp\/v2\/types\/product"}],"version-history":[{"count":5,"href":"https:\/\/yebodaglass.com\/pl\/wp-json\/wp\/v2\/product\/17341\/revisions"}],"predecessor-version":[{"id":25600,"href":"https:\/\/yebodaglass.com\/pl\/wp-json\/wp\/v2\/product\/17341\/revisions\/25600"}],"wp:featuredmedia":[{"embeddable":true,"href":"https:\/\/yebodaglass.com\/pl\/wp-json\/wp\/v2\/media\/17359"}],"wp:attachment":[{"href":"https:\/\/yebodaglass.com\/pl\/wp-json\/wp\/v2\/media?parent=17341"}],"wp:term":[{"taxonomy":"product_brand","embeddable":true,"href":"https:\/\/yebodaglass.com\/pl\/wp-json\/wp\/v2\/product_brand?post=17341"},{"taxonomy":"product_cat","embeddable":true,"href":"https:\/\/yebodaglass.com\/pl\/wp-json\/wp\/v2\/product_cat?post=17341"},{"taxonomy":"product_tag","embeddable":true,"href":"https:\/\/yebodaglass.com\/pl\/wp-json\/wp\/v2\/product_tag?post=17341"}],"curies":[{"name":"wp","href":"https:\/\/api.w.org\/{rel}","templated":true}]}}