{"id":17310,"date":"2025-07-18T10:36:56","date_gmt":"2025-07-18T02:36:56","guid":{"rendered":"https:\/\/yebodaglass.com\/?post_type=product&#038;p=17310"},"modified":"2025-09-15T11:20:29","modified_gmt":"2025-09-15T03:20:29","slug":"clear-16-oz-flip-top-bottles-in-bulk","status":"publish","type":"product","link":"https:\/\/yebodaglass.com\/pl\/clear-16-oz-flip-top-bottles-in-bulk\/","title":{"rendered":"Przezroczyste butelki z klapk\u0105 o pojemno\u015bci 16 uncji w hurtowych ilo\u015bciach"},"content":{"rendered":"<div data-elementor-type=\"wp-post\" data-elementor-id=\"17310\" class=\"elementor elementor-17310\" data-elementor-settings=\"{&quot;ha_cmc_init_switcher&quot;:&quot;no&quot;}\" data-elementor-post-type=\"product\">\n\t\t\t\t<div class=\"elementor-element elementor-element-bb0d695 e-flex e-con-boxed e-con e-parent\" data-id=\"bb0d695\" data-element_type=\"container\" data-e-type=\"container\" data-settings=\"{&quot;_ha_eqh_enable&quot;:false}\">\n\t\t\t\t\t<div class=\"e-con-inner\">\n\t\t\t\t<div class=\"elementor-element elementor-element-732f179 elementor-widget elementor-widget-text-editor\" data-id=\"732f179\" data-element_type=\"widget\" data-e-type=\"widget\" data-widget_type=\"text-editor.default\">\n\t\t\t\t<div class=\"elementor-widget-container\">\n\t\t\t\t\t\t\t\t\t<p>Nasze butelki z klapk\u0105 o pojemno\u015bci 16 uncji (ok. 500 ml) zosta\u0142y zaprojektowane z my\u015bl\u0105 o bezpiecznym i trwa\u0142ym zamkni\u0119ciu. Wykonane z wysokiej jako\u015bci przezroczystego szk\u0142a, wyra\u017anie wida\u0107 zawarto\u015b\u0107. Wyrafinowana stalowa zakr\u0119tka zatrzaskowa z czerwon\u0105 gumow\u0105 uszczelk\u0105 pewnie zamyka butelk\u0119, zapewniaj\u0105c dobr\u0105 szczelno\u015b\u0107 nawet w przypadku napoj\u00f3w gazowanych.<\/p>\t\t\t\t\t\t\t\t<\/div>\n\t\t\t\t<\/div>\n\t\t\t\t<div class=\"elementor-element elementor-element-54c8d6c elementor-widget elementor-widget-heading\" data-id=\"54c8d6c\" data-element_type=\"widget\" data-e-type=\"widget\" data-widget_type=\"heading.default\">\n\t\t\t\t<div class=\"elementor-widget-container\">\n\t\t\t\t\t<h2 class=\"elementor-heading-title elementor-size-default\">Kluczowe specyfikacje<\/h2>\t\t\t\t<\/div>\n\t\t\t\t<\/div>\n\t\t\t\t<div class=\"elementor-element elementor-element-14509d8 elementor-widget elementor-widget-text-editor\" data-id=\"14509d8\" data-element_type=\"widget\" data-e-type=\"widget\" data-widget_type=\"text-editor.default\">\n\t\t\t\t<div class=\"elementor-widget-container\">\n\t\t\t\t\t\t\t\t\t<table class=\"aligncenter\" style=\"border-collapse: collapse; width: 485.27pt;\" border=\"0\" width=\"647\" cellspacing=\"0\" cellpadding=\"0\"><tbody><tr style=\"height: 13.50pt;\"><td class=\"et2\" style=\"height: 13.50pt; width: 107.25pt;\" width=\"143\" height=\"18\">Specyfikacja<\/td><td class=\"et2\" style=\"width: 378.00pt;\" width=\"504\">Bli\u017csze dane<\/td><\/tr><tr style=\"height: 13.50pt;\"><td class=\"et2\" style=\"height: 13.50pt; width: 107.25pt;\" width=\"143\" height=\"18\">Pojemno\u015b\u0107<\/td><td class=\"et2\" style=\"width: 378.00pt;\" width=\"504\">16 uncji\/500 ml<\/td><\/tr><tr style=\"height: 13.50pt;\"><td class=\"et2\" style=\"height: 13.50pt; width: 107.25pt;\" width=\"143\" height=\"18\">Rozmiar opakowania<\/td><td class=\"et2\" style=\"width: 378.00pt;\" width=\"504\">9,3 \u00d7 6,3 \u00d7 10,6 cala\/6 sztuk w pude\u0142ku<\/td><\/tr><tr style=\"height: 13.50pt;\"><td class=\"et2\" style=\"height: 13.50pt; width: 107.25pt;\" width=\"143\" height=\"18\">Tworzywo<\/td><td class=\"et2\" style=\"width: 378.00pt;\" width=\"504\">Szk\u0142o bezo\u0142owiowe<\/td><\/tr><tr style=\"height: 27.00pt;\"><td class=\"et2\" style=\"height: 27.00pt; width: 107.25pt;\" width=\"143\" height=\"36\">Opis butelki<\/td><td class=\"et2\" style=\"width: 378.00pt;\" width=\"504\">Przezroczysta szklana butelka o smuk\u0142ej szyjce, zw\u0119\u017caj\u0105cych si\u0119 ramionach i cylindrycznym korpusie<\/td><\/tr><tr style=\"height: 27.00pt;\"><td class=\"et2\" style=\"height: 27.00pt; width: 107.25pt;\" width=\"143\" height=\"36\">Wydajno\u015b\u0107 uszczelnienia<\/td><td class=\"et2\" style=\"width: 378.00pt;\" width=\"504\">Bezpieczne i szczelne zamkni\u0119cie zapewniaj\u0105ce \u015bwie\u017co\u015b\u0107<\/td><\/tr><\/tbody><\/table>\t\t\t\t\t\t\t\t<\/div>\n\t\t\t\t<\/div>\n\t\t\t\t\t<\/div>\n\t\t\t\t<\/div>\n\t\t<div class=\"elementor-element elementor-element-55e31eb e-flex e-con-boxed e-con e-parent\" data-id=\"55e31eb\" data-element_type=\"container\" data-e-type=\"container\" data-settings=\"{&quot;_ha_eqh_enable&quot;:false}\">\n\t\t\t\t\t<div class=\"e-con-inner\">\n\t\t\t\t<div class=\"elementor-element elementor-element-fc0900e elementor-widget elementor-widget-heading\" data-id=\"fc0900e\" data-element_type=\"widget\" data-e-type=\"widget\" data-widget_type=\"heading.default\">\n\t\t\t\t<div class=\"elementor-widget-container\">\n\t\t\t\t\t<h2 class=\"elementor-heading-title elementor-size-default\">Wyr\u00f3\u017cnieni<\/h2>\t\t\t\t<\/div>\n\t\t\t\t<\/div>\n\t\t\t\t\t<\/div>\n\t\t\t\t<\/div>\n\t\t<div class=\"elementor-element elementor-element-723cd80 e-flex e-con-boxed e-con e-parent\" data-id=\"723cd80\" data-element_type=\"container\" data-e-type=\"container\" data-settings=\"{&quot;_ha_eqh_enable&quot;:false}\">\n\t\t\t\t\t<div class=\"e-con-inner\">\n\t\t<div class=\"elementor-element elementor-element-bf4cb81 e-con-full e-flex e-con e-child\" data-id=\"bf4cb81\" data-element_type=\"container\" data-e-type=\"container\" data-settings=\"{&quot;_ha_eqh_enable&quot;:false}\">\n\t\t\t\t<div class=\"elementor-element elementor-element-202a3f6 elementor-widget elementor-widget-image\" data-id=\"202a3f6\" data-element_type=\"widget\" data-e-type=\"widget\" data-widget_type=\"image.default\">\n\t\t\t\t<div class=\"elementor-widget-container\">\n\t\t\t\t\t\t\t\t\t\t\t\t\t\t\t<img decoding=\"async\" src=\"https:\/\/yebodaglass.com\/wp-content\/uploads\/elementor\/thumbs\/500ml-\u573a\u666f\u56fe-\u62f7\u8d1d_\u526f\u672c-\u62f7\u8d1d-12-r8x8o0auzi7sairwp89eg4jh2d1pxp211p30q4t0gw.webp\" title=\"Butelki YEBODA 16 oz z klapk\u0105 w hurtowych ilo\u015bciach\" alt=\"Butelki YEBODA 16 oz z klapk\u0105 w hurtowych ilo\u015bciach\" loading=\"lazy\" \/>\t\t\t\t\t\t\t\t\t\t\t\t\t\t\t<\/div>\n\t\t\t\t<\/div>\n\t\t\t\t<div class=\"elementor-element elementor-element-fc1fd2d elementor-widget elementor-widget-text-editor\" data-id=\"fc1fd2d\" data-element_type=\"widget\" data-e-type=\"widget\" data-widget_type=\"text-editor.default\">\n\t\t\t\t<div class=\"elementor-widget-container\">\n\t\t\t\t\t\t\t\t\t<p>Hermetyczne zamkni\u0119cie typu Swing-Top: Wyposa\u017cone w stabiln\u0105 pokrywk\u0119 z odchylanym szczytem, \u200b\u200bkt\u00f3ra gwarantuje szczelne zamkni\u0119cie zapobiegaj\u0105ce wyciekom, idealne do przechowywania p\u0142yn\u00f3w.<\/p>\t\t\t\t\t\t\t\t<\/div>\n\t\t\t\t<\/div>\n\t\t\t\t<\/div>\n\t\t<div class=\"elementor-element elementor-element-73418b7 e-con-full e-flex e-con e-child\" data-id=\"73418b7\" data-element_type=\"container\" data-e-type=\"container\" data-settings=\"{&quot;_ha_eqh_enable&quot;:false}\">\n\t\t\t\t<div class=\"elementor-element elementor-element-490e976 elementor-widget elementor-widget-image\" data-id=\"490e976\" data-element_type=\"widget\" data-e-type=\"widget\" data-widget_type=\"image.default\">\n\t\t\t\t<div class=\"elementor-widget-container\">\n\t\t\t\t\t\t\t\t\t\t\t\t\t\t\t<img decoding=\"async\" src=\"https:\/\/yebodaglass.com\/wp-content\/uploads\/elementor\/thumbs\/89-\u62f7\u8d1d-r8x8nzd0so6hywt9upurvms0gz6cpzyapkfj8uuen4.webp\" title=\"Butelki YEBODA 16 oz z klapk\u0105 w hurtowych ilo\u015bciach\" alt=\"Butelki YEBODA 16 oz z klapk\u0105 w hurtowych ilo\u015bciach\" loading=\"lazy\" \/>\t\t\t\t\t\t\t\t\t\t\t\t\t\t\t<\/div>\n\t\t\t\t<\/div>\n\t\t\t\t<div class=\"elementor-element elementor-element-28d6163 elementor-widget elementor-widget-text-editor\" data-id=\"28d6163\" data-element_type=\"widget\" data-e-type=\"widget\" data-widget_type=\"text-editor.default\">\n\t\t\t\t<div class=\"elementor-widget-container\">\n\t\t\t\t\t\t\t\t\t<p>Op\u0142ywowa, w\u0105ska szyjka: Smuk\u0142a szyjka i sto\u017ckowy kszta\u0142t u\u0142atwiaj\u0105 nalewanie i zapewniaj\u0105 wygod\u0119, a jednocze\u015bnie nadaj\u0105 butelce elegancki wygl\u0105d.<\/p>\t\t\t\t\t\t\t\t<\/div>\n\t\t\t\t<\/div>\n\t\t\t\t<\/div>\n\t\t\t\t\t<\/div>\n\t\t\t\t<\/div>\n\t\t<div class=\"elementor-element elementor-element-523cc7f e-flex e-con-boxed e-con e-parent\" data-id=\"523cc7f\" data-element_type=\"container\" data-e-type=\"container\" data-settings=\"{&quot;_ha_eqh_enable&quot;:false}\">\n\t\t\t\t\t<div class=\"e-con-inner\">\n\t\t<div class=\"elementor-element elementor-element-744006f e-con-full e-flex e-con e-child\" data-id=\"744006f\" data-element_type=\"container\" data-e-type=\"container\" data-settings=\"{&quot;_ha_eqh_enable&quot;:false}\">\n\t\t\t\t<div class=\"elementor-element elementor-element-9ce8179 elementor-widget elementor-widget-image\" data-id=\"9ce8179\" data-element_type=\"widget\" data-e-type=\"widget\" data-widget_type=\"image.default\">\n\t\t\t\t<div class=\"elementor-widget-container\">\n\t\t\t\t\t\t\t\t\t\t\t\t\t\t\t<img decoding=\"async\" src=\"https:\/\/yebodaglass.com\/wp-content\/uploads\/elementor\/thumbs\/36-r8x8nyf6lu57naun07g5b50jvlaziaukdfs1rkvstc.jpg\" title=\"Butelki YEBODA 16 oz z klapk\u0105 w hurtowych ilo\u015bciach\" alt=\"Butelki YEBODA 16 oz z klapk\u0105 w hurtowych ilo\u015bciach\" loading=\"lazy\" \/>\t\t\t\t\t\t\t\t\t\t\t\t\t\t\t<\/div>\n\t\t\t\t<\/div>\n\t\t\t\t<div class=\"elementor-element elementor-element-78c6605 elementor-widget elementor-widget-text-editor\" data-id=\"78c6605\" data-element_type=\"widget\" data-e-type=\"widget\" data-widget_type=\"text-editor.default\">\n\t\t\t\t<div class=\"elementor-widget-container\">\n\t\t\t\t\t\t\t\t\t<p>Trwa\u0142e, przezroczyste szk\u0142o: Wykonane z grubego, przezroczystego szk\u0142a, kt\u00f3re jest wytrzyma\u0142e i pozwala na ogl\u0105danie zawarto\u015bci bez przeszk\u00f3d.<\/p>\t\t\t\t\t\t\t\t<\/div>\n\t\t\t\t<\/div>\n\t\t\t\t<\/div>\n\t\t<div class=\"elementor-element elementor-element-8519877 e-con-full e-flex e-con e-child\" data-id=\"8519877\" data-element_type=\"container\" data-e-type=\"container\" data-settings=\"{&quot;_ha_eqh_enable&quot;:false}\">\n\t\t\t\t<div class=\"elementor-element elementor-element-7d08a07 elementor-widget elementor-widget-image\" data-id=\"7d08a07\" data-element_type=\"widget\" data-e-type=\"widget\" data-widget_type=\"image.default\">\n\t\t\t\t<div class=\"elementor-widget-container\">\n\t\t\t\t\t\t\t\t\t\t\t\t\t\t\t<img decoding=\"async\" src=\"https:\/\/yebodaglass.com\/wp-content\/uploads\/elementor\/thumbs\/897-r8x8o26jd6acxqp6e92nl42e94sgd39hpydzooq84g.jpg\" title=\"Butelki YEBODA 16 oz z klapk\u0105 w hurtowych ilo\u015bciach\" alt=\"Butelki YEBODA 16 oz z klapk\u0105 w hurtowych ilo\u015bciach\" loading=\"lazy\" \/>\t\t\t\t\t\t\t\t\t\t\t\t\t\t\t<\/div>\n\t\t\t\t<\/div>\n\t\t\t\t<div class=\"elementor-element elementor-element-dca6cea elementor-widget elementor-widget-text-editor\" data-id=\"dca6cea\" data-element_type=\"widget\" data-e-type=\"widget\" data-widget_type=\"text-editor.default\">\n\t\t\t\t<div class=\"elementor-widget-container\">\n\t\t\t\t\t\t\t\t\t<p>Wszechstronne i wielokrotnego u\u017cytku: Idealne do przechowywania domowych p\u0142yn\u00f3w, sos\u00f3w lub olej\u00f3w. Mo\u017cna je wielokrotnie wykorzystywa\u0107, co pozwala na zr\u00f3wnowa\u017cone codzienne u\u017cytkowanie.<\/p>\t\t\t\t\t\t\t\t<\/div>\n\t\t\t\t<\/div>\n\t\t\t\t<\/div>\n\t\t\t\t\t<\/div>\n\t\t\t\t<\/div>\n\t\t<div class=\"elementor-element elementor-element-88b472e e-con-full e-flex e-con e-parent\" data-id=\"88b472e\" data-element_type=\"container\" data-e-type=\"container\" data-settings=\"{&quot;_ha_eqh_enable&quot;:false}\">\n\t\t\t\t<div class=\"elementor-element elementor-element-3582c55 elementor-widget elementor-widget-text-editor\" data-id=\"3582c55\" data-element_type=\"widget\" data-e-type=\"widget\" data-widget_type=\"text-editor.default\">\n\t\t\t\t<div class=\"elementor-widget-container\">\n\t\t\t\t\t\t\t\t\t<p>\u00a0 \u00a0 \u00a0 \u00a0 \u00a0 \u00a0 \u00a0 \u00a0 \u00a0 \u00a0 \u00a0 \u00a0 <img fetchpriority=\"high\" decoding=\"async\" class=\"alignnone wp-image-16229\" src=\"https:\/\/yebodaglass.com\/wp-content\/uploads\/2025\/07\/d1ad5ea8ed4fd82e283a3a35878dd5c.png\" alt=\"\" width=\"240\" height=\"240\" srcset=\"https:\/\/yebodaglass.com\/wp-content\/uploads\/2025\/07\/d1ad5ea8ed4fd82e283a3a35878dd5c.png 220w, https:\/\/yebodaglass.com\/wp-content\/uploads\/2025\/07\/d1ad5ea8ed4fd82e283a3a35878dd5c-100x100.png 100w, https:\/\/yebodaglass.com\/wp-content\/uploads\/2025\/07\/d1ad5ea8ed4fd82e283a3a35878dd5c-150x150.png 150w, https:\/\/yebodaglass.com\/wp-content\/uploads\/2025\/07\/d1ad5ea8ed4fd82e283a3a35878dd5c-12x12.png 12w\" sizes=\"(max-width: 240px) 100vw, 240px\" \/>\u00a0 \u00a0 \u00a0 \u00a0 \u00a0<img decoding=\"async\" class=\"alignnone wp-image-16228\" src=\"https:\/\/yebodaglass.com\/wp-content\/uploads\/2025\/07\/4679f61166f64c6045dbc74c130db9a.png\" alt=\"\" width=\"240\" height=\"240\" srcset=\"https:\/\/yebodaglass.com\/wp-content\/uploads\/2025\/07\/4679f61166f64c6045dbc74c130db9a.png 220w, https:\/\/yebodaglass.com\/wp-content\/uploads\/2025\/07\/4679f61166f64c6045dbc74c130db9a-100x100.png 100w, https:\/\/yebodaglass.com\/wp-content\/uploads\/2025\/07\/4679f61166f64c6045dbc74c130db9a-150x150.png 150w, https:\/\/yebodaglass.com\/wp-content\/uploads\/2025\/07\/4679f61166f64c6045dbc74c130db9a-12x12.png 12w\" sizes=\"(max-width: 240px) 100vw, 240px\" \/>\u00a0 \u00a0 \u00a0 \u00a0 \u00a0 <img decoding=\"async\" class=\"alignnone wp-image-16230\" src=\"https:\/\/yebodaglass.com\/wp-content\/uploads\/2025\/07\/e59283ab6cb2ed3c93ba4f8a33db2ff.png\" alt=\"\" width=\"240\" height=\"240\" srcset=\"https:\/\/yebodaglass.com\/wp-content\/uploads\/2025\/07\/e59283ab6cb2ed3c93ba4f8a33db2ff.png 220w, https:\/\/yebodaglass.com\/wp-content\/uploads\/2025\/07\/e59283ab6cb2ed3c93ba4f8a33db2ff-100x100.png 100w, https:\/\/yebodaglass.com\/wp-content\/uploads\/2025\/07\/e59283ab6cb2ed3c93ba4f8a33db2ff-150x150.png 150w, https:\/\/yebodaglass.com\/wp-content\/uploads\/2025\/07\/e59283ab6cb2ed3c93ba4f8a33db2ff-12x12.png 12w\" sizes=\"(max-width: 240px) 100vw, 240px\" \/>\u00a0 \u00a0 \u00a0 <img loading=\"lazy\" decoding=\"async\" class=\"alignnone wp-image-16227\" src=\"https:\/\/yebodaglass.com\/wp-content\/uploads\/2025\/07\/8b499cc8b9c63806f1b8b3d5aa03275.png\" alt=\"\" width=\"240\" height=\"240\" srcset=\"https:\/\/yebodaglass.com\/wp-content\/uploads\/2025\/07\/8b499cc8b9c63806f1b8b3d5aa03275.png 220w, https:\/\/yebodaglass.com\/wp-content\/uploads\/2025\/07\/8b499cc8b9c63806f1b8b3d5aa03275-100x100.png 100w, https:\/\/yebodaglass.com\/wp-content\/uploads\/2025\/07\/8b499cc8b9c63806f1b8b3d5aa03275-150x150.png 150w, https:\/\/yebodaglass.com\/wp-content\/uploads\/2025\/07\/8b499cc8b9c63806f1b8b3d5aa03275-12x12.png 12w\" sizes=\"(max-width: 240px) 100vw, 240px\" \/><\/p>\t\t\t\t\t\t\t\t<\/div>\n\t\t\t\t<\/div>\n\t\t\t\t<\/div>\n\t\t<div class=\"elementor-element elementor-element-792eb8c e-flex e-con-boxed e-con e-parent\" data-id=\"792eb8c\" data-element_type=\"container\" data-e-type=\"container\" data-settings=\"{&quot;_ha_eqh_enable&quot;:false}\">\n\t\t\t\t\t<div class=\"e-con-inner\">\n\t\t\t\t<div class=\"elementor-element elementor-element-ceb50a8 elementor-widget elementor-widget-image\" data-id=\"ceb50a8\" data-element_type=\"widget\" data-e-type=\"widget\" data-widget_type=\"image.default\">\n\t\t\t\t<div class=\"elementor-widget-container\">\n\t\t\t\t\t\t\t\t\t\t\t\t\t\t\t<img decoding=\"async\" src=\"https:\/\/yebodaglass.com\/wp-content\/uploads\/elementor\/thumbs\/flip-top-glass-bottles-2-r8e0rx6jsox8qb5sfklaelf6ftu44jofu43yfg9vhc.webp\" title=\"Szukasz wysokiej jako\u015bci butelek z klapk\u0105 do swoich domowych wypiek\u00f3w? Ta butelka o pojemno\u015bci 113 ml z klapk\u0105 jest wykonana z przezroczystego, wytrzyma\u0142ego szk\u0142a i posiada bezpieczne zamkni\u0119cie typu \u201eswing-top\u201d z gumow\u0105 uszczelk\u0105 i zaciskiem drucianym. W\u0105ska szyjka i zaokr\u0105glony kszta\u0142t u\u0142atwiaj\u0105 precyzyjne nalewanie, a przezroczysta obudowa pozwala wyra\u017anie zobaczy\u0107 zawarto\u015b\u0107. Idealna do przechowywania domowych napoj\u00f3w, olej\u00f3w kuchennych, wina, octu, sos\u00f3w i innych produkt\u00f3w.\" alt=\"Szukasz wysokiej jako\u015bci butelek z klapk\u0105 do swoich domowych wypiek\u00f3w? Ta butelka o pojemno\u015bci 113 ml z klapk\u0105 jest wykonana z przezroczystego, wytrzyma\u0142ego szk\u0142a i posiada bezpieczne zamkni\u0119cie typu \u201eswing-top\u201d z gumow\u0105 uszczelk\u0105 i zaciskiem drucianym. W\u0105ska szyjka i zaokr\u0105glony kszta\u0142t u\u0142atwiaj\u0105 precyzyjne nalewanie, a przezroczysta obudowa pozwala wyra\u017anie zobaczy\u0107 zawarto\u015b\u0107. Idealna do przechowywania domowych napoj\u00f3w, olej\u00f3w kuchennych, wina, octu, sos\u00f3w i innych produkt\u00f3w.\" loading=\"lazy\" \/>\t\t\t\t\t\t\t\t\t\t\t\t\t\t\t<\/div>\n\t\t\t\t<\/div>\n\t\t\t\t<div class=\"elementor-element elementor-element-b2907c6 elementor-widget elementor-widget-text-editor\" data-id=\"b2907c6\" data-element_type=\"widget\" data-e-type=\"widget\" data-widget_type=\"text-editor.default\">\n\t\t\t\t<div class=\"elementor-widget-container\">\n\t\t\t\t\t\t\t\t\t<h2>U\u017cytek osobisty:<\/h2><p>Dok\u0142adnie to, czego potrzebujesz do domowego warzenia piwa, butelkowania kombuchy lub po prostu do przechowywania \u015bwie\u017cych sok\u00f3w lub w\u00f3d gazowanych. Te szklane butelki z klapk\u0105 i solidn\u0105 konstrukcj\u0105 pomagaj\u0105 zachowa\u0107 \u015bwie\u017co\u015b\u0107 i szczelno\u015b\u0107 napoj\u00f3w.<\/p><h2>Zastosowania biznesowe:<\/h2><p>Tego typu butelki z klapk\u0105 \u015bwietnie sprawdzaj\u0105 si\u0119 w browarach rzemie\u015blniczych, markach kombuchy, kawiarniach i producentach napoj\u00f3w.<\/p>\t\t\t\t\t\t\t\t<\/div>\n\t\t\t\t<\/div>\n\t\t\t\t\t<\/div>\n\t\t\t\t<\/div>\n\t\t\t\t<\/div>","protected":false},"excerpt":{"rendered":"<p data-start=\"133\" data-end=\"310\">Przezroczyste butelki o pojemno\u015bci 16 uncji z zakr\u0119tk\u0105 typu flip-top, dost\u0119pne hurtowo. Wytrzyma\u0142a szklana butelka z zakr\u0119tk\u0105 typu flip-top i hermetycznym zamkni\u0119ciem \u2013 idealna do kombuchy, piwa, sok\u00f3w i domowego warzenia.<\/p>","protected":false},"featured_media":17326,"template":"","meta":[],"product_brand":[],"product_cat":[80,81,20],"product_tag":[],"class_list":{"0":"post-17310","1":"product","2":"type-product","3":"status-publish","4":"has-post-thumbnail","6":"product_cat-glass-bottles","7":"product_cat-flip-top-bottles","8":"product_cat-glass-containers","10":"first","11":"instock","12":"shipping-taxable","13":"product-type-grouped"},"jetpack_sharing_enabled":true,"_links":{"self":[{"href":"https:\/\/yebodaglass.com\/pl\/wp-json\/wp\/v2\/product\/17310","targetHints":{"allow":["GET"]}}],"collection":[{"href":"https:\/\/yebodaglass.com\/pl\/wp-json\/wp\/v2\/product"}],"about":[{"href":"https:\/\/yebodaglass.com\/pl\/wp-json\/wp\/v2\/types\/product"}],"version-history":[{"count":5,"href":"https:\/\/yebodaglass.com\/pl\/wp-json\/wp\/v2\/product\/17310\/revisions"}],"predecessor-version":[{"id":20953,"href":"https:\/\/yebodaglass.com\/pl\/wp-json\/wp\/v2\/product\/17310\/revisions\/20953"}],"wp:featuredmedia":[{"embeddable":true,"href":"https:\/\/yebodaglass.com\/pl\/wp-json\/wp\/v2\/media\/17326"}],"wp:attachment":[{"href":"https:\/\/yebodaglass.com\/pl\/wp-json\/wp\/v2\/media?parent=17310"}],"wp:term":[{"taxonomy":"product_brand","embeddable":true,"href":"https:\/\/yebodaglass.com\/pl\/wp-json\/wp\/v2\/product_brand?post=17310"},{"taxonomy":"product_cat","embeddable":true,"href":"https:\/\/yebodaglass.com\/pl\/wp-json\/wp\/v2\/product_cat?post=17310"},{"taxonomy":"product_tag","embeddable":true,"href":"https:\/\/yebodaglass.com\/pl\/wp-json\/wp\/v2\/product_tag?post=17310"}],"curies":[{"name":"wp","href":"https:\/\/api.w.org\/{rel}","templated":true}]}}