{"id":17170,"date":"2025-07-15T15:21:45","date_gmt":"2025-07-15T07:21:45","guid":{"rendered":"https:\/\/yebodaglass.com\/?post_type=product&#038;p=17170"},"modified":"2026-03-05T13:19:39","modified_gmt":"2026-03-05T05:19:39","slug":"yeboda-32oz-amber-glass-swing-top-beer-bottles-wholesale","status":"publish","type":"product","link":"https:\/\/yebodaglass.com\/pl\/produkt\/yeboda-32oz-amber-glass-swing-top-beer-bottles-wholesale\/","title":{"rendered":"Hurtowa sprzeda\u017c butelek piwa YEBODA 32 uncje ze szk\u0142a bursztynowego z otwieranym wieczkiem"},"content":{"rendered":"<p>Ta bursztynowa szklana butelka ma wysoki i tradycyjny kszta\u0142t z zaokr\u0105glonymi ramionami i d\u0142ugim cylindrycznym korpusem i mie\u015bci 32 uncje p\u0142ynu. Butelki do piwa z zakr\u0119tk\u0105 typu swing top maj\u0105 mocn\u0105 zakr\u0119tk\u0119 typu ez cap wykonan\u0105 z drutu ze stali nierdzewnej, tward\u0105 gumow\u0105 \/ silikonow\u0105 uszczelk\u0119 i ceramiczny korek, kt\u00f3ry zatrzaskuje si\u0119, tworz\u0105c solidn\u0105 pokryw\u0119. Sama butelka jest wykonana z bursztynowego szk\u0142a, kt\u00f3re zapobiega utlenianiu napoju dzi\u0119ki ochronie przed promieniowaniem UV i utrzymuje jego \u015bwie\u017co\u015b\u0107. Te butelki do piwa z zakr\u0119tk\u0105 typu swing top s\u0105 popularne w domowym warzeniu, kombuczy, browarach napoj\u00f3w gazowanych i napojach specjalnych, produkcji octu i wina, a tak\u017ce w opakowaniach napoj\u00f3w specjalnych. Wielokrotnego u\u017cytku butelki z zakr\u0119tk\u0105 typu flip top mo\u017cna otwiera\u0107 i zamyka\u0107 wielokrotnie bez utraty napoj\u00f3w gazowanych, co czyni je praktycznymi zar\u00f3wno w zastosowaniach komercyjnych, jak i domowych.<\/p>\n<h2>Kluczowe specyfikacje<\/h2>\n<table style=\"border-collapse: collapse; width: 80%; margin-left: auto; margin-right: auto;\" border=\"0\" width=\"80%\" cellspacing=\"0\" cellpadding=\"0\">\n<tbody>\n<tr style=\"height: 13.50pt;\">\n<td style=\"height: 13.50pt; width: 144.75pt;\" width=\"193\" height=\"18\"><strong>Specyfikacja<\/strong><\/td>\n<td style=\"width: 546.75pt;\" width=\"729\"><strong>Bli\u017csze dane<\/strong><\/td>\n<\/tr>\n<tr style=\"height: 13.50pt;\">\n<td style=\"height: 13.50pt;\" height=\"18\">Pojemno\u015b\u0107<\/td>\n<td>32 uncje\/1000 ml<\/td>\n<\/tr>\n<tr style=\"height: 13.50pt;\">\n<td style=\"height: 13.50pt;\" height=\"18\">Rozmiar opakowania<\/td>\n<td>7,3 \u00d7 7,3 \u00d7 12 cali<\/td>\n<\/tr>\n<tr style=\"height: 13.50pt;\">\n<td style=\"height: 13.50pt;\" height=\"18\">Tworzywo<\/td>\n<td>Szk\u0142o sodowo-wapniowe bezo\u0142owiowe, g\u00f3rna cz\u0119\u015b\u0107 ze stali nierdzewnej, uszczelka silikonowa<\/td>\n<\/tr>\n<tr style=\"height: 13.50pt;\">\n<td style=\"height: 13.50pt;\" height=\"18\">Opakowanie<\/td>\n<td>4 butelki w opakowaniu<\/td>\n<\/tr>\n<tr style=\"height: 13.50pt;\">\n<td style=\"height: 13.50pt;\" height=\"18\">Kolor<\/td>\n<td>Bursztynowy (ochrona przed promieniowaniem UV)<\/td>\n<\/tr>\n<tr style=\"height: 13.50pt;\">\n<td style=\"height: 13.50pt;\" height=\"18\">Zamkni\u0119cie<\/td>\n<td>Mechaniczny otwieracz\/uchylny z uszczelk\u0105<\/td>\n<\/tr>\n<tr style=\"height: 13.50pt;\">\n<td style=\"height: 13.50pt;\" height=\"18\">Mo\u017cliwo\u015b\u0107 ponownego wykorzystania<\/td>\n<td>W pe\u0142ni wielokrotnego u\u017cytku<\/td>\n<\/tr>\n<tr style=\"height: 13.50pt;\">\n<td style=\"height: 13.50pt;\" height=\"18\">Producent<\/td>\n<td>Producent i dostawca butelek szklanych OEM<\/td>\n<\/tr>\n<tr style=\"height: 13.50pt;\">\n<td style=\"height: 13.50pt;\" height=\"18\">Personalizacja<\/td>\n<td>Opcje logo, opakowania i niestandardowego zamkni\u0119cia<\/td>\n<\/tr>\n<\/tbody>\n<\/table>\n<h2>Kluczowe cechy produktu<\/h2>\n<ul>\n<li><strong>Mocne uszczelnienie karbonatyzowane<\/strong>:System ez cap ze stali nierdzewnej obejmuje \u015bci\u015ble dopasowan\u0105 gumow\u0105 uszczelk\u0119 zapewniaj\u0105c\u0105 szczelne zamkni\u0119cie, pomocne w zachowaniu nasycenia napoju dwutlenkiem w\u0119gla.<\/li>\n<li><strong>Szk\u0142o bursztynowe z ochron\u0105 UV<\/strong>:Butelki wykonane z bursztynowego szk\u0142a filtruj\u0105 promienie UV, w przeciwie\u0144stwie do przezroczystych szklanych pojemnik\u00f3w lub butelek o pojemno\u015bci 250 ml, i zachowuj\u0105 stabilno\u015b\u0107 smaku piwa, kombuchy i napoj\u00f3w gazowanych.<\/li>\n<li><strong>Wielokrotnego u\u017cytku, wygodna klapka<\/strong>:Butelka ma konstrukcj\u0119 zapewniaj\u0105c\u0105 wygod\u0119, poniewa\u017c mo\u017cna j\u0105 \u0142atwo otwiera\u0107 i zamyka\u0107 bez zdejmowania wieczka, dzi\u0119ki czemu jest wytrzyma\u0142\u0105 butelk\u0105 z zakr\u0119tk\u0105 wielokrotnego u\u017cytku, kt\u00f3rej mo\u017cna u\u017cywa\u0107 w d\u0142ugich cyklach parzenia.<\/li>\n<\/ul>\n<h2>Przypadek sukcesu klienta<\/h2>\n<p>Jeden z w\u0142a\u015bcicieli niemieckiej marki napoj\u00f3w rzemie\u015blniczych, wykorzystuj\u0105cej tradycyjne butelki w stylu Grolsch, zleci\u0142 naszej firmie produkuj\u0105cej butelki szklane zakup 10 000 butelek szklanych z zakr\u0119tk\u0105 typu swing top o pojemno\u015bci 32 uncji (ok. 940 ml). Klient potrzebowa\u0142 spersonalizowanego opakowania, markowych karton\u00f3w i ulepszonych silikonowych uszczelek, aby zapewni\u0107 wy\u017csz\u0105 odporno\u015b\u0107 na karbonatyzacj\u0119 w swojej linii kombuchy produkowanej w ma\u0142ych partiach. W oparciu o potrzeby rynku, produkt by\u0142 sprzedawany w specjalistycznych sklepach z napojami oraz w sklepach internetowych. Bursztynowe opakowanie z zakr\u0119tk\u0105 typu swing top sprawi\u0142o, \u017ce nap\u00f3j sta\u0142 si\u0119 luksusowym, r\u0119cznie robionym napojem w zaledwie sze\u015b\u0107 miesi\u0119cy. Marka odnotowa\u0142a wzrost liczby zam\u00f3wie\u0144 o 35%, a klient zam\u00f3wi\u0142 drug\u0105 parti\u0119 hurtow\u0105 35 000 butelek na piwo z zakr\u0119tk\u0105 typu swing top oraz zestaw akcesori\u00f3w do sprz\u0105tania.<\/p>\n<h2>Rekomendacje personalizacji dla nabywc\u00f3w B2B<\/h2>\n<ol>\n<li><strong>Branding i dekoracja butelek<\/strong>:Mo\u017cna wykona\u0107 nadruk, t\u0142oczenie lub etykietowanie niestandardowego logo na g\u00f3rnej cz\u0119\u015bci szklanej butelki, aby wzmocni\u0107 identyfikacj\u0119 marki opakowania kombuchy, napoju gazowanego lub piwa rzemie\u015blniczego.<\/li>\n<li><strong>Wyb\u00f3r zamkni\u0119\u0107 i uszczelek<\/strong>:Popraw potrzeby napoj\u00f3w w zakresie kork\u00f3w, gumy lub materia\u0142\u00f3w uszczelniaj\u0105cych z silikonu, takich jak piwo o wysokiej zawarto\u015bci dwutlenku w\u0119gla lub napoje z fermentowan\u0105 dwutlenkiem w\u0119gla.<\/li>\n<li><strong>Rozwi\u0105zania w zakresie opakowa\u0144 detalicznych<\/strong>: Projektowanie opakowa\u0144 z logo marki (kartony po 4 sztuki\/6 sztuk) do sprzeda\u017cy detalicznej. To typowa strategia w przypadku butelek Grolsch, produkcji wina i dystrybucji napoj\u00f3w rzemie\u015blniczych.<\/li>\n<\/ol>","protected":false},"excerpt":{"rendered":"<p>Hurtowe butelki na piwo o pojemno\u015bci 32 uncji z zakr\u0119canym zamkni\u0119ciem, wykonane z bursztynowego szk\u0142a z filtrem UV i uszczelk\u0105. Idealne do piwa, kombuchy i napoj\u00f3w gazowanych. Producent OEM.<\/p>","protected":false},"featured_media":17180,"template":"","meta":[],"product_brand":[],"product_cat":[81,80,20],"product_tag":[],"class_list":{"0":"post-17170","1":"product","2":"type-product","3":"status-publish","4":"has-post-thumbnail","6":"product_cat-flip-top-bottles","7":"product_cat-glass-bottles","8":"product_cat-glass-containers","10":"first","11":"instock","12":"shipping-taxable","13":"product-type-grouped"},"jetpack_sharing_enabled":true,"_links":{"self":[{"href":"https:\/\/yebodaglass.com\/pl\/wp-json\/wp\/v2\/product\/17170","targetHints":{"allow":["GET"]}}],"collection":[{"href":"https:\/\/yebodaglass.com\/pl\/wp-json\/wp\/v2\/product"}],"about":[{"href":"https:\/\/yebodaglass.com\/pl\/wp-json\/wp\/v2\/types\/product"}],"version-history":[{"count":6,"href":"https:\/\/yebodaglass.com\/pl\/wp-json\/wp\/v2\/product\/17170\/revisions"}],"predecessor-version":[{"id":25272,"href":"https:\/\/yebodaglass.com\/pl\/wp-json\/wp\/v2\/product\/17170\/revisions\/25272"}],"wp:featuredmedia":[{"embeddable":true,"href":"https:\/\/yebodaglass.com\/pl\/wp-json\/wp\/v2\/media\/17180"}],"wp:attachment":[{"href":"https:\/\/yebodaglass.com\/pl\/wp-json\/wp\/v2\/media?parent=17170"}],"wp:term":[{"taxonomy":"product_brand","embeddable":true,"href":"https:\/\/yebodaglass.com\/pl\/wp-json\/wp\/v2\/product_brand?post=17170"},{"taxonomy":"product_cat","embeddable":true,"href":"https:\/\/yebodaglass.com\/pl\/wp-json\/wp\/v2\/product_cat?post=17170"},{"taxonomy":"product_tag","embeddable":true,"href":"https:\/\/yebodaglass.com\/pl\/wp-json\/wp\/v2\/product_tag?post=17170"}],"curies":[{"name":"wp","href":"https:\/\/api.w.org\/{rel}","templated":true}]}}