{"id":17101,"date":"2025-07-15T11:16:30","date_gmt":"2025-07-15T03:16:30","guid":{"rendered":"https:\/\/yebodaglass.com\/?post_type=product&#038;p=17101"},"modified":"2026-03-10T13:16:58","modified_gmt":"2026-03-10T05:16:58","slug":"square-swing-top-airtight-storage-jars-with-glass-lid","status":"publish","type":"product","link":"https:\/\/yebodaglass.com\/pl\/produkt\/square-swing-top-airtight-storage-jars-with-glass-lid\/","title":{"rendered":"Kwadratowe s\u0142oiki hermetyczne z otwieranym wieczkiem i szklan\u0105 pokrywk\u0105, 500-1500 ml"},"content":{"rendered":"<p>Ta seria hermetycznych s\u0142oik\u00f3w do przechowywania charakteryzuje si\u0119 kwadratowym, szklanym korpusem i okr\u0105g\u0142\u0105, szklan\u0105 pokrywk\u0105, kt\u00f3re zajmuj\u0105 ma\u0142o miejsca i s\u0105 idealne do przechowywania i organizacji \u017cywno\u015bci w nowoczesnej kuchni. Wykonany z wysokiej jako\u015bci, przezroczystego szk\u0142a, s\u0142oik zapewnia \u0142atw\u0105 widoczno\u015b\u0107 zawarto\u015bci, zachowuj\u0105c jednocze\u015bnie elegancki wygl\u0105d, odpowiedni do p\u00f3\u0142ek sklepowych i szklanych kuchni. System zamykania z klipsem ze stali nierdzewnej i silikonow\u0105 uszczelk\u0105 zapewnia niezawodne, hermetyczne zamkni\u0119cie, dzi\u0119ki czemu idealnie nadaje si\u0119 do przechowywania \u017cywno\u015bci, produkt\u00f3w suchych, makaronu, zb\u00f3\u017c, ciastek, sos\u00f3w lub marynowanych produkt\u00f3w.<\/p>\n<p>W por\u00f3wnaniu z pojemnikami plastikowymi, te hermetyczne szklane s\u0142oiki oferuj\u0105 trwalsze i wielokrotnego u\u017cytku rozwi\u0105zanie do przechowywania \u017cywno\u015bci w szklanych pojemnikach, zar\u00f3wno w kuchniach domowych, jak i komercyjnych. Dzi\u0119ki szerokiemu wlotowi typu mason, s\u0142oik doskonale sprawdza si\u0119 r\u00f3wnie\u017c jako szklany s\u0142oik do przetwor\u00f3w, s\u0142oik na ciasteczka lub szklany pojemnik do przechowywania.<\/p>\n<h2>Kluczowe specyfikacje<\/h2>\n<table style=\"border-collapse: collapse; width: 80%; margin-left: auto; margin-right: auto;\" border=\"0\" width=\"80%\" cellspacing=\"0\" cellpadding=\"0\">\n<tbody>\n<tr style=\"height: 13.50pt;\">\n<td style=\"height: 13.50pt; width: 123.00pt;\" width=\"164\" height=\"18\">Specyfikacja<\/td>\n<td style=\"width: 543.00pt;\" width=\"724\">Bli\u017csze dane<\/td>\n<\/tr>\n<tr style=\"height: 13.50pt;\">\n<td style=\"height: 13.50pt;\" height=\"18\">Typ produktu<\/td>\n<td>S\u0142oiki do przechowywania z otwieran\u0105 pokrywk\u0105<\/td>\n<\/tr>\n<tr style=\"height: 13.50pt;\">\n<td style=\"height: 13.50pt;\" height=\"18\">Tworzywo<\/td>\n<td>Szk\u0142o bezo\u0142owiowe sodowo-wapniowe, przezroczyste + klips ze stali nierdzewnej + uszczelka silikonowa<\/td>\n<\/tr>\n<tr style=\"height: 13.50pt;\">\n<td style=\"height: 13.50pt;\" height=\"18\">Typ pokrywy<\/td>\n<td>Szklana pokrywa z zamkni\u0119ciem zaciskowym z drutu (pokrywy zaciskowe)<\/td>\n<\/tr>\n<tr style=\"height: 13.50pt;\">\n<td style=\"height: 13.50pt;\" height=\"18\">Kszta\u0142t<\/td>\n<td>S\u0142oik szklany o kwadratowym kszta\u0142cie z okr\u0105g\u0142\u0105 pokrywk\u0105<\/td>\n<\/tr>\n<tr style=\"height: 13.50pt;\">\n<td style=\"height: 13.50pt;\" height=\"18\">\u015arednica otworu<\/td>\n<td>Otw\u00f3r o szeroko\u015bci 95 mm<\/td>\n<\/tr>\n<tr style=\"height: 54.00pt;\">\n<td style=\"height: 54.00pt;\" height=\"72\">Opcje pojemno\u015bci<\/td>\n<td class=\"et2\" style=\"width: 543.00pt;\" width=\"724\">16 uncji \/ 500 ml (6 opakowa\u0144)<br \/>\n24 uncje \/ 750 ml (4 opakowania)<br \/>\n32 uncje \/ 1000 ml (3 opakowania)<br \/>\n48 uncji \/ 1500 ml (2 opakowania)<\/td>\n<\/tr>\n<tr style=\"height: 13.50pt;\">\n<td style=\"height: 13.50pt;\" height=\"18\">System uszczelniaj\u0105cy<\/td>\n<td>Hermetyczne pokrywki z uszczelk\u0105 silikonow\u0105<\/td>\n<\/tr>\n<tr style=\"height: 13.50pt;\">\n<td style=\"height: 13.50pt;\" height=\"18\">Aplikacja<\/td>\n<td>Pojemniki do przechowywania \u017cywno\u015bci, s\u0142oiki do przetwor\u00f3w, s\u0142oiki do przechowywania w spi\u017carni, pojemniki do sos\u00f3w i przechowywania suchej \u017cywno\u015bci<\/td>\n<\/tr>\n<tr style=\"height: 13.50pt;\">\n<td style=\"height: 13.50pt;\" height=\"18\">Opakowanie<\/td>\n<td>Dost\u0119pne w opakowaniach zbiorczych, hurtowych i zestawach s\u0142oik\u00f3w<\/td>\n<\/tr>\n<tr style=\"height: 13.50pt;\">\n<td style=\"height: 13.50pt;\" height=\"18\">Produkcja<\/td>\n<td>Dostawa bezpo\u015brednio od producenta z szybk\u0105 dostaw\u0105 i wsparciem w zakresie zaopatrzenia niestandardowego<\/td>\n<\/tr>\n<\/tbody>\n<\/table>\n<h2>G\u0142\u00f3wne cechy<\/h2>\n<h3>Hermetyczne zamkni\u0119cie zapewniaj\u0105ce d\u0142ugotrwa\u0142\u0105 \u015bwie\u017co\u015b\u0107<\/h3>\n<p>Szklane s\u0142oiki z hermetyczn\u0105 pokrywk\u0105 wyposa\u017cone s\u0105 w silikonow\u0105 uszczelk\u0119 i stalowy klips zamykaj\u0105cy, co pozwala na stworzenie hermetycznego \u015brodowiska do przechowywania \u017cywno\u015bci, kt\u00f3re zachowuje jej \u015bwie\u017co\u015b\u0107 i zapobiega dost\u0119powi wilgoci lub powietrza.<\/p>\n<h3>Oszcz\u0119dzaj\u0105cy miejsce kwadratowy projekt<\/h3>\n<p>Po pierwsze, kwadratowy kszta\u0142t s\u0142oik\u00f3w pozwala na ciasne upakowanie i efektywniejsze przechowywanie ich na p\u00f3\u0142kach w spi\u017carniach i opakowaniach detalicznych, w przeciwie\u0144stwie do okr\u0105g\u0142ych szklanych s\u0142oik\u00f3w.<\/p>\n<h3>Szeroki otw\u00f3r u\u0142atwiaj\u0105cy nape\u0142nianie i czyszczenie<\/h3>\n<p>Szeroki otw\u00f3r (95 mm) sprawia, \u017ce \u200b\u200bte szklane pojemniki do przechowywania \u017cywno\u015bci s\u0105 \u0142atwe do nape\u0142niania, nabierania i czyszczenia. Idealne do sos\u00f3w, makaronu, ziaren i przek\u0105sek.<\/p>\n<h2>Udany przypadek B2B<\/h2>\n<p>Specjalistyczna marka \u017cywno\u015bci z Niemiec, produkuj\u0105ca organiczne sosy do makaronu, poszukiwa\u0142a hermetycznych s\u0142oik\u00f3w do przechowywania swoich produkt\u00f3w premium. Firma dzia\u0142a jako \u015bredniej wielko\u015bci producent i dystrybutor \u017cywno\u015bci, zaopatruj\u0105c supermarkety i internetowe platformy spo\u017cywcze.<\/p>\n<p>Zam\u00f3wili hurtowo szklane s\u0142oiki z zakr\u0119can\u0105 pokryw\u0105 o pojemno\u015bci 32 uncji i 48 uncji, prosz\u0105c o kilka niestandardowych opcji, w tym:<\/p>\n<ul>\n<li>Nadruk logo marki w\u0142asnej na szklanym pojemniku<\/li>\n<li>Niestandardowa kolorowa pow\u0142oka na zapi\u0119ciu zaciskowym z drutu<\/li>\n<li>Zestaw opakowa\u0144 do przechowywania \u017cywno\u015bci gotowych do sprzeda\u017cy detalicznej<\/li>\n<\/ul>\n<p>Pozycjonowanie marki i widoczno\u015b\u0107 produkt\u00f3w na p\u00f3\u0142kach poprawi\u0142y si\u0119 po wprowadzeniu na rynek dzi\u0119ki szklanym s\u0142oikom z pokrywkami. Ich linia sos\u00f3w odnotowa\u0142a 35-procentowy wzrost sprzeda\u017cy w ci\u0105gu sze\u015bciu miesi\u0119cy, a ich klient z\u0142o\u017cy\u0142 dwa kolejne zam\u00f3wienia hurtowe na coraz wi\u0119ksz\u0105 liczb\u0119 produkowanych s\u0142oik\u00f3w, w tym marynowane warzywa i makaron, kt\u00f3ry jest sprzedawany g\u0142\u00f3wnie w postaci suszonej.<\/p>\n<h2>Sugestie dotycz\u0105ce dostosowywania aplikacji B2B<\/h2>\n<ol>\n<li><strong>Branding marek w\u0142asnych<\/strong>: Dodaj nadruk logo, t\u0142oczenie lub etykietowanie, aby stworzy\u0107 niestandardowe szklane s\u0142oiki z pokrywk\u0105 dla w\u0142a\u015bcicieli marek sprzedaj\u0105cych \u017cywno\u015b\u0107 pakowan\u0105 lub szklane pojemniki do przechowywania \u017cywno\u015bci.<\/li>\n<li><strong>Zestawy opakowa\u0144 detalicznych<\/strong>:Opracuj zestaw pojemnik\u00f3w do przechowywania \u017cywno\u015bci lub zestaw opakowa\u0144 w postaci s\u0142oik\u00f3w dla marek e-commerce sprzedaj\u0105cych najlepsze pojemniki do przechowywania \u017cywno\u015bci u\u0142atwiaj\u0105ce organizacj\u0119 kuchni.<\/li>\n<li><strong>Funkcjonalna personalizacja pokrywy<\/strong>:Dostosuj kolor uszczelki, zaciski na pokrywkach lub metalowe klipsy, aby wyr\u00f3\u017cni\u0107 szklane s\u0142oiki ze szklanymi pokrywkami w sklepach detalicznych i specjalistycznych sklepach spo\u017cywczych.<\/li>\n<\/ol>","protected":false},"excerpt":{"rendered":"<p>Bulk airtight storage jars from a reliable manufacturer. Durable swing top glass jars with airtight lids for food storage, wholesale sourcing, and custom branding.<\/p>","protected":false},"featured_media":25330,"template":"","meta":[],"product_brand":[],"product_cat":[87,134,124,122,20,83],"product_tag":[],"class_list":{"0":"post-17101","1":"product","2":"type-product","3":"status-publish","4":"has-post-thumbnail","6":"product_cat-food-storage-jars","7":"product_cat-airtight-jars","8":"product_cat-custom-glass-jars","9":"product_cat-custom-glass-packaging","10":"product_cat-glass-containers","11":"product_cat-glass-jars","13":"first","14":"instock","15":"shipping-taxable","16":"product-type-grouped"},"jetpack_sharing_enabled":true,"_links":{"self":[{"href":"https:\/\/yebodaglass.com\/pl\/wp-json\/wp\/v2\/product\/17101","targetHints":{"allow":["GET"]}}],"collection":[{"href":"https:\/\/yebodaglass.com\/pl\/wp-json\/wp\/v2\/product"}],"about":[{"href":"https:\/\/yebodaglass.com\/pl\/wp-json\/wp\/v2\/types\/product"}],"version-history":[{"count":5,"href":"https:\/\/yebodaglass.com\/pl\/wp-json\/wp\/v2\/product\/17101\/revisions"}],"predecessor-version":[{"id":25321,"href":"https:\/\/yebodaglass.com\/pl\/wp-json\/wp\/v2\/product\/17101\/revisions\/25321"}],"wp:featuredmedia":[{"embeddable":true,"href":"https:\/\/yebodaglass.com\/pl\/wp-json\/wp\/v2\/media\/25330"}],"wp:attachment":[{"href":"https:\/\/yebodaglass.com\/pl\/wp-json\/wp\/v2\/media?parent=17101"}],"wp:term":[{"taxonomy":"product_brand","embeddable":true,"href":"https:\/\/yebodaglass.com\/pl\/wp-json\/wp\/v2\/product_brand?post=17101"},{"taxonomy":"product_cat","embeddable":true,"href":"https:\/\/yebodaglass.com\/pl\/wp-json\/wp\/v2\/product_cat?post=17101"},{"taxonomy":"product_tag","embeddable":true,"href":"https:\/\/yebodaglass.com\/pl\/wp-json\/wp\/v2\/product_tag?post=17101"}],"curies":[{"name":"wp","href":"https:\/\/api.w.org\/{rel}","templated":true}]}}